{"id":298,"date":"2020-03-24T07:47:06","date_gmt":"2020-03-24T07:47:06","guid":{"rendered":"https:\/\/agripedia.ch\/erosion\/?page_id=298"},"modified":"2020-05-28T14:30:09","modified_gmt":"2020-05-28T14:30:09","slug":"cultures-associees","status":"publish","type":"page","link":"https:\/\/agripedia.ch\/erosion\/cultures-associees\/","title":{"rendered":"Cultures associ\u00e9es"},"content":{"rendered":"<p><div class=\"fusion-fullwidth fullwidth-box fusion-builder-row-1 agri-erosion-container nonhundred-percent-fullwidth non-hundred-percent-height-scrolling\" style=\"--awb-border-radius-top-left:0px;--awb-border-radius-top-right:0px;--awb-border-radius-bottom-right:0px;--awb-border-radius-bottom-left:0px;--awb-flex-wrap:wrap;\" ><div class=\"fusion-builder-row fusion-row\"><div class=\"fusion-layout-column fusion_builder_column fusion-builder-column-0 fusion_builder_column_1_2 1_2 fusion-one-half fusion-column-first agri-erosion-column\" style=\"--awb-bg-size:cover;width:50%;width:calc(50% - ( ( 4% ) * 0.5 ) );margin-right: 4%;\"><div class=\"fusion-column-wrapper fusion-flex-column-wrapper-legacy\"><div class=\"fusion-title title fusion-title-1 fusion-sep-none fusion-title-center fusion-title-text fusion-title-size-three agri-erosion-boxtitle\"><h3 class=\"fusion-title-heading title-heading-center fusion-responsive-typography-calculated\" style=\"margin:0;--fontSize:30;line-height:1.5;\">Description<\/h3><\/div><div class=\"fusion-text fusion-text-1 agri-erosion-boxtext\"><p>La culture associ\u00e9e a pour but d\u2019exploiter au mieux le sol et sa structure gr\u00e2ce \u00e0 un enracinement diff\u00e9renci\u00e9 afin de retenir les \u00e9l\u00e9ments lors de ruissellement. Cette technique consiste \u00e0 semer un m\u00e9lange de cultures (c\u00e9r\u00e9ales-l\u00e9gumineuses) qui seront r\u00e9colt\u00e9s en grain ou en plante enti\u00e8re (ensilage, foin).<\/p>\n<p>Localisation<\/p>\n<ul>\n<li>Parcelle en pente, m\u00eame l\u00e9g\u00e8re<\/li>\n<\/ul>\n<p>Particularit\u00e9s : Moduler les proportions des composants \u00e0 l\u2019adaptation de l\u2019esp\u00e8ce au milieu, p. ex. : si les c\u00e9r\u00e9ales tallent bien, elles peuvent fortement concurrencer les l\u00e9gumineuses du m\u00e9lange et il vaut mieux en diminuer la proportion.<\/p>\n<p>L\u2019<a href=\"https:\/\/agripedia.ch\/erosion\/fr\/?page_id=445&preview=true\" target=\"_blank\" rel=\"noopener noreferrer\">agroforesterie<\/a> est une forme de culture associ\u00e9e. Ce sont des plantes p\u00e9rennes entre des cultures annuelles.<\/p>\n<\/div><div class=\"fusion-clearfix\"><\/div><\/div><\/div><div class=\"fusion-layout-column fusion_builder_column fusion-builder-column-1 fusion_builder_column_1_2 1_2 fusion-one-half fusion-column-last agri-erosion-column\" style=\"--awb-bg-size:cover;width:50%;width:calc(50% - ( ( 4% ) * 0.5 ) );\"><div class=\"fusion-column-wrapper fusion-flex-column-wrapper-legacy\"><div class=\"fusion-column-content-centered\"><div class=\"fusion-column-content\"><div class=\"fusion-video fusion-youtube fusion-aligncenter agri-erosion-linkyoutube\" style=\"--awb-max-width:600px;--awb-max-height:360px;--awb-width:100%;\"><div class=\"video-shortcode\"><div class=\"fluid-width-video-wrapper\" style=\"padding-top:60%;\" ><iframe title=\"YouTube video player 1\" src=\"https:\/\/www.youtube.com\/embed\/7C64_m9rIUs?wmode=transparent&autoplay=0\" width=\"600\" height=\"360\" allowfullscreen allow=\"autoplay; clipboard-write; encrypted-media; gyroscope; picture-in-picture;\"><\/iframe><\/div><\/div><\/div><\/div><\/div><div class=\"fusion-clearfix\"><\/div><\/div><\/div><div class=\"fusion-layout-column fusion_builder_column fusion-builder-column-2 fusion_builder_column_1_1 1_1 fusion-one-full fusion-column-first fusion-column-last agri-erosion-column\" style=\"--awb-bg-size:cover;\"><div class=\"fusion-column-wrapper fusion-flex-column-wrapper-legacy\">\n<div class=\"table-1 agri-erosion-table\">\n<table width=\"100%\">\n<thead>\n<tr>\n<th align=\"left\">C\u00e9r\u00e9ales<\/th>\n<th align=\"left\">L\u00e9gumineuses<\/th>\n<\/tr>\n<\/thead>\n<tbody>\n<tr>\n<td align=\"left\">Triticale<\/p>\n<p>Avoine<\/p>\n<p>Orge<\/p>\n<p>Bl\u00e9<\/p>\n<p>&#8230;<\/td>\n<td align=\"left\">Pois prot\u00e9agineux<\/p>\n<p>Pois fourragers<\/p>\n<p>F\u00e9verole<\/p>\n<p>Vesce<\/p>\n<p>&#8230;<\/td>\n<\/tr>\n<\/tbody>\n<\/table>\n<\/div>\n<div class=\"fusion-clearfix\"><\/div><\/div><\/div><div class=\"fusion-layout-column fusion_builder_column fusion-builder-column-3 fusion_builder_column_1_1 1_1 fusion-one-full fusion-column-first fusion-column-last agri-erosion-column\" style=\"--awb-bg-size:cover;\"><div class=\"fusion-column-wrapper fusion-flex-column-wrapper-legacy\"><div class=\"fusion-text fusion-text-2 agri-erosion-boxtext\"><h3>Exemple d\u2019itin\u00e9raires techniques :<\/h3>\n<p>Semis mi-septembre \u00e0 mi-novembre ou mi-f\u00e9vrier \u00e0 fin mars<\/p>\n<p>Profondeur du semis : 2-3 cm en moyenne<\/p>\n<p>Densit\u00e9 des semis sup\u00e9rieur \u00e0 la moyenne des composants en culture pure<\/p>\n<p>Rechercher la concordance des maturit\u00e9s entre les esp\u00e8ces et vari\u00e9t\u00e9s<\/p>\n<p>Privil\u00e9gier les vari\u00e9t\u00e9s r\u00e9sistantes \u00e0 la verse et aux maladies ainsi que celles ayant une bonne capacit\u00e9 de couverture du sol<\/p>\n<\/div><div class=\"fusion-clearfix\"><\/div><\/div><\/div><\/div><\/div><div class=\"fusion-fullwidth fullwidth-box fusion-builder-row-2 agri-erosion-container nonhundred-percent-fullwidth non-hundred-percent-height-scrolling\" style=\"--awb-border-radius-top-left:0px;--awb-border-radius-top-right:0px;--awb-border-radius-bottom-right:0px;--awb-border-radius-bottom-left:0px;--awb-flex-wrap:wrap;\" ><div class=\"fusion-builder-row fusion-row\"><div class=\"fusion-layout-column fusion_builder_column fusion-builder-column-4 fusion_builder_column_1_2 1_2 fusion-one-half fusion-column-first agri-erosion-column\" style=\"--awb-bg-size:cover;width:50%;width:calc(50% - ( ( 4% ) * 0.5 ) );margin-right: 4%;\"><div class=\"fusion-column-wrapper fusion-flex-column-wrapper-legacy\"><div class=\"fusion-title title fusion-title-2 fusion-sep-none fusion-title-center fusion-title-text fusion-title-size-three agri-erosion-boxtitle\"><h3 class=\"fusion-title-heading title-heading-center fusion-responsive-typography-calculated\" style=\"margin:0;--fontSize:30;line-height:1.5;\">Avantages<\/h3><\/div>\n<div class=\"table-1 agri-erosion-table\">\n<table width=\"100%\">\n<tbody>\n<tr>\n<td align=\"left\">Valorise deux cultures<\/td>\n<\/tr>\n<tr>\n<td align=\"left\">Couverture du sol constante<\/td>\n<\/tr>\n<tr>\n<td align=\"left\">Support pour des plantes volubiles.<\/td>\n<\/tr>\n<tr>\n<td align=\"left\">Possible de lier avec semis intercalaire<\/td>\n<\/tr>\n<tr>\n<td align=\"left\">Autonomie en fumure azot\u00e9e si m\u00e9lange avec une l\u00e9gumineuse<\/td>\n<\/tr>\n<tr>\n<td align=\"left\">Concurrence accrue sur les adventices<\/td>\n<\/tr>\n<tr>\n<td align=\"left\">R\u00e9sistance accrue aux maladies et ravageurs<\/td>\n<\/tr>\n<tr>\n<td align=\"left\">Stabilisation des rendements<\/td>\n<\/tr>\n<tr>\n<td align=\"left\">Effets b\u00e9n\u00e9fiques sur la vie du sol<\/td>\n<\/tr>\n<\/tbody>\n<\/table>\n<\/div>\n<div class=\"fusion-clearfix\"><\/div><\/div><\/div><div class=\"fusion-layout-column fusion_builder_column fusion-builder-column-5 fusion_builder_column_1_2 1_2 fusion-one-half fusion-column-last agri-erosion-column\" style=\"--awb-bg-size:cover;width:50%;width:calc(50% - ( ( 4% ) * 0.5 ) );\"><div class=\"fusion-column-wrapper fusion-flex-column-wrapper-legacy\"><div class=\"fusion-title title fusion-title-3 fusion-sep-none fusion-title-center fusion-title-text fusion-title-size-three agri-erosion-boxtitle\"><h3 class=\"fusion-title-heading title-heading-center fusion-responsive-typography-calculated\" style=\"margin:0;--fontSize:30;line-height:1.5;\">Risques<\/h3><\/div>\n<div class=\"table-1 agri-erosion-table\">\n<table width=\"100%\">\n<tbody>\n<tr>\n<td align=\"left\">R\u00e9colte difficile si le choix vari\u00e9tal est inadapt\u00e9<\/td>\n<\/tr>\n<tr>\n<td align=\"left\">Tri des graines compliqu\u00e9es si trop de graines cass\u00e9es<\/td>\n<\/tr>\n<tr>\n<td align=\"left\">Mauvaise gestion de la proportion des esp\u00e8ces dans le m\u00e9lange<\/td>\n<\/tr>\n<tr>\n<td align=\"left\">R\u00e9glage plus d\u00e9licat de la batteuse<\/td>\n<\/tr>\n<tr>\n<td align=\"left\">Demande de t\u00e2tonner un peu pour trouver le m\u00e9lange convenant le mieux \u00e0 sa situation (r\u00e9gion, sol et objectifs) ; regarder ce qu&rsquo;il se fait dans les essais<\/td>\n<\/tr>\n<\/tbody>\n<\/table>\n<\/div>\n<div class=\"fusion-clearfix\"><\/div><\/div><\/div><\/div><\/div><div class=\"fusion-fullwidth fullwidth-box fusion-builder-row-3 agri-erosion-container nonhundred-percent-fullwidth non-hundred-percent-height-scrolling\" style=\"--awb-border-radius-top-left:0px;--awb-border-radius-top-right:0px;--awb-border-radius-bottom-right:0px;--awb-border-radius-bottom-left:0px;--awb-flex-wrap:wrap;\" ><div class=\"fusion-builder-row fusion-row\"><div class=\"fusion-layout-column fusion_builder_column fusion-builder-column-6 fusion_builder_column_1_2 1_2 fusion-one-half fusion-column-first agri-erosion-column\" style=\"--awb-bg-size:cover;width:50%;width:calc(50% - ( ( 4% ) * 0.5 ) );margin-right: 4%;\"><div class=\"fusion-column-wrapper fusion-flex-column-wrapper-legacy\"><div class=\"fusion-title title fusion-title-4 fusion-sep-none fusion-title-center fusion-title-text fusion-title-size-three agri-erosion-boxtitle\"><h3 class=\"fusion-title-heading title-heading-center fusion-responsive-typography-calculated\" style=\"margin:0;--fontSize:30;line-height:1.5;\">Contributions<\/h3><\/div><div class=\"fusion-text fusion-text-3 agri-erosion-boxtext\"><p>Aucune<\/p>\n<\/div><div class=\"fusion-clearfix\"><\/div><\/div><\/div><div class=\"fusion-layout-column fusion_builder_column fusion-builder-column-7 fusion_builder_column_1_2 1_2 fusion-one-half fusion-column-last agri-erosion-column\" style=\"--awb-bg-size:cover;width:50%;width:calc(50% - ( ( 4% ) * 0.5 ) );\"><div class=\"fusion-column-wrapper fusion-flex-column-wrapper-legacy\"><div class=\"fusion-title title fusion-title-5 fusion-sep-none fusion-title-center fusion-title-text fusion-title-size-three agri-erosion-boxtitle\"><h3 class=\"fusion-title-heading title-heading-center fusion-responsive-typography-calculated\" style=\"margin:0;--fontSize:30;line-height:1.5;\">Co\u00fbts<\/h3><\/div><div class=\"fusion-text fusion-text-4 agri-erosion-boxtext\"><p>Prix des semences<\/p>\n<p>les co\u00fbts sont moyens pour une efficacit\u00e9 moyenne<\/p>\n<\/div><div class=\"fusion-clearfix\"><\/div><\/div><\/div><\/div><\/div><div class=\"fusion-fullwidth fullwidth-box fusion-builder-row-4 agri-erosion-container nonhundred-percent-fullwidth non-hundred-percent-height-scrolling\" style=\"--awb-border-radius-top-left:0px;--awb-border-radius-top-right:0px;--awb-border-radius-bottom-right:0px;--awb-border-radius-bottom-left:0px;--awb-flex-wrap:wrap;\" ><div class=\"fusion-builder-row fusion-row\"><div class=\"fusion-layout-column fusion_builder_column fusion-builder-column-8 fusion_builder_column_1_2 1_2 fusion-one-half fusion-column-first agri-erosion-column\" style=\"--awb-bg-size:cover;width:50%;width:calc(50% - ( ( 4% ) * 0.5 ) );margin-right: 4%;\"><div class=\"fusion-column-wrapper fusion-flex-column-wrapper-legacy\"><div class=\"accordian fusion-accordian agri-erosion-toggles\" style=\"--awb-border-size:1px;--awb-icon-size:13px;--awb-content-font-size:18px;--awb-icon-alignment:left;--awb-hover-color:#f9f9f9;--awb-border-color:#cccccc;--awb-background-color:#ffffff;--awb-divider-color:#e0dede;--awb-divider-hover-color:#e0dede;--awb-icon-color:#ffffff;--awb-title-color:#f44336;--awb-content-color:#0f0f0f;--awb-icon-box-color:#7a7a7a;--awb-toggle-hover-accent-color:#000000;--awb-title-font-family:&quot;Roboto&quot;;--awb-title-font-weight:700;--awb-title-font-style:normal;--awb-title-line-height:1.5;--awb-content-font-family:&quot;Roboto&quot;;--awb-content-font-style:normal;--awb-content-font-weight:300;\"><div class=\"panel-group fusion-toggle-icon-boxed\" id=\"accordion-298-1\"><div class=\"fusion-panel panel-default panel-9519ea3dc159974ae fusion-toggle-has-divider\"><div class=\"panel-heading\"><h4 class=\"panel-title toggle\" id=\"toggle_9519ea3dc159974ae\"><a aria-expanded=\"false\" aria-controls=\"9519ea3dc159974ae\" role=\"button\" data-toggle=\"collapse\" data-parent=\"#accordion-298-1\" data-target=\"#9519ea3dc159974ae\" href=\"#9519ea3dc159974ae\"><span class=\"fusion-toggle-icon-wrapper\" aria-hidden=\"true\"><i class=\"fa-fusion-box active-icon awb-icon-minus\" aria-hidden=\"true\"><\/i><i class=\"fa-fusion-box inactive-icon awb-icon-plus\" aria-hidden=\"true\"><\/i><\/span><span class=\"fusion-toggle-heading\">Liens<\/span><\/a><\/h4><\/div><div id=\"9519ea3dc159974ae\" class=\"panel-collapse collapse \" aria-labelledby=\"toggle_9519ea3dc159974ae\"><div class=\"panel-body toggle-content fusion-clearfix\">\n<p>Article de Biosuisse sur <a href=\"https:\/\/www.bioactualites.ch\/cultures\/grandes-cultures-bio\/oleagineux\/cameline-association.html#c15097\" target=\"_blank\" rel=\"noopener noreferrer\">une association de lentilles et cam\u00e9line<\/a><\/p>\n<p>Article de Biosuisse sur <a href=\"https:\/\/www.bioactualites.ch\/actualites\/nouvelle\/visite-dun-essai-de-soja-en-culture-associee-dans-le-cadre-de-la-journee-swiss-no-till-le-11092.html\" target=\"_blank\" rel=\"noopener noreferrer\">une visite d\u2019un essai de soja en culture associ\u00e9e<\/a><\/p>\n<p>Article de Biosuisse sur <a href=\"https:\/\/www.bioactualites.ch\/cultures\/grandes-cultures-bio\/legumineuses-a-graines\/cult-assoc\/cultures-associees-essais-pratiques-au-fibl.html\" target=\"_blank\" rel=\"noopener noreferrer\">les cultures associ\u00e9es: essais pratiques au FiBL<\/a><\/p>\n<p>Flayer sur <a href=\"https:\/\/www.bioactualites.ch\/fileadmin\/documents\/bafr\/production-vegetale\/grandes-cultures\/cultures_associes\/cultures-associes-flyer.pdf\" target=\"_blank\" rel=\"noopener noreferrer\">la culture associ\u00e9e<\/a> (FiBL)<\/p>\n<p>Article du journal Le Sillon sur <a href=\"https:\/\/agriculture-de-conservation.com\/sites\/agriculture-de-conservation.com\/IMG\/pdf\/sillon-colza-associe.pdf\" target=\"_blank\" rel=\"noopener noreferrer\">la culture associ\u00e9e dans le colza et les c\u00e9r\u00e9ales<\/a><\/p>\n<p><a href=\"https:\/\/agripedia.ch\/erosion\/wp-content\/uploads\/sites\/10\/2019\/10\/Rapport-MK2017-Fribourg-FR-2017-12-05-def.pdf\" target=\"_blank\" rel=\"noopener noreferrer\">Rapport du FiBL d\u2019essais de cultures associ\u00e9es dans le canton de Fribourg<\/a><\/p>\n<\/div><\/div><\/div><\/div><\/div><div class=\"fusion-clearfix\"><\/div><\/div><\/div><div class=\"fusion-layout-column fusion_builder_column fusion-builder-column-9 fusion_builder_column_1_2 1_2 fusion-one-half fusion-column-last agri-erosion-column\" style=\"--awb-bg-size:cover;width:50%;width:calc(50% - ( ( 4% ) * 0.5 ) );\"><div class=\"fusion-column-wrapper fusion-flex-column-wrapper-legacy\"><div class=\"accordian fusion-accordian agri-erosion-toggles\" style=\"--awb-border-size:1px;--awb-icon-size:13px;--awb-content-font-size:18px;--awb-icon-alignment:left;--awb-hover-color:#f9f9f9;--awb-border-color:#cccccc;--awb-background-color:#ffffff;--awb-divider-color:#e0dede;--awb-divider-hover-color:#e0dede;--awb-icon-color:#ffffff;--awb-title-color:#f44336;--awb-content-color:#0f0f0f;--awb-icon-box-color:#7a7a7a;--awb-toggle-hover-accent-color:#000000;--awb-title-font-family:&quot;Roboto&quot;;--awb-title-font-weight:700;--awb-title-font-style:normal;--awb-title-line-height:1.5;--awb-content-font-family:&quot;Roboto&quot;;--awb-content-font-style:normal;--awb-content-font-weight:300;\"><div class=\"panel-group fusion-toggle-icon-boxed\" id=\"accordion-298-2\"><div class=\"fusion-panel panel-default panel-1c166296b026f0961 fusion-toggle-has-divider\"><div class=\"panel-heading\"><h4 class=\"panel-title toggle\" id=\"toggle_1c166296b026f0961\"><a aria-expanded=\"false\" aria-controls=\"1c166296b026f0961\" role=\"button\" data-toggle=\"collapse\" data-parent=\"#accordion-298-2\" data-target=\"#1c166296b026f0961\" href=\"#1c166296b026f0961\"><span class=\"fusion-toggle-icon-wrapper\" aria-hidden=\"true\"><i class=\"fa-fusion-box active-icon awb-icon-minus\" aria-hidden=\"true\"><\/i><i class=\"fa-fusion-box inactive-icon awb-icon-plus\" aria-hidden=\"true\"><\/i><\/span><span class=\"fusion-toggle-heading\">Personnes de contact<\/span><\/a><\/h4><\/div><div id=\"1c166296b026f0961\" class=\"panel-collapse collapse \" aria-labelledby=\"toggle_1c166296b026f0961\"><div class=\"panel-body toggle-content fusion-clearfix\">\n<p><a href=\"https:\/\/www.fibl.org\/fr\/contact-impressum.html\" target=\"_blank\" rel=\"noopener noreferrer\">FiBL<\/a><\/p>\n<\/div><\/div><\/div><\/div><\/div><div class=\"fusion-clearfix\"><\/div><\/div><\/div><\/div><\/div><div class=\"fusion-fullwidth fullwidth-box fusion-builder-row-5 agri-erosion-container nonhundred-percent-fullwidth non-hundred-percent-height-scrolling\" style=\"--awb-border-radius-top-left:0px;--awb-border-radius-top-right:0px;--awb-border-radius-bottom-right:0px;--awb-border-radius-bottom-left:0px;--awb-flex-wrap:wrap;\" ><div class=\"fusion-builder-row fusion-row\"><div class=\"fusion-layout-column fusion_builder_column fusion-builder-column-10 fusion_builder_column_1_2 1_2 fusion-one-half fusion-column-first agri-erosion-column\" style=\"--awb-bg-size:cover;width:50%;width:calc(50% - ( ( 4% ) * 0.5 ) );margin-right: 4%;\"><div class=\"fusion-column-wrapper fusion-flex-column-wrapper-legacy\"><div class=\"fusion-button-wrapper\"><a class=\"fusion-button button-flat fusion-button-default-size button-default fusion-button-default button-1 fusion-button-default-span fusion-button-default-type agri-erosion-button-page-back\" target=\"_self\" href=\"https:\/\/agripedia.ch\/erosion\/fr\/?page_id=235&amp;preview=true\"><span class=\"fusion-button-text awb-button__text awb-button__text--default\">Pr\u00e9c\u00e9dent<\/span><\/a><\/div><div class=\"fusion-clearfix\"><\/div><\/div><\/div><div class=\"fusion-layout-column fusion_builder_column fusion-builder-column-11 fusion_builder_column_1_2 1_2 fusion-one-half fusion-column-last agri-erosion-column\" style=\"--awb-bg-size:cover;width:50%;width:calc(50% - ( ( 4% ) * 0.5 ) );\"><div class=\"fusion-column-wrapper fusion-flex-column-wrapper-legacy\"><div class=\"fusion-button-wrapper\"><a class=\"fusion-button button-flat fusion-button-default-size button-default fusion-button-default button-2 fusion-button-default-span fusion-button-default-type agri-erosion-button-page-next\" target=\"_self\" href=\"https:\/\/agripedia.ch\/erosion\/fr\/?page_id=286&amp;preview=true\"><span class=\"fusion-button-text awb-button__text awb-button__text--default\">Suivant<\/span><\/a><\/div><div class=\"fusion-clearfix\"><\/div><\/div><\/div><\/div><\/div><\/p>\n","protected":false},"excerpt":{"rendered":"","protected":false},"author":44,"featured_media":0,"parent":0,"menu_order":0,"comment_status":"closed","ping_status":"closed","template":"","meta":{"_sb_is_suggestion_mode":false,"_sb_show_suggestion_boards":false,"_sb_show_comment_boards":false,"_sb_suggestion_history":"","_sb_update_block_changes":"","_monsterinsights_skip_tracking":false,"_monsterinsights_sitenote_active":false,"_monsterinsights_sitenote_note":"","_monsterinsights_sitenote_category":0,"footnotes":""},"class_list":["post-298","page","type-page","status-publish","hentry"],"_links":{"self":[{"href":"https:\/\/agripedia.ch\/erosion\/wp-json\/wp\/v2\/pages\/298","targetHints":{"allow":["GET"]}}],"collection":[{"href":"https:\/\/agripedia.ch\/erosion\/wp-json\/wp\/v2\/pages"}],"about":[{"href":"https:\/\/agripedia.ch\/erosion\/wp-json\/wp\/v2\/types\/page"}],"author":[{"embeddable":true,"href":"https:\/\/agripedia.ch\/erosion\/wp-json\/wp\/v2\/users\/44"}],"replies":[{"embeddable":true,"href":"https:\/\/agripedia.ch\/erosion\/wp-json\/wp\/v2\/comments?post=298"}],"version-history":[{"count":22,"href":"https:\/\/agripedia.ch\/erosion\/wp-json\/wp\/v2\/pages\/298\/revisions"}],"predecessor-version":[{"id":1294,"href":"https:\/\/agripedia.ch\/erosion\/wp-json\/wp\/v2\/pages\/298\/revisions\/1294"}],"wp:attachment":[{"href":"https:\/\/agripedia.ch\/erosion\/wp-json\/wp\/v2\/media?parent=298"}],"curies":[{"name":"wp","href":"https:\/\/api.w.org\/{rel}","templated":true}]}}