{"id":284,"date":"2020-03-24T07:47:25","date_gmt":"2020-03-24T07:47:25","guid":{"rendered":"https:\/\/agripedia.ch\/erosion\/?page_id=284"},"modified":"2020-03-24T07:47:25","modified_gmt":"2020-03-24T07:47:25","slug":"dates-de-semis","status":"publish","type":"page","link":"https:\/\/agripedia.ch\/erosion\/dates-de-semis\/","title":{"rendered":"Dates de semis"},"content":{"rendered":"<p><div class=\"fusion-fullwidth fullwidth-box fusion-builder-row-1 nonhundred-percent-fullwidth non-hundred-percent-height-scrolling\" style=\"--awb-border-radius-top-left:0px;--awb-border-radius-top-right:0px;--awb-border-radius-bottom-right:0px;--awb-border-radius-bottom-left:0px;--awb-flex-wrap:wrap;\" ><div class=\"fusion-builder-row fusion-row\"><div class=\"fusion-layout-column fusion_builder_column fusion-builder-column-0 fusion_builder_column_1_1 1_1 fusion-one-full fusion-column-first fusion-column-last\" style=\"--awb-bg-size:cover;\"><div class=\"fusion-column-wrapper fusion-flex-column-wrapper-legacy\"><div class=\"fusion-title title fusion-title-1 fusion-sep-none fusion-title-center fusion-title-text fusion-title-size-three agri-erosion-boxtitle\"><h3 class=\"fusion-title-heading title-heading-center fusion-responsive-typography-calculated\" style=\"margin:0;--fontSize:30;line-height:1.5;\">Description<\/h3><\/div><div class=\"fusion-text fusion-text-1 agri-erosion-boxtext\"><p>Recouvrir rapidement le sol avec des semis pr\u00e9coce, donc \u00e0 la fin de l\u2019\u00e9t\u00e9 pour acc\u00e9l\u00e9rer un recouvrement rapide de la parcelle et offrir une barri\u00e8re avec le feuillage et les racines.<\/p>\n<p>S\u2019applique pour des cultures \u00e0 r\u00e9colte pr\u00e9coce (colza, orge, bl\u00e9, etc.)<\/p>\n<p>Principe<\/p>\n<ul>\n<li>Semis d\u2019un couvert v\u00e9g\u00e9tal ou d\u2019une prairie d\u00e8s la fin de la r\u00e9colte du pr\u00e9c\u00e9dent<\/li>\n<li>Semis possible directement avant ou pendant le battage avec une moissonneuse. Elle peut \u00eatre \u00e9quip\u00e9e d\u2019un semoir si le semis se fait pendant la moisson.<\/li>\n<li>Attention aux recommandations des services cantonaux phytosanitaires sur la date de semis dans certaines r\u00e9gions et p\u00e9riodes.<\/li>\n<\/ul>\n<p>Les dates de semis sont \u00e0 faire avec les mesures de semis intercalaires et de couvert v\u00e9g\u00e9tal<\/p>\n<\/div><div class=\"fusion-clearfix\"><\/div><\/div><\/div><\/div><\/div><div class=\"fusion-fullwidth fullwidth-box fusion-builder-row-2 nonhundred-percent-fullwidth non-hundred-percent-height-scrolling\" style=\"--awb-border-radius-top-left:0px;--awb-border-radius-top-right:0px;--awb-border-radius-bottom-right:0px;--awb-border-radius-bottom-left:0px;--awb-flex-wrap:wrap;\" ><div class=\"fusion-builder-row fusion-row\"><div class=\"fusion-layout-column fusion_builder_column fusion-builder-column-1 fusion_builder_column_1_2 1_2 fusion-one-half fusion-column-first\" style=\"--awb-bg-size:cover;width:50%;width:calc(50% - ( ( 4% ) * 0.5 ) );margin-right: 4%;\"><div class=\"fusion-column-wrapper fusion-flex-column-wrapper-legacy\"><div class=\"fusion-title title fusion-title-2 fusion-sep-none fusion-title-center fusion-title-text fusion-title-size-three agri-erosion-boxtitle\"><h3 class=\"fusion-title-heading title-heading-center fusion-responsive-typography-calculated\" style=\"margin:0;--fontSize:30;line-height:1.5;\">Avantages<\/h3><\/div>\n<div class=\"table-1 agri-erosion-table\">\n<table width=\"100%\">\n<tbody>\n<tr>\n<td align=\"left\">Couverture du sol quasi permanente<\/td>\n<\/tr>\n<tr>\n<td align=\"left\">S\u2019applique avec les mesures de culture interm\u00e9diaire et de semis intercalaires<\/td>\n<\/tr>\n<\/tbody>\n<\/table>\n<\/div>\n<div class=\"fusion-clearfix\"><\/div><\/div><\/div><div class=\"fusion-layout-column fusion_builder_column fusion-builder-column-2 fusion_builder_column_1_2 1_2 fusion-one-half fusion-column-last\" style=\"--awb-bg-size:cover;width:50%;width:calc(50% - ( ( 4% ) * 0.5 ) );\"><div class=\"fusion-column-wrapper fusion-flex-column-wrapper-legacy\"><div class=\"fusion-title title fusion-title-3 fusion-sep-none fusion-title-center fusion-title-text fusion-title-size-three agri-erosion-boxtitle\"><h3 class=\"fusion-title-heading title-heading-center fusion-responsive-typography-calculated\" style=\"margin:0;--fontSize:30;line-height:1.5;\">Risques<\/h3><\/div>\n<div class=\"table-1 agri-erosion-table\">\n<table width=\"100%\">\n<tbody>\n<tr>\n<td align=\"left\">Possibles repousses des pertes de r\u00e9colte fortement pr\u00e9sente dans le m\u00e9lange sem\u00e9<\/td>\n<\/tr>\n<tr>\n<td align=\"left\">Sensibilit\u00e9 \u00e0 l\u2019hivernage (si les cultures sont trop d\u00e9velopp\u00e9es avant l\u2019hiver), int\u00e9r\u00eat si la technique culturale est le semis direct<\/td>\n<\/tr>\n<tr>\n<td align=\"left\">Propagation de maladies entre chaumes encore pr\u00e9sentes sur des parcelles voisines et la nouvelle culture<\/td>\n<\/tr>\n<\/tbody>\n<\/table>\n<\/div>\n<div class=\"fusion-clearfix\"><\/div><\/div><\/div><\/div><\/div><div class=\"fusion-fullwidth fullwidth-box fusion-builder-row-3 nonhundred-percent-fullwidth non-hundred-percent-height-scrolling\" style=\"--awb-border-radius-top-left:0px;--awb-border-radius-top-right:0px;--awb-border-radius-bottom-right:0px;--awb-border-radius-bottom-left:0px;--awb-flex-wrap:wrap;\" ><div class=\"fusion-builder-row fusion-row\"><div class=\"fusion-layout-column fusion_builder_column fusion-builder-column-3 fusion_builder_column_1_2 1_2 fusion-one-half fusion-column-first\" style=\"--awb-bg-size:cover;width:50%;width:calc(50% - ( ( 4% ) * 0.5 ) );margin-right: 4%;\"><div class=\"fusion-column-wrapper fusion-flex-column-wrapper-legacy\"><div class=\"fusion-title title fusion-title-4 fusion-sep-none fusion-title-center fusion-title-text fusion-title-size-three agri-erosion-boxtitle\"><h3 class=\"fusion-title-heading title-heading-center fusion-responsive-typography-calculated\" style=\"margin:0;--fontSize:30;line-height:1.5;\">Contributions<\/h3><\/div><div class=\"fusion-text fusion-text-2 agri-erosion-boxtext\"><p>Aucune<\/p>\n<\/div><div class=\"fusion-clearfix\"><\/div><\/div><\/div><div class=\"fusion-layout-column fusion_builder_column fusion-builder-column-4 fusion_builder_column_1_2 1_2 fusion-one-half fusion-column-last\" style=\"--awb-bg-size:cover;width:50%;width:calc(50% - ( ( 4% ) * 0.5 ) );\"><div class=\"fusion-column-wrapper fusion-flex-column-wrapper-legacy\"><div class=\"fusion-title title fusion-title-5 fusion-sep-none fusion-title-center fusion-title-text fusion-title-size-three agri-erosion-boxtitle\"><h3 class=\"fusion-title-heading title-heading-center fusion-responsive-typography-calculated\" style=\"margin:0;--fontSize:30;line-height:1.5;\">Co\u00fbts<\/h3><\/div><div class=\"fusion-text fusion-text-3 agri-erosion-boxtext\"><p>Pas de co\u00fbts suppl\u00e9mentaires, il s\u2019agit uniquement d\u2019un semis pr\u00e9coce<\/p>\n<\/div><div class=\"fusion-clearfix\"><\/div><\/div><\/div><\/div><\/div><div class=\"fusion-fullwidth fullwidth-box fusion-builder-row-4 nonhundred-percent-fullwidth non-hundred-percent-height-scrolling\" style=\"--awb-border-radius-top-left:0px;--awb-border-radius-top-right:0px;--awb-border-radius-bottom-right:0px;--awb-border-radius-bottom-left:0px;--awb-flex-wrap:wrap;\" ><div class=\"fusion-builder-row fusion-row\"><div class=\"fusion-layout-column fusion_builder_column fusion-builder-column-5 fusion_builder_column_1_1 1_1 fusion-one-full fusion-column-first fusion-column-last\" style=\"--awb-bg-size:cover;\"><div class=\"fusion-column-wrapper fusion-flex-column-wrapper-legacy\"><div class=\"accordian fusion-accordian agri-erosion-toggles\" style=\"--awb-border-size:1px;--awb-icon-size:13px;--awb-content-font-size:18px;--awb-icon-alignment:left;--awb-hover-color:#f9f9f9;--awb-border-color:#cccccc;--awb-background-color:#ffffff;--awb-divider-color:#e0dede;--awb-divider-hover-color:#e0dede;--awb-icon-color:#ffffff;--awb-title-color:#f44336;--awb-content-color:#0f0f0f;--awb-icon-box-color:#7a7a7a;--awb-toggle-hover-accent-color:#000000;--awb-title-font-family:&quot;Roboto&quot;;--awb-title-font-weight:700;--awb-title-font-style:normal;--awb-title-line-height:1.5;--awb-content-font-family:&quot;Roboto&quot;;--awb-content-font-style:normal;--awb-content-font-weight:300;\"><div class=\"panel-group fusion-toggle-icon-boxed\" id=\"accordion-284-1\"><div class=\"fusion-panel panel-default panel-e358f0a2eab5bfae7 fusion-toggle-has-divider\"><div class=\"panel-heading\"><h4 class=\"panel-title toggle\" id=\"toggle_e358f0a2eab5bfae7\"><a aria-expanded=\"false\" aria-controls=\"e358f0a2eab5bfae7\" role=\"button\" data-toggle=\"collapse\" data-parent=\"#accordion-284-1\" data-target=\"#e358f0a2eab5bfae7\" href=\"#e358f0a2eab5bfae7\"><span class=\"fusion-toggle-icon-wrapper\" aria-hidden=\"true\"><i class=\"fa-fusion-box active-icon awb-icon-minus\" aria-hidden=\"true\"><\/i><i class=\"fa-fusion-box inactive-icon awb-icon-plus\" aria-hidden=\"true\"><\/i><\/span><span class=\"fusion-toggle-heading\">Liens<\/span><\/a><\/h4><\/div><div id=\"e358f0a2eab5bfae7\" class=\"panel-collapse collapse \" aria-labelledby=\"toggle_e358f0a2eab5bfae7\"><div class=\"panel-body toggle-content fusion-clearfix\">\n<p>Voir pages des mesures <a href=\"https:\/\/agripedia.ch\/erosion\/fr\/?page_id=298&preview=true\" target=\"_blank\" rel=\"noopener noreferrer\">Cultures interm\u00e9diaires<\/a> et <a href=\"https:\/\/agripedia.ch\/erosion\/fr\/?page_id=286&preview=true\" target=\"_blank\" rel=\"noopener noreferrer\">Semis intercalaire<\/a><\/p>\n<\/div><\/div><\/div><\/div><\/div><div class=\"fusion-clearfix\"><\/div><\/div><\/div><\/div><\/div><div class=\"fusion-fullwidth fullwidth-box fusion-builder-row-5 nonhundred-percent-fullwidth non-hundred-percent-height-scrolling\" style=\"--awb-border-radius-top-left:0px;--awb-border-radius-top-right:0px;--awb-border-radius-bottom-right:0px;--awb-border-radius-bottom-left:0px;--awb-flex-wrap:wrap;\" ><div class=\"fusion-builder-row fusion-row\"><div class=\"fusion-layout-column fusion_builder_column fusion-builder-column-6 fusion_builder_column_1_2 1_2 fusion-one-half fusion-column-first\" style=\"--awb-bg-size:cover;width:50%;width:calc(50% - ( ( 4% ) * 0.5 ) );margin-right: 4%;\"><div class=\"fusion-column-wrapper fusion-flex-column-wrapper-legacy\"><div class=\"fusion-button-wrapper\"><a class=\"fusion-button button-flat fusion-button-default-size button-default fusion-button-default button-1 fusion-button-default-span fusion-button-default-type agri-erosion-button-page-back\" target=\"_self\" href=\"https:\/\/agripedia.ch\/erosion\/fr\/?page_id=91&amp;preview=true\"><span class=\"fusion-button-text awb-button__text awb-button__text--default\">Retour au menu principal<\/span><\/a><\/div><div class=\"fusion-clearfix\"><\/div><\/div><\/div><div class=\"fusion-layout-column fusion_builder_column fusion-builder-column-7 fusion_builder_column_1_2 1_2 fusion-one-half fusion-column-last\" style=\"--awb-bg-size:cover;width:50%;width:calc(50% - ( ( 4% ) * 0.5 ) );\"><div class=\"fusion-column-wrapper fusion-flex-column-wrapper-legacy\"><div class=\"fusion-button-wrapper\"><a class=\"fusion-button button-flat fusion-button-default-size button-default fusion-button-default button-2 fusion-button-default-span fusion-button-default-type agri-erosion-button-page-next\" target=\"_self\" href=\"https:\/\/agripedia.ch\/erosion\/fr\/?page_id=301&amp;preview=true\"><span class=\"fusion-button-text awb-button__text awb-button__text--default\">Suivant<\/span><\/a><\/div><div class=\"fusion-clearfix\"><\/div><\/div><\/div><\/div><\/div><\/p>\n","protected":false},"excerpt":{"rendered":"","protected":false},"author":44,"featured_media":0,"parent":0,"menu_order":0,"comment_status":"closed","ping_status":"closed","template":"","meta":{"_sb_is_suggestion_mode":false,"_sb_show_suggestion_boards":false,"_sb_show_comment_boards":false,"_sb_suggestion_history":"","_sb_update_block_changes":"","_monsterinsights_skip_tracking":false,"_monsterinsights_sitenote_active":false,"_monsterinsights_sitenote_note":"","_monsterinsights_sitenote_category":0,"footnotes":""},"class_list":["post-284","page","type-page","status-publish","hentry"],"_links":{"self":[{"href":"https:\/\/agripedia.ch\/erosion\/wp-json\/wp\/v2\/pages\/284","targetHints":{"allow":["GET"]}}],"collection":[{"href":"https:\/\/agripedia.ch\/erosion\/wp-json\/wp\/v2\/pages"}],"about":[{"href":"https:\/\/agripedia.ch\/erosion\/wp-json\/wp\/v2\/types\/page"}],"author":[{"embeddable":true,"href":"https:\/\/agripedia.ch\/erosion\/wp-json\/wp\/v2\/users\/44"}],"replies":[{"embeddable":true,"href":"https:\/\/agripedia.ch\/erosion\/wp-json\/wp\/v2\/comments?post=284"}],"version-history":[{"count":9,"href":"https:\/\/agripedia.ch\/erosion\/wp-json\/wp\/v2\/pages\/284\/revisions"}],"predecessor-version":[{"id":1100,"href":"https:\/\/agripedia.ch\/erosion\/wp-json\/wp\/v2\/pages\/284\/revisions\/1100"}],"wp:attachment":[{"href":"https:\/\/agripedia.ch\/erosion\/wp-json\/wp\/v2\/media?parent=284"}],"curies":[{"name":"wp","href":"https:\/\/api.w.org\/{rel}","templated":true}]}}