{"id":229,"date":"2020-03-24T07:45:25","date_gmt":"2020-03-24T07:45:25","guid":{"rendered":"https:\/\/agripedia.ch\/erosion\/?page_id=229"},"modified":"2020-03-24T07:45:25","modified_gmt":"2020-03-24T07:45:25","slug":"bande-enherbee","status":"publish","type":"page","link":"https:\/\/agripedia.ch\/erosion\/bande-enherbee\/","title":{"rendered":"Bande enherb\u00e9e"},"content":{"rendered":"<p><div class=\"fusion-fullwidth fullwidth-box fusion-builder-row-1 agri-erosion-container nonhundred-percent-fullwidth non-hundred-percent-height-scrolling\" style=\"--awb-border-radius-top-left:0px;--awb-border-radius-top-right:0px;--awb-border-radius-bottom-right:0px;--awb-border-radius-bottom-left:0px;--awb-flex-wrap:wrap;\" ><div class=\"fusion-builder-row fusion-row\"><div class=\"fusion-layout-column fusion_builder_column fusion-builder-column-0 fusion_builder_column_1_1 1_1 fusion-one-full fusion-column-first fusion-column-last agri-erosion-column\" style=\"--awb-bg-size:cover;\"><div class=\"fusion-column-wrapper fusion-flex-column-wrapper-legacy\"><div class=\"fusion-title title fusion-title-1 fusion-sep-none fusion-title-center fusion-title-text fusion-title-size-three agri-erosion-boxtitle\"><h3 class=\"fusion-title-heading title-heading-center fusion-responsive-typography-calculated\" style=\"margin:0;--fontSize:30;line-height:1.5;\">Description<\/h3><\/div><div class=\"fusion-text fusion-text-1 agri-erosion-boxtext\"><p>Cette mesure a pour objectif d\u2019intercepter le ruissellement diffus. Pour ce faire des surfaces g\u00e9n\u00e9ralement allong\u00e9es, larges de plusieurs m\u00e8tres, sont couvertes par une v\u00e9g\u00e9tation herbac\u00e9e permanente. En plus d\u2019assurer une protection efficace contre l\u2019\u00e9rosion des sols, suivant leur emplacement, elles peuvent exercer des fonctions \u00e9cologiques importantes.<\/p>\n<p>Localisation\u00a0:<\/p>\n<ul>\n<li>en aval de la parcelle<\/li>\n<li>en rupture de pente<\/li>\n<li>le long des routes et des chemins<\/li>\n<li>Au fond d\u2019un Thalweg<\/li>\n<li>Le long des \u00e9l\u00e9ments fixes du paysage<\/li>\n<\/ul>\n<p>NB : Une bande herbeuse de 3 \u00e0 6m est obligatoire le long des haies, lisi\u00e8res, cours d\u2019eau et plans d\u2019eau (r\u00e9f. Fiches techniques 2.18.1, classeur \u00ab Nature et agriculture \u00bb, AGRIDEA)<\/p>\n<p>Installation\u00a0:<\/p>\n<p>Identique que pour la prairie temporaire ou permanente\u00a0:<\/p>\n<ul>\n<li>Largeur id\u00e9ale de la bande :\n<ul>\n<li>10m si l\u2019amont de la bande est \u00e0 < 100m ou si la pente est inf\u00e9rieure \u00e0 5%<\/li>\n<li>20m si l\u2019amont de la bande est \u00e0 > 100m ou si la pente est sup\u00e9rieure \u00e0 5%<\/li>\n<\/ul>\n<\/li>\n<li>Bien niveler le sol sans passage privil\u00e9gi\u00e9 pour l\u2019eau (si l\u2019eau traverse la bande, l\u2019effet est nul)<\/li>\n<li>Lit de semences bien \u00e9miett\u00e9 (mottes de 3cm de diam\u00e8tre au maximum) pour faciliter le contact sol\/graine<\/li>\n<li>Profondeur du semis de 0 \u00e0 1 cm (pour les prairies)<\/li>\n<li>Passer le rouleau directement apr\u00e8s le semis pour plomber la graine<\/li>\n<li>Semis mars\/avril ou septembre. Il faut favoriser une implantation rapide surtout en automne pour favoriser l\u2019action de la bande herbeuse.<\/li>\n<li>Semis d\u2019une vari\u00e9t\u00e9 ou d\u2019un m\u00e9lange gazonnants \u00e0 l\u2019entretien plus ais\u00e9. Possibilit\u00e9s de semer une jach\u00e8re<\/li>\n<\/ul>\n<p>Liste de plantes pr\u00e9conis\u00e9es\u00a0:<\/p>\n<ul>\n<li>L\u00e9gumineuses\u00a0: luzerne, tr\u00e8fle blanc, lotier cornicul\u00e9<\/li>\n<li>Gramin\u00e9es\u00a0: dactyle, brome, f\u00e9tuque des pr\u00e9s, f\u00e9tuque \u00e9lev\u00e9e, fl\u00e9ole des pr\u00e9s, ray-grass anglais, ray-grass hybride.<\/li>\n<\/ul>\n<p>Entretien\u00a0:<\/p>\n<ul>\n<li>Entretien similaire \u00e0 un herbage extensif<\/li>\n<li>Fauche annuelle (d\u00e8s le 15 juin, suivant la zone et si inscrite comme SPB) avec exportation de la mati\u00e8re hors de la bande<\/li>\n<li>Ne pas faucher en dessous de 15 cm pour maintenir un bon couvert v\u00e9g\u00e9tal<\/li>\n<li>\u00c9ventuellement passage de la herse si forte accumulation de s\u00e9diments afin de favoriser la repousse<\/li>\n<li>\u00c9viter de rouler sur la bande herbeuse, hors des p\u00e9riodes de fauche, pour ne pas cr\u00e9er de chenal pr\u00e9f\u00e9rentiel.<\/li>\n<li>Aucune fumure possible si inscrite comme bande herbeuse SPB ou mise en r\u00e9seau.<\/li>\n<\/ul>\n<p>Attention : aucun entretien dans le cas d\u2019une jach\u00e8re 6 ans, mis \u00e0 part la coupe de nettoyage de la premi\u00e8re ann\u00e9e en cas d\u2019intrusion trop importante de mauvaises herbes.<\/p>\n<\/div><div class=\"fusion-clearfix\"><\/div><\/div><\/div><div class=\"fusion-layout-column fusion_builder_column fusion-builder-column-1 fusion_builder_column_1_1 1_1 fusion-one-full fusion-column-first fusion-column-last agri-erosion-column\" style=\"--awb-bg-size:cover;\"><div class=\"fusion-column-wrapper fusion-flex-column-wrapper-legacy\"><div class=\"fusion-video fusion-youtube agri-erosion-linkyoutube\" style=\"--awb-max-width:600px;--awb-max-height:360px;\"><div class=\"video-shortcode\"><div class=\"fluid-width-video-wrapper\" style=\"padding-top:60%;\" ><iframe title=\"YouTube video player 1\" src=\"https:\/\/www.youtube.com\/embed\/Xn8YoT8qI-Y?wmode=transparent&autoplay=0\" width=\"600\" height=\"360\" allowfullscreen allow=\"autoplay; clipboard-write; encrypted-media; gyroscope; picture-in-picture;\"><\/iframe><\/div><\/div><\/div><div class=\"fusion-clearfix\"><\/div><\/div><\/div><\/div><\/div><div class=\"fusion-fullwidth fullwidth-box fusion-builder-row-2 agri-erosion-container nonhundred-percent-fullwidth non-hundred-percent-height-scrolling\" style=\"--awb-border-radius-top-left:0px;--awb-border-radius-top-right:0px;--awb-border-radius-bottom-right:0px;--awb-border-radius-bottom-left:0px;--awb-flex-wrap:wrap;\" ><div class=\"fusion-builder-row fusion-row\"><div class=\"fusion-layout-column fusion_builder_column fusion-builder-column-2 fusion_builder_column_1_2 1_2 fusion-one-half fusion-column-first agri-erosion-column\" style=\"--awb-bg-size:cover;width:50%;width:calc(50% - ( ( 4% ) * 0.5 ) );margin-right: 4%;\"><div class=\"fusion-column-wrapper fusion-flex-column-wrapper-legacy\"><div class=\"fusion-title title fusion-title-2 fusion-sep-none fusion-title-center fusion-title-text fusion-title-size-three agri-erosion-boxtitle\"><h3 class=\"fusion-title-heading title-heading-center fusion-responsive-typography-calculated\" style=\"margin:0;--fontSize:30;line-height:1.5;\">Avantages<\/h3><\/div>\n<div class=\"table-1 agri-erosion-table\">\n<table width=\"100%\">\n<tbody>\n<tr>\n<td align=\"left\">Apporte de la biodiversit\u00e9 comme des auxiliaires<\/td>\n<\/tr>\n<tr>\n<td align=\"left\">Zone refuge<\/td>\n<\/tr>\n<tr>\n<td align=\"left\">Diminue fortement le ruissellement diffus<\/td>\n<\/tr>\n<tr>\n<td align=\"left\">Les m\u00e9langes sont fortement recommand\u00e9s comme couvert v\u00e9g\u00e9tal. Cela permet d\u2019avoir un couvert concurrentiel vis-\u00e0-vis des adventices et peut rester au moins 5 ans<\/td>\n<\/tr>\n<tr>\n<td align=\"left\">Peut amener une production de fourrage<\/td>\n<\/tr>\n<\/tbody>\n<\/table>\n<\/div>\n<div class=\"fusion-clearfix\"><\/div><\/div><\/div><div class=\"fusion-layout-column fusion_builder_column fusion-builder-column-3 fusion_builder_column_1_2 1_2 fusion-one-half fusion-column-last agri-erosion-column\" style=\"--awb-bg-size:cover;width:50%;width:calc(50% - ( ( 4% ) * 0.5 ) );\"><div class=\"fusion-column-wrapper fusion-flex-column-wrapper-legacy\"><div class=\"fusion-title title fusion-title-3 fusion-sep-none fusion-title-center fusion-title-text fusion-title-size-three agri-erosion-boxtitle\"><h3 class=\"fusion-title-heading title-heading-center fusion-responsive-typography-calculated\" style=\"margin:0;--fontSize:30;line-height:1.5;\">Risques<\/h3><\/div>\n<div class=\"table-1 agri-erosion-table\">\n<table width=\"100%\">\n<tbody>\n<tr>\n<td align=\"left\">Mauvaise entretien risque de pr\u00e9sence d\u2019adventices<\/td>\n<\/tr>\n<tr>\n<td align=\"left\">Mauvaise implantation<\/td>\n<\/tr>\n<tr>\n<td align=\"left\">Mauvais m\u00e9lange<\/td>\n<\/tr>\n<tr>\n<td align=\"left\">Perte d\u2019efficacit\u00e9 en cas de tassement (machines agricoles ou animaux, stockage de betteraves)<\/td>\n<\/tr>\n<tr>\n<td align=\"left\">Les 3 premiers m\u00e8tres de chaintre ne peuvent pas \u00eatre inscrits comme prairies extensives<\/td>\n<\/tr>\n<tr>\n<td align=\"left\">Risque de pr\u00e9sence de rongeurs au sortir de l\u2019hiver<\/td>\n<\/tr>\n<\/tbody>\n<\/table>\n<\/div>\n<div class=\"fusion-clearfix\"><\/div><\/div><\/div><\/div><\/div><div class=\"fusion-fullwidth fullwidth-box fusion-builder-row-3 agri-erosion-container nonhundred-percent-fullwidth non-hundred-percent-height-scrolling\" style=\"--awb-border-radius-top-left:0px;--awb-border-radius-top-right:0px;--awb-border-radius-bottom-right:0px;--awb-border-radius-bottom-left:0px;--awb-flex-wrap:wrap;\" ><div class=\"fusion-builder-row fusion-row\"><div class=\"fusion-layout-column fusion_builder_column fusion-builder-column-4 fusion_builder_column_1_2 1_2 fusion-one-half fusion-column-first agri-erosion-column\" style=\"--awb-bg-size:cover;width:50%;width:calc(50% - ( ( 4% ) * 0.5 ) );margin-right: 4%;\"><div class=\"fusion-column-wrapper fusion-flex-column-wrapper-legacy\"><div class=\"fusion-title title fusion-title-4 fusion-sep-none fusion-title-center fusion-title-text fusion-title-size-three agri-erosion-boxtitle\"><h3 class=\"fusion-title-heading title-heading-center fusion-responsive-typography-calculated\" style=\"margin:0;--fontSize:30;line-height:1.5;\">Contributions<\/h3><\/div><div class=\"fusion-text fusion-text-2 agri-erosion-boxtext\"><p>Contribution \u00e0 la surface OPD = CHF 1\u2019080.-\/ha<\/p>\n<p>Prairie extensive, haies en zone de grandes cultures = CHF 1\u2019500.-\/ha<\/p>\n<p>Prairie peu intensive = CHF 300.-\/ha<\/p>\n<p>Contributions suppl\u00e9mentaires si qualit\u00e9 et mise en r\u00e9seau agro\u00e9cologique (r\u00e9f. Fiches techniques 2.18.1, classeur \u00ab <a href=\"https:\/\/agridea.abacuscity.ch\/fr\/3~410000~Shop\/Publications\/Production-v%C3%A9g%C3%A9tale-Environnement\/G%C3%A9n%C3%A9ralit%C3%A9s\" target=\"_blank\" rel=\"noopener noreferrer\">Nature et agriculture<\/a> \u00bb, AGRIDEA)<\/p>\n<\/div><div class=\"fusion-clearfix\"><\/div><\/div><\/div><div class=\"fusion-layout-column fusion_builder_column fusion-builder-column-5 fusion_builder_column_1_2 1_2 fusion-one-half fusion-column-last agri-erosion-column\" style=\"--awb-bg-size:cover;width:50%;width:calc(50% - ( ( 4% ) * 0.5 ) );\"><div class=\"fusion-column-wrapper fusion-flex-column-wrapper-legacy\"><div class=\"fusion-title title fusion-title-5 fusion-sep-none fusion-title-center fusion-title-text fusion-title-size-three agri-erosion-boxtitle\"><h3 class=\"fusion-title-heading title-heading-center fusion-responsive-typography-calculated\" style=\"margin:0;--fontSize:30;line-height:1.5;\">Co\u00fbts<\/h3><\/div><div class=\"fusion-text fusion-text-3 agri-erosion-boxtext\"><p>Pour la mise en oeuvre de cette mesure<\/p>\n<ul>\n<li>Travail du sol et semis = CHF 450.-\/ha<\/li>\n<li>Semences = CHF 150 \u00e0 200.-\/ha<\/li>\n<\/ul>\n<p>Pour l\u2019entretien<\/p>\n<ul>\n<li>Fauche et r\u00e9colte = 10 unit\u00e9 de travail (UT)\/ha<\/li>\n<\/ul>\n<\/div><div class=\"fusion-clearfix\"><\/div><\/div><\/div><\/div><\/div><div class=\"fusion-fullwidth fullwidth-box fusion-builder-row-4 agri-erosion-container nonhundred-percent-fullwidth non-hundred-percent-height-scrolling\" style=\"--awb-border-radius-top-left:0px;--awb-border-radius-top-right:0px;--awb-border-radius-bottom-right:0px;--awb-border-radius-bottom-left:0px;--awb-flex-wrap:wrap;\" ><div class=\"fusion-builder-row fusion-row\"><div class=\"fusion-layout-column fusion_builder_column fusion-builder-column-6 fusion_builder_column_1_1 1_1 fusion-one-full fusion-column-first fusion-column-last agri-erosion-column\" style=\"--awb-bg-size:cover;\"><div class=\"fusion-column-wrapper fusion-flex-column-wrapper-legacy\"><div class=\"accordian fusion-accordian agri-erosion-toggles\" style=\"--awb-border-size:1px;--awb-icon-size:13px;--awb-content-font-size:18px;--awb-icon-alignment:left;--awb-hover-color:#f9f9f9;--awb-border-color:#cccccc;--awb-background-color:#ffffff;--awb-divider-color:#e0dede;--awb-divider-hover-color:#e0dede;--awb-icon-color:#ffffff;--awb-title-color:#f44336;--awb-content-color:#0f0f0f;--awb-icon-box-color:#7a7a7a;--awb-toggle-hover-accent-color:#000000;--awb-title-font-family:&quot;Roboto&quot;;--awb-title-font-weight:700;--awb-title-font-style:normal;--awb-title-line-height:1.5;--awb-content-font-family:&quot;Roboto&quot;;--awb-content-font-style:normal;--awb-content-font-weight:300;\"><div class=\"panel-group fusion-toggle-icon-boxed\" id=\"accordion-229-1\"><div class=\"fusion-panel panel-default panel-60fb261924aca24b3 fusion-toggle-has-divider\"><div class=\"panel-heading\"><h4 class=\"panel-title toggle\" id=\"toggle_60fb261924aca24b3\"><a aria-expanded=\"false\" aria-controls=\"60fb261924aca24b3\" role=\"button\" data-toggle=\"collapse\" data-parent=\"#accordion-229-1\" data-target=\"#60fb261924aca24b3\" href=\"#60fb261924aca24b3\"><span class=\"fusion-toggle-icon-wrapper\" aria-hidden=\"true\"><i class=\"fa-fusion-box active-icon awb-icon-minus\" aria-hidden=\"true\"><\/i><i class=\"fa-fusion-box inactive-icon awb-icon-plus\" aria-hidden=\"true\"><\/i><\/span><span class=\"fusion-toggle-heading\">Liens<\/span><\/a><\/h4><\/div><div id=\"60fb261924aca24b3\" class=\"panel-collapse collapse \" aria-labelledby=\"toggle_60fb261924aca24b3\"><div class=\"panel-body toggle-content fusion-clearfix\">\n<p>Article d\u2019arvalis sur les <a href=\"https:\/\/www.arvalis-infos.fr\/reussir-l-implantation-et-l-entretien-d-une-bande-enherbee-@\/view-11936-arvarticle.html\" target=\"_blank\" rel=\"noopener noreferrer\">bandes enherb\u00e9es<\/a><\/p>\n<p>Article sur les <a href=\"http:\/\/www.agriculturebiodiversite.fr\/ameliorer-la-biodiversite\/amenager-son-exploitation\/bande-enherbee.html\" target=\"_blank\" rel=\"noopener noreferrer\">bandes enherb\u00e9es<\/a><\/p>\n<p>Article de Biosuisse sur les <a href=\"https:\/\/www.bioactualites.ch\/fileadmin\/documents\/bafr\/production-vegetale\/arboriculture\/guide_TranBioFruit-44-85-2013.pdf\" target=\"_blank\" rel=\"noopener noreferrer\">bandes fleuries en arboriculture fruiti\u00e8re <\/a>(3 premi\u00e8res pages)<\/p>\n<p>Document belge (Celulle GISIER) sur les <a href=\"http:\/\/www.giser.be\/wp-content\/uploads\/2016\/10\/Giser-brochure-FINAL-partie1.pdf\" target=\"_blank\" rel=\"noopener noreferrer\">bandes enherb\u00e9es<\/a> (\u00e0 partir de la p.21 jusqu\u2019\u00e0 la p.24)<\/p>\n<\/div><\/div><\/div><\/div><\/div><div class=\"fusion-clearfix\"><\/div><\/div><\/div><\/div><\/div><div class=\"fusion-fullwidth fullwidth-box fusion-builder-row-5 agri-erosion-container nonhundred-percent-fullwidth non-hundred-percent-height-scrolling\" style=\"--awb-border-radius-top-left:0px;--awb-border-radius-top-right:0px;--awb-border-radius-bottom-right:0px;--awb-border-radius-bottom-left:0px;--awb-flex-wrap:wrap;\" ><div class=\"fusion-builder-row fusion-row\"><div class=\"fusion-layout-column fusion_builder_column fusion-builder-column-7 fusion_builder_column_1_2 1_2 fusion-one-half fusion-column-first agri-erosion-column\" style=\"--awb-bg-size:cover;width:50%;width:calc(50% - ( ( 4% ) * 0.5 ) );margin-right: 4%;\"><div class=\"fusion-column-wrapper fusion-flex-column-wrapper-legacy\"><div class=\"fusion-button-wrapper\"><a class=\"fusion-button button-flat fusion-button-default-size button-default fusion-button-default button-1 fusion-button-default-span fusion-button-default-type agri-erosion-button-page-back\" target=\"_self\" href=\"https:\/\/agripedia.ch\/erosion\/fr\/?page_id=91&amp;preview=true\"><span class=\"fusion-button-text awb-button__text awb-button__text--default\">Retour au menu principal<\/span><\/a><\/div><div class=\"fusion-clearfix\"><\/div><\/div><\/div><div class=\"fusion-layout-column fusion_builder_column fusion-builder-column-8 fusion_builder_column_1_2 1_2 fusion-one-half fusion-column-last agri-erosion-column\" style=\"--awb-bg-size:cover;width:50%;width:calc(50% - ( ( 4% ) * 0.5 ) );\"><div class=\"fusion-column-wrapper fusion-flex-column-wrapper-legacy\"><div class=\"fusion-button-wrapper\"><a class=\"fusion-button button-flat fusion-button-default-size button-default fusion-button-default button-2 fusion-button-default-span fusion-button-default-type agri-erosion-button-page-next\" target=\"_self\" href=\"https:\/\/agripedia.ch\/erosion\/fr\/?page_id=409&amp;preview=true\"><span class=\"fusion-button-text awb-button__text awb-button__text--default\">Suivant<\/span><\/a><\/div><div class=\"fusion-clearfix\"><\/div><\/div><\/div><\/div><\/div><\/p>\n","protected":false},"excerpt":{"rendered":"","protected":false},"author":44,"featured_media":0,"parent":0,"menu_order":0,"comment_status":"closed","ping_status":"closed","template":"","meta":{"_sb_is_suggestion_mode":false,"_sb_show_suggestion_boards":false,"_sb_show_comment_boards":false,"_sb_suggestion_history":"","_sb_update_block_changes":"","_monsterinsights_skip_tracking":false,"_monsterinsights_sitenote_active":false,"_monsterinsights_sitenote_note":"","_monsterinsights_sitenote_category":0,"footnotes":""},"class_list":["post-229","page","type-page","status-publish","hentry"],"_links":{"self":[{"href":"https:\/\/agripedia.ch\/erosion\/wp-json\/wp\/v2\/pages\/229","targetHints":{"allow":["GET"]}}],"collection":[{"href":"https:\/\/agripedia.ch\/erosion\/wp-json\/wp\/v2\/pages"}],"about":[{"href":"https:\/\/agripedia.ch\/erosion\/wp-json\/wp\/v2\/types\/page"}],"author":[{"embeddable":true,"href":"https:\/\/agripedia.ch\/erosion\/wp-json\/wp\/v2\/users\/44"}],"replies":[{"embeddable":true,"href":"https:\/\/agripedia.ch\/erosion\/wp-json\/wp\/v2\/comments?post=229"}],"version-history":[{"count":18,"href":"https:\/\/agripedia.ch\/erosion\/wp-json\/wp\/v2\/pages\/229\/revisions"}],"predecessor-version":[{"id":1095,"href":"https:\/\/agripedia.ch\/erosion\/wp-json\/wp\/v2\/pages\/229\/revisions\/1095"}],"wp:attachment":[{"href":"https:\/\/agripedia.ch\/erosion\/wp-json\/wp\/v2\/media?parent=229"}],"curies":[{"name":"wp","href":"https:\/\/api.w.org\/{rel}","templated":true}]}}