{"id":209,"date":"2020-03-24T07:52:52","date_gmt":"2020-03-24T07:52:52","guid":{"rendered":"https:\/\/agripedia.ch\/erosion\/?page_id=209"},"modified":"2020-03-24T07:52:52","modified_gmt":"2020-03-24T07:52:52","slug":"taille-forme-et-orientation-des-parcelles","status":"publish","type":"page","link":"https:\/\/agripedia.ch\/erosion\/taille-forme-et-orientation-des-parcelles\/","title":{"rendered":"Taille, forme et orientation des parcelles"},"content":{"rendered":"<p><div class=\"fusion-fullwidth fullwidth-box fusion-builder-row-1 agri-erosion-container nonhundred-percent-fullwidth non-hundred-percent-height-scrolling\" style=\"--awb-border-radius-top-left:0px;--awb-border-radius-top-right:0px;--awb-border-radius-bottom-right:0px;--awb-border-radius-bottom-left:0px;--awb-flex-wrap:wrap;\" ><div class=\"fusion-builder-row fusion-row\"><div class=\"fusion-layout-column fusion_builder_column fusion-builder-column-0 fusion_builder_column_1_1 1_1 fusion-one-full fusion-column-first fusion-column-last agri-erosion-column\" style=\"--awb-bg-size:cover;\"><div class=\"fusion-column-wrapper fusion-flex-column-wrapper-legacy\"><div class=\"fusion-title title fusion-title-1 fusion-sep-none fusion-title-center fusion-title-text fusion-title-size-three agri-erosion-boxtitle\"><h3 class=\"fusion-title-heading title-heading-center fusion-responsive-typography-calculated\" style=\"margin:0;--fontSize:30;line-height:1.5;\">Description<\/h3><\/div><div class=\"fusion-text fusion-text-1 agri-erosion-boxtext\"><p>\u00c9tude de la topographie du terrain (pentes, \u00e9l\u00e9ments paysagers, etc.) afin de d\u00e9couper de la mani\u00e8re la plus optimale la parcelle pour pr\u00e9venir l\u2019\u00e9rosion et de d\u00e9finir l\u2019orientation du travail du sol. Ces \u00e9l\u00e9ments vont influencer l\u2019accumulation et la vitesse de l\u2019\u00e9coulement lors de pr\u00e9cipitations.<\/p>\n<p>Plusieurs possibilit\u00e9s sont existantes\u00a0:<\/p>\n<ul>\n<li>Travailler les parcelles en pente (<10%) perpendiculairement au sens de la pente<\/li>\n<li>Favoriser l\u2019alternance de cultures sur des parcelles de petites tailles ou \u00e9troites sur les terrains en pente<\/li>\n<li>Favoriser les parcelles de grande taille o\u00f9 la pente est nulle<\/li>\n<\/ul>\n<p>Exemple de pour le travail du sol dans la perpendiculaire de la pente\u00a0:<\/p>\n<p>Le travail du sol et la mise en place d\u2019une culture dans le sens perpendiculaire permet \u00e9viter l\u2019\u00e9coulement pr\u00e9f\u00e9rentiel et la formation de rigoles dans une culture. Il n\u2019est pas toujours ais\u00e9 de travailler perpendiculairement \u00e0 la pente (cas de petites parcelles \u00e9troites en pente o\u00f9 la disposition, la forme et la dimension des parcelles ne sont pas optimales). Il faut agir lors de remaniements pour optimiser ces facteurs afin de coordonner le sens du travail du sol entre les diff\u00e9rents exploitants. Dans la rotation, il est n\u00e9cessaire de tenir compte de ces parcelles pour y cultiver le moins possible de cultures sensibles (sarcl\u00e9es notamment, mais aussi les c\u00e9r\u00e9ales) ou favoriser les \u00e9changes de parcelles entre exploitants.<\/p>\n<p>Il est possible d\u2019affiner le sens du travail du sol en le pr\u00e9parant en suivant les courbes de niveaux. Cette mesure permet d\u2019\u00e9viter l\u2019\u00e9coulement pr\u00e9f\u00e9rentiel et la formation de rigoles dans une culture notamment en cas de Thalweg. Elle permet \u00e9galement d\u2019att\u00e9nuer le risque d\u2019\u00e9rosion en nappe. Le but est d\u2019avoir des sillons perpendiculaires \u00e0 la pente, trac\u00e9s lors de la pr\u00e9paration du lit de semences, qui feront office de petites digues et non plus de rigoles d\u2019\u00e9coulement. Il faut semer en suivant scrupuleusement les courbes de niveau (un passage approximatif peut acc\u00e9l\u00e9rer au contraire l\u2019\u00e9rosion). Outre un semis suivant les courbes de niveau, certaines parcelles demandent d\u2019autres mesures d\u2019accompagnement, par exemple une <a href=\"https:\/\/agripedia.ch\/erosion\/fr\/?page_id=229&preview=true\">bande herbeuse<\/a>. C\u2019est le cas pour celle dont la formation d\u2019un Thalweg est probable.<\/p>\n<\/div>\n<div class=\"table-1 agri-erosion-table\">\n<p>Ces deux syst\u00e8mes sont efficaces que si l\u2019on tient compte du pourcentage de pente et de sa longueur<\/p>\n<table width=\"100%\">\n<thead>\n<tr>\n<th align=\"left\">Pente en %<\/th>\n<th align=\"left\">Longueur de pente maximale en m\u00e8tre pour une culture \u00e9pousant les courbes de niveau qui soit efficace<\/th>\n<\/tr>\n<\/thead>\n<tbody>\n<tr>\n<td style=\"text-align: center\" align=\"left\">1-2<\/td>\n<td style=\"text-align: center\" align=\"left\">130<\/td>\n<\/tr>\n<\/tbody>\n<tbody>\n<tr>\n<td style=\"text-align: center\" align=\"left\">3-5<\/td>\n<td style=\"text-align: center\" align=\"left\">100<\/td>\n<\/tr>\n<\/tbody>\n<tbody>\n<tr>\n<td style=\"text-align: center\" align=\"left\">6-8<\/td>\n<td style=\"text-align: center\" align=\"left\">70<\/td>\n<\/tr>\n<\/tbody>\n<tbody>\n<tr>\n<td style=\"text-align: center\" align=\"left\">9-12<\/td>\n<td style=\"text-align: center\" align=\"left\">40<\/td>\n<\/tr>\n<\/tbody>\n<tbody>\n<tr>\n<td style=\"text-align: center\" align=\"left\">13-16<\/td>\n<td style=\"text-align: center\" align=\"left\">30<\/td>\n<\/tr>\n<\/tbody>\n<tbody>\n<tr>\n<td style=\"text-align: center\" align=\"left\">17-20<\/td>\n<td style=\"text-align: center\" align=\"left\">20<\/td>\n<\/tr>\n<\/tbody>\n<tbody>\n<tr>\n<td style=\"text-align: center\" align=\"left\">21-25<\/td>\n<td style=\"text-align: center\" align=\"left\">17<\/td>\n<\/tr>\n<\/tbody>\n<\/table>\n<p>Ces deux strat\u00e9gies peuvent se pratiquer sur des pentes m\u00eame faibles. Elles sont fortement recommand\u00e9es sur des sols limoneux-sableux.<\/p>\n<\/div>\n<div class=\"fusion-clearfix\"><\/div><\/div><\/div><\/div><\/div><div class=\"fusion-fullwidth fullwidth-box fusion-builder-row-2 agri-erosion-container nonhundred-percent-fullwidth non-hundred-percent-height-scrolling\" style=\"--awb-border-radius-top-left:0px;--awb-border-radius-top-right:0px;--awb-border-radius-bottom-right:0px;--awb-border-radius-bottom-left:0px;--awb-flex-wrap:wrap;\" ><div class=\"fusion-builder-row fusion-row\"><div class=\"fusion-layout-column fusion_builder_column fusion-builder-column-1 fusion_builder_column_1_2 1_2 fusion-one-half fusion-column-first agri-erosion-column\" style=\"--awb-bg-size:cover;width:50%;width:calc(50% - ( ( 4% ) * 0.5 ) );margin-right: 4%;\"><div class=\"fusion-column-wrapper fusion-flex-column-wrapper-legacy\"><div class=\"fusion-title title fusion-title-2 fusion-sep-none fusion-title-center fusion-title-text fusion-title-size-three agri-erosion-boxtitle\"><h3 class=\"fusion-title-heading title-heading-center fusion-responsive-typography-calculated\" style=\"margin:0;--fontSize:30;line-height:1.5;\">Avantages<\/h3><\/div>\n<div class=\"table-1 agri-erosion-table\">\n<table width=\"100%\">\n<tbody>\n<tr>\n<td align=\"left\">Lutte directement \u00e0 la base<\/td>\n<\/tr>\n<tr>\n<td align=\"left\">Facile \u00e0 mettre en \u0153uvre<\/td>\n<\/tr>\n<tr>\n<td align=\"left\">Peut se faire \u00e0 l\u2019\u00e9chelle de la ferme ou du bassin versant<\/td>\n<\/tr>\n<\/tbody>\n<\/table>\n<\/div>\n<div class=\"fusion-clearfix\"><\/div><\/div><\/div><div class=\"fusion-layout-column fusion_builder_column fusion-builder-column-2 fusion_builder_column_1_2 1_2 fusion-one-half fusion-column-last agri-erosion-column\" style=\"--awb-bg-size:cover;width:50%;width:calc(50% - ( ( 4% ) * 0.5 ) );\"><div class=\"fusion-column-wrapper fusion-flex-column-wrapper-legacy\"><div class=\"fusion-title title fusion-title-3 fusion-sep-none fusion-title-center fusion-title-text fusion-title-size-three agri-erosion-boxtitle\"><h3 class=\"fusion-title-heading title-heading-center fusion-responsive-typography-calculated\" style=\"margin:0;--fontSize:30;line-height:1.5;\">Risques<\/h3><\/div>\n<div class=\"table-1 agri-erosion-table\">\n<table width=\"100%\">\n<tbody>\n<tr>\n<td align=\"left\">Gestion des rotations plus compliqu\u00e9e<\/td>\n<\/tr>\n<tr>\n<td align=\"left\">Augmentation du temps de travail car multiplication des angles<\/td>\n<\/tr>\n<\/tbody>\n<\/table>\n<\/div>\n<div class=\"fusion-clearfix\"><\/div><\/div><\/div><\/div><\/div><div class=\"fusion-fullwidth fullwidth-box fusion-builder-row-3 agri-erosion-container nonhundred-percent-fullwidth non-hundred-percent-height-scrolling\" style=\"--awb-border-radius-top-left:0px;--awb-border-radius-top-right:0px;--awb-border-radius-bottom-right:0px;--awb-border-radius-bottom-left:0px;--awb-flex-wrap:wrap;\" ><div class=\"fusion-builder-row fusion-row\"><div class=\"fusion-layout-column fusion_builder_column fusion-builder-column-3 fusion_builder_column_1_2 1_2 fusion-one-half fusion-column-first agri-erosion-column\" style=\"--awb-bg-size:cover;width:50%;width:calc(50% - ( ( 4% ) * 0.5 ) );margin-right: 4%;\"><div class=\"fusion-column-wrapper fusion-flex-column-wrapper-legacy\"><div class=\"fusion-title title fusion-title-4 fusion-sep-none fusion-title-center fusion-title-text fusion-title-size-three agri-erosion-boxtitle\"><h3 class=\"fusion-title-heading title-heading-center fusion-responsive-typography-calculated\" style=\"margin:0;--fontSize:30;line-height:1.5;\">Contributions<\/h3><\/div><div class=\"fusion-text fusion-text-2 agri-erosion-boxtext\"><p>Aucune<\/p>\n<\/div><div class=\"fusion-clearfix\"><\/div><\/div><\/div><div class=\"fusion-layout-column fusion_builder_column fusion-builder-column-4 fusion_builder_column_1_2 1_2 fusion-one-half fusion-column-last agri-erosion-column\" style=\"--awb-bg-size:cover;width:50%;width:calc(50% - ( ( 4% ) * 0.5 ) );\"><div class=\"fusion-column-wrapper fusion-flex-column-wrapper-legacy\"><div class=\"fusion-title title fusion-title-5 fusion-sep-none fusion-title-center fusion-title-text fusion-title-size-three agri-erosion-boxtitle\"><h3 class=\"fusion-title-heading title-heading-center fusion-responsive-typography-calculated\" style=\"margin:0;--fontSize:30;line-height:1.5;\">Co\u00fbts<\/h3><\/div><div class=\"fusion-text fusion-text-3 agri-erosion-boxtext\"><p>Co\u00fbts bas voire nul pour une efficacit\u00e9 \u00e9lev\u00e9e<\/p>\n<\/div><div class=\"fusion-clearfix\"><\/div><\/div><\/div><\/div><\/div><div class=\"fusion-fullwidth fullwidth-box fusion-builder-row-4 agri-erosion-container nonhundred-percent-fullwidth non-hundred-percent-height-scrolling\" style=\"--awb-border-radius-top-left:0px;--awb-border-radius-top-right:0px;--awb-border-radius-bottom-right:0px;--awb-border-radius-bottom-left:0px;--awb-flex-wrap:wrap;\" ><div class=\"fusion-builder-row fusion-row\"><div class=\"fusion-layout-column fusion_builder_column fusion-builder-column-5 fusion_builder_column_1_2 1_2 fusion-one-half fusion-column-first agri-erosion-column\" style=\"--awb-bg-size:cover;width:50%;width:calc(50% - ( ( 4% ) * 0.5 ) );margin-right: 4%;\"><div class=\"fusion-column-wrapper fusion-flex-column-wrapper-legacy\"><div class=\"fusion-button-wrapper\"><a class=\"fusion-button button-flat fusion-button-default-size button-default fusion-button-default button-1 fusion-button-default-span fusion-button-default-type agri-erosion-button-page-back\" target=\"_self\" href=\"https:\/\/agripedia.ch\/erosion\/fr\/?page_id=91&amp;preview=true\"><span class=\"fusion-button-text awb-button__text awb-button__text--default\">Retour au menu principal<\/span><\/a><\/div><div class=\"fusion-clearfix\"><\/div><\/div><\/div><div class=\"fusion-layout-column fusion_builder_column fusion-builder-column-6 fusion_builder_column_1_2 1_2 fusion-one-half fusion-column-last agri-erosion-column\" style=\"--awb-bg-size:cover;width:50%;width:calc(50% - ( ( 4% ) * 0.5 ) );\"><div class=\"fusion-column-wrapper fusion-flex-column-wrapper-legacy\"><div class=\"fusion-button-wrapper\"><a class=\"fusion-button button-flat fusion-button-default-size button-default fusion-button-default button-2 fusion-button-default-span fusion-button-default-type agri-erosion-button-page-next\" target=\"_self\" href=\"https:\/\/agripedia.ch\/erosion\/fr\/?page_id=219&amp;preview=true\"><span class=\"fusion-button-text awb-button__text awb-button__text--default\">Suivant<\/span><\/a><\/div><div class=\"fusion-clearfix\"><\/div><\/div><\/div><\/div><\/div><\/p>\n","protected":false},"excerpt":{"rendered":"","protected":false},"author":44,"featured_media":0,"parent":0,"menu_order":0,"comment_status":"closed","ping_status":"closed","template":"","meta":{"_sb_is_suggestion_mode":false,"_sb_show_suggestion_boards":false,"_sb_show_comment_boards":false,"_sb_suggestion_history":"","_sb_update_block_changes":"","_monsterinsights_skip_tracking":false,"_monsterinsights_sitenote_active":false,"_monsterinsights_sitenote_note":"","_monsterinsights_sitenote_category":0,"footnotes":""},"class_list":["post-209","page","type-page","status-publish","hentry"],"_links":{"self":[{"href":"https:\/\/agripedia.ch\/erosion\/wp-json\/wp\/v2\/pages\/209","targetHints":{"allow":["GET"]}}],"collection":[{"href":"https:\/\/agripedia.ch\/erosion\/wp-json\/wp\/v2\/pages"}],"about":[{"href":"https:\/\/agripedia.ch\/erosion\/wp-json\/wp\/v2\/types\/page"}],"author":[{"embeddable":true,"href":"https:\/\/agripedia.ch\/erosion\/wp-json\/wp\/v2\/users\/44"}],"replies":[{"embeddable":true,"href":"https:\/\/agripedia.ch\/erosion\/wp-json\/wp\/v2\/comments?post=209"}],"version-history":[{"count":15,"href":"https:\/\/agripedia.ch\/erosion\/wp-json\/wp\/v2\/pages\/209\/revisions"}],"predecessor-version":[{"id":1110,"href":"https:\/\/agripedia.ch\/erosion\/wp-json\/wp\/v2\/pages\/209\/revisions\/1110"}],"wp:attachment":[{"href":"https:\/\/agripedia.ch\/erosion\/wp-json\/wp\/v2\/media?parent=209"}],"curies":[{"name":"wp","href":"https:\/\/api.w.org\/{rel}","templated":true}]}}