{"id":2,"date":"2020-03-12T15:15:34","date_gmt":"2020-03-12T15:15:34","guid":{"rendered":"https:\/\/agripedia.ch\/datensammlungen-fichestechniques\/?page_id=2"},"modified":"2026-03-05T16:02:26","modified_gmt":"2026-03-05T16:02:26","slug":"sample-page","status":"publish","type":"page","link":"https:\/\/agripedia.ch\/datensammlungen\/","title":{"rendered":"Datensammlungen"},"content":{"rendered":"<div class=\"fusion-fullwidth fullwidth-box fusion-builder-row-1 fusion-flex-container nonhundred-percent-fullwidth non-hundred-percent-height-scrolling\" style=\"--awb-border-radius-top-left:0px;--awb-border-radius-top-right:0px;--awb-border-radius-bottom-right:0px;--awb-border-radius-bottom-left:0px;--awb-flex-wrap:wrap;\" ><div class=\"fusion-builder-row fusion-row fusion-flex-align-items-flex-start fusion-flex-content-wrap\" style=\"max-width:1456px;margin-left: calc(-4% \/ 2 );margin-right: calc(-4% \/ 2 );\"><div class=\"fusion-layout-column fusion_builder_column fusion-builder-column-0 fusion_builder_column_1_1 1_1 fusion-flex-column\" style=\"--awb-bg-size:cover;--awb-width-large:100%;--awb-margin-top-large:50px;--awb-spacing-right-large:1.92%;--awb-margin-bottom-large:0px;--awb-spacing-left-large:1.92%;--awb-width-medium:100%;--awb-order-medium:0;--awb-spacing-right-medium:1.92%;--awb-spacing-left-medium:1.92%;--awb-width-small:100%;--awb-order-small:0;--awb-spacing-right-small:1.92%;--awb-spacing-left-small:1.92%;\"><div class=\"fusion-column-wrapper fusion-column-has-shadow fusion-flex-justify-content-flex-start fusion-content-layout-column\"><div class=\"fusion-content-boxes content-boxes columns row fusion-columns-3 fusion-columns-total-7 fusion-content-boxes-1 content-boxes-clean-vertical content-left content-boxes-icon-on-top\" style=\"--awb-hover-accent-color:#e10707;--awb-circle-hover-accent-color:#e10707;\" data-animationOffset=\"top-into-view\"><div style=\"--awb-backgroundcolor:rgba(255,255,255,0);border-color:rgba(255,255,255,0);\" class=\"fusion-column content-box-column content-box-column content-box-column-1 col-lg-4 col-md-4 col-sm-4 fusion-content-box-hover content-box-column-first-in-row\"><div class=\"col content-box-wrapper content-wrapper link-area-box link-type-button icon-hover-animation-fade\" data-link=\"https:\/\/agripedia.ch\/datensammlungen\/ackerbau\/\" data-link-target=\"_self\" data-animationOffset=\"top-into-view\"><div class=\"heading heading-with-icon icon-left\"><a class=\"heading-link\" href=\"https:\/\/agripedia.ch\/datensammlungen\/ackerbau\/\" target=\"_self\"><div aria-hidden=\"true\" class=\"image\"><img decoding=\"async\" src=\"https:\/\/agripedia.ch\/datensammlungen\/wp-content\/uploads\/sites\/27\/2020\/03\/Ackerbau-1-150x150.png\" width=\"150\" height=\"150\" alt=\"\" \/><\/div><h2 class=\"content-box-heading fusion-responsive-typography-calculated\" style=\"--h2_typography-font-size:28px;--fontSize:28;line-height:1.5;\">Ackerbau<\/h2><\/a><\/div><div class=\"fusion-clearfix\"><\/div><div class=\"content-container\">\n<p>Der Nachschlagewerk f\u00fcr die Produktion der wichtigsten in der Schweiz angebauten Ackerkulturen basierend auf den Anforderungen der \u00d6kologischen Leistungsnachweis (\u00d6LN) und des Bio-Landbaus.<\/p>\n<p><strong><span style=\"color: #339966;\">JETZT VERF\u00dcGBAR!<\/span><br \/>\n<\/strong><\/p>\n<\/div><\/div><\/div><div style=\"--awb-backgroundcolor:rgba(255,255,255,0);border-color:rgba(255,255,255,0);\" class=\"fusion-column content-box-column content-box-column content-box-column-2 col-lg-4 col-md-4 col-sm-4 fusion-content-box-hover \"><div class=\"col content-box-wrapper content-wrapper link-area-box link-type-button icon-hover-animation-fade\" data-link=\"https:\/\/agripedia.ch\/datensammlungen\/heil-und-gewuerzkraeuter\/\" data-link-target=\"_self\" data-animationOffset=\"top-into-view\"><div class=\"heading heading-with-icon icon-left\"><a class=\"heading-link\" href=\"https:\/\/agripedia.ch\/datensammlungen\/heil-und-gewuerzkraeuter\/\" target=\"_self\"><div aria-hidden=\"true\" class=\"image\"><img decoding=\"async\" src=\"https:\/\/agripedia.ch\/datensammlungen\/wp-content\/uploads\/sites\/27\/2021\/05\/Logo-Heil-und-Gewuerzkraeuter-150x150.png\" width=\"150\" height=\"150\" alt=\"\" \/><\/div><h2 class=\"content-box-heading fusion-responsive-typography-calculated\" style=\"--h2_typography-font-size:28px;--fontSize:28;line-height:1.5;\">Heil- und Gew\u00fcrzkr\u00e4uter<\/h2><\/a><\/div><div class=\"fusion-clearfix\"><\/div><div class=\"content-container\">\n<p>Die Datenbl\u00e4tter Heil- und Gew\u00fcrzkr\u00e4uter beinhalten eine F\u00fclle an praktischen Informationen rund um den professionellen Anbau dieser Pflanzen und wurden in enger Zusammenarbeit mit Partnern aus Anbau, Verarbeitung, Forschung und Beratung entwickelt.<\/p>\n<p><strong><span style=\"color: #339966;\">JETZT VERF\u00dcGBAR!<\/span><br \/>\n<\/strong><\/p>\n<\/div><\/div><\/div><div style=\"--awb-backgroundcolor:rgba(255,255,255,0);border-color:rgba(255,255,255,0);\" class=\"fusion-column content-box-column content-box-column content-box-column-3 col-lg-4 col-md-4 col-sm-4 fusion-content-box-hover content-box-column-last-in-row\"><div class=\"col content-box-wrapper content-wrapper link-area-box icon-hover-animation-fade\" data-animationOffset=\"top-into-view\"><div class=\"heading heading-with-icon icon-left\"><div aria-hidden=\"true\" class=\"image\"><img decoding=\"async\" src=\"https:\/\/agripedia.ch\/datensammlungen\/wp-content\/uploads\/sites\/27\/2020\/03\/Weinbau-150x150.png\" width=\"150\" height=\"150\" alt=\"\" \/><\/div><h2 class=\"content-box-heading fusion-responsive-typography-calculated\" style=\"--h2_typography-font-size:28px;--fontSize:28;line-height:1.5;\">Weinbau<\/h2><\/div><div class=\"fusion-clearfix\"><\/div><div class=\"content-container\">\n<p>Der umfassende Nachschlagewerk f\u00fc den Weinbau. Die Datensammlung ist perfekt f\u00fcr \u00a0Praxis, Ausbildung und Beratung.<\/p>\n<p><span style=\"color: #ff0000;\"><strong>BALD VERF\u00dcGBAR<br \/>\n<\/strong><\/span><\/p>\n<\/div><\/div><\/div><div style=\"--awb-backgroundcolor:rgba(255,255,255,0);border-color:rgba(255,255,255,0);\" class=\"fusion-column content-box-column content-box-column content-box-column-4 col-lg-4 col-md-4 col-sm-4 fusion-content-box-hover content-box-column-first-in-row\"><div class=\"col content-box-wrapper content-wrapper link-area-box icon-hover-animation-fade\" data-animationOffset=\"top-into-view\"><div class=\"heading heading-with-icon icon-left\"><div aria-hidden=\"true\" class=\"image\"><img decoding=\"async\" src=\"https:\/\/agripedia.ch\/datensammlungen\/wp-content\/uploads\/sites\/27\/2020\/03\/Oenologie-1-150x150.png\" width=\"150\" height=\"150\" alt=\"\" \/><\/div><h2 class=\"content-box-heading fusion-responsive-typography-calculated\" style=\"--h2_typography-font-size:28px;--fontSize:28;line-height:1.5;\">Oenologie<\/h2><\/div><div class=\"fusion-clearfix\"><\/div><div class=\"content-container\">\n<p>Der perfekte Nachschlagewerk f\u00fcr jeden Kellermeister und jede Kellermeisterin.<\/p>\n<p><span style=\"color: #ff0000;\"><strong>BALD VERF\u00dcGBAR<\/strong><\/span><\/p>\n<\/div><\/div><\/div><div style=\"--awb-backgroundcolor:rgba(255,255,255,0);border-color:rgba(255,255,255,0);\" class=\"fusion-column content-box-column content-box-column content-box-column-5 col-lg-4 col-md-4 col-sm-4 fusion-content-box-hover \"><div class=\"col content-box-wrapper content-wrapper link-area-box icon-hover-animation-fade\" data-animationOffset=\"top-into-view\"><div class=\"heading heading-with-icon icon-left\"><div aria-hidden=\"true\" class=\"image\"><img decoding=\"async\" src=\"https:\/\/agripedia.ch\/datensammlungen\/wp-content\/uploads\/sites\/27\/2020\/03\/Milchvieh-1-150x150.png\" width=\"150\" height=\"150\" alt=\"\" \/><\/div><h2 class=\"content-box-heading fusion-responsive-typography-calculated\" style=\"--h2_typography-font-size:28px;--fontSize:28;line-height:1.5;\">Milchvieh<\/h2><\/div><div class=\"fusion-clearfix\"><\/div><div class=\"content-container\">\n<p>Die Datensammlung Milchvieh bietet umfassende und aktuelle Informationen rund um die Milchviehhaltung.<\/p>\n<p><span style=\"color: #ff0000;\"><strong>BALD VERF\u00dcGBAR<\/strong><\/span><\/p>\n<\/div><\/div><\/div><div style=\"--awb-backgroundcolor:rgba(255,255,255,0);border-color:rgba(255,255,255,0);\" class=\"fusion-column content-box-column content-box-column content-box-column-6 col-lg-4 col-md-4 col-sm-4 fusion-content-box-hover content-box-column-last-in-row\"><div class=\"col content-box-wrapper content-wrapper link-area-box link-type-button icon-hover-animation-fade\" data-link=\"https:\/\/agripedia.ch\/schwein\/\" data-link-target=\"_blank\" data-animationOffset=\"top-into-view\"><div class=\"heading heading-with-icon icon-left\"><a class=\"heading-link\" href=\"https:\/\/agripedia.ch\/schwein\/\" target=\"_blank\" rel=\"noopener noreferrer\"><div aria-hidden=\"true\" class=\"image\"><img decoding=\"async\" src=\"https:\/\/agripedia.ch\/datensammlungen\/wp-content\/uploads\/sites\/27\/2020\/03\/Schweine-1-150x150.png\" width=\"150\" height=\"150\" alt=\"\" \/><\/div><h2 class=\"content-box-heading fusion-responsive-typography-calculated\" style=\"--h2_typography-font-size:28px;--fontSize:28;line-height:1.5;\">Plattform Schwein<\/h2><\/a><\/div><div class=\"fusion-clearfix\"><\/div><div class=\"content-container\">\n<p><span data-teams=\"true\">Die Plattform Schwein ersetzt die Datensammlung Schweine. Die Plattform bietet umfassende und aktuelle Informationen rund um die Schweinehaltung.<\/span><\/p>\n<p><strong><span style=\"color: #339966;\">JETZT VERF\u00dcGBAR!<\/span><br \/>\n<\/strong><\/p>\n<\/div><\/div><\/div><div style=\"--awb-backgroundcolor:rgba(255,255,255,0);border-color:rgba(255,255,255,0);\" class=\"fusion-column content-box-column content-box-column content-box-column-7 col-lg-4 col-md-4 col-sm-4 fusion-content-box-hover content-box-column-first-in-row content-box-column-last\"><div class=\"col content-box-wrapper content-wrapper link-area-box icon-hover-animation-fade\" data-animationOffset=\"top-into-view\"><div class=\"heading heading-with-icon icon-left\"><div aria-hidden=\"true\" class=\"image\"><img decoding=\"async\" src=\"https:\/\/agripedia.ch\/datensammlungen\/wp-content\/uploads\/sites\/27\/2020\/03\/Kleinwiederk\u00e4uer-1-150x150.png\" width=\"150\" height=\"150\" alt=\"\" \/><\/div><h2 class=\"content-box-heading fusion-responsive-typography-calculated\" style=\"--h2_typography-font-size:28px;--fontSize:28;line-height:1.5;\">Schafe \/ Ziege<\/h2><\/div><div class=\"fusion-clearfix\"><\/div><div class=\"content-container\">\n<p>Die Datensammlung Schafe \/ Ziegen bietet umfassende und aktuelle Informationen rund um die Schaf- und Ziegenhaltung.<\/p>\n<p><span style=\"color: #ff0000;\"><strong>BALD VERF\u00dcGBAR<\/strong><\/span><\/p>\n<\/div><\/div><\/div><div class=\"fusion-clearfix\"><\/div><\/div><\/div><\/div><\/div><\/div>\n","protected":false},"excerpt":{"rendered":"","protected":false},"author":1,"featured_media":0,"parent":0,"menu_order":-999,"comment_status":"closed","ping_status":"closed","template":"100-width.php","meta":{"_sb_is_suggestion_mode":false,"_sb_show_suggestion_boards":false,"_sb_show_comment_boards":false,"_sb_suggestion_history":"","_sb_update_block_changes":"","_monsterinsights_skip_tracking":false,"_monsterinsights_sitenote_active":false,"_monsterinsights_sitenote_note":"","_monsterinsights_sitenote_category":0,"footnotes":""},"class_list":["post-2","page","type-page","status-publish","hentry"],"_links":{"self":[{"href":"https:\/\/agripedia.ch\/datensammlungen\/wp-json\/wp\/v2\/pages\/2","targetHints":{"allow":["GET"]}}],"collection":[{"href":"https:\/\/agripedia.ch\/datensammlungen\/wp-json\/wp\/v2\/pages"}],"about":[{"href":"https:\/\/agripedia.ch\/datensammlungen\/wp-json\/wp\/v2\/types\/page"}],"author":[{"embeddable":true,"href":"https:\/\/agripedia.ch\/datensammlungen\/wp-json\/wp\/v2\/users\/1"}],"replies":[{"embeddable":true,"href":"https:\/\/agripedia.ch\/datensammlungen\/wp-json\/wp\/v2\/comments?post=2"}],"version-history":[{"count":33,"href":"https:\/\/agripedia.ch\/datensammlungen\/wp-json\/wp\/v2\/pages\/2\/revisions"}],"predecessor-version":[{"id":2485,"href":"https:\/\/agripedia.ch\/datensammlungen\/wp-json\/wp\/v2\/pages\/2\/revisions\/2485"}],"wp:attachment":[{"href":"https:\/\/agripedia.ch\/datensammlungen\/wp-json\/wp\/v2\/media?parent=2"}],"curies":[{"name":"wp","href":"https:\/\/api.w.org\/{rel}","templated":true}]}}