{"id":820,"date":"2022-03-17T04:39:33","date_gmt":"2022-03-17T04:39:33","guid":{"rendered":"https:\/\/agripedia.ch\/datensammlungen\/?page_id=820"},"modified":"2023-04-13T11:29:02","modified_gmt":"2023-04-13T11:29:02","slug":"abbonamenti","status":"publish","type":"page","link":"https:\/\/agripedia.ch\/datensammlungen\/it\/abbonamenti\/","title":{"rendered":"abbonamenti"},"content":{"rendered":"<p><div class=\"fusion-fullwidth fullwidth-box fusion-builder-row-1 fusion-flex-container has-pattern-background has-mask-background nonhundred-percent-fullwidth non-hundred-percent-height-scrolling\" style=\"--awb-border-radius-top-left:0px;--awb-border-radius-top-right:0px;--awb-border-radius-bottom-right:0px;--awb-border-radius-bottom-left:0px;--awb-flex-wrap:wrap;\" id=\"hidden-subscription-card\" ><div class=\"fusion-builder-row fusion-row fusion-flex-align-items-flex-start fusion-flex-content-wrap\" style=\"max-width:1144px;margin-left: calc(-4% \/ 2 );margin-right: calc(-4% \/ 2 );\"><div class=\"fusion-layout-column fusion_builder_column fusion-builder-column-0 fusion_builder_column_1_1 1_1 fusion-flex-column\" style=\"--awb-bg-size:cover;--awb-width-large:100%;--awb-margin-top-large:0px;--awb-spacing-right-large:1.92%;--awb-margin-bottom-large:20px;--awb-spacing-left-large:1.92%;--awb-width-medium:100%;--awb-order-medium:0;--awb-spacing-right-medium:1.92%;--awb-spacing-left-medium:1.92%;--awb-width-small:100%;--awb-order-small:0;--awb-spacing-right-small:1.92%;--awb-spacing-left-small:1.92%;\" id=\"hidden-subscription-card\"><div class=\"fusion-column-wrapper fusion-column-has-shadow fusion-flex-justify-content-flex-start fusion-content-layout-column\"><div class=\"fusion-text fusion-text-1\"><h2 class=\"subscription-options-title\">I nostri abbonamenti digitali<\/h2><div class=\"leaky_paywall_subscription_options\"><div id=\"option-7\" class=\"leaky_paywall_subscription_option \"><h3 class=\"leaky_paywall_subscription_option_title\">Datenbl\u00e4tter Ackerbau<\/h3><div class=\"leaky_paywall_subscription_allowed_content\"><div>\r\n<p>Die Datensammlung erkl\u00e4rt die Produktionstechnik der wichtigsten in der Schweiz angebauten Ackerkulturen basierend auf den Anforderungen f\u00fcr den \u00d6kologischen Leistungsnachweis (\u00d6LN) und deckt auch die Anbautechnik des Bio-Landbaus ab. Er eignet sich f\u00fcr den Einsatz in Praxis, Ausbildung, Beratung und an Fachstellen. Die Datenbl\u00e4tter Ackerbau werden in enger Zusammenarbeit mit Ackerbau-SpezialistInnen aus Beratung und Forschung entwickelt und laufend aktualisiert. Dies garantiert f\u00fcr ein praxistaugliches, fortschrittliches Hilfsmittel mit hohen Anspr\u00fcchen an Darstellung und Methodik.<\/p>\r\n<\/div><\/div><div class=\"leaky_paywall_subscription_price\"><p><strong>CHF 30 ogni 1 anno<\/strong><\/p><\/div><div class=\"leaky_paywall_subscription_payment_options\"><div class=\"leaky-paywall-payment-button\"><a href=\"https:\/\/agripedia.ch\/datensammlungen\/registration\/?level_id=7\">Iscriviti<\/a><\/div><\/div><\/div><div id=\"option-10\" class=\"leaky_paywall_subscription_option \"><h3 class=\"leaky_paywall_subscription_option_title\">Datenbl\u00e4tter Heil- und Gew\u00fcrzkr\u00e4uter<\/h3><div class=\"leaky_paywall_subscription_allowed_content\"><div>\r\n<p>Die Datenbl\u00e4tter Heil- und Gew\u00fcrzkr\u00e4uter beinhalten eine F\u00fclle an n\u00fctzlichen Informationen rund um den professionellen Anbau dieser Pflanzen. Dieses Nachschlagewerk f\u00fcr die Praxis wird in enger Zusammenarbeit mit Partnern aus Anbau, Verarbeitung, Forschung und Beratung entwickelt. 2021 haben wir es komplett \u00fcberarbeitet. Die Aktualisierungen erfolgen etwa alle 3 Jahre.<\/p> \r\n \r\n<strong>Inhalt<\/strong>\r\n<ul>\r\n<li>Schweizer Kr\u00e4utermarkt<\/li>\r\n<li>Qualit\u00e4tsanforderungen<\/li>\r\n<li>Produktionstechnik<\/li>\r\n<li>Verarbeitung und Lagerung<\/li>\r\n<li>Beschrieb von 43 Kr\u00e4utern<\/li>\r\n<li>Organisationen<\/li>\r\n<li>Problemunkr\u00e4uter<\/li>\r\n<\/ul>\r\n<\/div><\/div><div class=\"leaky_paywall_subscription_price\"><p><strong>CHF 25 ogni 3 anni<\/strong><\/p><\/div><div class=\"leaky_paywall_subscription_payment_options\"><div class=\"leaky-paywall-payment-button\"><a href=\"https:\/\/agripedia.ch\/datensammlungen\/registration\/?level_id=10\">Iscriviti<\/a><\/div><\/div><\/div><div id=\"option-25\" class=\"leaky_paywall_subscription_option \"><h3 class=\"leaky_paywall_subscription_option_title\">Raccoglitore Viticoltura<\/h3><div class=\"leaky_paywall_subscription_allowed_content\"><p>Le schede tecniche di viticoltura sono facili da capire e adatte all'uso pratico. Sono aggiornate una volta all'anno in primavera.<\/p>\r\n<strong>Contenuto<\/strong>\r\n<ul>\r\n    <li>piantagione, cura dei ceppi e variet\u00e0;<\/li>\r\n    <li>gestione del suolo, inerbimento e concimazione;<\/li>\r\n    <li>organismi nocivi, malattie, carenze, neofite e protezione fitosanitaria;<\/li>\r\n    <li>protezione dell\u2019ambiente e dell\u2019utilizzatore;<\/li>\r\n    <li>danni causati da eventi meteorologici, selvaggina, vespe e uccelli;<\/li>\r\n    <li>meccanizzazione e gestione del vivaio;<\/li>\r\n    <li>meccanizzazione e gestione del vivaio;<\/li>\r\n    <li>produzione integrata e molto altro.<\/li>\r\n<\/ul>\r\n<\/div><div class=\"leaky_paywall_subscription_price\"><p><strong>CHF 25 ogni 1 anno<\/strong><\/p><\/div><div class=\"leaky_paywall_subscription_payment_options\"><div class=\"leaky-paywall-payment-button\"><a href=\"https:\/\/agripedia.ch\/datensammlungen\/registration\/?level_id=25\">Iscriviti<\/a><\/div><\/div><\/div><div id=\"option-31\" class=\"leaky_paywall_subscription_option \"><h3 class=\"leaky_paywall_subscription_option_title\">Schede tecniche campicoltura<\/h3><div class=\"leaky_paywall_subscription_allowed_content\">La brochure di riferimento per la produzione di alcuni dei pi\u00f9 importanti seminativi coltivati in Svizzera sulla base dei requisiti della Prova che le esigenze ecologiche sono rispettate (PER).<\/div><div class=\"leaky_paywall_subscription_price\"><p><strong>CHF 15 ogni 1 anno<\/strong><\/p><\/div><div class=\"leaky_paywall_subscription_payment_options\"><div class=\"leaky-paywall-payment-button\"><a href=\"https:\/\/agripedia.ch\/datensammlungen\/registration\/?level_id=31\">Iscriviti<\/a><\/div><\/div><\/div><\/div><div class=\"leaky-paywall-corporate-access-subscription-message\"><p>Have corporate access? <a href=\"https:\/\/agripedia.ch\/datensammlungen\/corporate\/\">Click Here<\/a><\/p><\/div>\n<\/div><\/div><\/div><\/div><\/div><div class=\"fusion-fullwidth fullwidth-box fusion-builder-row-2 fusion-flex-container has-pattern-background has-mask-background nonhundred-percent-fullwidth non-hundred-percent-height-scrolling\" style=\"--awb-border-radius-top-left:0px;--awb-border-radius-top-right:0px;--awb-border-radius-bottom-right:0px;--awb-border-radius-bottom-left:0px;--awb-flex-wrap:wrap;\" ><div class=\"fusion-builder-row fusion-row fusion-flex-align-items-flex-start fusion-flex-content-wrap\" style=\"max-width:1144px;margin-left: calc(-4% \/ 2 );margin-right: calc(-4% \/ 2 );\"><div class=\"fusion-layout-column fusion_builder_column fusion-builder-column-1 fusion_builder_column_1_1 1_1 fusion-flex-column\" style=\"--awb-bg-size:cover;--awb-width-large:100%;--awb-margin-top-large:0px;--awb-spacing-right-large:1.92%;--awb-margin-bottom-large:20px;--awb-spacing-left-large:1.92%;--awb-width-medium:100%;--awb-order-medium:0;--awb-spacing-right-medium:1.92%;--awb-spacing-left-medium:1.92%;--awb-width-small:100%;--awb-order-small:0;--awb-spacing-right-small:1.92%;--awb-spacing-left-small:1.92%;\"><div class=\"fusion-column-wrapper fusion-column-has-shadow fusion-flex-justify-content-flex-start fusion-content-layout-column\"><div class=\"fusion-title title fusion-title-1 fusion-sep-none fusion-title-text fusion-title-size-two\"><h2 class=\"fusion-title-heading title-heading-left fusion-responsive-typography-calculated\" style=\"margin:0;--fontSize:30;line-height:1.5;\">I nostri abbonamenti digitali<\/h2><\/div><div class=\"fusion-content-boxes content-boxes columns row fusion-columns-3 fusion-columns-total-2 fusion-content-boxes-1 content-boxes-icon-with-title content-left\" style=\"--awb-backgroundcolor:#cccccc;--awb-hover-accent-color:#e10707;--awb-circle-hover-accent-color:#e10707;\" data-animationOffset=\"top-into-view\"><div style=\"--awb-backgroundcolor:#cccccc;\" class=\"fusion-column content-box-column content-box-column content-box-column-1 col-lg-4 col-md-4 col-sm-4 fusion-content-box-hover content-box-column-first-in-row\"><div class=\"col content-box-wrapper content-wrapper-background link-area-link-icon link-type-text icon-hover-animation-fade\" data-animationOffset=\"top-into-view\"><div class=\"heading icon-left\"><a class=\"heading-link\" style=\"float:left;\" href=\"https:\/\/agripedia.ch\/datensammlungen\/it\/iscrizione\/?level_id=25\" target=\"_self\"><h2 class=\"content-box-heading fusion-responsive-typography-calculated\" style=\"--h2_typography-font-size:18px;--fontSize:18;line-height:1.5;\">Raccoglitore Viticoltura<\/h2><\/a><\/div><div class=\"fusion-clearfix\"><\/div><div class=\"content-container\">\n<p>Le schede tecniche di viticoltura sono facili da capire e adatte all\u2019uso pratico. Sono aggiornate una volta all\u2019anno in primavera.<\/p>\n<p><strong>Contenuto<\/strong><\/p>\n<ul>\n<li>piantagione, cura dei ceppi e variet\u00e0;<\/li>\n<li>gestione del suolo, inerbimento e concimazione;<\/li>\n<li>organismi nocivi, malattie, carenze, neofite e protezione fitosanitaria;<\/li>\n<li>protezione dell\u2019ambiente e dell\u2019utilizzatore;<\/li>\n<li>danni causati da eventi meteorologici, selvaggina, vespe e uccelli;<\/li>\n<li>meccanizzazione e gestione del vivaio;<\/li>\n<li>meccanizzazione e gestione del vivaio;<\/li>\n<li>produzione integrata e molto altro.<\/li>\n<\/ul>\n<p>CHF 25.-<\/div><div class=\"fusion-clearfix\"><\/div><a class=\" fusion-read-more\" style=\"float:left;\" href=\"https:\/\/agripedia.ch\/datensammlungen\/it\/iscrizione\/?level_id=25\" target=\"_self\">Iscriviti<\/a><div class=\"fusion-clearfix\"><\/div><\/div><\/div><div style=\"--awb-backgroundcolor:#cccccc;\" class=\"fusion-column content-box-column content-box-column content-box-column-2 col-lg-4 col-md-4 col-sm-4 fusion-content-box-hover content-box-column-last\"><div class=\"col content-box-wrapper content-wrapper-background link-area-link-icon link-type-text icon-hover-animation-fade\" data-animationOffset=\"top-into-view\"><div class=\"heading icon-left\"><a class=\"heading-link\" style=\"float:left;\" href=\"https:\/\/agripedia.ch\/datensammlungen\/it\/iscrizione\/?level_id=31\" target=\"_self\"><h2 class=\"content-box-heading fusion-responsive-typography-calculated\" style=\"--h2_typography-font-size:18px;--fontSize:18;line-height:1.5;\">Raccoglitore campicoltura<\/h2><\/a><\/div><div class=\"fusion-clearfix\"><\/div><div class=\"content-container\">\n<div><span style=\"font-family: Times New Roman,serif; font-size: medium;\">Le schede tecniche di campicoltura sono facili da capire, adatte all\u2019uso pratico e, in italiano, sono generalmente aggiornate una volta all\u2019anno. <\/span><\/div>\n<div><span style=\"font-family: Times New Roman,serif; font-size: medium;\"><b>Contenuto<\/b><\/span><\/div>\n<div><span style=\"font-family: Times New Roman,serif; font-size: medium;\"><span style=\"font-family: Symbol;\">\u00b7<\/span><span style=\"font-family: Symbol;\">\u00a0\u00a0\u00a0\u00a0\u00a0\u00a0 <\/span>Nozioni di base relative ai macchinari per il diserbo meccanico e la rotazione delle colture.<\/span><\/div>\n<div><span style=\"font-family: Times New Roman,serif; font-size: medium;\"><span style=\"font-family: Symbol;\">\u00b7<\/span><span style=\"font-family: Symbol;\">\u00a0\u00a0\u00a0\u00a0\u00a0\u00a0 <\/span>Informazioni relative alla concimazione, la coltivazione, i parassiti e le malattie di cereali, patate, mais, soia, girasole, pisello proteico e sorgo.<\/span><\/div>\n<div><span style=\"font-family: Times New Roman,serif; font-size: medium;\"><span style=\"font-family: Symbol;\">\u00b7<\/span><span style=\"font-family: Symbol;\">\u00a0\u00a0\u00a0\u00a0\u00a0\u00a0 <\/span>Informazioni riguardo le SPB sulla superficie coltiva e le colture di copertura e intercalari. <\/span><\/div>\n<div><span style=\"font-family: Times New Roman,serif; font-size: medium;\"><span style=\"font-family: Symbol;\">\u00b7<\/span><span style=\"font-family: Symbol;\">\u00a0\u00a0\u00a0\u00a0\u00a0\u00a0 <\/span>Un capitolo sulla concimazione, ivi compresa la calcitazione. <\/span><\/div>\n<div><span style=\"font-family: Times New Roman,serif; font-size: medium;\"><span style=\"font-family: Symbol;\">\u00b7<\/span><span style=\"font-family: Symbol;\">\u00a0\u00a0\u00a0\u00a0\u00a0\u00a0 <\/span>Approfondimenti riguardo la protezione fitosanitaria e le malerbe.<\/span><\/div>\n<p>CHF 15.-<\/p>\n<\/div><div class=\"fusion-clearfix\"><\/div><a class=\" fusion-read-more\" style=\"float:left;\" href=\"https:\/\/agripedia.ch\/datensammlungen\/it\/iscrizione\/?level_id=31\" target=\"_self\">Iscriviti<\/a><div class=\"fusion-clearfix\"><\/div><\/div><\/div><div class=\"fusion-clearfix\"><\/div><\/div><\/div><\/div><\/div><\/div><\/p>\n","protected":false},"excerpt":{"rendered":"","protected":false},"author":26,"featured_media":0,"parent":0,"menu_order":99,"comment_status":"closed","ping_status":"closed","template":"","meta":{"_sb_is_suggestion_mode":false,"_sb_show_suggestion_boards":false,"_sb_show_comment_boards":false,"_sb_suggestion_history":"","_sb_update_block_changes":"","_monsterinsights_skip_tracking":false,"_monsterinsights_sitenote_active":false,"_monsterinsights_sitenote_note":"","_monsterinsights_sitenote_category":0,"footnotes":""},"class_list":["post-820","page","type-page","status-publish","hentry"],"_links":{"self":[{"href":"https:\/\/agripedia.ch\/datensammlungen\/it\/wp-json\/wp\/v2\/pages\/820","targetHints":{"allow":["GET"]}}],"collection":[{"href":"https:\/\/agripedia.ch\/datensammlungen\/it\/wp-json\/wp\/v2\/pages"}],"about":[{"href":"https:\/\/agripedia.ch\/datensammlungen\/it\/wp-json\/wp\/v2\/types\/page"}],"author":[{"embeddable":true,"href":"https:\/\/agripedia.ch\/datensammlungen\/it\/wp-json\/wp\/v2\/users\/26"}],"replies":[{"embeddable":true,"href":"https:\/\/agripedia.ch\/datensammlungen\/it\/wp-json\/wp\/v2\/comments?post=820"}],"version-history":[{"count":12,"href":"https:\/\/agripedia.ch\/datensammlungen\/it\/wp-json\/wp\/v2\/pages\/820\/revisions"}],"predecessor-version":[{"id":1765,"href":"https:\/\/agripedia.ch\/datensammlungen\/it\/wp-json\/wp\/v2\/pages\/820\/revisions\/1765"}],"wp:attachment":[{"href":"https:\/\/agripedia.ch\/datensammlungen\/it\/wp-json\/wp\/v2\/media?parent=820"}],"curies":[{"name":"wp","href":"https:\/\/api.w.org\/{rel}","templated":true}]}}