{"id":1465,"date":"2022-09-22T03:45:18","date_gmt":"2022-09-22T03:45:18","guid":{"rendered":"https:\/\/agripedia.ch\/datensammlungen\/?page_id=1465"},"modified":"2022-09-22T03:45:18","modified_gmt":"2022-09-22T03:45:18","slug":"abonnements","status":"publish","type":"page","link":"https:\/\/agripedia.ch\/datensammlungen\/fr\/abonnements\/","title":{"rendered":"Abonnements"},"content":{"rendered":"<div class=\"fusion-fullwidth fullwidth-box fusion-builder-row-1 fusion-flex-container nonhundred-percent-fullwidth non-hundred-percent-height-scrolling\" style=\"--awb-border-radius-top-left:0px;--awb-border-radius-top-right:0px;--awb-border-radius-bottom-right:0px;--awb-border-radius-bottom-left:0px;--awb-flex-wrap:wrap;\" ><div class=\"fusion-builder-row fusion-row fusion-flex-align-items-flex-start fusion-flex-content-wrap\" style=\"max-width:1144px;margin-left: calc(-4% \/ 2 );margin-right: calc(-4% \/ 2 );\"><div class=\"fusion-layout-column fusion_builder_column fusion-builder-column-0 fusion_builder_column_1_1 1_1 fusion-flex-column\" style=\"--awb-bg-size:cover;--awb-width-large:100%;--awb-margin-top-large:0px;--awb-spacing-right-large:1.92%;--awb-margin-bottom-large:0px;--awb-spacing-left-large:1.92%;--awb-width-medium:100%;--awb-spacing-right-medium:1.92%;--awb-spacing-left-medium:1.92%;--awb-width-small:100%;--awb-spacing-right-small:1.92%;--awb-spacing-left-small:1.92%;\"><div class=\"fusion-column-wrapper fusion-flex-justify-content-flex-start fusion-content-layout-column\"><div class=\"fusion-text fusion-text-1\"><h2 class=\"subscription-options-title\">Option d\u2019abonnement<\/h2><div class=\"leaky_paywall_subscription_options\"><div id=\"option-7\" class=\"leaky_paywall_subscription_option \"><h3 class=\"leaky_paywall_subscription_option_title\">Datenbl\u00e4tter Ackerbau<\/h3><div class=\"leaky_paywall_subscription_allowed_content\"><div>\r\n<p>Die Datensammlung erkl\u00e4rt die Produktionstechnik der wichtigsten in der Schweiz angebauten Ackerkulturen basierend auf den Anforderungen f\u00fcr den \u00d6kologischen Leistungsnachweis (\u00d6LN) und deckt auch die Anbautechnik des Bio-Landbaus ab. Er eignet sich f\u00fcr den Einsatz in Praxis, Ausbildung, Beratung und an Fachstellen. Die Datenbl\u00e4tter Ackerbau werden in enger Zusammenarbeit mit Ackerbau-SpezialistInnen aus Beratung und Forschung entwickelt und laufend aktualisiert. Dies garantiert f\u00fcr ein praxistaugliches, fortschrittliches Hilfsmittel mit hohen Anspr\u00fcchen an Darstellung und Methodik.<\/p>\r\n<\/div><\/div><div class=\"leaky_paywall_subscription_price\"><p><strong>CHF 30 chaque 1 ann\u00e9e<\/strong><\/p><\/div><div class=\"leaky_paywall_subscription_payment_options\"><div class=\"leaky-paywall-payment-button\"><a href=\"https:\/\/agripedia.ch\/datensammlungen\/registration\/?level_id=7\">Abonnement<\/a><\/div><\/div><\/div><div id=\"option-10\" class=\"leaky_paywall_subscription_option \"><h3 class=\"leaky_paywall_subscription_option_title\">Datenbl\u00e4tter Heil- und Gew\u00fcrzkr\u00e4uter<\/h3><div class=\"leaky_paywall_subscription_allowed_content\"><div>\r\n<p>Die Datenbl\u00e4tter Heil- und Gew\u00fcrzkr\u00e4uter beinhalten eine F\u00fclle an n\u00fctzlichen Informationen rund um den professionellen Anbau dieser Pflanzen. Dieses Nachschlagewerk f\u00fcr die Praxis wird in enger Zusammenarbeit mit Partnern aus Anbau, Verarbeitung, Forschung und Beratung entwickelt. 2021 haben wir es komplett \u00fcberarbeitet. Die Aktualisierungen erfolgen etwa alle 3 Jahre.<\/p> \r\n \r\n<strong>Inhalt<\/strong>\r\n<ul>\r\n<li>Schweizer Kr\u00e4utermarkt<\/li>\r\n<li>Qualit\u00e4tsanforderungen<\/li>\r\n<li>Produktionstechnik<\/li>\r\n<li>Verarbeitung und Lagerung<\/li>\r\n<li>Beschrieb von 43 Kr\u00e4utern<\/li>\r\n<li>Organisationen<\/li>\r\n<li>Problemunkr\u00e4uter<\/li>\r\n<\/ul>\r\n<\/div><\/div><div class=\"leaky_paywall_subscription_price\"><p><strong>CHF 25 chaque 3 ann\u00e9es<\/strong><\/p><\/div><div class=\"leaky_paywall_subscription_payment_options\"><div class=\"leaky-paywall-payment-button\"><a href=\"https:\/\/agripedia.ch\/datensammlungen\/registration\/?level_id=10\">Abonnement<\/a><\/div><\/div><\/div><div id=\"option-25\" class=\"leaky_paywall_subscription_option \"><h3 class=\"leaky_paywall_subscription_option_title\">Raccoglitore Viticoltura<\/h3><div class=\"leaky_paywall_subscription_allowed_content\"><p>Le schede tecniche di viticoltura sono facili da capire e adatte all'uso pratico. Sono aggiornate una volta all'anno in primavera.<\/p>\r\n<strong>Contenuto<\/strong>\r\n<ul>\r\n    <li>piantagione, cura dei ceppi e variet\u00e0;<\/li>\r\n    <li>gestione del suolo, inerbimento e concimazione;<\/li>\r\n    <li>organismi nocivi, malattie, carenze, neofite e protezione fitosanitaria;<\/li>\r\n    <li>protezione dell\u2019ambiente e dell\u2019utilizzatore;<\/li>\r\n    <li>danni causati da eventi meteorologici, selvaggina, vespe e uccelli;<\/li>\r\n    <li>meccanizzazione e gestione del vivaio;<\/li>\r\n    <li>meccanizzazione e gestione del vivaio;<\/li>\r\n    <li>produzione integrata e molto altro.<\/li>\r\n<\/ul>\r\n<\/div><div class=\"leaky_paywall_subscription_price\"><p><strong>CHF 25 chaque 1 ann\u00e9e<\/strong><\/p><\/div><div class=\"leaky_paywall_subscription_payment_options\"><div class=\"leaky-paywall-payment-button\"><a href=\"https:\/\/agripedia.ch\/datensammlungen\/registration\/?level_id=25\">Abonnement<\/a><\/div><\/div><\/div><div id=\"option-31\" class=\"leaky_paywall_subscription_option \"><h3 class=\"leaky_paywall_subscription_option_title\">Schede tecniche campicoltura<\/h3><div class=\"leaky_paywall_subscription_allowed_content\">La brochure di riferimento per la produzione di alcuni dei pi\u00f9 importanti seminativi coltivati in Svizzera sulla base dei requisiti della Prova che le esigenze ecologiche sono rispettate (PER).<\/div><div class=\"leaky_paywall_subscription_price\"><p><strong>CHF 15 chaque 1 ann\u00e9e<\/strong><\/p><\/div><div class=\"leaky_paywall_subscription_payment_options\"><div class=\"leaky-paywall-payment-button\"><a href=\"https:\/\/agripedia.ch\/datensammlungen\/registration\/?level_id=31\">Abonnement<\/a><\/div><\/div><\/div><\/div><div class=\"leaky-paywall-corporate-access-subscription-message\"><p>Have corporate access? <a href=\"https:\/\/agripedia.ch\/datensammlungen\/corporate\/\">Click Here<\/a><\/p><\/div>\n<\/div><script>\n\t\/\/ Workaround for lp-coupon-form bug\n    \/\/ URL in form action doesn't work correctly\n    \/\/ This snippet will replace the URL\n\twindow.onload = () => {\n      \tsetTimeout(() => {\n          const formElement = document.querySelector(\"form[name=lp-coupon-form]\");\n          \/\/ Read Window.location\n\t      let currentLocation = location.toString();\n          if (formElement) {\n            formElement.setAttribute(\"action\", currentLocation);\n          }\n      \t}, 500);\n\t};\n<\/script><\/div><\/div><\/div><\/div>\n","protected":false},"excerpt":{"rendered":"","protected":false},"author":3,"featured_media":0,"parent":0,"menu_order":99,"comment_status":"closed","ping_status":"closed","template":"","meta":{"_sb_is_suggestion_mode":false,"_sb_show_suggestion_boards":false,"_sb_show_comment_boards":false,"_sb_suggestion_history":"","_sb_update_block_changes":"","_monsterinsights_skip_tracking":false,"_monsterinsights_sitenote_active":false,"_monsterinsights_sitenote_note":"","_monsterinsights_sitenote_category":0,"footnotes":""},"class_list":["post-1465","page","type-page","status-publish","hentry"],"_links":{"self":[{"href":"https:\/\/agripedia.ch\/datensammlungen\/fr\/wp-json\/wp\/v2\/pages\/1465","targetHints":{"allow":["GET"]}}],"collection":[{"href":"https:\/\/agripedia.ch\/datensammlungen\/fr\/wp-json\/wp\/v2\/pages"}],"about":[{"href":"https:\/\/agripedia.ch\/datensammlungen\/fr\/wp-json\/wp\/v2\/types\/page"}],"author":[{"embeddable":true,"href":"https:\/\/agripedia.ch\/datensammlungen\/fr\/wp-json\/wp\/v2\/users\/3"}],"replies":[{"embeddable":true,"href":"https:\/\/agripedia.ch\/datensammlungen\/fr\/wp-json\/wp\/v2\/comments?post=1465"}],"version-history":[{"count":3,"href":"https:\/\/agripedia.ch\/datensammlungen\/fr\/wp-json\/wp\/v2\/pages\/1465\/revisions"}],"predecessor-version":[{"id":1473,"href":"https:\/\/agripedia.ch\/datensammlungen\/fr\/wp-json\/wp\/v2\/pages\/1465\/revisions\/1473"}],"wp:attachment":[{"href":"https:\/\/agripedia.ch\/datensammlungen\/fr\/wp-json\/wp\/v2\/media?parent=1465"}],"curies":[{"name":"wp","href":"https:\/\/api.w.org\/{rel}","templated":true}]}}