{"id":1453,"date":"2022-09-22T10:07:11","date_gmt":"2022-09-22T10:07:11","guid":{"rendered":"https:\/\/agripedia.ch\/datensammlungen\/?page_id=1453"},"modified":"2022-09-22T13:54:11","modified_gmt":"2022-09-22T13:54:11","slug":"generalites","status":"publish","type":"page","link":"https:\/\/agripedia.ch\/datensammlungen\/fr\/generalites\/","title":{"rendered":"G\u00e9n\u00e9ralit\u00e9s"},"content":{"rendered":"<a href=\"https:\/\/agripedia.ch\/datensammlungen\/wp-content\/uploads\/sites\/27\/datensammlungen\/ackerbau-fr\/1564_01_Grandescultures.pdf\" class=\"pdfemb-viewer\" style=\"\" data-width=\"max\" data-height=\"max\" data-mobile-width=\"500\"  data-scrollbar=\"none\" data-download=\"on\" data-tracking=\"on\" data-newwindow=\"on\" data-pagetextbox=\"off\" data-scrolltotop=\"off\" data-startzoom=\"100\" data-startfpzoom=\"100\" data-toolbar=\"bottom\" data-toolbar-fixed=\"off\">Grandes culture Chapitre 1 G\u00e9n\u00e9ralit\u00e9s<br\/><\/a>\n","protected":false},"excerpt":{"rendered":"","protected":false},"author":3,"featured_media":0,"parent":1475,"menu_order":1,"comment_status":"closed","ping_status":"closed","template":"","meta":{"_sb_is_suggestion_mode":false,"_sb_show_suggestion_boards":false,"_sb_show_comment_boards":false,"_sb_suggestion_history":"","_sb_update_block_changes":"","_monsterinsights_skip_tracking":false,"_monsterinsights_sitenote_active":false,"_monsterinsights_sitenote_note":"","_monsterinsights_sitenote_category":0,"footnotes":""},"class_list":["post-1453","page","type-page","status-publish","hentry"],"_links":{"self":[{"href":"https:\/\/agripedia.ch\/datensammlungen\/fr\/wp-json\/wp\/v2\/pages\/1453","targetHints":{"allow":["GET"]}}],"collection":[{"href":"https:\/\/agripedia.ch\/datensammlungen\/fr\/wp-json\/wp\/v2\/pages"}],"about":[{"href":"https:\/\/agripedia.ch\/datensammlungen\/fr\/wp-json\/wp\/v2\/types\/page"}],"author":[{"embeddable":true,"href":"https:\/\/agripedia.ch\/datensammlungen\/fr\/wp-json\/wp\/v2\/users\/3"}],"replies":[{"embeddable":true,"href":"https:\/\/agripedia.ch\/datensammlungen\/fr\/wp-json\/wp\/v2\/comments?post=1453"}],"version-history":[{"count":4,"href":"https:\/\/agripedia.ch\/datensammlungen\/fr\/wp-json\/wp\/v2\/pages\/1453\/revisions"}],"predecessor-version":[{"id":1554,"href":"https:\/\/agripedia.ch\/datensammlungen\/fr\/wp-json\/wp\/v2\/pages\/1453\/revisions\/1554"}],"up":[{"embeddable":true,"href":"https:\/\/agripedia.ch\/datensammlungen\/fr\/wp-json\/wp\/v2\/pages\/1475"}],"wp:attachment":[{"href":"https:\/\/agripedia.ch\/datensammlungen\/fr\/wp-json\/wp\/v2\/media?parent=1453"}],"curies":[{"name":"wp","href":"https:\/\/api.w.org\/{rel}","templated":true}]}}