{"id":42,"date":"2023-06-06T05:44:55","date_gmt":"2023-06-06T03:44:55","guid":{"rendered":"https:\/\/agripedia.ch\/buchhaltungsabschluss\/?page_id=42"},"modified":"2023-11-23T15:48:57","modified_gmt":"2023-11-23T14:48:57","slug":"liquiditaet","status":"publish","type":"page","link":"https:\/\/agripedia.ch\/buchhaltungsabschluss\/liquiditaet\/","title":{"rendered":"Ist der Betrieb zahlungsf\u00e4hig?"},"content":{"rendered":"\n<p>Die F\u00e4higkeit, gegebenen Zahlungsverpflichtungen fristgerecht nachzukommen, ist eine Voraussetzung f\u00fcr jedes erfolgreiche Wirtschaften. Grundlage hierf\u00fcr bilden die durch die Betriebsleiterfamilie generierten <a href=\"https:\/\/agripedia.ch\/terminologie\/begriffe\/?term=Erwerbseinkommen\" target=\"_blank\" rel=\"noopener\" title=\"Eink\u00fcnfte\">Eink\u00fcnfte<\/a> in Form von <a href=\"https:\/\/agripedia.ch\/terminologie\/begriffe\/?term=Fl%C3%BCssige%20Mittel\" target=\"_blank\" rel=\"noopener\" title=\"fl\u00fcssigen Mitteln\">fl\u00fcssigen Mitteln<\/a>. Diese k\u00f6nnen sich in Abh\u00e4ngigkeit des Betriebstyps unterscheiden. Beispielsweise geht auf dem Konto eines Milchwirtschaftsbetriebes regelm\u00e4ssig das Milchgeld ein. Im Gegenzug ist bei einem Gem\u00fcsebetrieb die Zeitspanne zwischen dem Produktionsmitteleinkauf sowie dem Eingang des Verkaufserl\u00f6ses deutlich gr\u00f6sser. Beide Betriebe m\u00fcssen jedoch sicherstellen, dass laufende Rechnungen jederzeit bezahlt werden k\u00f6nnen.<\/p>\n\n\n\n<p>Verf\u00fcgt ein Betrieb nicht \u00fcber gen\u00fcgend <a href=\"https:\/\/agripedia.ch\/terminologie\/begriffe\/?term=Liquidit%C3%A4t\" target=\"_blank\" rel=\"noopener\" title=\"Liquidit\u00e4t\"><strong>Liquidit\u00e4t<\/strong><\/a>, um Verpflichtungen fristgerecht nachzukommen, folgen Mahngeb\u00fchren und Verzugszinsbelastungen. Gleichzeitig k\u00f6nnen Produktionsmittel, L\u00f6hne und Zinsen nicht mehr bezahlt werden, woher ein Produktionsstillstand droht. H\u00e4lt dieser Liquidit\u00e4tsengpass \u00fcber eine l\u00e4ngere Periode an, so steigt das Risiko von Betreibungen durch Gl\u00e4ubigerinnen und Gl\u00e4ubigern. Der Fortbestand des Landwirtschaftsbetriebes ist damit akut bedroht.<\/p>\n\n\n\n<p>Folglich stellt eine solide Zahlungsf\u00e4higkeit den Sauerstoff eines Unternehmens dar. Umso wichtiger ist entsprechend eine regelm\u00e4ssige \u00dcberpr\u00fcfung dieses Teilbereichs.<\/p>\n\n\n\n<p>Ist die Zahlungsf\u00e4higkeit Ihres Landwirtschaftsbetriebes gegeben?<\/p>\n\n\n\n<p><\/p>\n\n\n\n<figure class=\"wp-block-image aligncenter size-large is-resized\"><img loading=\"lazy\" decoding=\"async\" src=\"https:\/\/agripedia.ch\/buchhaltungsabschluss\/wp-content\/uploads\/sites\/53\/2023\/08\/Zahlungsfaehigkeit-915x1024.png\" alt=\"\" class=\"wp-image-1587\" width=\"503\" height=\"562\" srcset=\"https:\/\/agripedia.ch\/buchhaltungsabschluss\/wp-content\/uploads\/sites\/53\/2023\/08\/Zahlungsfaehigkeit-915x1024.png 915w, https:\/\/agripedia.ch\/buchhaltungsabschluss\/wp-content\/uploads\/sites\/53\/2023\/08\/Zahlungsfaehigkeit-268x300.png 268w, https:\/\/agripedia.ch\/buchhaltungsabschluss\/wp-content\/uploads\/sites\/53\/2023\/08\/Zahlungsfaehigkeit-768x859.png 768w, https:\/\/agripedia.ch\/buchhaltungsabschluss\/wp-content\/uploads\/sites\/53\/2023\/08\/Zahlungsfaehigkeit-1373x1536.png 1373w, https:\/\/agripedia.ch\/buchhaltungsabschluss\/wp-content\/uploads\/sites\/53\/2023\/08\/Zahlungsfaehigkeit-1831x2048.png 1831w, https:\/\/agripedia.ch\/buchhaltungsabschluss\/wp-content\/uploads\/sites\/53\/2023\/08\/Zahlungsfaehigkeit-1200x1342.png 1200w, https:\/\/agripedia.ch\/buchhaltungsabschluss\/wp-content\/uploads\/sites\/53\/2023\/08\/Zahlungsfaehigkeit-1980x2215.png 1980w\" sizes=\"auto, (max-width: 503px) 100vw, 503px\" \/><\/figure>\n\n\n\n<h2 class=\"wp-block-heading\">Welche Fragen zur Zahlungsf\u00e4higkeit eines Landwirtschaftsbetriebes interessieren Sie?<\/h2>\n\n\n\n<h3 class=\"wp-block-heading\">Einfache Analyse<\/h3>\n\n\n\n<div class=\"wp-block-buttons is-layout-flex wp-block-buttons-is-layout-flex\">\n<div class=\"wp-block-button\"><a class=\"wp-block-button__link wp-element-button\" href=\"https:\/\/agripedia.ch\/buchhaltungsabschluss\/wie-haben-sich-die-fluessigen-mittel-des-betriebes-im-vergleich-zu-den-vorjahren-veraendert\/\" target=\"_blank\" rel=\"noreferrer noopener\">Wie haben sich die fl\u00fcssigen Mittel des Betriebes im Vergleich zu den Vorjahren ver\u00e4ndert?<\/a><\/div>\n\n\n\n<div class=\"wp-block-button\"><a class=\"wp-block-button__link wp-element-button\" href=\"https:\/\/agripedia.ch\/buchhaltungsabschluss\/sind-genuegend-fluessige-mittel-vorhanden-um-offene-rechnungen-fristgerecht-zu-bezahlen\/\" target=\"_blank\" rel=\"noreferrer noopener\">Sind gen\u00fcgend fl\u00fcssige Mittel vorhanden, um offene Rechnungen fristgerecht zu bezahlen?<\/a><\/div>\n<\/div>\n\n\n\n<div class=\"wp-block-columns is-layout-flex wp-container-core-columns-is-layout-9d6595d7 wp-block-columns-is-layout-flex\">\n<div class=\"wp-block-column is-layout-flow wp-block-column-is-layout-flow\" style=\"flex-basis:100%\"><\/div>\n<\/div>\n\n\n\n<h3 class=\"wp-block-heading\">Vertiefte Analyse<\/h3>\n\n\n\n<div class=\"wp-block-buttons is-content-justification-space-between is-layout-flex wp-container-core-buttons-is-layout-3d213aab wp-block-buttons-is-layout-flex\">\n<div class=\"wp-block-button\"><a class=\"wp-block-button__link wp-element-button\" href=\"https:\/\/agripedia.ch\/buchhaltungsabschluss\/welche-jahrlichen-kosten-werden-durch-leasing-verursacht\/\" target=\"_blank\" rel=\"noreferrer noopener\">Sind die j\u00e4hrlichen Leasingkosten f\u00fcr den Betrieb tragbar?<\/a><\/div>\n\n\n\n<div class=\"wp-block-button\"><a class=\"wp-block-button__link wp-element-button\" href=\"https:\/\/agripedia.ch\/buchhaltungsabschluss\/wie-hoch-liegt-der-privatverbrauch-der-betriebsleiterfamilie\/\" target=\"_blank\" rel=\"noreferrer noopener\">Wie hoch liegt der Privatverbrauch der Betriebsleiterfamilie?<\/a><\/div>\n\n\n\n<div class=\"wp-block-button\"><a class=\"wp-block-button__link wp-element-button\" href=\"https:\/\/agripedia.ch\/buchhaltungsabschluss\/wie-erfolgt-die-beurteilung-der-tragbarkeit-eines-landwirtschaftsbetriebes\/\" target=\"_blank\" rel=\"noreferrer noopener\">Wie erfolgt die Beurteilung der Tragbarkeit eines Landwirtschaftsbetriebes?<\/a><\/div>\n\n\n\n<div class=\"wp-block-button\"><a class=\"wp-block-button__link wp-element-button\" href=\"https:\/\/agripedia.ch\/buchhaltungsabschluss\/welchen-betrag-haben-die-betriebsleitenden-dieses-jahr-in-ihre-vorsorge-einbezahlt\/\" target=\"_blank\" rel=\"noreferrer noopener\">Welchen Betrag haben die Betriebsleitenden dieses Jahr in ihre pers\u00f6nliche Vorsorge einbezahlt?<\/a><\/div>\n\n\n\n<div class=\"wp-block-button\"><a class=\"wp-block-button__link wp-element-button\" href=\"https:\/\/agripedia.ch\/buchhaltungsabschluss\/inwieweit-ist-der-betrieb-faehig-ersatz-und-erweiterungsinvestitionen-aus-dem-umsatz-zu-finanzieren\/\" target=\"_blank\" rel=\"noreferrer noopener\">Inwieweit ist der Betrieb f\u00e4hig, Ersatz- und Erweiterungsinvestitionen aus dem Umsatz zu finanzieren?<\/a><\/div>\n\n\n\n<div class=\"wp-block-button\"><a class=\"wp-block-button__link wp-element-button\" href=\"https:\/\/agripedia.ch\/buchhaltungsabschluss\/wie-hat-sich-das-nettomonetaere-umlaufvermoegen-des-betriebes-in-den-vergangenen-jahren-veraendert\/\" target=\"_blank\" rel=\"noreferrer noopener\">Wie hat sich das nettomonet\u00e4re Umlaufverm\u00f6gen des Betriebes in den vergangenen Jahren ver\u00e4ndert?<\/a><\/div>\n\n\n\n<div class=\"wp-block-button\"><a class=\"wp-block-button__link wp-element-button\" href=\"https:\/\/agripedia.ch\/buchhaltungsabschluss\/welche-mittel-konnte-der-betrieb-fuer-investitionen-schuldentilgungen-und-persoenliche-vorsorge-im-vergangenen-jahr-erarbeiten\/\" target=\"_blank\" rel=\"noreferrer noopener\">Welche Mittel konnte der Betrieb f\u00fcr Investitionen, Schuldentilgungen und pers\u00f6nliche Vorsorge im vergangenen Jahr erarbeiten?<\/a><\/div>\n\n\n<\/div>\n\n\n\n<p><\/p>\n\n\n\n<div class=\"wp-block-bod-modal-block bod-block-popup align-center\"><button type=\"button\" style=\"background-color:rgba(0,0,0,0.69);color:#ffffff\" class=\"bod-block-popup-trigger type_btn bod-btn\">Auswertung: Ist der Betrieb zahlungsf\u00e4hig?<\/button><div style=\"background-color:rgba(0, 0, 0, 0.1)\" class=\"bod-block-popup-overlay\" data-disabled-overlay-close=\"false\" data-disabled-escape-close=\"false\"><\/div><div role=\"dialog\" aria-modal=\"false\" aria-labelledby=\"\" aria-describedby=\"\" class=\"bod-block-popup-wrap undefined\"><div style=\"background-color:#ffffff;border-radius:10px \" class=\"bod-block-popup size-m\" data-transition=\"fade\"><div id=\"\" style=\"background-color:#ffffff;text-align:left\" class=\"bod-modal-title\"><h2 style=\"color:#000000\">Welchen Entschluss fassen Sie mit Ihrer Analyse f\u00fcr die strategische Betriebsf\u00fchrung?<\/h2><\/div> <div id=\"\" class=\"bod-modal-content\">\n<h6 class=\"wp-block-heading\">Positives Analysefazit<\/h6>\n\n\n\n<p>Stellen Sie anhand der Analysefragen keine Anzeichen f\u00fcr die Gefahr eines Liquidit\u00e4tsengpasses fest? So verf\u00fcgt der Betrieb \u00fcber gen\u00fcgend fl\u00fcssige Mittel, um seinen laufenden Verpflichtungen nachzukommen. Trotzdem empfehlen wir Ihnen auch k\u00fcnftig, die Liquidit\u00e4tslage regelm\u00e4ssig neu zu \u00fcberpr\u00fcfen. <\/p>\n\n\n\n<h6 class=\"wp-block-heading\">Negatives Analysefazit -&gt; handlungsempfehlungen<\/h6>\n\n\n\n<p>Stellen Sie einen Handlungsbedarf fest? So empfehlen wir Ihnen fr\u00fchzeitig, folgende M\u00f6glichkeiten zu pr\u00fcfen, um einen Liquidit\u00e4tsengpass und die damit weitreichenden Folgen zu verhindern:<\/p>\n\n\n\n<div class=\"wp-block-columns are-vertically-aligned-center is-layout-flex wp-container-core-columns-is-layout-9d6595d7 wp-block-columns-is-layout-flex\">\n<div class=\"wp-block-column is-vertically-aligned-center is-layout-flow wp-block-column-is-layout-flow\" style=\"flex-basis:5%\">\n<div class=\"wp-block-getwid-icon\"><div class=\"wp-block-getwid-icon__wrapper\"><i class=\"fas fa-hand-point-up\"><\/i><\/div><\/div>\n<\/div>\n\n\n\n<div class=\"wp-block-column is-vertically-aligned-center is-layout-flow wp-block-column-is-layout-flow\" style=\"flex-basis:95%\">\n<ul class=\"wp-block-list\">\n<li>Nehmen Sie eine sorgf\u00e4ltige Budgetplanung f\u00fcr die kommenden Monate und Jahre vor.<\/li>\n\n\n\n<li>Stellen Sie Kundenrechnungen rasch aus.<\/li>\n\n\n\n<li>Gew\u00e4hren Sie der Kundschaft k\u00fcrzere Zahlungsfristen.<\/li>\n\n\n\n<li>Fordern Sie An- \/ Akontozahlungen von der Kundschaft.<\/li>\n\n\n\n<li>Handeln Sie l\u00e4ngere Zahlungsfristen bei Lieferantinnen und Lieferanten aus.<\/li>\n\n\n\n<li>Kaufen Sie gleichzeitig gr\u00f6ssere Produktionsmittelposten zu, um Rabatte auszuhandeln.<\/li>\n\n\n\n<li>\u00dcberlegen Sie sich, welche Bereiche der Produktion Sie effizienter gestalten und damit Kosten einsparen k\u00f6nnten?<\/li>\n\n\n\n<li>Stellen Sie nicht dringende Anschaffungen zur\u00fcck bis Sie wieder \u00fcber gen\u00fcgend Liquidit\u00e4t verf\u00fcgen.<\/li>\n\n\n\n<li>Z\u00f6gern Sie Unterhaltsarbeiten hinaus. Achten Sie jedoch darauf, dass damit eine aufrechte Produktion nicht gef\u00e4hrdet wird.<\/li>\n\n\n\n<li>Reduzieren Sie, sofern m\u00f6glich, die Privatbez\u00fcge.<\/li>\n\n\n\n<li>K\u00f6nnen zus\u00e4tzliche finanzielle Mittel aus dem Privatverm\u00f6gen eingebracht werden?<\/li>\n\n\n\n<li>Beantragen Sie eine Limite auf dem Bankkontokorrent, die bei kurzfristigen Liquidit\u00e4tsengp\u00e4ssen \u00fcberzogen werden kann. Aber Achtung: Verf\u00fcgt der Betrieb \u00fcber ein Kontokorrent bei einer Bank, das die meiste Zeit oder immer im Minus ist, sollten g\u00fcnstigere Kredite gepr\u00fcft werden.<\/li>\n\n\n\n<li>Die Aufnahme eines Kleinkredites oder Leasings, um Liquidit\u00e4t zu generieren, respektive zu sparen, sollte vorg\u00e4ngig gut gepr\u00fcft werden. In diesem Zusammenhang k\u00f6nnen hohe Kosten anfallen.<\/li>\n\n\n\n<li>Suchen Sie Unterst\u00fctzung bei der Buchhaltungs- und Treuhandstelle oder beim kantonalen Beratungsdienst und der Ansprechperson der Hausbank.<\/li>\n<\/ul>\n<\/div>\n<\/div>\n<\/div> <\/div> <div class=\"bod-block-popup-closer\"><\/div><\/div><\/div>\n\n\n\n\n\n<div class=\"wp-block-columns is-layout-flex wp-container-core-columns-is-layout-9d6595d7 wp-block-columns-is-layout-flex\">\n<div class=\"wp-block-column is-vertically-aligned-center is-layout-flow wp-block-column-is-layout-flow\">\n<p class=\"has-larger-font-size\"><strong>Ein Projekt von:<\/strong><\/p>\n<\/div>\n\n\n\n<div class=\"wp-block-column is-layout-flow wp-block-column-is-layout-flow\">\n<div class=\"wp-block-image\"><figure class=\"wp-block-image alignleft size-large is-resized\"><a href=\"https:\/\/www.agridea.ch\" target=\"_blank\" rel=\"noopener\"><img loading=\"lazy\" decoding=\"async\" src=\"https:\/\/agripedia.ch\/alpwirtschaft\/wp-content\/uploads\/sites\/46\/2022\/10\/AGRIDEA_4_LANGUES_RGB-1024x210.png\" alt=\"Logo AGRIDEA\" class=\"wp-image-909\" width=\"341\" height=\"100\"><\/a><\/figure><\/div>\n<\/div>\n\n\n\n<div class=\"wp-block-column is-layout-flow wp-block-column-is-layout-flow\">\n<div class=\"wp-block-image\"><figure class=\"wp-block-image alignleft size-large is-resized\"><a href=\"https:\/\/www.bfh.ch\/hafl\/de\/\" target=\"_blank\" rel=\"noopener\"><img loading=\"lazy\" decoding=\"async\" src=\"https:\/\/agripedia.ch\/buchhaltungsabschluss\/wp-content\/uploads\/sites\/53\/2023\/11\/bfh-hafl-logo-neu.png\" alt=\"Logo AGRIDEA\" class=\"wp-image-909\" width=\"341\" height=\"80\"><\/a><\/figure><\/div>\n<\/div>\n<\/div>\n","protected":false},"excerpt":{"rendered":"<p>Die F\u00e4higkeit, gegebenen Zahlungsverpflichtungen fristgerecht nachzukommen, ist eine Voraussetzung f\u00fcr jedes erfolgreiche Wirtschaften. Grundlage hierf\u00fcr bilden die durch die Betriebsleiterfamilie generierten Eink\u00fcnfte in Form von fl\u00fcssigen Mitteln. Diese k\u00f6nnen sich in Abh\u00e4ngigkeit des Betriebstyps unterscheiden. Beispielsweise geht auf dem Konto eines Milchwirtschaftsbetriebes regelm\u00e4ssig das Milchgeld ein. Im Gegenzug ist bei einem Gem\u00fcsebetrieb die Zeitspanne zwischen [&hellip;]<\/p>\n","protected":false},"author":26,"featured_media":0,"parent":0,"menu_order":30,"comment_status":"closed","ping_status":"closed","template":"","meta":{"_sb_is_suggestion_mode":false,"_sb_show_suggestion_boards":false,"_sb_show_comment_boards":false,"_sb_suggestion_history":"","_sb_update_block_changes":"","_monsterinsights_skip_tracking":false,"_monsterinsights_sitenote_active":false,"_monsterinsights_sitenote_note":"","_monsterinsights_sitenote_category":0,"footnotes":""},"class_list":["post-42","page","type-page","status-publish","hentry"],"_links":{"self":[{"href":"https:\/\/agripedia.ch\/buchhaltungsabschluss\/wp-json\/wp\/v2\/pages\/42","targetHints":{"allow":["GET"]}}],"collection":[{"href":"https:\/\/agripedia.ch\/buchhaltungsabschluss\/wp-json\/wp\/v2\/pages"}],"about":[{"href":"https:\/\/agripedia.ch\/buchhaltungsabschluss\/wp-json\/wp\/v2\/types\/page"}],"author":[{"embeddable":true,"href":"https:\/\/agripedia.ch\/buchhaltungsabschluss\/wp-json\/wp\/v2\/users\/26"}],"replies":[{"embeddable":true,"href":"https:\/\/agripedia.ch\/buchhaltungsabschluss\/wp-json\/wp\/v2\/comments?post=42"}],"version-history":[{"count":28,"href":"https:\/\/agripedia.ch\/buchhaltungsabschluss\/wp-json\/wp\/v2\/pages\/42\/revisions"}],"predecessor-version":[{"id":2827,"href":"https:\/\/agripedia.ch\/buchhaltungsabschluss\/wp-json\/wp\/v2\/pages\/42\/revisions\/2827"}],"wp:attachment":[{"href":"https:\/\/agripedia.ch\/buchhaltungsabschluss\/wp-json\/wp\/v2\/media?parent=42"}],"curies":[{"name":"wp","href":"https:\/\/api.w.org\/{rel}","templated":true}]}}