{"id":212,"date":"2023-06-06T05:55:03","date_gmt":"2023-06-06T03:55:03","guid":{"rendered":"https:\/\/agripedia.ch\/buchhaltungsabschluss\/?page_id=212"},"modified":"2023-11-20T10:04:04","modified_gmt":"2023-11-20T09:04:04","slug":"rentabilitaet","status":"publish","type":"page","link":"https:\/\/agripedia.ch\/buchhaltungsabschluss\/rentabilitaet\/","title":{"rendered":"Ist der Betrieb rentabel?"},"content":{"rendered":"\n<p>Unternehmen m\u00fcssen sicherstellen, dass diese gen\u00fcgend Eink\u00fcnfte generieren, um die anfallenden Kosten zu begleichen, Investitionen zu t\u00e4tigen und Reserven f\u00fcr die Zukunft anzusparen. Andernfalls kann keine langfristige und erfolgreiche Existenz aufgebaut werden. Diese Grunds\u00e4tze gelten ebenfalls f\u00fcr einen Landwirtschaftsbetrieb. Zus\u00e4tzlich m\u00fcssen Betriebsleitende sicherstellen, dass sie ein gen\u00fcgend hohes Erwerbseinkommen erwirtschaften, um den Lebensunterhalt zu meistern und eine Altersvorsorge aufzubauen.<\/p>\n\n\n\n<p>Die <a href=\"https:\/\/agripedia.ch\/terminologie\/begriffe\/?term=Rentabilit%C3%A4t\" target=\"_blank\" rel=\"noopener\" title=\"Rentabilit\u00e4t\"><strong>Rentabilit\u00e4t<\/strong><\/a> beschreibt in diesem Zusammenhang wie effizient ein Betrieb wirtschaftet und beantwortet beispielsweise die Frage, inwieweit durch diesen eine Entlohnung der familieneigenen Arbeitskr\u00e4fte erfolgt. Der Landwirtschaftsbetrieb bildet f\u00fcr die Familie die Existenzgrundlage. Entsprechend sollten diese ein angemessenes Einkommen erzielen, um ein finanziell sorgenfreies Leben f\u00fchren zu k\u00f6nnen.<\/p>\n\n\n\n<p><\/p>\n\n\n\n<p>Finden auch Sie heraus, wie rentabel Ihr Betrieb ist.<\/p>\n\n\n\n<p><\/p>\n\n\n\n<figure class=\"wp-block-image aligncenter size-large is-resized\"><img loading=\"lazy\" decoding=\"async\" src=\"https:\/\/agripedia.ch\/buchhaltungsabschluss\/wp-content\/uploads\/sites\/53\/2023\/08\/Rentabilitaet-3-990x1024.png\" alt=\"\" class=\"wp-image-1584\" width=\"506\" height=\"524\" srcset=\"https:\/\/agripedia.ch\/buchhaltungsabschluss\/wp-content\/uploads\/sites\/53\/2023\/08\/Rentabilitaet-3-990x1024.png 990w, https:\/\/agripedia.ch\/buchhaltungsabschluss\/wp-content\/uploads\/sites\/53\/2023\/08\/Rentabilitaet-3-290x300.png 290w, https:\/\/agripedia.ch\/buchhaltungsabschluss\/wp-content\/uploads\/sites\/53\/2023\/08\/Rentabilitaet-3-768x794.png 768w, https:\/\/agripedia.ch\/buchhaltungsabschluss\/wp-content\/uploads\/sites\/53\/2023\/08\/Rentabilitaet-3-1485x1536.png 1485w, https:\/\/agripedia.ch\/buchhaltungsabschluss\/wp-content\/uploads\/sites\/53\/2023\/08\/Rentabilitaet-3-1981x2048.png 1981w, https:\/\/agripedia.ch\/buchhaltungsabschluss\/wp-content\/uploads\/sites\/53\/2023\/08\/Rentabilitaet-3-1200x1241.png 1200w, https:\/\/agripedia.ch\/buchhaltungsabschluss\/wp-content\/uploads\/sites\/53\/2023\/08\/Rentabilitaet-3-1980x2047.png 1980w\" sizes=\"auto, (max-width: 506px) 100vw, 506px\" \/><\/figure>\n\n\n\n<h2 class=\"wp-block-heading\">Welche Fragen zur Rentabilit\u00e4t eines Landwirtschaftsbetriebes interessieren Sie?<\/h2>\n\n\n\n<h3 class=\"wp-block-heading\">Einfache Analyse<\/h3>\n\n\n\n<div class=\"wp-block-buttons is-layout-flex wp-block-buttons-is-layout-flex\">\n<div class=\"wp-block-button\"><a class=\"wp-block-button__link wp-element-button\" href=\"https:\/\/agripedia.ch\/buchhaltungsabschluss\/wie-effizient-haelt-der-betrieb-erwirtschaftete-mittel-in-der-kasse-zurueck\/\" target=\"_blank\" rel=\"noreferrer noopener\">Wie effizient h\u00e4lt der Betrieb erwirtschaftete Mittel in der Kasse zur\u00fcck?<\/a><\/div>\n\n\n\n<div class=\"wp-block-button\"><a class=\"wp-block-button__link wp-element-button\" href=\"https:\/\/agripedia.ch\/buchhaltungsabschluss\/wie-hat-sich-der-landwirtschaftliche-betriebsertrag-gegenueber-dem-vorjahr-veraendert\/\" target=\"_blank\" rel=\"noreferrer noopener\">Wie hat sich der landwirtschaftliche Betriebsertrag gegen\u00fcber dem Vorjahr ver\u00e4ndert?<\/a><\/div>\n\n\n\n<div class=\"wp-block-button\"><a class=\"wp-block-button__link wp-element-button\" href=\"https:\/\/agripedia.ch\/buchhaltungsabschluss\/ist-das-produktionssystem-des-betriebes-ein-verbraucher-von-direktkosten-oder-sparsam\/\" target=\"_blank\" rel=\"noreferrer noopener\">Ist das Produktionssystem des Betriebes ein Verbraucher von Direktkosten oder sparsam?<\/a><\/div>\n\n\n\n<div class=\"wp-block-button\"><a class=\"wp-block-button__link wp-element-button\" href=\"https:\/\/agripedia.ch\/buchhaltungsabschluss\/inwieweit-unterscheidet-sich-der-vergleichbare-deckungsbeitrag-der-einzelnen-betriebszweige-von-referenzwerten\/\" target=\"_blank\" rel=\"noreferrer noopener\">Inwieweit unterscheidet sich der vergleichbare Deckungsbeitrag der einzelnen Betriebszweige von Referenzwerten?<\/a><\/div>\n<\/div>\n\n\n\n<h3 class=\"wp-block-heading\">Vertiefte Analyse<\/h3>\n\n\n\n<div class=\"wp-block-buttons is-layout-flex wp-block-buttons-is-layout-flex\">\n<div class=\"wp-block-button\"><a class=\"wp-block-button__link wp-element-button\" href=\"https:\/\/agripedia.ch\/buchhaltungsabschluss\/besteht-bei-den-mechanisierungskosten-des-betriebes-spielraum\/\" target=\"_blank\" rel=\"noreferrer noopener\">Besteht bei den Mechanisierungskosten des Betriebes Spielraum?<\/a><\/div>\n\n\n\n<div class=\"wp-block-button\"><a class=\"wp-block-button__link wp-element-button\" href=\"https:\/\/agripedia.ch\/buchhaltungsabschluss\/wie-hoch-ist-die-berechnete-finanzielle-rentabilitaet-des-eigenkapitals\/\" target=\"_blank\" rel=\"noreferrer noopener\">Wie hoch ist die berechnete finanzielle Rentabilit\u00e4t des Eigenkapitals?<\/a><\/div>\n\n\n\n<div class=\"wp-block-button\"><a class=\"wp-block-button__link wp-element-button\" href=\"https:\/\/agripedia.ch\/buchhaltungsabschluss\/wie-hoch-ist-die-berechnete-finanzielle-rentabilitaet-des-gesamtkapitals\/\" target=\"_blank\" rel=\"noreferrer noopener\">Wie hoch ist die berechnete finanzielle Rentabilit\u00e4t des Gesamtkapitals?<\/a><\/div>\n\n\n\n<div class=\"wp-block-button\"><a class=\"wp-block-button__link wp-element-button\" href=\"https:\/\/agripedia.ch\/buchhaltungsabschluss\/wie-hoch-ist-die-gesamte-wirtschaftliche-effizienz-des-produktionssystems\/\" target=\"_blank\" rel=\"noreferrer noopener\">Wie hoch ist die gesamte wirtschaftliche Effizienz des Produktionssystems?<\/a><\/div>\n\n\n\n<div class=\"wp-block-button\"><a class=\"wp-block-button__link wp-element-button\" href=\"https:\/\/agripedia.ch\/buchhaltungsabschluss\/inwieweit-unterscheidet-sich-die-nettomarge-des-betriebes-im-vergleich-zu-referenzwerten\/\" target=\"_blank\" rel=\"noreferrer noopener\">Inwieweit unterscheidet sich die Nettomarge des Betriebes im Vergleich zu Referenzwerten?<\/a><\/div>\n\n\n\n<div class=\"wp-block-button\"><a class=\"wp-block-button__link wp-element-button\" href=\"https:\/\/agripedia.ch\/buchhaltungsabschluss\/wie-hoch-liegt-der-arbeitsverdienst-der-familienarbeitskraefte-im-vergleich-zu-referenzbetrieben\/\" target=\"_blank\" rel=\"noreferrer noopener\">Wie hoch liegt der Arbeitsverdienst der Familienarbeitskr\u00e4fte im Vergleich zu Referenzbetrieben?<\/a><\/div>\n<\/div>\n\n\n\n<p><\/p>\n\n\n\n<div class=\"wp-block-bod-modal-block bod-block-popup align-center\"><button type=\"button\" style=\"background-color:rgba(0, 0, 0, 0.1);color:#ffffff\" class=\"bod-block-popup-trigger type_btn bod-btn\">Auswertung: Ist der Betrieb rentabel?<\/button><div style=\"background-color:rgba(0, 0, 0, 0.1)\" class=\"bod-block-popup-overlay\" data-disabled-overlay-close=\"false\" data-disabled-escape-close=\"false\"><\/div><div role=\"dialog\" aria-modal=\"false\" aria-labelledby=\"\" aria-describedby=\"\" class=\"bod-block-popup-wrap undefined\"><div style=\"background-color:#ffffff;border-radius:10px \" class=\"bod-block-popup size-m\" data-transition=\"fade\"><div id=\"\" style=\"background-color:#ffffff;text-align:left\" class=\"bod-modal-title\"><h2 style=\"color:#000000\">Welchen Entschluss fassen Sie mit Ihrer Analyse f\u00fcr die strategische Betriebsf\u00fchrung?<\/h2><\/div> <div id=\"\" class=\"bod-modal-content\">\n<h6 class=\"wp-block-heading\">Positives Analysefazit<\/h6>\n\n\n\n<p>Stellt Sie das Resultat der Analysefragen zufrieden und der Betrieb erwirtschaftet gen\u00fcgend Einkommen, um der Familie einen angemessenen Lebensstandard zu bieten? Erfolgt durch die Betriebsleitenden ein effizienter Einsatz der Produktionsmittel? Entsprechend kann das System als rentabel eingestuft werden.<\/p>\n\n\n\n<h6 class=\"wp-block-heading\">Negatives Analysefazit -&gt; Handlungsempfehlungen<\/h6>\n\n\n\n<p>Stellen Sie einen Handlungsbedarf fest? So empfehlen wir Ihnen die Betriebsstrategie zu \u00fcberpr\u00fcfen und wenn n\u00f6tig anzupassen:<\/p>\n\n\n\n<div class=\"wp-block-columns are-vertically-aligned-center is-layout-flex wp-container-core-columns-is-layout-9d6595d7 wp-block-columns-is-layout-flex\">\n<div class=\"wp-block-column is-vertically-aligned-center is-layout-flow wp-block-column-is-layout-flow\" style=\"flex-basis:5%\">\n<div class=\"wp-block-getwid-icon\"><div class=\"wp-block-getwid-icon__wrapper\"><i class=\"fas fa-hand-point-up\"><\/i><\/div><\/div>\n<\/div>\n\n\n\n<div class=\"wp-block-column is-vertically-aligned-center is-layout-flow wp-block-column-is-layout-flow\" style=\"flex-basis:95%\">\n<ul class=\"wp-block-list\">\n<li>Ist das Ertragspotenzial der einzelnen Betriebszweige ausgesch\u00f6pft oder k\u00f6nnte der Ertrag mit gleichbleibendem Mitteleinsatz, aber verbessertem Verfahren, erh\u00f6ht werden?<\/li>\n\n\n\n<li>Pr\u00fcfen Sie allf\u00e4llige Kosteneinsparpotenziale. Auf den Einsatz welcher Produktionsmittel k\u00f6nnte verzichtet werden? Gibt es g\u00fcnstigere Angebote f\u00fcr zwingend notwendige Produktionsmittel?<\/li>\n\n\n\n<li>Welche Alternativen bestehen f\u00fcr unrentable Betriebszweige?<\/li>\n\n\n\n<li>Erfolgt ein effizienter Einsatz der Arbeitskr\u00e4fte auf dem Betrieb oder besteht diesbez\u00fcglich ein Optimierungspotenzial?<\/li>\n\n\n\n<li>Unterst\u00fctzung bieten ebenfalls die Buchhaltungs- und Treuhandstelle oder der kantonale Beratungsdienst und die Ansprechperson der Hausbank.<\/li>\n<\/ul>\n<\/div>\n<\/div>\n<\/div> <\/div> <div class=\"bod-block-popup-closer\"><\/div><\/div><\/div>\n\n\n\n\n\n<div class=\"wp-block-columns is-layout-flex wp-container-core-columns-is-layout-9d6595d7 wp-block-columns-is-layout-flex\">\n<div class=\"wp-block-column is-vertically-aligned-center is-layout-flow wp-block-column-is-layout-flow\">\n<p class=\"has-larger-font-size\"><strong>Ein Projekt von:<\/strong><\/p>\n<\/div>\n\n\n\n<div class=\"wp-block-column is-layout-flow wp-block-column-is-layout-flow\">\n<div class=\"wp-block-image\"><figure class=\"wp-block-image alignleft size-large is-resized\"><a href=\"https:\/\/www.agridea.ch\" target=\"_blank\" rel=\"noopener\"><img loading=\"lazy\" decoding=\"async\" src=\"https:\/\/agripedia.ch\/alpwirtschaft\/wp-content\/uploads\/sites\/46\/2022\/10\/AGRIDEA_4_LANGUES_RGB-1024x210.png\" alt=\"Logo AGRIDEA\" class=\"wp-image-909\" width=\"341\" height=\"100\"><\/a><\/figure><\/div>\n<\/div>\n\n\n\n<div class=\"wp-block-column is-layout-flow wp-block-column-is-layout-flow\">\n<div class=\"wp-block-image\"><figure class=\"wp-block-image alignleft size-large is-resized\"><a href=\"https:\/\/www.bfh.ch\/hafl\/de\/\" target=\"_blank\" rel=\"noopener\"><img loading=\"lazy\" decoding=\"async\" src=\"https:\/\/agripedia.ch\/buchhaltungsabschluss\/wp-content\/uploads\/sites\/53\/2023\/11\/bfh-hafl-logo-neu.png\" alt=\"Logo AGRIDEA\" class=\"wp-image-909\" width=\"341\" height=\"80\"><\/a><\/figure><\/div>\n<\/div>\n<\/div>\n","protected":false},"excerpt":{"rendered":"<p>Unternehmen m\u00fcssen sicherstellen, dass diese gen\u00fcgend Eink\u00fcnfte generieren, um die anfallenden Kosten zu begleichen, Investitionen zu t\u00e4tigen und Reserven f\u00fcr die Zukunft anzusparen. Andernfalls kann keine langfristige und erfolgreiche Existenz aufgebaut werden. Diese Grunds\u00e4tze gelten ebenfalls f\u00fcr einen Landwirtschaftsbetrieb. Zus\u00e4tzlich m\u00fcssen Betriebsleitende sicherstellen, dass sie ein gen\u00fcgend hohes Erwerbseinkommen erwirtschaften, um den Lebensunterhalt zu meistern [&hellip;]<\/p>\n","protected":false},"author":26,"featured_media":0,"parent":0,"menu_order":50,"comment_status":"closed","ping_status":"closed","template":"","meta":{"_sb_is_suggestion_mode":false,"_sb_show_suggestion_boards":false,"_sb_show_comment_boards":false,"_sb_suggestion_history":"","_sb_update_block_changes":"","_monsterinsights_skip_tracking":false,"_monsterinsights_sitenote_active":false,"_monsterinsights_sitenote_note":"","_monsterinsights_sitenote_category":0,"footnotes":""},"class_list":["post-212","page","type-page","status-publish","hentry"],"_links":{"self":[{"href":"https:\/\/agripedia.ch\/buchhaltungsabschluss\/wp-json\/wp\/v2\/pages\/212","targetHints":{"allow":["GET"]}}],"collection":[{"href":"https:\/\/agripedia.ch\/buchhaltungsabschluss\/wp-json\/wp\/v2\/pages"}],"about":[{"href":"https:\/\/agripedia.ch\/buchhaltungsabschluss\/wp-json\/wp\/v2\/types\/page"}],"author":[{"embeddable":true,"href":"https:\/\/agripedia.ch\/buchhaltungsabschluss\/wp-json\/wp\/v2\/users\/26"}],"replies":[{"embeddable":true,"href":"https:\/\/agripedia.ch\/buchhaltungsabschluss\/wp-json\/wp\/v2\/comments?post=212"}],"version-history":[{"count":25,"href":"https:\/\/agripedia.ch\/buchhaltungsabschluss\/wp-json\/wp\/v2\/pages\/212\/revisions"}],"predecessor-version":[{"id":2833,"href":"https:\/\/agripedia.ch\/buchhaltungsabschluss\/wp-json\/wp\/v2\/pages\/212\/revisions\/2833"}],"wp:attachment":[{"href":"https:\/\/agripedia.ch\/buchhaltungsabschluss\/wp-json\/wp\/v2\/media?parent=212"}],"curies":[{"name":"wp","href":"https:\/\/api.w.org\/{rel}","templated":true}]}}