{"id":20,"date":"2023-06-06T05:56:45","date_gmt":"2023-06-06T03:56:45","guid":{"rendered":"https:\/\/agripedia.ch\/buchhaltungsabschluss\/?page_id=20"},"modified":"2023-11-24T08:30:57","modified_gmt":"2023-11-24T07:30:57","slug":"erfolgsrechnung","status":"publish","type":"page","link":"https:\/\/agripedia.ch\/buchhaltungsabschluss\/grundlagen\/erfolgsrechnung\/","title":{"rendered":"Erfolgsrechnung"},"content":{"rendered":"\n<p>In diesem Bereich der Jahresrechnung werden die <a href=\"https:\/\/agripedia.ch\/terminologie\/begriffe\/?term=Ertrag\" target=\"_blank\" rel=\"noopener\" title=\"Ertr\u00e4ge\">Ertr\u00e4ge<\/a> und <a href=\"https:\/\/agripedia.ch\/terminologie\/begriffe\/?term=Aufwand\" target=\"_blank\" rel=\"noopener\" title=\"Aufw\u00e4nde\">Aufw\u00e4nde<\/a> eines Landwirtschaftsbetriebes zusammengefasst. Die <strong><a href=\"https:\/\/agripedia.ch\/terminologie\/begriffe\/?term=Erfolgsrechnung\" target=\"_blank\" rel=\"noopener\" title=\"Erfolgsrechnung\">Erfolgsrechnung<\/a><\/strong> kann mit einem Film verglichen werden, der eine bestimmte Periode (in der Regel ein Jahr) abdeckt.<\/p>\n\n\n\n<p>Resultiert ein positiver Saldo in der Erfolgsrechnung, so konnte das Unternehmen einen Gewinn erzielen. Liegt hingegen nach Abzug von s\u00e4mtlichen Aufw\u00e4nden von den Ertr\u00e4gen ein negatives Ergebnis vor, so erwirtschaftete der Betrieb im entsprechenden Buchhaltungsjahr einen Verlust. <\/p>\n\n\n\n<p>Die Mindestgliederung der Erfolgsrechnung wird im Schweizerischen Obligationenrecht festgelegt (Art. 959 b).<\/p>\n\n\n\n<h6 class=\"has-text-align-center wp-block-heading\">Grundstruktur inkl. Kontenklassen der Erfolgsrechnung<\/h6>\n\n\n\n<figure class=\"wp-block-image aligncenter size-large is-resized\"><img loading=\"lazy\" decoding=\"async\" src=\"https:\/\/agripedia.ch\/buchhaltungsabschluss\/wp-content\/uploads\/sites\/53\/2023\/08\/Erfolgsrechnung-1-1024x881.png\" alt=\"\" class=\"wp-image-1595\" width=\"998\" height=\"858\" srcset=\"https:\/\/agripedia.ch\/buchhaltungsabschluss\/wp-content\/uploads\/sites\/53\/2023\/08\/Erfolgsrechnung-1-1024x881.png 1024w, https:\/\/agripedia.ch\/buchhaltungsabschluss\/wp-content\/uploads\/sites\/53\/2023\/08\/Erfolgsrechnung-1-300x258.png 300w, https:\/\/agripedia.ch\/buchhaltungsabschluss\/wp-content\/uploads\/sites\/53\/2023\/08\/Erfolgsrechnung-1-768x660.png 768w, https:\/\/agripedia.ch\/buchhaltungsabschluss\/wp-content\/uploads\/sites\/53\/2023\/08\/Erfolgsrechnung-1-1536x1321.png 1536w, https:\/\/agripedia.ch\/buchhaltungsabschluss\/wp-content\/uploads\/sites\/53\/2023\/08\/Erfolgsrechnung-1-2048x1761.png 2048w, https:\/\/agripedia.ch\/buchhaltungsabschluss\/wp-content\/uploads\/sites\/53\/2023\/08\/Erfolgsrechnung-1-1200x1032.png 1200w, https:\/\/agripedia.ch\/buchhaltungsabschluss\/wp-content\/uploads\/sites\/53\/2023\/08\/Erfolgsrechnung-1-1980x1703.png 1980w\" sizes=\"auto, (max-width: 998px) 100vw, 998px\" \/><\/figure>\n\n\n\n<h2 class=\"wp-block-heading\">Welche Fragen zur Erfolgsrechnung eines Landwirtschaftsbetriebes interessieren Sie?<\/h2>\n\n\n<ul class=\"wp-block-latest-posts__list wp-block-latest-posts\"><li><a class=\"wp-block-latest-posts__post-title\" href=\"https:\/\/agripedia.ch\/buchhaltungsabschluss\/besteht-bei-den-mechanisierungskosten-des-betriebes-spielraum\/\">Besteht bei den Mechanisierungskosten des Betriebes Spielraum?<\/a><\/li>\n<li><a class=\"wp-block-latest-posts__post-title\" href=\"https:\/\/agripedia.ch\/buchhaltungsabschluss\/welche-jahrlichen-kosten-werden-durch-leasing-verursacht\/\">Sind die j\u00e4hrlichen Leasingkosten f\u00fcr den Betrieb tragbar?<\/a><\/li>\n<li><a class=\"wp-block-latest-posts__post-title\" href=\"https:\/\/agripedia.ch\/buchhaltungsabschluss\/wie-hat-sich-der-landwirtschaftliche-betriebsertrag-gegenueber-dem-vorjahr-veraendert\/\">Wie hat sich der landwirtschaftliche Betriebsertrag gegen\u00fcber dem Vorjahr ver\u00e4ndert?<\/a><\/li>\n<li><a class=\"wp-block-latest-posts__post-title\" href=\"https:\/\/agripedia.ch\/buchhaltungsabschluss\/inwieweit-unterscheidet-sich-der-vergleichbare-deckungsbeitrag-der-einzelnen-betriebszweige-von-referenzwerten\/\">Inwieweit unterscheidet sich der vergleichbare Deckungsbeitrag der einzelnen Betriebszweige von Referenzwerten?<\/a><\/li>\n<\/ul>\n\n\n<div class=\"wp-block-columns is-layout-flex wp-container-core-columns-is-layout-9d6595d7 wp-block-columns-is-layout-flex\">\n<div class=\"wp-block-column is-vertically-aligned-center is-layout-flow wp-block-column-is-layout-flow\">\n<p class=\"has-larger-font-size\"><strong>Ein Projekt von:<\/strong><\/p>\n<\/div>\n\n\n\n<div class=\"wp-block-column is-layout-flow wp-block-column-is-layout-flow\">\n<div class=\"wp-block-image\"><figure class=\"wp-block-image alignleft size-large is-resized\"><a href=\"https:\/\/www.agridea.ch\" target=\"_blank\" rel=\"noopener\"><img loading=\"lazy\" decoding=\"async\" src=\"https:\/\/agripedia.ch\/alpwirtschaft\/wp-content\/uploads\/sites\/46\/2022\/10\/AGRIDEA_4_LANGUES_RGB-1024x210.png\" alt=\"Logo AGRIDEA\" class=\"wp-image-909\" width=\"341\" height=\"100\"><\/a><\/figure><\/div>\n<\/div>\n\n\n\n<div class=\"wp-block-column is-layout-flow wp-block-column-is-layout-flow\">\n<div class=\"wp-block-image\"><figure class=\"wp-block-image alignleft size-large is-resized\"><a href=\"https:\/\/www.bfh.ch\/hafl\/de\/\" target=\"_blank\" rel=\"noopener\"><img loading=\"lazy\" decoding=\"async\" src=\"https:\/\/agripedia.ch\/buchhaltungsabschluss\/wp-content\/uploads\/sites\/53\/2023\/11\/bfh-hafl-logo-neu.png\" alt=\"Logo AGRIDEA\" class=\"wp-image-909\" width=\"341\" height=\"80\"><\/a><\/figure><\/div>\n<\/div>\n<\/div>\n","protected":false},"excerpt":{"rendered":"<p>In diesem Bereich der Jahresrechnung werden die Ertr\u00e4ge und Aufw\u00e4nde eines Landwirtschaftsbetriebes zusammengefasst. Die Erfolgsrechnung kann mit einem Film verglichen werden, der eine bestimmte Periode (in der Regel ein Jahr) abdeckt. Resultiert ein positiver Saldo in der Erfolgsrechnung, so konnte das Unternehmen einen Gewinn erzielen. Liegt hingegen nach Abzug von s\u00e4mtlichen Aufw\u00e4nden von den Ertr\u00e4gen [&hellip;]<\/p>\n","protected":false},"author":26,"featured_media":0,"parent":14,"menu_order":20,"comment_status":"closed","ping_status":"closed","template":"","meta":{"_sb_is_suggestion_mode":false,"_sb_show_suggestion_boards":false,"_sb_show_comment_boards":false,"_sb_suggestion_history":"","_sb_update_block_changes":"","_monsterinsights_skip_tracking":false,"_monsterinsights_sitenote_active":false,"_monsterinsights_sitenote_note":"","_monsterinsights_sitenote_category":0,"footnotes":""},"class_list":["post-20","page","type-page","status-publish","hentry"],"_links":{"self":[{"href":"https:\/\/agripedia.ch\/buchhaltungsabschluss\/wp-json\/wp\/v2\/pages\/20","targetHints":{"allow":["GET"]}}],"collection":[{"href":"https:\/\/agripedia.ch\/buchhaltungsabschluss\/wp-json\/wp\/v2\/pages"}],"about":[{"href":"https:\/\/agripedia.ch\/buchhaltungsabschluss\/wp-json\/wp\/v2\/types\/page"}],"author":[{"embeddable":true,"href":"https:\/\/agripedia.ch\/buchhaltungsabschluss\/wp-json\/wp\/v2\/users\/26"}],"replies":[{"embeddable":true,"href":"https:\/\/agripedia.ch\/buchhaltungsabschluss\/wp-json\/wp\/v2\/comments?post=20"}],"version-history":[{"count":21,"href":"https:\/\/agripedia.ch\/buchhaltungsabschluss\/wp-json\/wp\/v2\/pages\/20\/revisions"}],"predecessor-version":[{"id":3043,"href":"https:\/\/agripedia.ch\/buchhaltungsabschluss\/wp-json\/wp\/v2\/pages\/20\/revisions\/3043"}],"up":[{"embeddable":true,"href":"https:\/\/agripedia.ch\/buchhaltungsabschluss\/wp-json\/wp\/v2\/pages\/14"}],"wp:attachment":[{"href":"https:\/\/agripedia.ch\/buchhaltungsabschluss\/wp-json\/wp\/v2\/media?parent=20"}],"curies":[{"name":"wp","href":"https:\/\/api.w.org\/{rel}","templated":true}]}}