{"id":18,"date":"2023-06-06T06:05:28","date_gmt":"2023-06-06T04:05:28","guid":{"rendered":"https:\/\/agripedia.ch\/buchhaltungsabschluss\/?page_id=18"},"modified":"2023-11-24T09:03:21","modified_gmt":"2023-11-24T08:03:21","slug":"mittelflussrechnung","status":"publish","type":"page","link":"https:\/\/agripedia.ch\/buchhaltungsabschluss\/grundlagen\/mittelflussrechnung\/","title":{"rendered":"Mittelflussrechnung"},"content":{"rendered":"\n<p>Die <strong><a href=\"https:\/\/agripedia.ch\/terminologie\/begriffe\/?term=Mittelflussrechnung\" target=\"_blank\" rel=\"noopener\" title=\"Mittelflussrechnung\">Mittelflussrechnung<\/a><\/strong> ist der dritte Teil des Jahresabschlusses. Diese erg\u00e4nzt die Informationen aus der Bilanz und der Erfolgsrechnung und liefert Angaben \u00fcber<\/p>\n\n\n\n<ul class=\"wp-block-list\">\n<li>Liquidit\u00e4tsentwicklung<\/li>\n\n\n\n<li>Investitionsvorg\u00e4nge<\/li>\n\n\n\n<li>Finanzierungsmassnahmen<\/li>\n<\/ul>\n\n\n\n<p>innerhalb der festgelegten Gesch\u00e4ftsperiode eines Landwirtschaftsbetriebes. Entsprechend erteilt diese Rechnung Auskunft, ob das System Unternehmen \u2013 Familie gen\u00fcgend Geld generieren kann, um seinen Bedarf bestm\u00f6glichst zu decken.<\/p>\n\n\n\n<p>Die auf dem <a href=\"https:\/\/agripedia.ch\/terminologie\/begriffe\/?term=Umlaufverm%C3%B6gen,%20nettomonet%C3%A4res\" target=\"_blank\" rel=\"noopener\" title=\"Fonds nettomonet\u00e4res Umlaufverm\u00f6gen\">Fonds nettomonet\u00e4res Umlaufverm\u00f6gen<\/a> basierte Mittelflussrechnung zeichnet die potenziellen Mittelfl\u00fcsse, d. h. Ausgaben und Einnahmen des Unternehmens (inkl. kurzfristige Forderungen und Verbindlichkeiten aus Lieferungen und Leistungen) nach und zeigt die allgemeinen Tendenzen der Herkunft und der Verwendung der monet\u00e4ren Fl\u00fcsse auf.<\/p>\n\n\n\n<p>Diese Rechnung erlaubt einen direkten Ansatz, ohne dass Korrekturen entsprechend den Vorg\u00e4ngen des Buchungsabschlusses vorgenommen werden m\u00fcssen. In der Tat ist das Konzept der Mittelfl\u00fcsse unabh\u00e4ngig von den in der Buchhaltung verwendeten Annahmen, wie beispielsweise der Abschreibungs- und R\u00fcckstellungspolitik oder der Vorratsbewertung. Die Zahlen sind demnach \u201ebereinigt\u201c und erleichtern die Analyse der tats\u00e4chlichen Ergebnisse ohne zus\u00e4tzliche Sch\u00e4tzungen.<\/p>\n\n\n\n<h6 class=\"has-text-align-center wp-block-heading\">Grundstruktur der Mittelflussrechnung<\/h6>\n\n\n\n<figure class=\"wp-block-image aligncenter size-large is-resized\"><img loading=\"lazy\" decoding=\"async\" src=\"https:\/\/agripedia.ch\/buchhaltungsabschluss\/wp-content\/uploads\/sites\/53\/2023\/08\/Mittelflussrechnung-1-1024x538.png\" alt=\"\" class=\"wp-image-1602\" width=\"603\" height=\"317\" srcset=\"https:\/\/agripedia.ch\/buchhaltungsabschluss\/wp-content\/uploads\/sites\/53\/2023\/08\/Mittelflussrechnung-1-1024x538.png 1024w, https:\/\/agripedia.ch\/buchhaltungsabschluss\/wp-content\/uploads\/sites\/53\/2023\/08\/Mittelflussrechnung-1-300x157.png 300w, https:\/\/agripedia.ch\/buchhaltungsabschluss\/wp-content\/uploads\/sites\/53\/2023\/08\/Mittelflussrechnung-1-768x403.png 768w, https:\/\/agripedia.ch\/buchhaltungsabschluss\/wp-content\/uploads\/sites\/53\/2023\/08\/Mittelflussrechnung-1-1536x806.png 1536w, https:\/\/agripedia.ch\/buchhaltungsabschluss\/wp-content\/uploads\/sites\/53\/2023\/08\/Mittelflussrechnung-1-2048x1075.png 2048w, https:\/\/agripedia.ch\/buchhaltungsabschluss\/wp-content\/uploads\/sites\/53\/2023\/08\/Mittelflussrechnung-1-1200x630.png 1200w, https:\/\/agripedia.ch\/buchhaltungsabschluss\/wp-content\/uploads\/sites\/53\/2023\/08\/Mittelflussrechnung-1-1980x1039.png 1980w\" sizes=\"auto, (max-width: 603px) 100vw, 603px\" \/><\/figure>\n\n\n\n<h2 class=\"wp-block-heading\">Welche Fragen zur Mittelflussrechnung eines Landwirtschaftsbetriebes interessieren Sie?<\/h2>\n\n\n<ul class=\"wp-block-latest-posts__list wp-block-latest-posts\"><li><a class=\"wp-block-latest-posts__post-title\" href=\"https:\/\/agripedia.ch\/buchhaltungsabschluss\/wie-hat-sich-das-nettomonetaere-umlaufvermoegen-des-betriebes-in-den-vergangenen-jahren-veraendert\/\">Wie hat sich das nettomonet\u00e4re Umlaufverm\u00f6gen des Betriebes in den vergangenen Jahren ver\u00e4ndert?<\/a><\/li>\n<li><a class=\"wp-block-latest-posts__post-title\" href=\"https:\/\/agripedia.ch\/buchhaltungsabschluss\/welche-mittel-konnte-der-betrieb-fuer-investitionen-schuldentilgungen-und-persoenliche-vorsorge-im-vergangenen-jahr-erarbeiten\/\">Welche Mittel konnte der Betrieb f\u00fcr Investitionen, Schuldentilgungen und pers\u00f6nliche Vorsorge im vergangenen Jahr erarbeiten?<\/a><\/li>\n<li><a class=\"wp-block-latest-posts__post-title\" href=\"https:\/\/agripedia.ch\/buchhaltungsabschluss\/nach-wie-vielen-jahren-waere-das-langfristige-fremdkapital-unter-verwendung-des-cashflow-zurueckbezahlt\/\">Nach wie vielen Jahren w\u00e4re das langfristige Fremdkapital des Betriebes unter Verwendung des Cashflow zur\u00fcckbezahlt?<\/a><\/li>\n<li><a class=\"wp-block-latest-posts__post-title\" href=\"https:\/\/agripedia.ch\/buchhaltungsabschluss\/wie-effizient-haelt-der-betrieb-erwirtschaftete-mittel-in-der-kasse-zurueck\/\">Wie effizient h\u00e4lt der Betrieb erwirtschaftete Mittel in der Kasse zur\u00fcck?<\/a><\/li>\n<\/ul>\n\n\n<div class=\"wp-block-columns is-layout-flex wp-container-core-columns-is-layout-9d6595d7 wp-block-columns-is-layout-flex\">\n<div class=\"wp-block-column is-vertically-aligned-center is-layout-flow wp-block-column-is-layout-flow\">\n<p class=\"has-larger-font-size\"><strong>Ein Projekt von:<\/strong><\/p>\n<\/div>\n\n\n\n<div class=\"wp-block-column is-layout-flow wp-block-column-is-layout-flow\">\n<div class=\"wp-block-image\"><figure class=\"wp-block-image alignleft size-large is-resized\"><a href=\"https:\/\/www.agridea.ch\" target=\"_blank\" rel=\"noopener\"><img loading=\"lazy\" decoding=\"async\" src=\"https:\/\/agripedia.ch\/alpwirtschaft\/wp-content\/uploads\/sites\/46\/2022\/10\/AGRIDEA_4_LANGUES_RGB-1024x210.png\" alt=\"Logo AGRIDEA\" class=\"wp-image-909\" width=\"341\" height=\"100\"><\/a><\/figure><\/div>\n<\/div>\n\n\n\n<div class=\"wp-block-column is-layout-flow wp-block-column-is-layout-flow\">\n<div class=\"wp-block-image\"><figure class=\"wp-block-image alignleft size-large is-resized\"><a href=\"https:\/\/www.bfh.ch\/hafl\/de\/\" target=\"_blank\" rel=\"noopener\"><img loading=\"lazy\" decoding=\"async\" src=\"https:\/\/agripedia.ch\/buchhaltungsabschluss\/wp-content\/uploads\/sites\/53\/2023\/11\/bfh-hafl-logo-neu.png\" alt=\"Logo AGRIDEA\" class=\"wp-image-909\" width=\"341\" height=\"80\"><\/a><\/figure><\/div>\n<\/div>\n<\/div>\n","protected":false},"excerpt":{"rendered":"<p>Die Mittelflussrechnung ist der dritte Teil des Jahresabschlusses. Diese erg\u00e4nzt die Informationen aus der Bilanz und der Erfolgsrechnung und liefert Angaben \u00fcber innerhalb der festgelegten Gesch\u00e4ftsperiode eines Landwirtschaftsbetriebes. Entsprechend erteilt diese Rechnung Auskunft, ob das System Unternehmen \u2013 Familie gen\u00fcgend Geld generieren kann, um seinen Bedarf bestm\u00f6glichst zu decken. Die auf dem Fonds nettomonet\u00e4res Umlaufverm\u00f6gen [&hellip;]<\/p>\n","protected":false},"author":26,"featured_media":0,"parent":14,"menu_order":30,"comment_status":"closed","ping_status":"closed","template":"","meta":{"_sb_is_suggestion_mode":false,"_sb_show_suggestion_boards":false,"_sb_show_comment_boards":false,"_sb_suggestion_history":"","_sb_update_block_changes":"","_monsterinsights_skip_tracking":false,"_monsterinsights_sitenote_active":false,"_monsterinsights_sitenote_note":"","_monsterinsights_sitenote_category":0,"footnotes":""},"class_list":["post-18","page","type-page","status-publish","hentry"],"_links":{"self":[{"href":"https:\/\/agripedia.ch\/buchhaltungsabschluss\/wp-json\/wp\/v2\/pages\/18","targetHints":{"allow":["GET"]}}],"collection":[{"href":"https:\/\/agripedia.ch\/buchhaltungsabschluss\/wp-json\/wp\/v2\/pages"}],"about":[{"href":"https:\/\/agripedia.ch\/buchhaltungsabschluss\/wp-json\/wp\/v2\/types\/page"}],"author":[{"embeddable":true,"href":"https:\/\/agripedia.ch\/buchhaltungsabschluss\/wp-json\/wp\/v2\/users\/26"}],"replies":[{"embeddable":true,"href":"https:\/\/agripedia.ch\/buchhaltungsabschluss\/wp-json\/wp\/v2\/comments?post=18"}],"version-history":[{"count":14,"href":"https:\/\/agripedia.ch\/buchhaltungsabschluss\/wp-json\/wp\/v2\/pages\/18\/revisions"}],"predecessor-version":[{"id":3046,"href":"https:\/\/agripedia.ch\/buchhaltungsabschluss\/wp-json\/wp\/v2\/pages\/18\/revisions\/3046"}],"up":[{"embeddable":true,"href":"https:\/\/agripedia.ch\/buchhaltungsabschluss\/wp-json\/wp\/v2\/pages\/14"}],"wp:attachment":[{"href":"https:\/\/agripedia.ch\/buchhaltungsabschluss\/wp-json\/wp\/v2\/media?parent=18"}],"curies":[{"name":"wp","href":"https:\/\/api.w.org\/{rel}","templated":true}]}}