{"id":14,"date":"2023-05-17T09:30:22","date_gmt":"2023-05-17T07:30:22","guid":{"rendered":"https:\/\/agripedia.ch\/buchhaltungsabschluss\/?page_id=14"},"modified":"2023-11-20T10:04:02","modified_gmt":"2023-11-20T09:04:02","slug":"grundlagen","status":"publish","type":"page","link":"https:\/\/agripedia.ch\/buchhaltungsabschluss\/grundlagen\/","title":{"rendered":"Grobanalyse des Jahresabschlusses"},"content":{"rendered":"\n<p>Die Finanzbuchhaltung eines Landwirtschaftsbetriebes beinhaltet normalerweise die drei Rechnungen <strong>Bilanz,<\/strong> <strong>Erfolgs- und Mittelflussrechnung<\/strong>. W\u00e4hlen Sie nachfolgend einer dieser Bereiche aus und untersuchen Sie diesen n\u00e4her.<\/p>\n\n\n\n<p>Welche R\u00fcckschl\u00fcsse ziehen Sie?<\/p>\n\n\n\n<div class=\"wp-block-columns is-layout-flex wp-container-core-columns-is-layout-9d6595d7 wp-block-columns-is-layout-flex\">\n<div class=\"wp-block-column is-layout-flow wp-block-column-is-layout-flow\">\n<figure class=\"wp-block-image size-full\"><a href=\"https:\/\/agripedia.ch\/buchhaltungsabschluss\/grundlagen\/bilanz\/\"><img loading=\"lazy\" decoding=\"async\" width=\"960\" height=\"720\" src=\"https:\/\/agripedia.ch\/buchhaltungsabschluss\/wp-content\/uploads\/sites\/53\/2023\/08\/Bilanz-site-1.png\" alt=\"\" class=\"wp-image-1935\" srcset=\"https:\/\/agripedia.ch\/buchhaltungsabschluss\/wp-content\/uploads\/sites\/53\/2023\/08\/Bilanz-site-1.png 960w, https:\/\/agripedia.ch\/buchhaltungsabschluss\/wp-content\/uploads\/sites\/53\/2023\/08\/Bilanz-site-1-300x225.png 300w, https:\/\/agripedia.ch\/buchhaltungsabschluss\/wp-content\/uploads\/sites\/53\/2023\/08\/Bilanz-site-1-768x576.png 768w\" sizes=\"auto, (max-width: 960px) 100vw, 960px\" \/><\/a><\/figure>\n<\/div>\n\n\n\n<div class=\"wp-block-column is-layout-flow wp-block-column-is-layout-flow\">\n<figure class=\"wp-block-image size-full\"><a href=\"https:\/\/agripedia.ch\/buchhaltungsabschluss\/grundlagen\/erfolgsrechnung\/\"><img loading=\"lazy\" decoding=\"async\" width=\"960\" height=\"720\" src=\"https:\/\/agripedia.ch\/buchhaltungsabschluss\/wp-content\/uploads\/sites\/53\/2023\/08\/Erfolgsrechnung-site-1.png\" alt=\"\" class=\"wp-image-1933\" srcset=\"https:\/\/agripedia.ch\/buchhaltungsabschluss\/wp-content\/uploads\/sites\/53\/2023\/08\/Erfolgsrechnung-site-1.png 960w, https:\/\/agripedia.ch\/buchhaltungsabschluss\/wp-content\/uploads\/sites\/53\/2023\/08\/Erfolgsrechnung-site-1-300x225.png 300w, https:\/\/agripedia.ch\/buchhaltungsabschluss\/wp-content\/uploads\/sites\/53\/2023\/08\/Erfolgsrechnung-site-1-768x576.png 768w\" sizes=\"auto, (max-width: 960px) 100vw, 960px\" \/><\/a><\/figure>\n<\/div>\n\n\n\n<div class=\"wp-block-column is-layout-flow wp-block-column-is-layout-flow\">\n<figure class=\"wp-block-image size-full\"><a href=\"https:\/\/agripedia.ch\/buchhaltungsabschluss\/grundlagen\/mittelflussrechnung\/\"><img loading=\"lazy\" decoding=\"async\" width=\"960\" height=\"720\" src=\"https:\/\/agripedia.ch\/buchhaltungsabschluss\/wp-content\/uploads\/sites\/53\/2023\/08\/Mittelflussrechnung-site-1.png\" alt=\"\" class=\"wp-image-1931\" srcset=\"https:\/\/agripedia.ch\/buchhaltungsabschluss\/wp-content\/uploads\/sites\/53\/2023\/08\/Mittelflussrechnung-site-1.png 960w, https:\/\/agripedia.ch\/buchhaltungsabschluss\/wp-content\/uploads\/sites\/53\/2023\/08\/Mittelflussrechnung-site-1-300x225.png 300w, https:\/\/agripedia.ch\/buchhaltungsabschluss\/wp-content\/uploads\/sites\/53\/2023\/08\/Mittelflussrechnung-site-1-768x576.png 768w\" sizes=\"auto, (max-width: 960px) 100vw, 960px\" \/><\/a><\/figure>\n<\/div>\n<\/div>\n\n\n\n<div class=\"wp-block-columns is-layout-flex wp-container-core-columns-is-layout-9d6595d7 wp-block-columns-is-layout-flex\">\n<div class=\"wp-block-column is-vertically-aligned-center is-layout-flow wp-block-column-is-layout-flow\">\n<p class=\"has-larger-font-size\"><strong>Ein Projekt von:<\/strong><\/p>\n<\/div>\n\n\n\n<div class=\"wp-block-column is-layout-flow wp-block-column-is-layout-flow\">\n<div class=\"wp-block-image\"><figure class=\"wp-block-image alignleft size-large is-resized\"><a href=\"https:\/\/www.agridea.ch\" target=\"_blank\" rel=\"noopener\"><img loading=\"lazy\" decoding=\"async\" src=\"https:\/\/agripedia.ch\/alpwirtschaft\/wp-content\/uploads\/sites\/46\/2022\/10\/AGRIDEA_4_LANGUES_RGB-1024x210.png\" alt=\"Logo AGRIDEA\" class=\"wp-image-909\" width=\"341\" height=\"100\"><\/a><\/figure><\/div>\n<\/div>\n\n\n\n<div class=\"wp-block-column is-layout-flow wp-block-column-is-layout-flow\">\n<div class=\"wp-block-image\"><figure class=\"wp-block-image alignleft size-large is-resized\"><a href=\"https:\/\/www.bfh.ch\/hafl\/de\/\" target=\"_blank\" rel=\"noopener\"><img loading=\"lazy\" decoding=\"async\" src=\"https:\/\/agripedia.ch\/buchhaltungsabschluss\/wp-content\/uploads\/sites\/53\/2023\/11\/bfh-hafl-logo-neu.png\" alt=\"Logo AGRIDEA\" class=\"wp-image-909\" width=\"341\" height=\"80\"><\/a><\/figure><\/div>\n<\/div>\n<\/div>\n","protected":false},"excerpt":{"rendered":"<p>Die Finanzbuchhaltung eines Landwirtschaftsbetriebes beinhaltet normalerweise die drei Rechnungen Bilanz, Erfolgs- und Mittelflussrechnung. W\u00e4hlen Sie nachfolgend einer dieser Bereiche aus und untersuchen Sie diesen n\u00e4her. Welche R\u00fcckschl\u00fcsse ziehen Sie?<\/p>\n","protected":false},"author":26,"featured_media":0,"parent":0,"menu_order":20,"comment_status":"closed","ping_status":"closed","template":"","meta":{"_sb_is_suggestion_mode":false,"_sb_show_suggestion_boards":false,"_sb_show_comment_boards":false,"_sb_suggestion_history":"","_sb_update_block_changes":"","_monsterinsights_skip_tracking":false,"_monsterinsights_sitenote_active":false,"_monsterinsights_sitenote_note":"","_monsterinsights_sitenote_category":0,"footnotes":""},"class_list":["post-14","page","type-page","status-publish","hentry"],"_links":{"self":[{"href":"https:\/\/agripedia.ch\/buchhaltungsabschluss\/wp-json\/wp\/v2\/pages\/14","targetHints":{"allow":["GET"]}}],"collection":[{"href":"https:\/\/agripedia.ch\/buchhaltungsabschluss\/wp-json\/wp\/v2\/pages"}],"about":[{"href":"https:\/\/agripedia.ch\/buchhaltungsabschluss\/wp-json\/wp\/v2\/types\/page"}],"author":[{"embeddable":true,"href":"https:\/\/agripedia.ch\/buchhaltungsabschluss\/wp-json\/wp\/v2\/users\/26"}],"replies":[{"embeddable":true,"href":"https:\/\/agripedia.ch\/buchhaltungsabschluss\/wp-json\/wp\/v2\/comments?post=14"}],"version-history":[{"count":17,"href":"https:\/\/agripedia.ch\/buchhaltungsabschluss\/wp-json\/wp\/v2\/pages\/14\/revisions"}],"predecessor-version":[{"id":2834,"href":"https:\/\/agripedia.ch\/buchhaltungsabschluss\/wp-json\/wp\/v2\/pages\/14\/revisions\/2834"}],"wp:attachment":[{"href":"https:\/\/agripedia.ch\/buchhaltungsabschluss\/wp-json\/wp\/v2\/media?parent=14"}],"curies":[{"name":"wp","href":"https:\/\/api.w.org\/{rel}","templated":true}]}}