{"id":116,"date":"2023-06-06T05:50:47","date_gmt":"2023-06-06T03:50:47","guid":{"rendered":"https:\/\/agripedia.ch\/buchhaltungsabschluss\/?page_id=116"},"modified":"2024-10-08T11:52:32","modified_gmt":"2024-10-08T09:52:32","slug":"stabilitaet","status":"publish","type":"page","link":"https:\/\/agripedia.ch\/buchhaltungsabschluss\/stabilitaet\/","title":{"rendered":"Ist der Betrieb widerstandsf\u00e4hig?"},"content":{"rendered":"\n<p>Ein Landwirtschaftsbetrieb ist wie jedes Unternehmen einem <a href=\"https:\/\/agripedia.ch\/terminologie\/begriffe\/?term=Markt\" target=\"_blank\" rel=\"noopener\" title=\"Markt\"><strong>Markt<\/strong><\/a> ausgesetzt. Ver\u00e4nderungen, wie beispielsweise ein Hypothekenzinsanstieg, eine Verteuerung der Produktionsmittel, der Erl\u00f6seinbruch eines Betriebszweiges oder Gesetzes\u00e4nderungen, k\u00f6nnen rasch eintreffen und schwerwiegende finanzielle Folgen mit sich ziehen. Entsprechend sind Betriebsleitende gefordert, sich vorsorglich Gedanken bez\u00fcglich derartigen Risiken und Gefahren im Zusammenhang mit ihrer Betriebsstrategie zu machen, um auch w\u00e4hrend finanziell schw\u00e4cheren Jahren den Fortbestand des Hofes zu sichern.<\/p>\n\n\n\n<p>Sofern ein Betrieb auf <strong>ver\u00e4nderte Rahmenbedingungen<\/strong> reagieren und weiterhin erfolgreich Wirtschaften kann, so gilt dieser als widerstandsf\u00e4hig. In wirtschaftlich guten Jahren sollten hierf\u00fcr finanzielle Reserven angespart werden. Diese Mittel k\u00f6nnen anschliessend f\u00fcr Umstrukturierungen herangezogen werden, ohne zugleich die Liquidit\u00e4t des Betriebes zu gef\u00e4hrden. Ausserdem bieten diese Puffer der Betriebsleiterfamilie eine Existenzabsicherung.<\/p>\n\n\n\n<p>Wie sch\u00e4tzen Sie die Widerstandsf\u00e4higkeit Ihres Betriebes ein?<\/p>\n\n\n\n<p><\/p>\n\n\n\n<figure class=\"wp-block-image aligncenter size-large is-resized\"><img loading=\"lazy\" decoding=\"async\" width=\"933\" height=\"1024\" src=\"https:\/\/agripedia.ch\/buchhaltungsabschluss\/wp-content\/uploads\/sites\/53\/2023\/08\/Widerstandsfaehigkeit-1-933x1024.png\" alt=\"\" class=\"wp-image-1580\" style=\"width:509px;height:558px\" srcset=\"https:\/\/agripedia.ch\/buchhaltungsabschluss\/wp-content\/uploads\/sites\/53\/2023\/08\/Widerstandsfaehigkeit-1-933x1024.png 933w, https:\/\/agripedia.ch\/buchhaltungsabschluss\/wp-content\/uploads\/sites\/53\/2023\/08\/Widerstandsfaehigkeit-1-273x300.png 273w, https:\/\/agripedia.ch\/buchhaltungsabschluss\/wp-content\/uploads\/sites\/53\/2023\/08\/Widerstandsfaehigkeit-1-768x843.png 768w, https:\/\/agripedia.ch\/buchhaltungsabschluss\/wp-content\/uploads\/sites\/53\/2023\/08\/Widerstandsfaehigkeit-1-1400x1536.png 1400w, https:\/\/agripedia.ch\/buchhaltungsabschluss\/wp-content\/uploads\/sites\/53\/2023\/08\/Widerstandsfaehigkeit-1-1866x2048.png 1866w, https:\/\/agripedia.ch\/buchhaltungsabschluss\/wp-content\/uploads\/sites\/53\/2023\/08\/Widerstandsfaehigkeit-1-1200x1317.png 1200w, https:\/\/agripedia.ch\/buchhaltungsabschluss\/wp-content\/uploads\/sites\/53\/2023\/08\/Widerstandsfaehigkeit-1-1980x2173.png 1980w\" sizes=\"auto, (max-width: 933px) 100vw, 933px\" \/><\/figure>\n\n\n\n<h2 class=\"wp-block-heading\">Welche Fragen zur Widerstandsf\u00e4higkeit eines Landwirtschaftsbetriebes interessieren Sie?<\/h2>\n\n\n\n<h3 class=\"wp-block-heading\">Einfache Analyse<\/h3>\n\n\n\n<div class=\"wp-block-buttons is-layout-flex wp-block-buttons-is-layout-flex\">\n<div class=\"wp-block-button\"><a class=\"wp-block-button__link wp-element-button\" href=\"https:\/\/agripedia.ch\/buchhaltungsabschluss\/wie-hoch-liegt-die-derzeitige-verschuldung-des-betriebes\/\" target=\"_blank\" rel=\"noreferrer noopener\">Wie hoch liegt die derzeitige Verschuldung des Betriebes?<\/a><\/div>\n\n\n\n<div class=\"wp-block-button\"><a class=\"wp-block-button__link wp-element-button\" href=\"https:\/\/agripedia.ch\/buchhaltungsabschluss\/wie-ist-das-langfristige-vermoegen-des-betriebes-finanziert\/\" target=\"_blank\" rel=\"noreferrer noopener\">Wie ist das langfristige Verm\u00f6gen des Betriebes finanziert?<\/a><\/div>\n\n\n\n<div class=\"wp-block-button\"><a class=\"wp-block-button__link wp-element-button\" href=\"https:\/\/agripedia.ch\/buchhaltungsabschluss\/wie-entwickelt-sich-das-kurzfristige-fremdkapital-des-betriebes\/\" target=\"_blank\" rel=\"noreferrer noopener\">Wie entwickelt sich das kurzfristige Fremdkapital des Betriebes?<\/a><\/div>\n\n\n\n<div class=\"wp-block-button\"><a class=\"wp-block-button__link wp-element-button\" href=\"https:\/\/agripedia.ch\/buchhaltungsabschluss\/wie-entwickelt-sich-das-langfristige-fremdkapital-des-betriebes\/\" target=\"_blank\" rel=\"noreferrer noopener\">Wie entwickelt sich das langfristige Fremdkapital des Betriebes?<\/a><\/div>\n\n\n\n<div class=\"wp-block-button\"><a class=\"wp-block-button__link wp-element-button\" href=\"https:\/\/agripedia.ch\/buchhaltungsabschluss\/welchen-anteil-weist-das-anlagevermoegen-am-gesamtvermoegen-des-betriebes-auf\/\" target=\"_blank\" rel=\"noreferrer noopener\">Welchen Anteil weist das Anlageverm\u00f6gen am Gesamtverm\u00f6gen des Betriebes auf?<\/a><\/div>\n<\/div>\n\n\n\n<h3 class=\"wp-block-heading\">Vertiefte Analyse<\/h3>\n\n\n\n<div class=\"wp-block-buttons is-content-justification-left is-layout-flex wp-container-core-buttons-is-layout-fdcfc74e wp-block-buttons-is-layout-flex\">\n<div class=\"wp-block-button\"><a class=\"wp-block-button__link wp-element-button\" href=\"https:\/\/agripedia.ch\/buchhaltungsabschluss\/inwieweit-hat-der-betrieb-die-belastungsgrenze-bereits-ausgeschoepft\/\" target=\"_blank\" rel=\"noreferrer noopener\">Inwieweit hat der Betrieb die Belastungsgrenze ausgesch\u00f6pft?<\/a><\/div>\n\n\n\n<div class=\"wp-block-button\"><a class=\"wp-block-button__link wp-element-button\" href=\"https:\/\/agripedia.ch\/buchhaltungsabschluss\/wie-hat-sich-das-eigenkapital-des-betriebes-in-den-vergangenen-jahren-veraendert\/\" target=\"_blank\" rel=\"noreferrer noopener\">Wie hat sich das Eigenkapital des Betriebes in den vergangenen Jahren ver\u00e4ndert?<\/a><\/div>\n\n\n\n<div class=\"wp-block-button\"><a class=\"wp-block-button__link wp-element-button\" href=\"https:\/\/agripedia.ch\/buchhaltungsabschluss\/wie-hat-sich-das-anlagevermoegen-des-betriebes-in-den-vergangenen-jahren-veraendert\/\" target=\"_blank\" rel=\"noreferrer noopener\">Wie hat sich das Anlageverm\u00f6gen des Betriebes in den vergangenen Jahren ver\u00e4ndert?<\/a><\/div>\n\n\n\n<div class=\"wp-block-button\"><a class=\"wp-block-button__link wp-element-button\" href=\"https:\/\/agripedia.ch\/buchhaltungsabschluss\/welchen-anteil-stellt-das-ausserlandwirtschaftliche-einkommen-am-erwerbseinkommen-dar\/\" target=\"_blank\" rel=\"noreferrer noopener\">Welchen Anteil stellt das ausserlandwirtschaftliche Einkommen am Erwerbseinkommen dar?<\/a><\/div>\n\n\n\n<div class=\"wp-block-button\"><a class=\"wp-block-button__link wp-element-button\" href=\"https:\/\/agripedia.ch\/buchhaltungsabschluss\/nach-wie-vielen-jahren-waere-das-langfristige-fremdkapital-unter-verwendung-des-cashflow-zurueckbezahlt\/\" target=\"_blank\" rel=\"noreferrer noopener\">Nach wie vielen Jahren w\u00e4re das langfristige Fremdkapital des Betriebes unter Verwendung des Cashflow zur\u00fcckbezahlt?<\/a><\/div>\n<\/div>\n\n\n\n<p><\/p>\n\n\n\n<div class=\"wp-block-bod-modal-block bod-block-popup align-center\"><button type=\"button\" style=\"color:#ffffff\" class=\"bod-block-popup-trigger type_btn bod-btn\">Auswertung: Ist der Betrieb widerstandsf\u00e4hig?<\/button><div class=\"bod-block-popup-overlay\" data-disabled-overlay-close=\"false\" data-disabled-escape-close=\"false\"><\/div><div role=\"dialog\" aria-labelledby=\"\" aria-describedby=\"\" class=\"bod-block-popup-wrap undefined\"><div style=\"background-color:#ffffff;border-radius:10px\" class=\"bod-block-popup size-m\" data-transition=\"fade\"><div id=\"\" style=\"background-color:#ffffff;text-align:left\" class=\"bod-modal-title\"><h2 style=\"color:#000000\">Welchen Entschluss fassen Sie mit Ihrer Analyse f\u00fcr die strategische Betriebsf\u00fchrung?<\/h2><\/div> <div id=\"\" class=\"bod-modal-content\">\n\n<h6 class=\"wp-block-heading\"><strong>POSITIVES ANALYSEFAZIT<\/strong><\/h6>\n\n\n<p>Stellen Sie anhand der Analyse finanzielle Reserven fest? Entsprechend deren H\u00f6he ist der Betrieb in der Lage, auf ver\u00e4nderte Rahmenbedingungen zu reagieren. Dennoch empfehlen wir Ihnen, die Betriebsstrategie regelm\u00e4ssig neu zu \u00fcberpr\u00fcfen.<\/p>\n\n\n<h6 class=\"wp-block-heading\"><strong>NEGATIVES ANALYSEFAZIT<\/strong> -&gt; Handlungsempfehlungen<\/h6>\n\n\n<p>Stellen Sie einen Handlungsbedarf, beispielsweise aufgrund einer hohen Verschuldung, einer nicht erf\u00fcllten goldenen Bilanzregel oder eines Eigenkapitalverzehrs fest? So empfehlen wir Ihnen folgende Schritte:<\/p>\n\n\n<div class=\"wp-block-columns are-vertically-aligned-center is-layout-flex wp-container-core-columns-is-layout-9d6595d7 wp-block-columns-is-layout-flex\">\n\n<div class=\"wp-block-column is-vertically-aligned-center is-layout-flow wp-block-column-is-layout-flow\" style=\"flex-basis:5%\">\n\n<div class=\"wp-block-getwid-icon\"><div class=\"wp-block-getwid-icon__wrapper\"><i class=\"fas fa-hand-point-up\"><\/i><\/div><\/div>\n\n<\/div>\n\n\n<div class=\"wp-block-column is-vertically-aligned-center is-layout-flow wp-block-column-is-layout-flow\" style=\"flex-basis:95%\">\n\n<ul class=\"wp-block-list\">\n\n<li>Nehmen Sie ebenfalls eine Analyse der Bereiche Zahlungsf\u00e4higkeit und Rentabilit\u00e4t des Betriebes vor und suchen Sie nach m\u00f6glichen Ursachen.<\/li>\n\n\n<li>Unterst\u00fctzung bieten ebenfalls die Buchhaltungs- und Treuhandstelle oder der kantonale Beratungsdienst und die Ansprechperson der Hausbank.<\/li>\n\n<\/ul>\n\n<\/div>\n\n<\/div>\n\n\n<div class=\"wp-block-group is-layout-constrained wp-block-group-is-layout-constrained\">\n\n<h6 class=\"wp-block-heading\">Generelle Empfehlungen zur F\u00f6rderung der widerstandsf\u00e4higkeit eines Betriebes<\/h6>\n\n\n<ul class=\"wp-block-list\">\n\n<li>Informieren Sie sich regelm\u00e4ssig bez\u00fcglich sich ver\u00e4ndernde Rahmenbedingungen, um nicht \u00fcberrascht zu werden und in Zugzwang zu geraten.<\/li>\n\n\n<li>Pr\u00fcfen Sie regelm\u00e4ssig die Betriebsstrategie. Welche politischen und markttechnischen Ver\u00e4nderungen k\u00f6nnten in Zukunft eintreffen, die beispielsweise bauliche Massnahmen ben\u00f6tigen oder den Anbau einer Kultur verunm\u00f6glichen?<\/li>\n\n\n<li>Legen Sie mit nicht ben\u00f6tigten finanziellen Mitteln Reserven an.<\/li>\n\n\n<li>Versuchen Sie Schulden kontinuierlich zur\u00fcckzuzahlen. Bei einem k\u00fcnftigen Kapitalbedarf kann entsprechend eine h\u00f6here Kreditsumme beantragt werden.<\/li>\n\n\n<li>Pr\u00fcfen Sie den Nutzen von Investitionen vorg\u00e4ngig, um Fehlinvestitionen zu verhindern.<\/li>\n\n<\/ul>\n\n<\/div>\n\n<\/div> <\/div> <div class=\"bod-block-popup-closer\"><\/div><\/div><\/div>\n\n\n\n\n\n<div class=\"wp-block-columns is-layout-flex wp-container-core-columns-is-layout-9d6595d7 wp-block-columns-is-layout-flex\">\n<div class=\"wp-block-column is-vertically-aligned-center is-layout-flow wp-block-column-is-layout-flow\">\n<p class=\"has-larger-font-size\"><strong>Ein Projekt von:<\/strong><\/p>\n<\/div>\n\n\n\n<div class=\"wp-block-column is-layout-flow wp-block-column-is-layout-flow\">\n<div class=\"wp-block-image\"><figure class=\"wp-block-image alignleft size-large is-resized\"><a href=\"https:\/\/www.agridea.ch\" target=\"_blank\" rel=\"noopener\"><img loading=\"lazy\" decoding=\"async\" src=\"https:\/\/agripedia.ch\/alpwirtschaft\/wp-content\/uploads\/sites\/46\/2022\/10\/AGRIDEA_4_LANGUES_RGB-1024x210.png\" alt=\"Logo AGRIDEA\" class=\"wp-image-909\" width=\"341\" height=\"100\"><\/a><\/figure><\/div>\n<\/div>\n\n\n\n<div class=\"wp-block-column is-layout-flow wp-block-column-is-layout-flow\">\n<div class=\"wp-block-image\"><figure class=\"wp-block-image alignleft size-large is-resized\"><a href=\"https:\/\/www.bfh.ch\/hafl\/de\/\" target=\"_blank\" rel=\"noopener\"><img loading=\"lazy\" decoding=\"async\" src=\"https:\/\/agripedia.ch\/buchhaltungsabschluss\/wp-content\/uploads\/sites\/53\/2023\/11\/bfh-hafl-logo-neu.png\" alt=\"Logo AGRIDEA\" class=\"wp-image-909\" width=\"341\" height=\"80\"><\/a><\/figure><\/div>\n<\/div>\n<\/div>\n","protected":false},"excerpt":{"rendered":"<p>Ein Landwirtschaftsbetrieb ist wie jedes Unternehmen einem Markt ausgesetzt. Ver\u00e4nderungen, wie beispielsweise ein Hypothekenzinsanstieg, eine Verteuerung der Produktionsmittel, der Erl\u00f6seinbruch eines Betriebszweiges oder Gesetzes\u00e4nderungen, k\u00f6nnen rasch eintreffen und schwerwiegende finanzielle Folgen mit sich ziehen. Entsprechend sind Betriebsleitende gefordert, sich vorsorglich Gedanken bez\u00fcglich derartigen Risiken und Gefahren im Zusammenhang mit ihrer Betriebsstrategie zu machen, um auch [&hellip;]<\/p>\n","protected":false},"author":26,"featured_media":0,"parent":0,"menu_order":40,"comment_status":"closed","ping_status":"closed","template":"","meta":{"_sb_is_suggestion_mode":false,"_sb_show_suggestion_boards":false,"_sb_show_comment_boards":false,"_sb_suggestion_history":"","_sb_update_block_changes":"","_monsterinsights_skip_tracking":false,"_monsterinsights_sitenote_active":false,"_monsterinsights_sitenote_note":"","_monsterinsights_sitenote_category":0,"footnotes":""},"class_list":["post-116","page","type-page","status-publish","hentry"],"_links":{"self":[{"href":"https:\/\/agripedia.ch\/buchhaltungsabschluss\/wp-json\/wp\/v2\/pages\/116","targetHints":{"allow":["GET"]}}],"collection":[{"href":"https:\/\/agripedia.ch\/buchhaltungsabschluss\/wp-json\/wp\/v2\/pages"}],"about":[{"href":"https:\/\/agripedia.ch\/buchhaltungsabschluss\/wp-json\/wp\/v2\/types\/page"}],"author":[{"embeddable":true,"href":"https:\/\/agripedia.ch\/buchhaltungsabschluss\/wp-json\/wp\/v2\/users\/26"}],"replies":[{"embeddable":true,"href":"https:\/\/agripedia.ch\/buchhaltungsabschluss\/wp-json\/wp\/v2\/comments?post=116"}],"version-history":[{"count":28,"href":"https:\/\/agripedia.ch\/buchhaltungsabschluss\/wp-json\/wp\/v2\/pages\/116\/revisions"}],"predecessor-version":[{"id":3170,"href":"https:\/\/agripedia.ch\/buchhaltungsabschluss\/wp-json\/wp\/v2\/pages\/116\/revisions\/3170"}],"wp:attachment":[{"href":"https:\/\/agripedia.ch\/buchhaltungsabschluss\/wp-json\/wp\/v2\/media?parent=116"}],"curies":[{"name":"wp","href":"https:\/\/api.w.org\/{rel}","templated":true}]}}