{"id":2020,"date":"2023-06-06T05:50:47","date_gmt":"2023-06-06T03:50:47","guid":{"rendered":"https:\/\/agripedia.ch\/buchhaltungsabschluss\/ist-der-betrieb-widerstandsfaehig\/"},"modified":"2023-12-05T11:09:10","modified_gmt":"2023-12-05T10:09:10","slug":"ist-der-betrieb-widerstandsfaehig","status":"publish","type":"page","link":"https:\/\/agripedia.ch\/buchhaltungsabschluss\/fr\/ist-der-betrieb-widerstandsfaehig\/","title":{"rendered":"L\u2019exploitation est-elle solide?"},"content":{"rendered":"\n<p>Comme toute entreprise, une exploitation agricole est confront\u00e9e \u00e0 un <a title=\"Markt\" href=\"https:\/\/agripedia.ch\/terminologie\/fr\/termes\/?term=March%C3%A9\" target=\"_blank\" rel=\"noopener\"><strong>march\u00e9<\/strong><\/a>. Des changements tels qu\u2019une hausse des taux hypoth\u00e9caires, un rench\u00e9rissement des moyens de production, l\u2019effondrement des recettes d\u2019une branche de production ou des modifications l\u00e9gislatives peuvent rapidement survenir et entra\u00eener de graves cons\u00e9quences financi\u00e8res. Par pr\u00e9caution, les responsables d\u2019exploitation doivent donc r\u00e9fl\u00e9chir \u00e0 ce type de risques et dangers li\u00e9s \u00e0 leur strat\u00e9gie, afin d\u2019assurer la survie de l\u2019exploitation m\u00eame pendant les ann\u00e9es financi\u00e8rement difficiles.<\/p>\n\n\n\n<p>On consid\u00e8re qu\u2019une exploitation est solide si elle est en mesure de r\u00e9agir aux <strong>changements des conditions-cadres<\/strong> tout en restant \u00e9conomiquement performante. Il est donc conseill\u00e9 de constituer des r\u00e9serves financi\u00e8res pendant les ann\u00e9es prosp\u00e8res. Ces fonds pourront ensuite \u00eatre utilis\u00e9s pour des restructurations, sans pour autant menacer les liquidit\u00e9s de l\u2019exploitation. Ce coussin de s\u00e9curit\u00e9 permet \u00e9galement de garantir la subsistance de la famille exploitante.<\/p>\n\n\n\n<p>Comment \u00e9valuez-vous la solidit\u00e9 de votre exploitation?<\/p>\n\n\n\n<p>&nbsp;<\/p>\n\n\n\n<figure class=\"wp-block-image aligncenter size-large is-resized\"><img loading=\"lazy\" decoding=\"async\" src=\"https:\/\/agripedia.ch\/buchhaltungsabschluss\/wp-content\/uploads\/sites\/53\/2023\/08\/Widerstandsfaehigkeit-1-933x1024.png\" alt=\"\" class=\"wp-image-1580\" width=\"509\" height=\"558\" srcset=\"https:\/\/agripedia.ch\/buchhaltungsabschluss\/wp-content\/uploads\/sites\/53\/2023\/08\/Widerstandsfaehigkeit-1-933x1024.png 933w, https:\/\/agripedia.ch\/buchhaltungsabschluss\/wp-content\/uploads\/sites\/53\/2023\/08\/Widerstandsfaehigkeit-1-273x300.png 273w, https:\/\/agripedia.ch\/buchhaltungsabschluss\/wp-content\/uploads\/sites\/53\/2023\/08\/Widerstandsfaehigkeit-1-768x843.png 768w, https:\/\/agripedia.ch\/buchhaltungsabschluss\/wp-content\/uploads\/sites\/53\/2023\/08\/Widerstandsfaehigkeit-1-1400x1536.png 1400w, https:\/\/agripedia.ch\/buchhaltungsabschluss\/wp-content\/uploads\/sites\/53\/2023\/08\/Widerstandsfaehigkeit-1-1866x2048.png 1866w, https:\/\/agripedia.ch\/buchhaltungsabschluss\/wp-content\/uploads\/sites\/53\/2023\/08\/Widerstandsfaehigkeit-1-1200x1317.png 1200w, https:\/\/agripedia.ch\/buchhaltungsabschluss\/wp-content\/uploads\/sites\/53\/2023\/08\/Widerstandsfaehigkeit-1-1980x2173.png 1980w\" sizes=\"auto, (max-width: 509px) 100vw, 509px\" \/><\/figure>\n\n\n\n<h2 class=\"wp-block-heading\">Quelles questions relatives \u00e0 la solidit\u00e9 d\u2019une exploitation agricole vous int\u00e9ressent?<\/h2>\n\n\n\n<h3 class=\"wp-block-heading\">Analyse simple<\/h3>\n\n\n\n<div class=\"wp-block-buttons is-layout-flex wp-block-buttons-is-layout-flex\">\n<div class=\"wp-block-button\"><a class=\"wp-block-button__link wp-element-button\" href=\"https:\/\/agripedia.ch\/buchhaltungsabschluss\/fr\/quel-est-le-niveau-dendettement-actuel-de-lexploitation\/\" target=\"_blank\" rel=\"noreferrer noopener\">Quel est le niveau d\u2019endettement actuel de l\u2019exploitation?<\/a><\/div>\n\n\n\n<div class=\"wp-block-button\"><a class=\"wp-block-button__link wp-element-button\" href=\"https:\/\/agripedia.ch\/buchhaltungsabschluss\/fr\/comment-lexploitation-finance-t-elle-ses-actifs-a-long-terme\/\" target=\"_blank\" rel=\"noreferrer noopener\">Comment l\u2019exploitation finance-t-elle ses actifs \u00e0 long terme?<\/a><\/div>\n\n\n\n<div class=\"wp-block-button\"><a class=\"wp-block-button__link wp-element-button\" href=\"https:\/\/agripedia.ch\/buchhaltungsabschluss\/fr\/quelle-est-levolution-des-dettes-a-court-terme-de-lexploitation\/\" target=\"_blank\" rel=\"noreferrer noopener\">Quelle est l\u2019\u00e9volution des dettes \u00e0 court terme de l\u2019exploitation?<\/a><\/div>\n\n\n\n<div class=\"wp-block-button\"><a class=\"wp-block-button__link wp-element-button\" href=\"https:\/\/agripedia.ch\/buchhaltungsabschluss\/fr\/quelle-est-levolution-des-dettes-a-long-terme-de-lexploitation\/\" target=\"_blank\" rel=\"noreferrer noopener\">Quelle est l\u2019\u00e9volution des dettes \u00e0 long terme de l\u2019exploitation?<\/a><\/div>\n\n\n\n<div class=\"wp-block-button\"><a class=\"wp-block-button__link wp-element-button\" href=\"https:\/\/agripedia.ch\/buchhaltungsabschluss\/fr\/quelle-est-la-part-des-actifs-immobilises-dans-lactif-total-de-lexploitation\/\" target=\"_blank\" rel=\"noreferrer noopener\">Quelle est la part des actifs immobilis\u00e9s dans l\u2019actif total de l\u2019exploitation?<\/a><\/div>\n<\/div>\n\n\n\n<h3 class=\"wp-block-heading\">Analyse d\u00e9taill\u00e9e<\/h3>\n\n\n\n<div class=\"wp-block-buttons is-content-justification-left is-layout-flex wp-container-core-buttons-is-layout-fdcfc74e wp-block-buttons-is-layout-flex\">\n<div class=\"wp-block-button\"><a class=\"wp-block-button__link wp-element-button\" href=\"https:\/\/agripedia.ch\/buchhaltungsabschluss\/fr\/quelle-part-de-la-charge-maximale-lexploitation-utilise-t-elle-deja\/\" target=\"_blank\" rel=\"noreferrer noopener\">Quelle part de la charge maximale l\u2019exploitation utilise-t-elle d\u00e9j\u00e0?<\/a><\/div>\n\n\n\n<div class=\"wp-block-button\"><a class=\"wp-block-button__link wp-element-button\" href=\"https:\/\/agripedia.ch\/buchhaltungsabschluss\/fr\/comment-les-capitaux-propres-de-lexploitation-ont-ils-evolue-ces-dernieres-annees\/\" target=\"_blank\" rel=\"noreferrer noopener\">Comment les capitaux propres de l\u2019exploitation ont-ils \u00e9volu\u00e9 ces derni\u00e8res ann\u00e9es?<\/a><\/div>\n\n\n\n<div class=\"wp-block-button\"><a class=\"wp-block-button__link wp-element-button\" href=\"https:\/\/agripedia.ch\/buchhaltungsabschluss\/fr\/comment-les-actifs-immobilises-de-lexploitation-ont-ils-evolue-ces-dernieres-annees\/\" target=\"_blank\" rel=\"noreferrer noopener\">Comment les actifs immobilis\u00e9s de l\u2019exploitation ont-ils \u00e9volu\u00e9 ces derni\u00e8res ann\u00e9es?<\/a><\/div>\n\n\n\n<div class=\"wp-block-button\"><a class=\"wp-block-button__link wp-element-button\" href=\"https:\/\/agripedia.ch\/buchhaltungsabschluss\/fr\/quelle-est-la-part-des-revenus-extra-agricoles-dans-le-revenu-de-lactivite-lucrative\/\" target=\"_blank\" rel=\"noreferrer noopener\">Quelle est la part des revenus extra-agricoles dans le revenu de l\u2019activit\u00e9 lucrative?<\/a><\/div>\n\n\n\n<div class=\"wp-block-button\"><a class=\"wp-block-button__link wp-element-button\" href=\"https:\/\/agripedia.ch\/buchhaltungsabschluss\/fr\/combien-dannees-faudrait-il-a-lexploitation-pour-rembourser-les-dettes-a-long-terme-avec-le-cash-flow\/\" target=\"_blank\" rel=\"noreferrer noopener\">Combien d\u2019ann\u00e9es faudrait-il \u00e0 l\u2019exploitation pour rembourser les dettes \u00e0 long terme avec le cash-flow?<\/a><\/div>\n<\/div>\n\n\n\n<p>&nbsp;<\/p>\n\n\n\n<div class=\"wp-block-bod-modal-block bod-block-popup align-center\"><button type=\"button\" style=\"background-color:rgba(112,43,43,0.57);color:#ffffff\" class=\"bod-block-popup-trigger type_btn bod-btn\">\u00c9VALUATION: L\u2019EXPLOITATION EST-ELLE SOLIDE?<\/button><div style=\"background-color:rgba(0, 0, 0, 0.1)\" class=\"bod-block-popup-overlay\" data-disabled-overlay-close=\"false\" data-disabled-escape-close=\"false\"><\/div><div role=\"dialog\" aria-modal=\"false\" aria-labelledby=\"\" aria-describedby=\"\" class=\"bod-block-popup-wrap undefined\"><div style=\"background-color:#ffffff;border-radius:10px \" class=\"bod-block-popup size-m\" data-transition=\"fade\"><div id=\"\" style=\"background-color:#ffffff;text-align:left\" class=\"bod-modal-title\"><h2 style=\"color:#000000\">Sur la base de votre analyse, que d\u00e9cidez-vous de faire pour la gestion strat\u00e9gique de l\u2019exploitation?<\/h2><\/div> <div id=\"\" class=\"bod-modal-content\">\n<h6 class=\"wp-block-heading\"><strong>L\u2019ANALYSE M\u00c8NE \u00c0 DES CONCLUSIONS POSITIVES<\/strong><\/h6>\n\n\n\n<p>L\u2019analyse vous a permis de constater que vous disposez de r\u00e9serves financi\u00e8res? Selon leur montant, l\u2019exploitation est en mesure de r\u00e9agir aux changements des conditions-cadres. Cependant, nous vous recommandons d\u2019examiner r\u00e9guli\u00e8rement la strat\u00e9gie de votre exploitation.<\/p>\n\n\n\n<h6 class=\"wp-block-heading\"><strong>L\u2019ANALYSE M\u00c8NE \u00c0 DES CONSLUSIONS N\u00c9GATIVES<\/strong>&nbsp;-&gt; RECOMMANDATIONS<\/h6>\n\n\n\n<p>Vous constatez que vous devez agir, par exemple parce que l\u2019endettement est \u00e9lev\u00e9, qu\u2019une r\u00e8gle d\u2019or du bilan n\u2019est pas respect\u00e9e ou que vous consommez les capitaux propres? Voici nos recommandations:<\/p>\n\n\n\n<div class=\"wp-block-columns is-layout-flex wp-container-core-columns-is-layout-9d6595d7 wp-block-columns-is-layout-flex\">\n<div class=\"wp-block-column is-vertically-aligned-center is-layout-flow wp-block-column-is-layout-flow\" style=\"flex-basis:5%\">\n<div class=\"wp-block-getwid-icon\"><div class=\"wp-block-getwid-icon__wrapper\"><i class=\"fas fa-hand-point-up\"><\/i><\/div><\/div>\n<\/div>\n\n\n\n<div class=\"wp-block-column is-layout-flow wp-block-column-is-layout-flow\">\n<ul class=\"wp-block-list\">\n<li>Faites \u00e9galement une analyse de solvabilit\u00e9 et de rentabilit\u00e9 de l\u2019exploitation et identifiez les causes possibles.<\/li>\n<\/ul>\n\n\n\n<ul class=\"wp-block-list\">\n<li>Vous pouvez aussi trouver de l\u2019aide aupr\u00e8s de votre fiduciaire, du service de conseil cantonal ou de l\u2019interlocuteur de votre banque.<\/li>\n<\/ul>\n<\/div>\n<\/div>\n\n\n\n<h6 class=\"wp-block-heading\">RECOMMANDATIONS G\u00c9N\u00c9RALES POUR AM\u00c9LIORER LA SOLIDIT\u00c9 D\u2019UNE EXPLOITATION<\/h6>\n\n\n\n<ul class=\"wp-block-list\">\n<li>Informez-vous r\u00e9guli\u00e8rement des changements des conditions-cadres pour ne pas \u00eatre pris au d\u00e9pourvu et devoir agir dans l\u2019urgence.<\/li>\n\n\n\n<li>Examinez r\u00e9guli\u00e8rement la strat\u00e9gie de votre exploitation. Quels changements dans la politique ou le march\u00e9 pourraient survenir, et vous obligeraient par exemple \u00e0 effectuer certains travaux de construction ou vous interdiraient un type de culture?<\/li>\n\n\n\n<li>Constituez des r\u00e9serves avec les liquidit\u00e9s dont vous n\u2019avez pas besoin.<\/li>\n\n\n\n<li>Essayez de rembourser vos dettes de fa\u00e7on continue. Le jour o\u00f9 vous aurez \u00e0 nouveau besoin de fonds, vous pourrez alors demander un cr\u00e9dit plus \u00e9lev\u00e9.<\/li>\n\n\n\n<li>Examinez l\u2019utilit\u00e9 de chaque investissement avant de vous lancer afin d\u2019\u00e9viter les mauvais investissements.<\/li>\n<\/ul>\n<\/div> <\/div> <div class=\"bod-block-popup-closer\"><\/div><\/div><\/div>\n\n\n\n<div class=\"wp-block-bod-modal-block bod-block-popup align-center\"><button type=\"button\" style=\"background-color:rgba(66,86,111,0.97);color:#ffffff\" class=\"bod-block-popup-trigger type_btn bod-btn\">Informations compl\u00e9mentaires<\/button><div style=\"background-color:rgba(0, 0, 0, 0.1)\" class=\"bod-block-popup-overlay\" data-disabled-overlay-close=\"false\" data-disabled-escape-close=\"false\"><\/div><div role=\"dialog\" aria-modal=\"false\" aria-labelledby=\"\" aria-describedby=\"\" class=\"bod-block-popup-wrap undefined\"><div style=\"background-color:#ffffff;border-radius:10px \" class=\"bod-block-popup size-m\" data-transition=\"fade\"><div id=\"\" style=\"background-color:#ffffff;text-align:left\" class=\"bod-modal-title\"><h2 style=\"color:#000000\">Vous trouverez plus d\u2019informations sur l\u2019analyse comptable agricole aupr\u00e8s des services suivants:<\/h2><\/div> <div id=\"\" class=\"bod-modal-content\">\n<ul class=\"wp-block-list\">\n<li><a href=\"https:\/\/fidagri.ch\/fr\/\" target=\"_blank\" rel=\"noreferrer noopener\">Association fiduciaire agricole suisse<\/a><\/li>\n\n\n\n<li><a href=\"https:\/\/www.agridea.ch\/fr\/agridea\/adresses-de-la-vulgarisation\/\" target=\"_blank\" rel=\"noreferrer noopener\">Services cantonaux de vulgarisation agricole<\/a><\/li>\n\n\n\n<li><a href=\"http:\/\/www.bfs-fvs.ch\/\" target=\"_blank\" rel=\"noreferrer noopener\">Forum La Vulg Suisse<\/a>&nbsp;(FVS)<\/li>\n\n\n\n<li><a href=\"https:\/\/www.suissemelio.ch\/fr\/\" target=\"_blank\" rel=\"noreferrer noopener\">suissemelio&nbsp;\u2013 Association suisse pour le d\u00e9veloppement rural<\/a><\/li>\n<\/ul>\n\n\n\n<ul class=\"wp-block-list\">\n<li><a href=\"https:\/\/agrarbericht.ch\/fr\" target=\"_blank\" rel=\"noreferrer noopener\">RAPPORT AGRICOLE<\/a><\/li>\n\n\n\n<li><a href=\"http:\/\/www.agridea.ch\/\" target=\"_blank\" rel=\"noreferrer noopener\">Agridea \u2013 D\u00e9veloppement de l\u2019agriculture et de l\u2019espace rural<\/a>&nbsp;<\/li>\n\n\n\n<li><a href=\"https:\/\/www.agroscope.admin.ch\/agroscope\/fr\/home.html\" target=\"_blank\" rel=\"noreferrer noopener\">Agroscope \u2013 Recherche commune pour l\u2019avenir<\/a><\/li>\n\n\n\n<li><a href=\"https:\/\/www.blw.admin.ch\/blw\/fr\/home.html\" target=\"_blank\" rel=\"noreferrer noopener\">Office f\u00e9d\u00e9ral de l\u2019agriculture<\/a>&nbsp;(OFAG)<\/li>\n\n\n\n<li><a href=\"https:\/\/www.agirinfo.com\/\" target=\"_blank\" rel=\"noopener\" title=\"\">Agence d\u2019information agricole romande<\/a>&nbsp;(AGIR)<\/li>\n<\/ul>\n\n\n\n<ul class=\"wp-block-list\">\n<li><a href=\"https:\/\/www.sbv-usp.ch\/fr\/\" target=\"_blank\" rel=\"noreferrer noopener\">Union suisse des paysans<\/a>&nbsp;(USP)<\/li>\n\n\n\n<li><a href=\"https:\/\/www.paysannes.ch\/\" target=\"_blank\" rel=\"noreferrer noopener\">Union suisse des paysannes et des femmes rurales<\/a>&nbsp;(USPF)<\/li>\n<\/ul>\n\n\n\n<p><\/p>\n<\/div> <\/div> <div class=\"bod-block-popup-closer\"><\/div><\/div><\/div>\n\n\n\n<div class=\"wp-block-columns is-layout-flex wp-container-core-columns-is-layout-9d6595d7 wp-block-columns-is-layout-flex\">\n<div class=\"wp-block-column is-vertically-aligned-center is-layout-flow wp-block-column-is-layout-flow\">\n<p class=\"has-larger-font-size\"><strong>Un projet de :<\/strong><\/p>\n<\/div>\n\n\n\n<div class=\"wp-block-column is-layout-flow wp-block-column-is-layout-flow\">\n<div class=\"wp-block-image\"><figure class=\"wp-block-image alignleft size-large is-resized\"><a href=\"https:\/\/www.agridea.ch\/fr\/\" target=\"_blank\" rel=\"noopener\"><img loading=\"lazy\" decoding=\"async\" src=\"https:\/\/agripedia.ch\/alpwirtschaft\/wp-content\/uploads\/sites\/46\/2022\/10\/AGRIDEA_4_LANGUES_RGB-1024x210.png\" alt=\"Logo AGRIDEA\" class=\"wp-image-909\" width=\"341\" height=\"100\"><\/a><\/figure><\/div>\n<\/div>\n\n\n\n<div class=\"wp-block-column is-layout-flow wp-block-column-is-layout-flow\">\n<div class=\"wp-block-image\"><figure class=\"wp-block-image alignleft size-large is-resized\"><a href=\"https:\/\/www.bfh.ch\/hafl\/fr\/\" target=\"_blank\" rel=\"noopener\"><img loading=\"lazy\" decoding=\"async\" src=\"https:\/\/agripedia.ch\/buchhaltungsabschluss\/wp-content\/uploads\/sites\/53\/2023\/11\/BFH_Logo_B_HAFL_fr_75_RGB-neu.png\" alt=\"Logo AGRIDEA\" class=\"wp-image-909\" width=\"341\" height=\"80\"><\/a><\/figure><\/div>\n<\/div>\n<\/div>\n","protected":false},"excerpt":{"rendered":"<p>Comme toute entreprise, une exploitation agricole est confront\u00e9e \u00e0 un march\u00e9. Des changements tels qu\u2019une hausse des taux hypoth\u00e9caires, un rench\u00e9rissement des moyens de production, l\u2019effondrement des recettes d\u2019une branche de production ou des modifications l\u00e9gislatives peuvent rapidement survenir et entra\u00eener de graves cons\u00e9quences financi\u00e8res. Par pr\u00e9caution, les responsables d\u2019exploitation doivent donc r\u00e9fl\u00e9chir \u00e0 ce [&hellip;]<\/p>\n","protected":false},"author":26,"featured_media":0,"parent":0,"menu_order":40,"comment_status":"closed","ping_status":"closed","template":"","meta":{"_sb_is_suggestion_mode":false,"_sb_show_suggestion_boards":false,"_sb_show_comment_boards":false,"_sb_suggestion_history":"","_sb_update_block_changes":"","_monsterinsights_skip_tracking":false,"_monsterinsights_sitenote_active":false,"_monsterinsights_sitenote_note":"","_monsterinsights_sitenote_category":0,"footnotes":""},"class_list":["post-2020","page","type-page","status-publish","hentry"],"_links":{"self":[{"href":"https:\/\/agripedia.ch\/buchhaltungsabschluss\/fr\/wp-json\/wp\/v2\/pages\/2020","targetHints":{"allow":["GET"]}}],"collection":[{"href":"https:\/\/agripedia.ch\/buchhaltungsabschluss\/fr\/wp-json\/wp\/v2\/pages"}],"about":[{"href":"https:\/\/agripedia.ch\/buchhaltungsabschluss\/fr\/wp-json\/wp\/v2\/types\/page"}],"author":[{"embeddable":true,"href":"https:\/\/agripedia.ch\/buchhaltungsabschluss\/fr\/wp-json\/wp\/v2\/users\/26"}],"replies":[{"embeddable":true,"href":"https:\/\/agripedia.ch\/buchhaltungsabschluss\/fr\/wp-json\/wp\/v2\/comments?post=2020"}],"version-history":[{"count":17,"href":"https:\/\/agripedia.ch\/buchhaltungsabschluss\/fr\/wp-json\/wp\/v2\/pages\/2020\/revisions"}],"predecessor-version":[{"id":3095,"href":"https:\/\/agripedia.ch\/buchhaltungsabschluss\/fr\/wp-json\/wp\/v2\/pages\/2020\/revisions\/3095"}],"wp:attachment":[{"href":"https:\/\/agripedia.ch\/buchhaltungsabschluss\/fr\/wp-json\/wp\/v2\/media?parent=2020"}],"curies":[{"name":"wp","href":"https:\/\/api.w.org\/{rel}","templated":true}]}}