{"id":2014,"date":"2023-06-06T05:44:55","date_gmt":"2023-06-06T03:44:55","guid":{"rendered":"https:\/\/agripedia.ch\/buchhaltungsabschluss\/ist-der-betrieb-zahlungsfaehig\/"},"modified":"2023-11-24T10:21:28","modified_gmt":"2023-11-24T09:21:28","slug":"ist-der-betrieb-zahlungsfaehig","status":"publish","type":"page","link":"https:\/\/agripedia.ch\/buchhaltungsabschluss\/fr\/ist-der-betrieb-zahlungsfaehig\/","title":{"rendered":"L\u2019exploitation est-elle solvable?"},"content":{"rendered":"\n<p>Pouvoir payer ses engagements dans les d\u00e9lais est une condition essentielle \u00e0 la r\u00e9ussite de toute activit\u00e9 \u00e9conomique. Pour d\u00e9finir cette capacit\u00e9, on se base sur les <a title=\"Eink\u00fcnfte\" href=\"https:\/\/agripedia.ch\/terminologie\/fr\/termes\/?term=Revenu%20de%20l%27activit%C3%A9%20lucrative\" target=\"_blank\" rel=\"noopener\">ressources<\/a> g\u00e9n\u00e9r\u00e9es sous forme de <a title=\"fl\u00fcssigen Mitteln\" href=\"https:\/\/agripedia.ch\/terminologie\/fr\/termes\/?term=Liquidit%C3%A9s\" target=\"_blank\" rel=\"noopener\">liquidit\u00e9s<\/a>. Celles-ci peuvent varier selon le type d\u2019exploitation. Par exemple, une exploitation laiti\u00e8re re\u00e7oit r\u00e9guli\u00e8rement la paie du lait sur son compte. Pour une exploitation mara\u00eech\u00e8re en revanche, le d\u00e9lai entre l\u2019achat des moyens de production et l\u2019encaissement du produit des ventes est nettement plus long. Ces deux exploitations doivent toutefois s\u2019assurer de pouvoir payer en tout temps les factures courantes.<\/p>\n\n\n\n<p>Si une exploitation n\u2019a pas suffisamment de <a title=\"Liquidit\u00e4t\" href=\"https:\/\/agripedia.ch\/terminologie\/fr\/termes\/?term=Liquidit%C3%A9\" target=\"_blank\" rel=\"noopener\"><strong>liquidit\u00e9s<\/strong><\/a>, pour honorer ses obligations dans les d\u00e9lais, elle s\u2019expose \u00e0 des frais de rappel et des int\u00e9r\u00eats de retard. En m\u00eame temps, elle ne peut plus payer les moyens de production, les salaires et les int\u00e9r\u00eats, et risque un arr\u00eat de la production. Si ce manque de liquidit\u00e9s se prolonge, la probabilit\u00e9 d\u2019une mise aux poursuites augmente. Et la survie de l\u2019exploitation agricole s\u2019en retrouve gravement menac\u00e9e.<\/p>\n\n\n\n<p>La solvabilit\u00e9 d\u2019une entreprise repr\u00e9sente son oxyg\u00e8ne. Il est donc extr\u00eamement important de v\u00e9rifier r\u00e9guli\u00e8rement ce domaine.<\/p>\n\n\n\n<p>La solvabilit\u00e9 de votre exploitation agricole est-elle assur\u00e9e?<\/p>\n\n\n\n<p>&nbsp;<\/p>\n\n\n\n<figure class=\"wp-block-image aligncenter size-large is-resized\"><img loading=\"lazy\" decoding=\"async\" src=\"https:\/\/agripedia.ch\/buchhaltungsabschluss\/wp-content\/uploads\/sites\/53\/2023\/08\/Zahlungsfaehigkeit-915x1024.png\" alt=\"\" class=\"wp-image-1587\" width=\"503\" height=\"562\" srcset=\"https:\/\/agripedia.ch\/buchhaltungsabschluss\/wp-content\/uploads\/sites\/53\/2023\/08\/Zahlungsfaehigkeit-915x1024.png 915w, https:\/\/agripedia.ch\/buchhaltungsabschluss\/wp-content\/uploads\/sites\/53\/2023\/08\/Zahlungsfaehigkeit-268x300.png 268w, https:\/\/agripedia.ch\/buchhaltungsabschluss\/wp-content\/uploads\/sites\/53\/2023\/08\/Zahlungsfaehigkeit-768x859.png 768w, https:\/\/agripedia.ch\/buchhaltungsabschluss\/wp-content\/uploads\/sites\/53\/2023\/08\/Zahlungsfaehigkeit-1373x1536.png 1373w, https:\/\/agripedia.ch\/buchhaltungsabschluss\/wp-content\/uploads\/sites\/53\/2023\/08\/Zahlungsfaehigkeit-1831x2048.png 1831w, https:\/\/agripedia.ch\/buchhaltungsabschluss\/wp-content\/uploads\/sites\/53\/2023\/08\/Zahlungsfaehigkeit-1200x1342.png 1200w, https:\/\/agripedia.ch\/buchhaltungsabschluss\/wp-content\/uploads\/sites\/53\/2023\/08\/Zahlungsfaehigkeit-1980x2215.png 1980w\" sizes=\"auto, (max-width: 503px) 100vw, 503px\" \/><\/figure>\n\n\n\n<h2 class=\"wp-block-heading\">Quelles questions relatives \u00e0 la solvabilit\u00e9 d\u2019une exploitation agricole vous int\u00e9ressent?<\/h2>\n\n\n\n<h3 class=\"wp-block-heading\">Analyse simple<\/h3>\n\n\n\n<div class=\"wp-block-buttons is-layout-flex wp-block-buttons-is-layout-flex\">\n<div class=\"wp-block-button\"><a class=\"wp-block-button__link wp-element-button\" href=\"https:\/\/agripedia.ch\/buchhaltungsabschluss\/fr\/comment-les-liquidites-de-lexploitation-ont-elles-varie-par-rapport-aux-annees-precedentes\/\" target=\"_blank\" rel=\"noreferrer noopener\">Comment les liquidit\u00e9s de l\u2019exploitation ont-elles vari\u00e9 par rapport aux ann\u00e9es pr\u00e9c\u00e9dentes?<\/a><\/div>\n\n\n\n<div class=\"wp-block-button\"><a class=\"wp-block-button__link wp-element-button\" href=\"https:\/\/agripedia.ch\/buchhaltungsabschluss\/fr\/y-a-t-il-suffisamment-de-liquidites-pour-payer-les-factures-ouvertes-dans-les-delais\/\" target=\"_blank\" rel=\"noreferrer noopener\">Y a-t-il suffisamment de liquidit\u00e9s pour payer les factures ouvertes dans les d\u00e9lais?<\/a><\/div>\n<\/div>\n\n\n\n<div class=\"wp-block-columns is-layout-flex wp-container-core-columns-is-layout-9d6595d7 wp-block-columns-is-layout-flex\">\n<div class=\"wp-block-column is-layout-flow wp-block-column-is-layout-flow\" style=\"flex-basis: 100%\">\u00a0<\/div>\n<\/div>\n\n\n\n<h3 class=\"wp-block-heading\">Analyse d\u00e9taill\u00e9e<\/h3>\n\n\n\n<div class=\"wp-block-buttons is-content-justification-space-between is-layout-flex wp-container-core-buttons-is-layout-3d213aab wp-block-buttons-is-layout-flex\">\n<div class=\"wp-block-button\"><a class=\"wp-block-button__link wp-element-button\" href=\"https:\/\/agripedia.ch\/buchhaltungsabschluss\/fr\/les-couts-annuels-de-leasing-sont-ils-supportables-pour-lexploitation\/\" target=\"_blank\" rel=\"noreferrer noopener\">Les co\u00fbts annuels de leasing sont-ils supportables pour l\u2019exploitation?<\/a><\/div>\n\n\n\n<div class=\"wp-block-button\"><a class=\"wp-block-button__link wp-element-button\" href=\"https:\/\/agripedia.ch\/buchhaltungsabschluss\/fr\/quelle-est-la-consommation-privee-de-la-famille-exploitante\/\" target=\"_blank\" rel=\"noreferrer noopener\">Quelle est la consommation priv\u00e9e de la famille exploitante?<\/a><\/div>\n\n\n\n<div class=\"wp-block-button\"><a class=\"wp-block-button__link wp-element-button\" href=\"https:\/\/agripedia.ch\/buchhaltungsabschluss\/fr\/comment-evalue-t-on-pour-une-exploitation-si-la-charge-resultant-dun-investissement-est-supportable\/\" target=\"_blank\" rel=\"noreferrer noopener\">Comment \u00e9value-t-on pour une exploitation si la charge r\u00e9sultant d\u2019un investissement est supportable?<\/a><\/div>\n\n\n\n<div class=\"wp-block-button\"><a class=\"wp-block-button__link wp-element-button\" href=\"https:\/\/agripedia.ch\/buchhaltungsabschluss\/fr\/quel-montant-les-responsables-dexploitation-ont-ils-verse-dans-leur-prevoyance-vieillesse-cette-annee\/\" target=\"_blank\" rel=\"noreferrer noopener\">Quel montant les responsables d\u2019exploitation ont-ils vers\u00e9 dans leur pr\u00e9voyance vieillesse cette ann\u00e9e?<\/a><\/div>\n\n\n\n<div class=\"wp-block-button\"><a class=\"wp-block-button__link wp-element-button\" href=\"https:\/\/agripedia.ch\/buchhaltungsabschluss\/fr\/dans-quelle-mesure-lexploitation-est-elle-capable-de-financer-des-investissements-de-remplacement-et-de-developpement-a-partir-du-chiffre-daffaires\/\" target=\"_blank\" rel=\"noreferrer noopener\">Dans quelle mesure l\u2019exploitation peut-elle financer des investissements de remplacement et de d\u00e9veloppement \u00e0 partir du chiffre d\u2019affaires?<\/a><\/div>\n\n\n\n<div class=\"wp-block-button\"><a class=\"wp-block-button__link wp-element-button\" href=\"https:\/\/agripedia.ch\/buchhaltungsabschluss\/fr\/comment-la-tresorerie-nette-globale-de-lexploitation-a-t-elle-evolue-ces-dernieres-annees\/\" target=\"_blank\" rel=\"noreferrer noopener\">Comment la tr\u00e9sorerie nette globale de l\u2019exploitation a-t-elle \u00e9volu\u00e9 ces derni\u00e8res ann\u00e9es?<\/a><\/div>\n\n\n\n<div class=\"wp-block-button\"><a class=\"wp-block-button__link wp-element-button\" href=\"https:\/\/agripedia.ch\/buchhaltungsabschluss\/fr\/fr-welche-mittel-konnte-der-betrieb-fur-investitionen-schuldentilgungen-und-personliche-vorsorge-im-vergangenen-jahr-erarbeiten\/\" target=\"_blank\" rel=\"noreferrer noopener\">Quels moyens l\u2019exploitation a-t-elle pu d\u00e9gager l\u2019ann\u00e9e pr\u00e9c\u00e9dente pour les investissements, les remboursements d\u2019emprunts et la pr\u00e9voyance professionnelle?<\/a><\/div>\n\n\n<\/div>\n\n\n\n<p>&nbsp;<\/p>\n\n\n\n<div class=\"wp-block-bod-modal-block bod-block-popup align-center\"><button type=\"button\" style=\"background-color:rgba(0,0,0,0.76);color:#ffffff\" class=\"bod-block-popup-trigger type_btn bod-btn\">\u00c9valuation: L\u2019exploitation est-elle solvable?<\/button><div style=\"background-color:rgba(0, 0, 0, 0.1)\" class=\"bod-block-popup-overlay\" data-disabled-overlay-close=\"false\" data-disabled-escape-close=\"false\"><\/div><div role=\"dialog\" aria-modal=\"false\" aria-labelledby=\"\" aria-describedby=\"\" class=\"bod-block-popup-wrap undefined\"><div style=\"background-color:#ffffff;border-radius:10px \" class=\"bod-block-popup size-m\" data-transition=\"fade\"><div id=\"\" style=\"background-color:#ffffff;text-align:left\" class=\"bod-modal-title\"><h2 style=\"color:#000000\">Sur la base de votre analyse, que d\u00e9cidez-vous de faire pour la gestion strat\u00e9gique de l\u2019exploitation?<\/h2><\/div> <div id=\"\" class=\"bod-modal-content\">\n<h6 class=\"wp-block-heading\">L\u2019ANALYSE M\u00c8NE \u00c0 DES CONCLUSIONS POSITIVES<\/h6>\n\n\n\n<p>Sur la base des questions d\u2019analyse, vous constatez que vous ne risquez pas d\u2019\u00eatre \u00e0 court de liquidit\u00e9s? L\u2019exploitation a donc suffisamment de liquidit\u00e9s pour faire face \u00e0 ses obligations courantes. Cependant, nous vous recommandons de v\u00e9rifier r\u00e9guli\u00e8rement l\u2019\u00e9tat des liquidit\u00e9s.<\/p>\n\n\n\n<h6 class=\"wp-block-heading\">L\u2019ANALYSE M\u00c8NE \u00c0 DES CONCLUSIONS N\u00c9GATIVES -&gt; RECOMMANDATIONS<\/h6>\n\n\n\n<p>Vous constatez que vous devez agir? Nous vous recommandons d\u2019examiner au plus vite les possibilit\u00e9s suivantes pour \u00e9viter d\u2019\u00eatre \u00e0 court de liquidit\u00e9s, ce qui aurait de lourdes cons\u00e9quences: <\/p>\n\n\n\n<div class=\"wp-block-columns is-layout-flex wp-container-core-columns-is-layout-9d6595d7 wp-block-columns-is-layout-flex\">\n<div class=\"wp-block-column is-vertically-aligned-center is-layout-flow wp-block-column-is-layout-flow\" style=\"flex-basis:10%\">\n<div class=\"wp-block-getwid-icon is-aligned-center\"><div class=\"wp-block-getwid-icon__wrapper\"><i class=\"fas fa-hand-point-up\"><\/i><\/div><\/div>\n<\/div>\n\n\n\n<div class=\"wp-block-column is-layout-flow wp-block-column-is-layout-flow\" style=\"flex-basis:90%\">\n<ul class=\"wp-block-list\">\n<li>Planifiez soigneusement votre budget pour ces prochains mois et ces prochaines ann\u00e9es.<\/li>\n\n\n\n<li>Envoyez rapidement vos factures aux clients.<\/li>\n\n\n\n<li>Accordez \u00e0 vos clients des d\u00e9lais de paiement plus courts.<\/li>\n\n\n\n<li>Demandez des acomptes \u00e0 vos clients.<\/li>\n\n\n\n<li>N\u00e9gociez des d\u00e9lais de paiement plus longs avec vos fournisseurs.<\/li>\n\n\n\n<li>Achetez vos moyens de production par lots pour n\u00e9gocier des rabais.<\/li>\n\n\n\n<li>R\u00e9fl\u00e9chissez \u00e0 votre production: que pourriez-vous rendre plus efficace pour \u00e9conomiser des co\u00fbts?<\/li>\n\n\n\n<li>Reportez les achats non urgents \u00e0 une date o\u00f9 vous aurez suffisamment de liquidit\u00e9s.<\/li>\n\n\n\n<li>Repoussez les travaux d\u2019entretien \u00e0 une date ult\u00e9rieure. Attention toutefois \u00e0 ne pas mettre en danger votre production.<\/li>\n\n\n\n<li>R\u00e9duisez autant que possible les pr\u00e9l\u00e8vements priv\u00e9s.<\/li>\n\n\n\n<li>Pouvez-vous apporter davantage de liquidit\u00e9s de la fortune priv\u00e9e?<\/li>\n\n\n\n<li>Demandez \u00e0 la banque une limite sur le compte courant que vous pouvez utiliser si les liquidit\u00e9s manquent pour une courte p\u00e9riode. Mais attention: si le compte courant bancaire de l\u2019exploitation est souvent ou toujours en n\u00e9gatif, il vous faut examiner les possibilit\u00e9s de cr\u00e9dits moins chers.<\/li>\n\n\n\n<li>Si vous songez \u00e0 recourir \u00e0 de petits cr\u00e9dits ou \u00e0 des leasings pour g\u00e9n\u00e9rer des liquidit\u00e9s ou \u00e9conomiser, examinez soigneusement cette d\u00e9cision: les co\u00fbts peuvent \u00eatre \u00e9lev\u00e9s.<\/li>\n\n\n\n<li>Vous pouvez aussi trouver de l\u2019aide aupr\u00e8s de votre fiduciaire, du service de conseil cantonal ou de l\u2019interlocuteur de votre banque.<\/li>\n<\/ul>\n<\/div>\n<\/div>\n\n\n\n<p><\/p>\n<\/div> <\/div> <div class=\"bod-block-popup-closer\"><\/div><\/div><\/div>\n\n\n\n<div class=\"wp-block-bod-modal-block bod-block-popup align-center\"><button type=\"button\" style=\"background-color:rgba(66,86,111,0.97);color:#ffffff\" class=\"bod-block-popup-trigger type_btn bod-btn\">Informations compl\u00e9mentaires<\/button><div style=\"background-color:rgba(0, 0, 0, 0.1)\" class=\"bod-block-popup-overlay\" data-disabled-overlay-close=\"false\" data-disabled-escape-close=\"false\"><\/div><div role=\"dialog\" aria-modal=\"false\" aria-labelledby=\"\" aria-describedby=\"\" class=\"bod-block-popup-wrap undefined\"><div style=\"background-color:#ffffff;border-radius:10px \" class=\"bod-block-popup size-m\" data-transition=\"fade\"><div id=\"\" style=\"background-color:#ffffff;text-align:left\" class=\"bod-modal-title\"><h2 style=\"color:#000000\">Vous trouverez plus d\u2019informations sur l\u2019analyse comptable agricole aupr\u00e8s des services suivants:<\/h2><\/div> <div id=\"\" class=\"bod-modal-content\">\n<ul class=\"wp-block-list\">\n<li><a href=\"https:\/\/fidagri.ch\/fr\/\" target=\"_blank\" rel=\"noreferrer noopener\">Association fiduciaire agricole suisse<\/a><\/li>\n\n\n\n<li><a href=\"https:\/\/www.agridea.ch\/fr\/agridea\/adresses-de-la-vulgarisation\/\" target=\"_blank\" rel=\"noreferrer noopener\">Services cantonaux de vulgarisation agricole<\/a><\/li>\n\n\n\n<li><a href=\"http:\/\/www.bfs-fvs.ch\/\" target=\"_blank\" rel=\"noreferrer noopener\">Forum La Vulg Suisse<\/a>&nbsp;(FVS)<\/li>\n\n\n\n<li><a href=\"https:\/\/www.suissemelio.ch\/fr\/\" target=\"_blank\" rel=\"noreferrer noopener\">suissemelio&nbsp;\u2013 Association suisse pour le d\u00e9veloppement rural<\/a><\/li>\n<\/ul>\n\n\n\n<ul class=\"wp-block-list\">\n<li><a href=\"https:\/\/agrarbericht.ch\/fr\" target=\"_blank\" rel=\"noreferrer noopener\">RAPPORT AGRICOLE<\/a><\/li>\n\n\n\n<li><a href=\"http:\/\/www.agridea.ch\/\" target=\"_blank\" rel=\"noreferrer noopener\">Agridea \u2013 D\u00e9veloppement de l\u2019agriculture et de l\u2019espace rural<\/a>&nbsp;<\/li>\n\n\n\n<li><a href=\"https:\/\/www.agroscope.admin.ch\/agroscope\/fr\/home.html\" target=\"_blank\" rel=\"noreferrer noopener\">Agroscope \u2013 Recherche commune pour l\u2019avenir<\/a><\/li>\n\n\n\n<li><a href=\"https:\/\/www.blw.admin.ch\/blw\/fr\/home.html\" target=\"_blank\" rel=\"noreferrer noopener\">Office f\u00e9d\u00e9ral de l\u2019agriculture<\/a>&nbsp;(OFAG)<\/li>\n\n\n\n<li><a href=\"https:\/\/www.agirinfo.com\/\" target=\"_blank\" rel=\"noopener\" title=\"\">Agence d\u2019information agricole romande<\/a>&nbsp;(AGIR)<\/li>\n<\/ul>\n\n\n\n<ul class=\"wp-block-list\">\n<li><a href=\"https:\/\/www.sbv-usp.ch\/fr\/\" target=\"_blank\" rel=\"noreferrer noopener\">Union suisse des paysans<\/a>&nbsp;(USP)<\/li>\n\n\n\n<li><a href=\"https:\/\/www.paysannes.ch\/\" target=\"_blank\" rel=\"noreferrer noopener\">Union suisse des paysannes et des femmes rurales<\/a>&nbsp;(USPF)<\/li>\n<\/ul>\n\n\n\n<p><\/p>\n<\/div> <\/div> <div class=\"bod-block-popup-closer\"><\/div><\/div><\/div>\n\n\n\n<div class=\"wp-block-columns is-layout-flex wp-container-core-columns-is-layout-9d6595d7 wp-block-columns-is-layout-flex\">\n<div class=\"wp-block-column is-vertically-aligned-center is-layout-flow wp-block-column-is-layout-flow\">\n<p class=\"has-larger-font-size\"><strong>Un projet de :<\/strong><\/p>\n<\/div>\n\n\n\n<div class=\"wp-block-column is-layout-flow wp-block-column-is-layout-flow\">\n<div class=\"wp-block-image\"><figure class=\"wp-block-image alignleft size-large is-resized\"><a href=\"https:\/\/www.agridea.ch\/fr\/\" target=\"_blank\" rel=\"noopener\"><img loading=\"lazy\" decoding=\"async\" src=\"https:\/\/agripedia.ch\/alpwirtschaft\/wp-content\/uploads\/sites\/46\/2022\/10\/AGRIDEA_4_LANGUES_RGB-1024x210.png\" alt=\"Logo AGRIDEA\" class=\"wp-image-909\" width=\"341\" height=\"100\"><\/a><\/figure><\/div>\n<\/div>\n\n\n\n<div class=\"wp-block-column is-layout-flow wp-block-column-is-layout-flow\">\n<div class=\"wp-block-image\"><figure class=\"wp-block-image alignleft size-large is-resized\"><a href=\"https:\/\/www.bfh.ch\/hafl\/fr\/\" target=\"_blank\" rel=\"noopener\"><img loading=\"lazy\" decoding=\"async\" src=\"https:\/\/agripedia.ch\/buchhaltungsabschluss\/wp-content\/uploads\/sites\/53\/2023\/11\/BFH_Logo_B_HAFL_fr_75_RGB-neu.png\" alt=\"Logo AGRIDEA\" class=\"wp-image-909\" width=\"341\" height=\"80\"><\/a><\/figure><\/div>\n<\/div>\n<\/div>\n","protected":false},"excerpt":{"rendered":"<p>Pouvoir payer ses engagements dans les d\u00e9lais est une condition essentielle \u00e0 la r\u00e9ussite de toute activit\u00e9 \u00e9conomique. Pour d\u00e9finir cette capacit\u00e9, on se base sur les ressources g\u00e9n\u00e9r\u00e9es sous forme de liquidit\u00e9s. Celles-ci peuvent varier selon le type d\u2019exploitation. Par exemple, une exploitation laiti\u00e8re re\u00e7oit r\u00e9guli\u00e8rement la paie du lait sur son compte. Pour [&hellip;]<\/p>\n","protected":false},"author":26,"featured_media":0,"parent":0,"menu_order":30,"comment_status":"closed","ping_status":"closed","template":"","meta":{"_sb_is_suggestion_mode":false,"_sb_show_suggestion_boards":false,"_sb_show_comment_boards":false,"_sb_suggestion_history":"","_sb_update_block_changes":"","_monsterinsights_skip_tracking":false,"_monsterinsights_sitenote_active":false,"_monsterinsights_sitenote_note":"","_monsterinsights_sitenote_category":0,"footnotes":""},"class_list":["post-2014","page","type-page","status-publish","hentry"],"_links":{"self":[{"href":"https:\/\/agripedia.ch\/buchhaltungsabschluss\/fr\/wp-json\/wp\/v2\/pages\/2014","targetHints":{"allow":["GET"]}}],"collection":[{"href":"https:\/\/agripedia.ch\/buchhaltungsabschluss\/fr\/wp-json\/wp\/v2\/pages"}],"about":[{"href":"https:\/\/agripedia.ch\/buchhaltungsabschluss\/fr\/wp-json\/wp\/v2\/types\/page"}],"author":[{"embeddable":true,"href":"https:\/\/agripedia.ch\/buchhaltungsabschluss\/fr\/wp-json\/wp\/v2\/users\/26"}],"replies":[{"embeddable":true,"href":"https:\/\/agripedia.ch\/buchhaltungsabschluss\/fr\/wp-json\/wp\/v2\/comments?post=2014"}],"version-history":[{"count":18,"href":"https:\/\/agripedia.ch\/buchhaltungsabschluss\/fr\/wp-json\/wp\/v2\/pages\/2014\/revisions"}],"predecessor-version":[{"id":3062,"href":"https:\/\/agripedia.ch\/buchhaltungsabschluss\/fr\/wp-json\/wp\/v2\/pages\/2014\/revisions\/3062"}],"wp:attachment":[{"href":"https:\/\/agripedia.ch\/buchhaltungsabschluss\/fr\/wp-json\/wp\/v2\/media?parent=2014"}],"curies":[{"name":"wp","href":"https:\/\/api.w.org\/{rel}","templated":true}]}}