{"id":2007,"date":"2023-06-06T05:55:03","date_gmt":"2023-06-06T03:55:03","guid":{"rendered":"https:\/\/agripedia.ch\/buchhaltungsabschluss\/?page_id=2007"},"modified":"2023-12-05T11:09:14","modified_gmt":"2023-12-05T10:09:14","slug":"ist-der-betrieb-rentabel","status":"publish","type":"page","link":"https:\/\/agripedia.ch\/buchhaltungsabschluss\/fr\/ist-der-betrieb-rentabel\/","title":{"rendered":"L\u2019exploitation est-elle rentable?"},"content":{"rendered":"\n<p>Les entreprises doivent s\u2019assurer qu\u2019elles g\u00e9n\u00e8rent suffisamment de ressources pour couvrir leurs charges, investir et constituer des r\u00e9serves pour l\u2019avenir. Sinon, elles ne peuvent ni survivre \u00e0 long terme, ni conna\u00eetre le succ\u00e8s. Ces principes valent \u00e9galement pour une exploitation agricole. Les responsables d\u2019exploitation doivent en outre s\u2019assurer que le revenu de l\u2019activit\u00e9 lucrative est suffisamment \u00e9lev\u00e9 pour couvrir leurs besoins de consommation et se constituer une retraite.<\/p>\n\n\n\n<p>Dans ce contexte, la <a title=\"Rentabilit\u00e4t\" href=\"https:\/\/agripedia.ch\/terminologie\/fr\/termes\/?term=Rentabilit%C3%A9\" target=\"_blank\" rel=\"noopener\"><strong>rentabilit\u00e9<\/strong><\/a> d\u00e9crit l\u2019efficacit\u00e9 d\u2019une exploitation, en indiquant par exemple dans quelle mesure la main-d\u2019\u0153uvre familiale est r\u00e9mun\u00e9r\u00e9e. Pour la famille, l\u2019exploitation agricole repr\u00e9sente son moyen de subsistance. Elle doit donc percevoir un revenu ad\u00e9quat pour vivre libre de tout souci financier.<\/p>\n\n\n\n<p>&nbsp;<\/p>\n\n\n\n<p>D\u00e9couvrez dans quelle mesure votre exploitation est rentable.<\/p>\n\n\n\n<p>&nbsp;<\/p>\n\n\n\n<figure class=\"wp-block-image aligncenter size-large is-resized\"><img loading=\"lazy\" decoding=\"async\" src=\"https:\/\/agripedia.ch\/buchhaltungsabschluss\/wp-content\/uploads\/sites\/53\/2023\/08\/Rentabilitaet-3-990x1024.png\" alt=\"\" class=\"wp-image-1584\" width=\"506\" height=\"524\" srcset=\"https:\/\/agripedia.ch\/buchhaltungsabschluss\/wp-content\/uploads\/sites\/53\/2023\/08\/Rentabilitaet-3-990x1024.png 990w, https:\/\/agripedia.ch\/buchhaltungsabschluss\/wp-content\/uploads\/sites\/53\/2023\/08\/Rentabilitaet-3-290x300.png 290w, https:\/\/agripedia.ch\/buchhaltungsabschluss\/wp-content\/uploads\/sites\/53\/2023\/08\/Rentabilitaet-3-768x794.png 768w, https:\/\/agripedia.ch\/buchhaltungsabschluss\/wp-content\/uploads\/sites\/53\/2023\/08\/Rentabilitaet-3-1485x1536.png 1485w, https:\/\/agripedia.ch\/buchhaltungsabschluss\/wp-content\/uploads\/sites\/53\/2023\/08\/Rentabilitaet-3-1981x2048.png 1981w, https:\/\/agripedia.ch\/buchhaltungsabschluss\/wp-content\/uploads\/sites\/53\/2023\/08\/Rentabilitaet-3-1200x1241.png 1200w, https:\/\/agripedia.ch\/buchhaltungsabschluss\/wp-content\/uploads\/sites\/53\/2023\/08\/Rentabilitaet-3-1980x2047.png 1980w\" sizes=\"auto, (max-width: 506px) 100vw, 506px\" \/><\/figure>\n\n\n\n<h2 class=\"wp-block-heading\">Quelles questions relatives \u00e0 la rentabilit\u00e9 d\u2019une exploitation agricole vous int\u00e9ressent?<\/h2>\n\n\n\n<h3 class=\"wp-block-heading\">Analyse simple<\/h3>\n\n\n\n<div class=\"wp-block-buttons is-layout-flex wp-block-buttons-is-layout-flex\">\n<div class=\"wp-block-button\"><a class=\"wp-block-button__link wp-element-button\" href=\"https:\/\/agripedia.ch\/buchhaltungsabschluss\/fr\/avec-quelle-efficacite-lexploitation-conserve-t-elle-les-liquidites-quelle-genere\/\" target=\"_blank\" rel=\"noreferrer noopener\">Avec quelle efficacit\u00e9 l\u2019exploitation conserve-t-elle les liquidit\u00e9s qu\u2019elle g\u00e9n\u00e8re?<\/a><\/div>\n\n\n\n<div class=\"wp-block-button\"><a class=\"wp-block-button__link wp-element-button\" href=\"https:\/\/agripedia.ch\/buchhaltungsabschluss\/fr\/comment-les-produits-de-lexploitation-agricole-ont-ils-evolue-par-rapport-a-lannee-precedente\/\" target=\"_blank\" rel=\"noreferrer noopener\">Comment les produits de l\u2019exploitation agricole ont-ils \u00e9volu\u00e9 par rapport \u00e0 l\u2019ann\u00e9e pr\u00e9c\u00e9dente?<\/a><\/div>\n\n\n\n<div class=\"wp-block-button\"><a class=\"wp-block-button__link wp-element-button\" href=\"https:\/\/agripedia.ch\/buchhaltungsabschluss\/fr\/le-systeme-de-production-de-lexploitation-est-il-consommateur-de-couts-specifiques-ou-econome\/\" target=\"_blank\" rel=\"noreferrer noopener\">Le syst\u00e8me de production de l\u2019exploitation est-il consommateur de co\u00fbts sp\u00e9cifiques ou \u00e9conome?<\/a><\/div>\n\n\n\n<div class=\"wp-block-button\"><a class=\"wp-block-button__link wp-element-button\" href=\"https:\/\/agripedia.ch\/buchhaltungsabschluss\/fr\/dans-quelle-mesure-la-marge-brute-comparable-des-branches-de-production-secarte-t-elle-des-valeurs-de-reference\/\" target=\"_blank\" rel=\"noreferrer noopener\">Dans quelle mesure la marge brute comparable des branches de production s\u2019\u00e9carte-t-elle des valeurs de r\u00e9f\u00e9rence?<\/a><\/div>\n<\/div>\n\n\n\n<h3 class=\"wp-block-heading\">Analyse d\u00e9taill\u00e9e<\/h3>\n\n\n\n<div class=\"wp-block-buttons is-layout-flex wp-block-buttons-is-layout-flex\">\n<div class=\"wp-block-button\"><a class=\"wp-block-button__link wp-element-button\" href=\"https:\/\/agripedia.ch\/buchhaltungsabschluss\/fr\/couts-de-mecanisation-de-lexploitation-quelle-est-la-marge-de-manoeuvre\/\" target=\"_blank\" rel=\"noreferrer noopener\">Co\u00fbts de m\u00e9canisation de l\u2019exploitation: quelle est la marge de man\u0153uvre?<\/a><\/div>\n\n\n\n<div class=\"wp-block-button\"><a class=\"wp-block-button__link wp-element-button\" href=\"https:\/\/agripedia.ch\/buchhaltungsabschluss\/fr\/quelle-est-la-rentabilite-financiere-calculee-des-capitaux-propres\/\" target=\"_blank\" rel=\"noreferrer noopener\">Quelle est la rentabilit\u00e9 financi\u00e8re calcul\u00e9e des capitaux propres?<\/a><\/div>\n\n\n\n<div class=\"wp-block-button\"><a class=\"wp-block-button__link wp-element-button\" href=\"https:\/\/agripedia.ch\/buchhaltungsabschluss\/fr\/quelle-est-la-rentabilite-financiere-calculee-du-capital-total\/\" target=\"_blank\" rel=\"noreferrer noopener\">Quelle est la rentabilit\u00e9 financi\u00e8re calcul\u00e9e du capital total?<\/a><\/div>\n\n\n\n<div class=\"wp-block-button\"><a class=\"wp-block-button__link wp-element-button\" href=\"https:\/\/agripedia.ch\/buchhaltungsabschluss\/fr\/quelle-est-lefficacite-economique-globale-du-systeme-de-production\/\" target=\"_blank\" rel=\"noreferrer noopener\">Quelle est l\u2019efficacit\u00e9 \u00e9conomique globale du syst\u00e8me de production?<\/a><\/div>\n\n\n\n<div class=\"wp-block-button\"><a class=\"wp-block-button__link wp-element-button\" href=\"https:\/\/agripedia.ch\/buchhaltungsabschluss\/fr\/dans-quelle-mesure-la-marge-nette-de-lexploitation-secarte-t-elle-des-valeurs-de-reference\/\" target=\"_blank\" rel=\"noreferrer noopener\">Dans quelle mesure la marge nette de l\u2019exploitation s\u2019\u00e9carte-t-elle des valeurs de r\u00e9f\u00e9rence?<\/a><\/div>\n\n\n\n<div class=\"wp-block-button\"><a class=\"wp-block-button__link wp-element-button\" href=\"https:\/\/agripedia.ch\/buchhaltungsabschluss\/fr\/quel-est-le-revenu-du-travail-de-la-main-doeuvre-familiale-par-rapport-aux-exploitations-de-reference\/\" target=\"_blank\" rel=\"noreferrer noopener\">Quel est le revenu du travail de la main-d\u2019\u0153uvre familiale par rapport aux exploitations de r\u00e9f\u00e9rence?<\/a><\/div>\n<\/div>\n\n\n\n<p>&nbsp;<\/p>\n\n\n\n<div class=\"wp-block-bod-modal-block bod-block-popup align-center\"><button type=\"button\" style=\"background-color:rgba(112,43,43,0.57);color:#ffffff\" class=\"bod-block-popup-trigger type_btn bod-btn\">\u00c9valuation: L\u2019exploitation est-elle rentable?<\/button><div style=\"background-color:rgba(0, 0, 0, 0.1)\" class=\"bod-block-popup-overlay\" data-disabled-overlay-close=\"false\" data-disabled-escape-close=\"false\"><\/div><div role=\"dialog\" aria-modal=\"false\" aria-labelledby=\"\" aria-describedby=\"\" class=\"bod-block-popup-wrap undefined\"><div style=\"background-color:#ffffff;border-radius:10px \" class=\"bod-block-popup size-m\" data-transition=\"fade\"><div id=\"\" style=\"background-color:#ffffff;text-align:left\" class=\"bod-modal-title\"><h2 style=\"color:#000000\">Sur la base de votre analyse, que d\u00e9cidez-vous de faire pour la gestion strat\u00e9gique de l\u2019exploitation?<\/h2><\/div> <div id=\"\" class=\"bod-modal-content\">\n<h6 class=\"wp-block-heading\">L\u2019ANALYSE M\u00c8NE \u00c0 DES CONCLUSIONS POSITIVES<\/h6>\n\n\n\n<p>Vous \u00eates satisfait du r\u00e9sultat de l\u2019analyse, et l\u2019exploitation g\u00e9n\u00e8re suffisamment de revenus pour offrir \u00e0 la famille un niveau de vie ad\u00e9quat? Les responsables d\u2019exploitation utilisent efficacement les moyens de production? On peut donc consid\u00e9rer que le syst\u00e8me est rentable.<\/p>\n\n\n\n<h6 class=\"wp-block-heading\">L\u2019ANALYSE M\u00c8NE \u00c0 DES CONCLUSIONS N\u00c9GATIVES -&gt; RECOMMANDATIONS<\/h6>\n\n\n\n<p>Vous constatez que vous devez agir? Nous vous recommandons d\u2019examiner la strat\u00e9gie de l\u2019exploitation et de l\u2019adapter si n\u00e9cessaire:<\/p>\n\n\n\n<div class=\"wp-block-columns is-layout-flex wp-container-core-columns-is-layout-9d6595d7 wp-block-columns-is-layout-flex\">\n<div class=\"wp-block-column is-vertically-aligned-center is-layout-flow wp-block-column-is-layout-flow\" style=\"flex-basis:5%\">\n<div class=\"wp-block-getwid-icon\"><div class=\"wp-block-getwid-icon__wrapper\"><i class=\"fas fa-hand-point-up\"><\/i><\/div><\/div>\n<\/div>\n\n\n\n<div class=\"wp-block-column is-layout-flow wp-block-column-is-layout-flow\">\n<ul class=\"wp-block-list\">\n<li>A-t-on \u00e9puis\u00e9 le potentiel de revenus que peut g\u00e9n\u00e9rer chaque branche de production? Ou pourrait-on augmenter les revenus avec les m\u00eames moyens, mais en am\u00e9liorant les proc\u00e9d\u00e9s?<\/li>\n\n\n\n<li>Examinez les potentiels de r\u00e9duction des co\u00fbts. De quels moyens de production pourrait-on se passer? Existe-t-il des offres plus avantageuses pour les moyens de production absolument n\u00e9cessaires?<\/li>\n\n\n\n<li>Quelles sont les alternatives pour les branches de production non rentables?<\/li>\n\n\n\n<li>Utilise-t-on efficacement la main-d\u2019\u0153uvre sur l\u2019exploitation, ou y a-t-il un potentiel d\u2019optimisation?<\/li>\n\n\n\n<li>Vous pouvez aussi trouver de l\u2019aide aupr\u00e8s de votre fiduciaire, du service de conseil cantonal ou de l\u2019interlocuteur de votre banque.<\/li>\n<\/ul>\n<\/div>\n<\/div>\n<\/div> <\/div> <div class=\"bod-block-popup-closer\"><\/div><\/div><\/div>\n\n\n\n<div class=\"wp-block-bod-modal-block bod-block-popup align-center\"><button type=\"button\" style=\"background-color:rgba(66,86,111,0.97);color:#ffffff\" class=\"bod-block-popup-trigger type_btn bod-btn\">Informations compl\u00e9mentaires<\/button><div style=\"background-color:rgba(0, 0, 0, 0.1)\" class=\"bod-block-popup-overlay\" data-disabled-overlay-close=\"false\" data-disabled-escape-close=\"false\"><\/div><div role=\"dialog\" aria-modal=\"false\" aria-labelledby=\"\" aria-describedby=\"\" class=\"bod-block-popup-wrap undefined\"><div style=\"background-color:#ffffff;border-radius:10px \" class=\"bod-block-popup size-m\" data-transition=\"fade\"><div id=\"\" style=\"background-color:#ffffff;text-align:left\" class=\"bod-modal-title\"><h2 style=\"color:#000000\">Vous trouverez plus d\u2019informations sur l\u2019analyse comptable agricole aupr\u00e8s des services suivants:<\/h2><\/div> <div id=\"\" class=\"bod-modal-content\">\n<ul class=\"wp-block-list\">\n<li><a href=\"https:\/\/fidagri.ch\/fr\/\" target=\"_blank\" rel=\"noreferrer noopener\">Association fiduciaire agricole suisse<\/a><\/li>\n\n\n\n<li><a href=\"https:\/\/www.agridea.ch\/fr\/agridea\/adresses-de-la-vulgarisation\/\" target=\"_blank\" rel=\"noreferrer noopener\">Services cantonaux de vulgarisation agricole<\/a><\/li>\n\n\n\n<li><a href=\"http:\/\/www.bfs-fvs.ch\/\" target=\"_blank\" rel=\"noreferrer noopener\">Forum La Vulg Suisse<\/a>&nbsp;(FVS)<\/li>\n\n\n\n<li><a href=\"https:\/\/www.suissemelio.ch\/fr\/\" target=\"_blank\" rel=\"noreferrer noopener\">suissemelio&nbsp;\u2013 Association suisse pour le d\u00e9veloppement rural<\/a><\/li>\n<\/ul>\n\n\n\n<ul class=\"wp-block-list\">\n<li><a href=\"https:\/\/agrarbericht.ch\/fr\" target=\"_blank\" rel=\"noreferrer noopener\">RAPPORT AGRICOLE<\/a><\/li>\n\n\n\n<li><a href=\"http:\/\/www.agridea.ch\/\" target=\"_blank\" rel=\"noreferrer noopener\">Agridea \u2013 D\u00e9veloppement de l\u2019agriculture et de l\u2019espace rural<\/a>&nbsp;<\/li>\n\n\n\n<li><a href=\"https:\/\/www.agroscope.admin.ch\/agroscope\/fr\/home.html\" target=\"_blank\" rel=\"noreferrer noopener\">Agroscope \u2013 Recherche commune pour l\u2019avenir<\/a><\/li>\n\n\n\n<li><a href=\"https:\/\/www.blw.admin.ch\/blw\/fr\/home.html\" target=\"_blank\" rel=\"noreferrer noopener\">Office f\u00e9d\u00e9ral de l\u2019agriculture<\/a>&nbsp;(OFAG)<\/li>\n\n\n\n<li><a href=\"https:\/\/www.agirinfo.com\/\" target=\"_blank\" rel=\"noopener\" title=\"\">Agence d\u2019information agricole romande<\/a>&nbsp;(AGIR)<\/li>\n<\/ul>\n\n\n\n<ul class=\"wp-block-list\">\n<li><a href=\"https:\/\/www.sbv-usp.ch\/fr\/\" target=\"_blank\" rel=\"noreferrer noopener\">Union suisse des paysans<\/a>&nbsp;(USP)<\/li>\n\n\n\n<li><a href=\"https:\/\/www.paysannes.ch\/\" target=\"_blank\" rel=\"noreferrer noopener\">Union suisse des paysannes et des femmes rurales<\/a>&nbsp;(USPF)<\/li>\n<\/ul>\n\n\n\n<p><\/p>\n<\/div> <\/div> <div class=\"bod-block-popup-closer\"><\/div><\/div><\/div>\n\n\n\n<div class=\"wp-block-columns is-layout-flex wp-container-core-columns-is-layout-9d6595d7 wp-block-columns-is-layout-flex\">\n<div class=\"wp-block-column is-vertically-aligned-center is-layout-flow wp-block-column-is-layout-flow\">\n<p class=\"has-larger-font-size\"><strong>Un projet de :<\/strong><\/p>\n<\/div>\n\n\n\n<div class=\"wp-block-column is-layout-flow wp-block-column-is-layout-flow\">\n<div class=\"wp-block-image\"><figure class=\"wp-block-image alignleft size-large is-resized\"><a href=\"https:\/\/www.agridea.ch\/fr\/\" target=\"_blank\" rel=\"noopener\"><img loading=\"lazy\" decoding=\"async\" src=\"https:\/\/agripedia.ch\/alpwirtschaft\/wp-content\/uploads\/sites\/46\/2022\/10\/AGRIDEA_4_LANGUES_RGB-1024x210.png\" alt=\"Logo AGRIDEA\" class=\"wp-image-909\" width=\"341\" height=\"100\"><\/a><\/figure><\/div>\n<\/div>\n\n\n\n<div class=\"wp-block-column is-layout-flow wp-block-column-is-layout-flow\">\n<div class=\"wp-block-image\"><figure class=\"wp-block-image alignleft size-large is-resized\"><a href=\"https:\/\/www.bfh.ch\/hafl\/fr\/\" target=\"_blank\" rel=\"noopener\"><img loading=\"lazy\" decoding=\"async\" src=\"https:\/\/agripedia.ch\/buchhaltungsabschluss\/wp-content\/uploads\/sites\/53\/2023\/11\/BFH_Logo_B_HAFL_fr_75_RGB-neu.png\" alt=\"Logo AGRIDEA\" class=\"wp-image-909\" width=\"341\" height=\"80\"><\/a><\/figure><\/div>\n<\/div>\n<\/div>\n","protected":false},"excerpt":{"rendered":"<p>Les entreprises doivent s\u2019assurer qu\u2019elles g\u00e9n\u00e8rent suffisamment de ressources pour couvrir leurs charges, investir et constituer des r\u00e9serves pour l\u2019avenir. Sinon, elles ne peuvent ni survivre \u00e0 long terme, ni conna\u00eetre le succ\u00e8s. Ces principes valent \u00e9galement pour une exploitation agricole. Les responsables d\u2019exploitation doivent en outre s\u2019assurer que le revenu de l\u2019activit\u00e9 lucrative est [&hellip;]<\/p>\n","protected":false},"author":927,"featured_media":0,"parent":0,"menu_order":50,"comment_status":"closed","ping_status":"closed","template":"","meta":{"_sb_is_suggestion_mode":false,"_sb_show_suggestion_boards":false,"_sb_show_comment_boards":false,"_sb_suggestion_history":"","_sb_update_block_changes":"","_monsterinsights_skip_tracking":false,"_monsterinsights_sitenote_active":false,"_monsterinsights_sitenote_note":"","_monsterinsights_sitenote_category":0,"footnotes":""},"class_list":["post-2007","page","type-page","status-publish","hentry"],"_links":{"self":[{"href":"https:\/\/agripedia.ch\/buchhaltungsabschluss\/fr\/wp-json\/wp\/v2\/pages\/2007","targetHints":{"allow":["GET"]}}],"collection":[{"href":"https:\/\/agripedia.ch\/buchhaltungsabschluss\/fr\/wp-json\/wp\/v2\/pages"}],"about":[{"href":"https:\/\/agripedia.ch\/buchhaltungsabschluss\/fr\/wp-json\/wp\/v2\/types\/page"}],"author":[{"embeddable":true,"href":"https:\/\/agripedia.ch\/buchhaltungsabschluss\/fr\/wp-json\/wp\/v2\/users\/927"}],"replies":[{"embeddable":true,"href":"https:\/\/agripedia.ch\/buchhaltungsabschluss\/fr\/wp-json\/wp\/v2\/comments?post=2007"}],"version-history":[{"count":11,"href":"https:\/\/agripedia.ch\/buchhaltungsabschluss\/fr\/wp-json\/wp\/v2\/pages\/2007\/revisions"}],"predecessor-version":[{"id":3094,"href":"https:\/\/agripedia.ch\/buchhaltungsabschluss\/fr\/wp-json\/wp\/v2\/pages\/2007\/revisions\/3094"}],"wp:attachment":[{"href":"https:\/\/agripedia.ch\/buchhaltungsabschluss\/fr\/wp-json\/wp\/v2\/media?parent=2007"}],"curies":[{"name":"wp","href":"https:\/\/api.w.org\/{rel}","templated":true}]}}