{"id":239,"date":"2019-05-20T15:15:50","date_gmt":"2019-05-20T13:15:50","guid":{"rendered":"https:\/\/agripedia.ch\/betriebsuebergabe\/?page_id=239"},"modified":"2019-09-20T16:45:50","modified_gmt":"2019-09-20T14:45:50","slug":"pachtuebergabe-in-der-familie","status":"publish","type":"page","link":"https:\/\/agripedia.ch\/betriebsuebergabe\/pachtuebergabe-in-der-familie\/","title":{"rendered":"3.4 Pacht\u00fcbergabe in der Familie"},"content":{"rendered":"<div class=\"leaky_paywall_message_wrap\"><div id=\"leaky_paywall_message\"><div class=\"agr-leaky-paywall-popup\">\r\n<h5 id=\"agr-leaky-paywall-popup-title\">Dieser Inhalt ist f\u00fcr unsere Abonnenten reserviert. Zur Startseite gehen, um sich anzumelden.<\/h5>\r\n<h5 id=\"agr-leaky-paywall-popup-title\">Ce contenu est r\u00e9serv\u00e9 pour nos abonn\u00e9s. Aller \u00e0 la page d\u2019accueil pour vous abonner.<\/h5>\r\n<\/div><\/div><\/div>","protected":false},"excerpt":{"rendered":"<p>Dieser Inhalt ist f\u00fcr unsere Abonnenten reserviert. Zur Startseite gehen, um sich anzumelden. Ce contenu est r\u00e9serv\u00e9 pour nos abonn\u00e9s. Aller \u00e0 la page d\u2019accueil pour vous abonner.<\/p>\n","protected":false},"author":31,"featured_media":0,"parent":0,"menu_order":0,"comment_status":"closed","ping_status":"closed","template":"","meta":{"_sb_is_suggestion_mode":false,"_sb_show_suggestion_boards":false,"_sb_show_comment_boards":false,"_sb_suggestion_history":"","_sb_update_block_changes":"","_monsterinsights_skip_tracking":false,"_monsterinsights_sitenote_active":false,"_monsterinsights_sitenote_note":"","_monsterinsights_sitenote_category":0,"footnotes":""},"class_list":["post-239","page","type-page","status-publish","hentry"],"_links":{"self":[{"href":"https:\/\/agripedia.ch\/betriebsuebergabe\/wp-json\/wp\/v2\/pages\/239","targetHints":{"allow":["GET"]}}],"collection":[{"href":"https:\/\/agripedia.ch\/betriebsuebergabe\/wp-json\/wp\/v2\/pages"}],"about":[{"href":"https:\/\/agripedia.ch\/betriebsuebergabe\/wp-json\/wp\/v2\/types\/page"}],"author":[{"embeddable":true,"href":"https:\/\/agripedia.ch\/betriebsuebergabe\/wp-json\/wp\/v2\/users\/31"}],"replies":[{"embeddable":true,"href":"https:\/\/agripedia.ch\/betriebsuebergabe\/wp-json\/wp\/v2\/comments?post=239"}],"version-history":[{"count":22,"href":"https:\/\/agripedia.ch\/betriebsuebergabe\/wp-json\/wp\/v2\/pages\/239\/revisions"}],"predecessor-version":[{"id":2072,"href":"https:\/\/agripedia.ch\/betriebsuebergabe\/wp-json\/wp\/v2\/pages\/239\/revisions\/2072"}],"wp:attachment":[{"href":"https:\/\/agripedia.ch\/betriebsuebergabe\/wp-json\/wp\/v2\/media?parent=239"}],"curies":[{"name":"wp","href":"https:\/\/api.w.org\/{rel}","templated":true}]}}