{"id":153,"date":"2019-05-17T13:17:17","date_gmt":"2019-05-17T11:17:17","guid":{"rendered":"https:\/\/agripedia.ch\/betriebsuebergabe\/?page_id=153"},"modified":"2019-09-20T16:38:10","modified_gmt":"2019-09-20T14:38:10","slug":"miteinander-reden","status":"publish","type":"page","link":"https:\/\/agripedia.ch\/betriebsuebergabe\/miteinander-reden\/","title":{"rendered":"1.1 Miteinander reden"},"content":{"rendered":"<div class=\"leaky_paywall_message_wrap\"><div id=\"leaky_paywall_message\"><div class=\"agr-leaky-paywall-popup\">\r\n<h5 id=\"agr-leaky-paywall-popup-title\">Dieser Inhalt ist f\u00fcr unsere Abonnenten reserviert. Zur Startseite gehen, um sich anzumelden.<\/h5>\r\n<h5 id=\"agr-leaky-paywall-popup-title\">Ce contenu est r\u00e9serv\u00e9 pour nos abonn\u00e9s. Aller \u00e0 la page d\u2019accueil pour vous abonner.<\/h5>\r\n<\/div><\/div><\/div>","protected":false},"excerpt":{"rendered":"<p>Dieser Inhalt ist f\u00fcr unsere Abonnenten reserviert. Zur Startseite gehen, um sich anzumelden. Ce contenu est r\u00e9serv\u00e9 pour nos abonn\u00e9s. Aller \u00e0 la page d\u2019accueil pour vous abonner.<\/p>\n","protected":false},"author":31,"featured_media":0,"parent":0,"menu_order":0,"comment_status":"closed","ping_status":"closed","template":"","meta":{"_sb_is_suggestion_mode":false,"_sb_show_suggestion_boards":false,"_sb_show_comment_boards":false,"_sb_suggestion_history":"","_sb_update_block_changes":"","_monsterinsights_skip_tracking":false,"_monsterinsights_sitenote_active":false,"_monsterinsights_sitenote_note":"","_monsterinsights_sitenote_category":0,"footnotes":""},"class_list":["post-153","page","type-page","status-publish","hentry"],"_links":{"self":[{"href":"https:\/\/agripedia.ch\/betriebsuebergabe\/wp-json\/wp\/v2\/pages\/153","targetHints":{"allow":["GET"]}}],"collection":[{"href":"https:\/\/agripedia.ch\/betriebsuebergabe\/wp-json\/wp\/v2\/pages"}],"about":[{"href":"https:\/\/agripedia.ch\/betriebsuebergabe\/wp-json\/wp\/v2\/types\/page"}],"author":[{"embeddable":true,"href":"https:\/\/agripedia.ch\/betriebsuebergabe\/wp-json\/wp\/v2\/users\/31"}],"replies":[{"embeddable":true,"href":"https:\/\/agripedia.ch\/betriebsuebergabe\/wp-json\/wp\/v2\/comments?post=153"}],"version-history":[{"count":26,"href":"https:\/\/agripedia.ch\/betriebsuebergabe\/wp-json\/wp\/v2\/pages\/153\/revisions"}],"predecessor-version":[{"id":6242,"href":"https:\/\/agripedia.ch\/betriebsuebergabe\/wp-json\/wp\/v2\/pages\/153\/revisions\/6242"}],"wp:attachment":[{"href":"https:\/\/agripedia.ch\/betriebsuebergabe\/wp-json\/wp\/v2\/media?parent=153"}],"curies":[{"name":"wp","href":"https:\/\/api.w.org\/{rel}","templated":true}]}}