{"id":1110,"date":"2019-06-05T16:37:53","date_gmt":"2019-06-05T14:37:53","guid":{"rendered":"https:\/\/agripedia.ch\/betriebsuebergabe\/?page_id=1110"},"modified":"2019-10-03T11:11:42","modified_gmt":"2019-10-03T09:11:42","slug":"nuetzliche-links-gratis","status":"publish","type":"page","link":"https:\/\/agripedia.ch\/betriebsuebergabe\/nuetzliche-links-gratis\/","title":{"rendered":"N\u00fctzliche Links gratis"},"content":{"rendered":"<p><div class=\"fusion-fullwidth fullwidth-box fusion-builder-row-1 fusion-flex-container nonhundred-percent-fullwidth non-hundred-percent-height-scrolling\" style=\"--awb-border-radius-top-left:0px;--awb-border-radius-top-right:0px;--awb-border-radius-bottom-right:0px;--awb-border-radius-bottom-left:0px;--awb-flex-wrap:wrap;\" ><div class=\"fusion-builder-row fusion-row fusion-flex-align-items-flex-start fusion-flex-content-wrap\" style=\"max-width:calc( 1100px + 0px );margin-left: calc(-0px \/ 2 );margin-right: calc(-0px \/ 2 );\"><div class=\"fusion-layout-column fusion_builder_column fusion-builder-column-0 fusion_builder_column_1_1 1_1 fusion-flex-column\" style=\"--awb-bg-size:cover;--awb-width-large:100%;--awb-margin-top-large:0px;--awb-spacing-right-large:0px;--awb-margin-bottom-large:20px;--awb-spacing-left-large:0px;--awb-width-medium:100%;--awb-spacing-right-medium:0px;--awb-spacing-left-medium:0px;--awb-width-small:100%;--awb-spacing-right-small:0px;--awb-spacing-left-small:0px;\"><div class=\"fusion-column-wrapper fusion-flex-justify-content-flex-start fusion-content-layout-column\"><div class=\"fusion-title title fusion-title-1 fusion-sep-none fusion-title-text fusion-title-size-two\"><h2 class=\"fusion-title-heading title-heading-left fusion-responsive-typography-calculated\" style=\"margin:0;--fontSize:40;line-height:1.5;\">N\u00fctzliche Links<\/h2><\/div><div class=\"fusion-separator fusion-full-width-sep agri-separator\" style=\"align-self: center;margin-left: auto;margin-right: auto;width:100%;\"><\/div><div class=\"fusion-text fusion-text-1\"><p>Die Materialsammlung der Brosch\u00fcre \u201eBetriebs\u00fcbergabe in der Familie\u201c bietet eine n\u00fctzliche Sammlung von Quellen und Links, Vertragsvorlagen und Checklisten.<\/p>\n<h3>Anhang 1: N\u00fctzliche Tipps und Unterlagen<\/h3>\n<p>Enth\u00e4lt Hinweise f\u00fcr weiterf\u00fchrende Literatur und Links mit Bezugsquellen zu den folgenden Stichworten: Bodenrecht, Ehe und Partnerschaft, Familie, Kostgeld, Lohn, Pacht, Privatverbrauch, \u00fcberbetriebliche Zusammenarbeit, Versicherung, Bauen, Maschinen, spezielle Formen der Betriebs\u00fcbergabe.<\/p>\n<h3>Anhang 2: Beispiel Betriebs\u00fcbergabevertrag<\/h3>\n<p>Mustervertrag f\u00fcr die Betriebs\u00fcbergabe zum Weiterbearbeiten und Anpassen an die individuellen Bed\u00fcrfnisse als Download im Wordformat.<\/p>\n<h3>Anhang 3: Beispiel Inventarkaufvertrag<\/h3>\n<p>Mustervertrag f\u00fcr den Inventarverkauf zum Weiterbearbeiten und Anpassen an die individuellen Bed\u00fcrfnisse als Download im Wordformat.<\/p>\n<h3>Anhang 4: Checkliste Betriebs\u00fcbergabe<\/h3>\n<p>Wichtigen Massnahmen und Aktivit\u00e4ten f\u00fcr den Prozess der Betriebs\u00fcbergabe Schritt f\u00fcr Schritt erkl\u00e4rt. Behandelte Themen: Vorbereitung innerhalb der Familie, Bereitstellung von Unterlagen f\u00fcr Beratungsgespr\u00e4ch, \u00dcberpr\u00fcfung der Versicherungen, Meldung der Hof\u00fcbergabe, Eherechtliche Vereinbarungen.<\/p>\n<h3>Anhang 5: Merkpunkte Generationenwechsel<\/h3>\n<p>Wird etwas nicht diskutiert, so geht jeder von einer Annahme aus. Diese kann richtig sein, aber auch v\u00f6llig danebenliegen. Deshalb gilt: Dar\u00fcber sprechen, zuh\u00f6ren und gemeinsam mit allen Beteiligten L\u00f6sungen finden. So entstehen tragf\u00e4hige Vereinbarungen, die im Alltag Bestand haben. Von Zeit zu Zeit checken, ob es noch stimmt f\u00fcr alle. Es gibt keine Patentrezepte. Passende L\u00f6sungen m\u00fcssen f\u00fcr jeden Betrieb individuell gesucht werden. Die Merkpunkte beleuchten eine Vielfalt von praxisnahen Themen: Herausforderungen des Zusammenlebens der Generationen werden besprochen: Betroffene benannt, Diskussionspunkte und Spezialaspekte aufgelistet, ideale Zeitpunkte f\u00fcr Gespr\u00e4che empfohlen.<\/p>\n<p><strong>Detaillierte Adress- und Checklisten sowie Vorlagen zur Betriebs\u00fcbergabe in Bauernfamilien befinden sich im Kapitel <a href=\"https:\/\/agripedia.ch\/betriebsuebergabe\/nuetzliche-links\/\">N\u00fctzliche Links<\/a>.<\/strong><\/p>\n<\/div><\/div><\/div><\/div><\/div><div class=\"fusion-fullwidth fullwidth-box fusion-builder-row-2 fusion-flex-container nonhundred-percent-fullwidth non-hundred-percent-height-scrolling\" style=\"--awb-border-radius-top-left:0px;--awb-border-radius-top-right:0px;--awb-border-radius-bottom-right:0px;--awb-border-radius-bottom-left:0px;--awb-flex-wrap:wrap;\" ><div class=\"fusion-builder-row fusion-row fusion-flex-align-items-flex-start fusion-flex-content-wrap\" style=\"max-width:1144px;margin-left: calc(-4% \/ 2 );margin-right: calc(-4% \/ 2 );\"><div class=\"fusion-layout-column fusion_builder_column fusion-builder-column-1 fusion_builder_column_1_3 1_3 fusion-flex-column\" style=\"--awb-bg-size:cover;--awb-width-large:33.333333333333%;--awb-margin-top-large:0px;--awb-spacing-right-large:3.8399999999999%;--awb-margin-bottom-large:20px;--awb-spacing-left-large:5.76%;--awb-width-medium:33.333333333333%;--awb-spacing-right-medium:3.8399999999999%;--awb-spacing-left-medium:5.76%;--awb-width-small:100%;--awb-spacing-right-small:1.92%;--awb-spacing-left-small:1.92%;\"><div class=\"fusion-column-wrapper fusion-flex-justify-content-flex-start fusion-content-layout-column\"><div style=\"text-align:left;\"><a class=\"fusion-button button-flat button-large button-custom fusion-button-default button-1 fusion-button-span-yes fusion-button-default-type\" style=\"--button_accent_color:#ffffff;--button_accent_hover_color:#ffffff;--button_border_hover_color:#ffffff;--button-border-radius-top-left:2px;--button-border-radius-top-right:2px;--button-border-radius-bottom-right:2px;--button-border-radius-bottom-left:2px;--button_gradient_top_color:#27477b;--button_gradient_bottom_color:#27477b;--button_gradient_top_color_hover:#27477b;--button_gradient_bottom_color_hover:#27477b;--button_text_transform:none;\" target=\"_self\" href=\"https:\/\/agripedia.ch\/betriebsuebergabe\/steuern-gratis\/\"><span class=\"fusion-button-icon-divider button-icon-divider-left\"><i class=\"fa-arrow-left fas awb-button__icon awb-button__icon--default\" aria-hidden=\"true\"><\/i><\/span><span class=\"fusion-button-text awb-button__text awb-button__text--default fusion-button-text-left\">STEUERN<\/span><\/a><\/div><\/div><\/div><div class=\"fusion-layout-column fusion_builder_column fusion-builder-column-2 fusion_builder_column_1_3 1_3 fusion-flex-column\" style=\"--awb-bg-size:cover;--awb-width-large:33.333333333333%;--awb-margin-top-large:0px;--awb-spacing-right-large:5.76%;--awb-margin-bottom-large:20px;--awb-spacing-left-large:3.8399999999999%;--awb-width-medium:33.333333333333%;--awb-spacing-right-medium:5.76%;--awb-spacing-left-medium:3.8399999999999%;--awb-width-small:100%;--awb-spacing-right-small:1.92%;--awb-spacing-left-small:1.92%;\"><div class=\"fusion-column-wrapper fusion-flex-justify-content-flex-start fusion-content-layout-column\"><div style=\"text-align:center;\"><a class=\"fusion-button button-flat button-large button-custom fusion-button-default button-2 fusion-button-span-yes fusion-button-default-type\" style=\"--button_accent_color:#ffffff;--button_accent_hover_color:#ffffff;--button_border_hover_color:#ffffff;--button-border-radius-top-left:2px;--button-border-radius-top-right:2px;--button-border-radius-bottom-right:2px;--button-border-radius-bottom-left:2px;--button_gradient_top_color:#e80707;--button_gradient_bottom_color:#e80707;--button_gradient_top_color_hover:#e80707;--button_gradient_bottom_color_hover:#e80707;--button_text_transform:none;\" target=\"_self\" href=\"https:\/\/agripedia.ch\/betriebsuebergabe\/inhaltsverzeichnis\/\"><span class=\"fusion-button-icon-divider button-icon-divider-left\"><i class=\"fa-list fas awb-button__icon awb-button__icon--default\" aria-hidden=\"true\"><\/i><\/span><span class=\"fusion-button-text awb-button__text awb-button__text--default fusion-button-text-left\">INHALTSVERZEICHNIS<\/span><\/a><\/div><\/div><\/div><\/div><\/div><\/p>\n","protected":false},"excerpt":{"rendered":"","protected":false},"author":31,"featured_media":0,"parent":0,"menu_order":0,"comment_status":"closed","ping_status":"closed","template":"","meta":{"_sb_is_suggestion_mode":false,"_sb_show_suggestion_boards":false,"_sb_show_comment_boards":false,"_sb_suggestion_history":"","_sb_update_block_changes":"","_monsterinsights_skip_tracking":false,"_monsterinsights_sitenote_active":false,"_monsterinsights_sitenote_note":"","_monsterinsights_sitenote_category":0,"footnotes":""},"class_list":["post-1110","page","type-page","status-publish","hentry"],"_links":{"self":[{"href":"https:\/\/agripedia.ch\/betriebsuebergabe\/wp-json\/wp\/v2\/pages\/1110","targetHints":{"allow":["GET"]}}],"collection":[{"href":"https:\/\/agripedia.ch\/betriebsuebergabe\/wp-json\/wp\/v2\/pages"}],"about":[{"href":"https:\/\/agripedia.ch\/betriebsuebergabe\/wp-json\/wp\/v2\/types\/page"}],"author":[{"embeddable":true,"href":"https:\/\/agripedia.ch\/betriebsuebergabe\/wp-json\/wp\/v2\/users\/31"}],"replies":[{"embeddable":true,"href":"https:\/\/agripedia.ch\/betriebsuebergabe\/wp-json\/wp\/v2\/comments?post=1110"}],"version-history":[{"count":11,"href":"https:\/\/agripedia.ch\/betriebsuebergabe\/wp-json\/wp\/v2\/pages\/1110\/revisions"}],"predecessor-version":[{"id":2121,"href":"https:\/\/agripedia.ch\/betriebsuebergabe\/wp-json\/wp\/v2\/pages\/1110\/revisions\/2121"}],"wp:attachment":[{"href":"https:\/\/agripedia.ch\/betriebsuebergabe\/wp-json\/wp\/v2\/media?parent=1110"}],"curies":[{"name":"wp","href":"https:\/\/api.w.org\/{rel}","templated":true}]}}