{"id":1108,"date":"2019-06-05T16:37:55","date_gmt":"2019-06-05T14:37:55","guid":{"rendered":"https:\/\/agripedia.ch\/betriebsuebergabe\/?page_id=1108"},"modified":"2019-10-03T09:58:46","modified_gmt":"2019-10-03T07:58:46","slug":"steuern-gratis","status":"publish","type":"page","link":"https:\/\/agripedia.ch\/betriebsuebergabe\/steuern-gratis\/","title":{"rendered":"Steuern gratis"},"content":{"rendered":"<p><div class=\"fusion-fullwidth fullwidth-box fusion-builder-row-1 fusion-flex-container nonhundred-percent-fullwidth non-hundred-percent-height-scrolling\" style=\"--awb-border-radius-top-left:0px;--awb-border-radius-top-right:0px;--awb-border-radius-bottom-right:0px;--awb-border-radius-bottom-left:0px;--awb-flex-wrap:wrap;\" ><div class=\"fusion-builder-row fusion-row fusion-flex-align-items-flex-start fusion-flex-content-wrap\" style=\"max-width:calc( 1100px + 0px );margin-left: calc(-0px \/ 2 );margin-right: calc(-0px \/ 2 );\"><div class=\"fusion-layout-column fusion_builder_column fusion-builder-column-0 fusion_builder_column_1_1 1_1 fusion-flex-column\" style=\"--awb-bg-size:cover;--awb-width-large:100%;--awb-margin-top-large:0px;--awb-spacing-right-large:0px;--awb-margin-bottom-large:20px;--awb-spacing-left-large:0px;--awb-width-medium:100%;--awb-spacing-right-medium:0px;--awb-spacing-left-medium:0px;--awb-width-small:100%;--awb-spacing-right-small:0px;--awb-spacing-left-small:0px;\"><div class=\"fusion-column-wrapper fusion-flex-justify-content-flex-start fusion-content-layout-column\"><div class=\"fusion-text fusion-text-1\"><p>Die meisten Landwirtschaftsbetriebe sind als Einzelunternehmen oder Personengesellschaften organisiert. Juristische Personen sind in der Schweizer Landwirtschaft (noch) selten. Darum werden nachfolgend nur die Steuerfolgen selbstst\u00e4ndig erwerbst\u00e4tiger Personen behandelt. Auf eine Reihe kantonaler Steuern, die ebenfalls von Bedeutung sind, kann nicht eingegangen werden.<\/p>\n<p>Steuerlich beinhaltet die Hof\u00fcbergabe einerseits den Kauf der landwirtschaftlichen Liegenschaft mit anschliessender Aufnahme der selbst\u00e4ndigen Erwerbst\u00e4tigkeit durch den K\u00e4ufer, andererseits den Verkauf und die Gesch\u00e4ftsaufgabe des bisherigen Betriebsinhabers. Die Verpachtung wird gesondert betrachtet.<\/p>\n<h3>Verm\u00f6genszuwachs wird besteuert<\/h3>\n<p>Das Prinzip der Besteuerung von Selbstst\u00e4ndigerwerbenden ist einfach: Die Verm\u00f6gensvermehrung (weil Gesch\u00e4ftsverm\u00f6gen) wird als Einkommen besteuert. Allerdings kompliziert sich die Sache durch Ausnahmen, Aufschubm\u00f6glichkeiten und privilegierte Besteuerung sowie durch diverse kantonale Eigenheiten.<\/p>\n<h3>Zwei unterschiedliche Steuersysteme<\/h3>\n<p>Im monistischen System unterliegt der auf Grundst\u00fccken erzielte Wertzuwachs immer der kantonalen Grundst\u00fcckgewinnsteuer, die wiedereingebrachten Abschreibungen hingegen der Einkommenssteuer. Beim dualistischen System unterliegt der gesamte auf Grundst\u00fccken erzielte Kapitalgewinn (Wertzuwachsgewinn und Buchgewinn) der Einkommenssteuer, wozu allerdings Ausnahmeregelungen bestehen.<\/p>\n<h3>Ausserordentliche Ertr\u00e4ge<\/h3>\n<p>Liquidationsgewinne aus Verkauf, Verpachtung oder Aufgabe der selbst\u00e4ndigen Erwerbst\u00e4tigkeit geh\u00f6ren zum ausserordentlichen Ertrag aus selbst\u00e4ndiger Erwerbst\u00e4tigkeit und somit zum steuerbaren Einkommen.<\/p>\n<h3>Verlustverrechnung<\/h3>\n<p>Bei der Hof\u00fcbergabe kann es aber auch zu Liquidationsverlusten kommen (Buchwert h\u00f6her als Verkaufspreis). Verluste im Bereich Liegenschaften d\u00fcrfen dabei mit Liquidationsgewinnen sowie unter Umst\u00e4nden auch mit dem \u00fcbrigen Einkommen verrechnet werden.<\/p>\n<h3>Besteuerung des Liquidationsgewinns<\/h3>\n<p>Ein Liquidationsgewinn kann in mehrere Teilgewinne aufgegliedert und diese separat der Besteuerung zugef\u00fchrt werden, wobei teilweise privilegierte Steuers\u00e4tze gelten. Voraussetzung dazu ist unter anderem die erstmalige und definitive Aufgabe der selbst\u00e4ndigen Erwerbst\u00e4tigkeit nach Vollendung des 55. Altersjahrs.<\/p>\n<h3>Grundst\u00fcckgewinn<\/h3>\n<p>Grundst\u00fcckgewinne setzen einen Wertzuwachs und dessen Realisierung voraus. Als Gewinn wird dabei jener Teil von der Grundst\u00fcckgewinnsteuer erfasst, der die Anlagekosten \u00fcbersteigt. Der Bund erhebt keine Grundst\u00fcckgewinnsteuer. Nach kantonalem Recht wird die Grundst\u00fcckgewinnsteuer bei Erbvorbezug, Schenkung, Erbteilung und bei \u00dcbertragung an Ehegatten aufgeschoben.<\/p>\n<h3>Verkauf<\/h3>\n<p>Wird die gesamte landwirtschaftliche Liegenschaft durch den Eigent\u00fcmer ver\u00e4ussert, handelt es sich um eine Liquidation. Dies gilt selbst dann, wenn Teile zur\u00fcckbehalten und im Rahmen des Verkaufsprozesses ins Privatverm\u00f6gen \u00fcberf\u00fchrt werden. Dabei werden die Abschreibungen als Liquidationsgewinn besteuert.<\/p>\n<h3>Aufschub bei Verpachtung<\/h3>\n<p>Landwirtschaftliche Liegenschaften werden i.d.R. nicht ins Privatverm\u00f6gen \u00fcberf\u00fchrt und verbleiben im Gesch\u00e4ftsverm\u00f6gen, sofern das ganze Gewerbe, welches sich vorher rechtm\u00e4ssig im Gesch\u00e4ftsverm\u00f6gen befand, verpachtet und die Gesch\u00e4ftst\u00e4tigkeit aufgegeben wird.<\/p>\n<h3>Steuerplanung erspart viel M\u00fch und Not<\/h3>\n<p>Jeder Fall ist individuell zu betrachten. Um aber eine steueroptimale L\u00f6sung erzielen zu k\u00f6nnen, muss ein Planungshorizont von mindestens f\u00fcnf, besser zehn Jahren vorhanden sein. Darum: Hof\u00fcbergabe und die dazugeh\u00f6rige Vorsorge- und Steuerplanung nicht erst kurz vor Erreichen des Pensionsalters angehen!<\/p>\n<h3>Exkurs 1: Wohnsituationsbesteuerung im Gesch\u00e4ftsverm\u00f6gen<\/h3>\n<p>Je nachdem, ob f\u00fcr die hof\u00fcbergebende Generation die Wohnsituation mit einer Miete, einem Wohnrecht oder einer Nutzniessung geregelt wird, ergeben sich unterschiedliche steuerliche Konsequenzen.<\/p>\n<h3>Exkurs 2: Nichtlandwirtschaftliche Grundst\u00fccke im Gesch\u00e4ftsverm\u00f6gen<\/h3>\n<p>Der Gewinn aus der Ver\u00e4usserung oder \u00dcberf\u00fchrung von nichtlandwirtschaftlichen Grundst\u00fccken ins Privatverm\u00f6gen wird mit der Einkommenssteuer erfasst und untersteht damit auch den Sozialversicherungsabgaben. Selbst wenn die nichtlandwirtschaftlichen Grundst\u00fccke (insb. Bauland) nicht ver\u00e4ussert werden und der Liquidationsgewinn in diesem Fall milder besteuert wird, k\u00f6nnen die Forderungen von Steuerverwaltung und Sozialversicherung zusammen kaum bezahlt werden.<\/p>\n<p><strong>Eine vertiefte Diskussion der Steuerfragen mit Grafiken und Erkl\u00e4rungstabellen bietet Kapitel <a href=\"https:\/\/agripedia.ch\/betriebsuebergabe\/steuern\/\">Steuern und Hof\u00fcbergabe<\/a>.<\/strong><\/p>\n<\/div><\/div><\/div><\/div><\/div><div class=\"fusion-fullwidth fullwidth-box fusion-builder-row-2 fusion-flex-container nonhundred-percent-fullwidth non-hundred-percent-height-scrolling\" style=\"--awb-border-radius-top-left:0px;--awb-border-radius-top-right:0px;--awb-border-radius-bottom-right:0px;--awb-border-radius-bottom-left:0px;--awb-flex-wrap:wrap;\" ><div class=\"fusion-builder-row fusion-row fusion-flex-align-items-flex-start fusion-flex-content-wrap\" style=\"max-width:1144px;margin-left: calc(-4% \/ 2 );margin-right: calc(-4% \/ 2 );\"><div class=\"fusion-layout-column fusion_builder_column fusion-builder-column-1 fusion_builder_column_1_3 1_3 fusion-flex-column\" style=\"--awb-bg-size:cover;--awb-width-large:33.333333333333%;--awb-margin-top-large:0px;--awb-spacing-right-large:5.76%;--awb-margin-bottom-large:20px;--awb-spacing-left-large:5.76%;--awb-width-medium:33.333333333333%;--awb-spacing-right-medium:5.76%;--awb-spacing-left-medium:5.76%;--awb-width-small:100%;--awb-spacing-right-small:1.92%;--awb-spacing-left-small:1.92%;\"><div class=\"fusion-column-wrapper fusion-flex-justify-content-flex-start fusion-content-layout-column\"><div style=\"text-align:left;\"><a class=\"fusion-button button-flat button-large button-custom fusion-button-default button-1 fusion-button-span-yes fusion-button-default-type\" style=\"--button_accent_color:#ffffff;--button_accent_hover_color:#ffffff;--button_border_hover_color:#ffffff;--button-border-radius-top-left:2px;--button-border-radius-top-right:2px;--button-border-radius-bottom-right:2px;--button-border-radius-bottom-left:2px;--button_gradient_top_color:#e8a72a;--button_gradient_bottom_color:#e8a72a;--button_gradient_top_color_hover:#e8a72a;--button_gradient_bottom_color_hover:#e8a72a;--button_text_transform:none;\" target=\"_self\" href=\"https:\/\/agripedia.ch\/betriebsuebergabe\/versicherungsaspekte-gratis\/\"><span class=\"fusion-button-icon-divider button-icon-divider-left\"><i class=\"fa-arrow-left fas awb-button__icon awb-button__icon--default\" aria-hidden=\"true\"><\/i><\/span><span class=\"fusion-button-text awb-button__text awb-button__text--default fusion-button-text-left\">VERSICHERUNGSASPEKTE<\/span><\/a><\/div><\/div><\/div><div class=\"fusion-layout-column fusion_builder_column fusion-builder-column-2 fusion_builder_column_1_3 1_3 fusion-flex-column\" style=\"--awb-bg-size:cover;--awb-width-large:33.333333333333%;--awb-margin-top-large:0px;--awb-spacing-right-large:5.76%;--awb-margin-bottom-large:20px;--awb-spacing-left-large:5.76%;--awb-width-medium:33.333333333333%;--awb-spacing-right-medium:5.76%;--awb-spacing-left-medium:5.76%;--awb-width-small:100%;--awb-spacing-right-small:1.92%;--awb-spacing-left-small:1.92%;\"><div class=\"fusion-column-wrapper fusion-flex-justify-content-flex-start fusion-content-layout-column\"><div style=\"text-align:center;\"><a class=\"fusion-button button-flat button-large button-custom fusion-button-default button-2 fusion-button-span-yes fusion-button-default-type\" style=\"--button_accent_color:#ffffff;--button_accent_hover_color:#ffffff;--button_border_hover_color:#ffffff;--button-border-radius-top-left:2px;--button-border-radius-top-right:2px;--button-border-radius-bottom-right:2px;--button-border-radius-bottom-left:2px;--button_gradient_top_color:#e80707;--button_gradient_bottom_color:#e80707;--button_gradient_top_color_hover:#e80707;--button_gradient_bottom_color_hover:#e80707;--button_text_transform:none;\" target=\"_self\" href=\"https:\/\/agripedia.ch\/betriebsuebergabe\/inhaltsverzeichnis\/\"><span class=\"fusion-button-icon-divider button-icon-divider-left\"><i class=\"fa-list fas awb-button__icon awb-button__icon--default\" aria-hidden=\"true\"><\/i><\/span><span class=\"fusion-button-text awb-button__text awb-button__text--default fusion-button-text-left\">INHALTSVERZEICHNIS<\/span><\/a><\/div><\/div><\/div><div class=\"fusion-layout-column fusion_builder_column fusion-builder-column-3 fusion_builder_column_1_3 1_3 fusion-flex-column\" style=\"--awb-bg-size:cover;--awb-width-large:33.333333333333%;--awb-margin-top-large:0px;--awb-spacing-right-large:5.76%;--awb-margin-bottom-large:20px;--awb-spacing-left-large:5.76%;--awb-width-medium:33.333333333333%;--awb-spacing-right-medium:5.76%;--awb-spacing-left-medium:5.76%;--awb-width-small:100%;--awb-spacing-right-small:1.92%;--awb-spacing-left-small:1.92%;\"><div class=\"fusion-column-wrapper fusion-flex-justify-content-flex-start fusion-content-layout-column\"><div style=\"text-align:right;\"><a class=\"fusion-button button-flat button-large button-custom fusion-button-default button-3 fusion-button-span-yes fusion-button-default-type\" style=\"--button_accent_color:#ffffff;--button_accent_hover_color:#ffffff;--button_border_hover_color:#ffffff;--button-border-radius-top-left:2px;--button-border-radius-top-right:2px;--button-border-radius-bottom-right:2px;--button-border-radius-bottom-left:2px;--button_gradient_top_color:#555655;--button_gradient_bottom_color:#555655;--button_gradient_top_color_hover:#555655;--button_gradient_bottom_color_hover:#555655;--button_text_transform:none;\" target=\"_self\" href=\"https:\/\/agripedia.ch\/betriebsuebergabe\/nuetzliche-links-gratis\/\"><span class=\"fusion-button-text awb-button__text awb-button__text--default fusion-button-text-right\">N\u00dcTZLICHE LINKS<\/span><span class=\"fusion-button-icon-divider button-icon-divider-right\"><i class=\"fa-arrow-right fas awb-button__icon awb-button__icon--default\" aria-hidden=\"true\"><\/i><\/span><\/a><\/div><\/div><\/div><\/div><\/div><\/p>\n","protected":false},"excerpt":{"rendered":"","protected":false},"author":31,"featured_media":0,"parent":0,"menu_order":0,"comment_status":"closed","ping_status":"closed","template":"","meta":{"_sb_is_suggestion_mode":false,"_sb_show_suggestion_boards":false,"_sb_show_comment_boards":false,"_sb_suggestion_history":"","_sb_update_block_changes":"","_monsterinsights_skip_tracking":false,"_monsterinsights_sitenote_active":false,"_monsterinsights_sitenote_note":"","_monsterinsights_sitenote_category":0,"footnotes":""},"class_list":["post-1108","page","type-page","status-publish","hentry"],"_links":{"self":[{"href":"https:\/\/agripedia.ch\/betriebsuebergabe\/wp-json\/wp\/v2\/pages\/1108","targetHints":{"allow":["GET"]}}],"collection":[{"href":"https:\/\/agripedia.ch\/betriebsuebergabe\/wp-json\/wp\/v2\/pages"}],"about":[{"href":"https:\/\/agripedia.ch\/betriebsuebergabe\/wp-json\/wp\/v2\/types\/page"}],"author":[{"embeddable":true,"href":"https:\/\/agripedia.ch\/betriebsuebergabe\/wp-json\/wp\/v2\/users\/31"}],"replies":[{"embeddable":true,"href":"https:\/\/agripedia.ch\/betriebsuebergabe\/wp-json\/wp\/v2\/comments?post=1108"}],"version-history":[{"count":8,"href":"https:\/\/agripedia.ch\/betriebsuebergabe\/wp-json\/wp\/v2\/pages\/1108\/revisions"}],"predecessor-version":[{"id":2119,"href":"https:\/\/agripedia.ch\/betriebsuebergabe\/wp-json\/wp\/v2\/pages\/1108\/revisions\/2119"}],"wp:attachment":[{"href":"https:\/\/agripedia.ch\/betriebsuebergabe\/wp-json\/wp\/v2\/media?parent=1108"}],"curies":[{"name":"wp","href":"https:\/\/api.w.org\/{rel}","templated":true}]}}