{"id":1106,"date":"2019-06-05T16:37:55","date_gmt":"2019-06-05T14:37:55","guid":{"rendered":"https:\/\/agripedia.ch\/betriebsuebergabe\/?page_id=1106"},"modified":"2019-10-03T09:54:53","modified_gmt":"2019-10-03T07:54:53","slug":"versicherungsaspekte-gratis","status":"publish","type":"page","link":"https:\/\/agripedia.ch\/betriebsuebergabe\/versicherungsaspekte-gratis\/","title":{"rendered":"Versicherungsaspekte gratis"},"content":{"rendered":"<p><div class=\"fusion-fullwidth fullwidth-box fusion-builder-row-1 fusion-flex-container nonhundred-percent-fullwidth non-hundred-percent-height-scrolling\" style=\"--awb-border-radius-top-left:0px;--awb-border-radius-top-right:0px;--awb-border-radius-bottom-right:0px;--awb-border-radius-bottom-left:0px;--awb-flex-wrap:wrap;\" ><div class=\"fusion-builder-row fusion-row fusion-flex-align-items-flex-start fusion-flex-content-wrap\" style=\"max-width:calc( 1100px + 0px );margin-left: calc(-0px \/ 2 );margin-right: calc(-0px \/ 2 );\"><div class=\"fusion-layout-column fusion_builder_column fusion-builder-column-0 fusion_builder_column_1_1 1_1 fusion-flex-column\" style=\"--awb-bg-size:cover;--awb-width-large:100%;--awb-margin-top-large:0px;--awb-spacing-right-large:0px;--awb-margin-bottom-large:20px;--awb-spacing-left-large:0px;--awb-width-medium:100%;--awb-spacing-right-medium:0px;--awb-spacing-left-medium:0px;--awb-width-small:100%;--awb-spacing-right-small:0px;--awb-spacing-left-small:0px;\"><div class=\"fusion-column-wrapper fusion-flex-justify-content-flex-start fusion-content-layout-column\"><div class=\"fusion-text fusion-text-1\"><p>Eine Hof\u00fcbergabe wirft auch Versicherungsfragen auf. Im konkreten Einzelfall ist der Einbezug einer landwirtschaftlichen Versicherungsberatung unbedingt zu empfehlen.<\/p>\n<h3>Warum ist eine \u00dcberpr\u00fcfung und Anpassung des Versicherungsschutzes wichtig?<\/h3>\n<p>Sowohl die Risikosituation als auch die Risikof\u00e4higkeit unterscheiden sich deutlich zwischen der \u00fcbernehmenden und der abtretenden Generation. Beim Hof\u00fcbernehmer steht der Risikoschutz f\u00fcr Invalidit\u00e4t und Tod im Vordergrund, beim Hofabtreter die Finanzierung des Ruhestandes.<\/p>\n<h3>Auseinanderhalten schafft Klarheit<\/h3>\n<p>Auf einem Landwirtschaftsbetrieb ist eine Vielzahl von Versicherungspolicen vorhanden. Um die \u00dcbersicht zu behalten, hilft die Unterscheidung zwischen Personen-, Sach- und Verm\u00f6gensversicherungen. Eine weitere Hilfestellung im \u00abVersicherungsdschungel\u00bb bietet die Aufteilung in private und betriebliche Versicherungen.<\/p>\n<h3>Personenversicherungen des Hof\u00fcbernehmers und seiner Familie<\/h3>\n<p>Im Vordergrund steht der Aufbau eines bedarfsgerechten Risikoschutzes f\u00fcr die Betriebsleiterfamilie und die Absicherung des Landwirtschaftsbetriebes, damit dieser auch nach einem Schicksalsschlag in der Familie gehalten werden kann. Dazu geh\u00f6ren: Einschluss Unfallrisiko in der obligatorischen Krankenpflegeversicherung, Taggeldversicherung sowie Invalidit\u00e4ts- und Todesfallleistungen.<\/p>\n<p>Ob zum Zeitpunkt der Betriebs\u00fcbernahme der Aufbau einer Altersvorsorge Sinn macht, ist im Einzelfall zu pr\u00fcfen. Es gilt der Grundsatz \u00abRisiko vor Sparen\u00bb. In der Regel werden die vorhandenen Mittel in den Aufbau von Betrieb und Familie investiert und sind nicht f\u00fcr die zweite oder dritte S\u00e4ule verf\u00fcgbar.<\/p>\n<h3>Personenversicherungen der Hofabtreter<\/h3>\n<p>Bei der abtretenden Generation geht es um die Anpassung des Risikoschutzes, die Anmeldung f\u00fcr die staatlichen Sozialversicherungen sowie den Bezug von allf\u00e4lligen Guthaben der zweiten resp. dritten S\u00e4ule. Zu einer umfassenden Finanzplanung des Ruhestandes geh\u00f6rt aber auch die Ber\u00fccksichtigung folgender Aspekte: Erl\u00f6s aus Hof\u00fcbergabe, Wohnsituation, Steuerfolgen der Hof\u00fcbergabe, Absicherung des Ehepartners. Ausserdem kann in der Regel mit der Betriebs\u00fcbergabe auch der Risikoschutz (Taggeld, Invalidit\u00e4t, Todesfall) f\u00fcr die abtretende Generation angepasst werden.<\/p>\n<p>\u00dcbrigens: Wenn die abtretende Generation ihren Ruhestand proaktiv gestalten will, darf die Altersvorsorge nicht erst beim Erreichen des Pensionsalters ein Thema werden. Sp\u00e4testens ab Alter 50 sollte man sich mit der Planung des dritten Lebensabschnittes auseinandersetzen.<\/p>\n<h3>Sach- und Verm\u00f6gensversicherungen<\/h3>\n<p>Die Vorg\u00e4ngergeneration hat f\u00fcr den Betrieb bereits verschiedene Versicherungen abgeschlossen. Laut Gesetz gehen beim Eigent\u00fcmerwechsel die Vertr\u00e4ge betrieblicher Sach- und Verm\u00f6gensversicherungen auf den neuen Eigent\u00fcmer \u00fcber. Allerdings k\u00f6nnen sowohl der neue Eigent\u00fcmer wie das Versicherungsunternehmen solche Vertr\u00e4ge nach dem Eigent\u00fcmerwechsel k\u00fcnden. Die private Hausratversicherung, die Privathaftpflichtversicherung, die Privatrechtsschutzversicherung, die Motorfahrzeugversicherung des Privatautos sowie weitere private Versicherungen (z.B. Reiseversicherung) bleiben hingegen bei der abtretenden Generation.<\/p>\n<h3>Versicherungen der Angestellten<\/h3>\n<p>Die abtretende Generation k\u00fcndigt die Versicherungen der Betriebsangestellten (Unfall, Vorsorge, Krankentaggeld etc.) zum Zeitpunkt der Hof\u00fcbergabe. Der neue Betriebsleiter muss diese Versicherungen neu abschliessen, um den obligatorischen Versicherungsschutz f\u00fcr die familienfremden Angestellten sicherzustellen.<\/p>\n<h3>Gesamtversicherungsberatung<\/h3>\n<p>Wie eingangs erw\u00e4hnt, erkl\u00e4ren die obigen Ausf\u00fchrungen lediglich die wichtigsten Aspekte und Grunds\u00e4tze. Nur eine Gesamtversicherungsberatung f\u00fcr den Hof\u00fcbernehmer und die abtretende Generation durch einen landwirtschaftlichen Versicherungsspezialisten gew\u00e4hrleistet einen korrekten Versicherungsschutz f\u00fcr alle.<\/p>\n<p><strong>Weitere Details zu Versicherungsfragen werden im Kapitel <a href=\"https:\/\/agripedia.ch\/betriebsuebergabe\/versicherungsaspekte-hofuebergabe\/\">Versicherungsaspekte bei der Hof\u00fcbergabe<\/a> diskutiert.<\/strong><\/p>\n<\/div><\/div><\/div><\/div><\/div><div class=\"fusion-fullwidth fullwidth-box fusion-builder-row-2 fusion-flex-container nonhundred-percent-fullwidth non-hundred-percent-height-scrolling\" style=\"--awb-border-radius-top-left:0px;--awb-border-radius-top-right:0px;--awb-border-radius-bottom-right:0px;--awb-border-radius-bottom-left:0px;--awb-flex-wrap:wrap;\" ><div class=\"fusion-builder-row fusion-row fusion-flex-align-items-flex-start fusion-flex-content-wrap\" style=\"max-width:1144px;margin-left: calc(-4% \/ 2 );margin-right: calc(-4% \/ 2 );\"><div class=\"fusion-layout-column fusion_builder_column fusion-builder-column-1 fusion_builder_column_1_3 1_3 fusion-flex-column\" style=\"--awb-bg-size:cover;--awb-width-large:33.333333333333%;--awb-margin-top-large:0px;--awb-spacing-right-large:5.76%;--awb-margin-bottom-large:20px;--awb-spacing-left-large:5.76%;--awb-width-medium:33.333333333333%;--awb-spacing-right-medium:5.76%;--awb-spacing-left-medium:5.76%;--awb-width-small:100%;--awb-spacing-right-small:1.92%;--awb-spacing-left-small:1.92%;\"><div class=\"fusion-column-wrapper fusion-flex-justify-content-flex-start fusion-content-layout-column\"><div style=\"text-align:left;\"><a class=\"fusion-button button-flat button-large button-custom fusion-button-default button-1 fusion-button-span-yes fusion-button-default-type\" style=\"--button_accent_color:#ffffff;--button_accent_hover_color:#ffffff;--button_border_hover_color:#ffffff;--button-border-radius-top-left:2px;--button-border-radius-top-right:2px;--button-border-radius-bottom-right:2px;--button-border-radius-bottom-left:2px;--button_gradient_top_color:#ec6899;--button_gradient_bottom_color:#ec6899;--button_gradient_top_color_hover:#ec6899;--button_gradient_bottom_color_hover:#ec6899;--button_text_transform:none;\" target=\"_self\" href=\"https:\/\/agripedia.ch\/betriebsuebergabe\/rechtliche-absicherung-gratis\/\"><span class=\"fusion-button-icon-divider button-icon-divider-left\"><i class=\"fa-arrow-left fas awb-button__icon awb-button__icon--default\" aria-hidden=\"true\"><\/i><\/span><span class=\"fusion-button-text awb-button__text awb-button__text--default fusion-button-text-left\">RECHTLICHE ABSICHERUNG<\/span><\/a><\/div><\/div><\/div><div class=\"fusion-layout-column fusion_builder_column fusion-builder-column-2 fusion_builder_column_1_3 1_3 fusion-flex-column\" style=\"--awb-bg-size:cover;--awb-width-large:33.333333333333%;--awb-margin-top-large:0px;--awb-spacing-right-large:5.76%;--awb-margin-bottom-large:20px;--awb-spacing-left-large:5.76%;--awb-width-medium:33.333333333333%;--awb-spacing-right-medium:5.76%;--awb-spacing-left-medium:5.76%;--awb-width-small:100%;--awb-spacing-right-small:1.92%;--awb-spacing-left-small:1.92%;\"><div class=\"fusion-column-wrapper fusion-flex-justify-content-flex-start fusion-content-layout-column\"><div style=\"text-align:center;\"><a class=\"fusion-button button-flat button-large button-custom fusion-button-default button-2 fusion-button-span-yes fusion-button-default-type\" style=\"--button_accent_color:#ffffff;--button_accent_hover_color:#ffffff;--button_border_hover_color:#ffffff;--button-border-radius-top-left:2px;--button-border-radius-top-right:2px;--button-border-radius-bottom-right:2px;--button-border-radius-bottom-left:2px;--button_gradient_top_color:#e80707;--button_gradient_bottom_color:#e80707;--button_gradient_top_color_hover:#e80707;--button_gradient_bottom_color_hover:#e80707;--button_text_transform:none;\" target=\"_self\" href=\"https:\/\/agripedia.ch\/betriebsuebergabe\/inhaltsverzeichnis\/\"><span class=\"fusion-button-icon-divider button-icon-divider-left\"><i class=\"fa-list fas awb-button__icon awb-button__icon--default\" aria-hidden=\"true\"><\/i><\/span><span class=\"fusion-button-text awb-button__text awb-button__text--default fusion-button-text-left\">INHALTSVERZEICHNIS<\/span><\/a><\/div><\/div><\/div><div class=\"fusion-layout-column fusion_builder_column fusion-builder-column-3 fusion_builder_column_1_3 1_3 fusion-flex-column\" style=\"--awb-bg-size:cover;--awb-width-large:33.333333333333%;--awb-margin-top-large:0px;--awb-spacing-right-large:5.76%;--awb-margin-bottom-large:20px;--awb-spacing-left-large:5.76%;--awb-width-medium:33.333333333333%;--awb-spacing-right-medium:5.76%;--awb-spacing-left-medium:5.76%;--awb-width-small:100%;--awb-spacing-right-small:1.92%;--awb-spacing-left-small:1.92%;\"><div class=\"fusion-column-wrapper fusion-flex-justify-content-flex-start fusion-content-layout-column\"><div style=\"text-align:right;\"><a class=\"fusion-button button-flat button-large button-custom fusion-button-default button-3 fusion-button-span-yes fusion-button-default-type\" style=\"--button_accent_color:#ffffff;--button_accent_hover_color:#ffffff;--button_border_hover_color:#ffffff;--button-border-radius-top-left:2px;--button-border-radius-top-right:2px;--button-border-radius-bottom-right:2px;--button-border-radius-bottom-left:2px;--button_gradient_top_color:#27477b;--button_gradient_bottom_color:#27477b;--button_gradient_top_color_hover:#27477b;--button_gradient_bottom_color_hover:#27477b;--button_text_transform:none;\" target=\"_self\" href=\"https:\/\/agripedia.ch\/betriebsuebergabe\/steuern-gratis\/\"><span class=\"fusion-button-text awb-button__text awb-button__text--default fusion-button-text-right\">STEUERN<\/span><span class=\"fusion-button-icon-divider button-icon-divider-right\"><i class=\"fa-arrow-right fas awb-button__icon awb-button__icon--default\" aria-hidden=\"true\"><\/i><\/span><\/a><\/div><\/div><\/div><\/div><\/div><\/p>\n","protected":false},"excerpt":{"rendered":"","protected":false},"author":31,"featured_media":0,"parent":0,"menu_order":0,"comment_status":"closed","ping_status":"closed","template":"","meta":{"_sb_is_suggestion_mode":false,"_sb_show_suggestion_boards":false,"_sb_show_comment_boards":false,"_sb_suggestion_history":"","_sb_update_block_changes":"","_monsterinsights_skip_tracking":false,"_monsterinsights_sitenote_active":false,"_monsterinsights_sitenote_note":"","_monsterinsights_sitenote_category":0,"footnotes":""},"class_list":["post-1106","page","type-page","status-publish","hentry"],"_links":{"self":[{"href":"https:\/\/agripedia.ch\/betriebsuebergabe\/wp-json\/wp\/v2\/pages\/1106","targetHints":{"allow":["GET"]}}],"collection":[{"href":"https:\/\/agripedia.ch\/betriebsuebergabe\/wp-json\/wp\/v2\/pages"}],"about":[{"href":"https:\/\/agripedia.ch\/betriebsuebergabe\/wp-json\/wp\/v2\/types\/page"}],"author":[{"embeddable":true,"href":"https:\/\/agripedia.ch\/betriebsuebergabe\/wp-json\/wp\/v2\/users\/31"}],"replies":[{"embeddable":true,"href":"https:\/\/agripedia.ch\/betriebsuebergabe\/wp-json\/wp\/v2\/comments?post=1106"}],"version-history":[{"count":7,"href":"https:\/\/agripedia.ch\/betriebsuebergabe\/wp-json\/wp\/v2\/pages\/1106\/revisions"}],"predecessor-version":[{"id":2118,"href":"https:\/\/agripedia.ch\/betriebsuebergabe\/wp-json\/wp\/v2\/pages\/1106\/revisions\/2118"}],"wp:attachment":[{"href":"https:\/\/agripedia.ch\/betriebsuebergabe\/wp-json\/wp\/v2\/media?parent=1106"}],"curies":[{"name":"wp","href":"https:\/\/api.w.org\/{rel}","templated":true}]}}