{"id":1104,"date":"2019-06-05T16:37:53","date_gmt":"2019-06-05T14:37:53","guid":{"rendered":"https:\/\/agripedia.ch\/betriebsuebergabe\/?page_id=1104"},"modified":"2019-10-03T09:51:55","modified_gmt":"2019-10-03T07:51:55","slug":"rechtliche-absicherung-gratis","status":"publish","type":"page","link":"https:\/\/agripedia.ch\/betriebsuebergabe\/rechtliche-absicherung-gratis\/","title":{"rendered":"Rechtliche Absicherung gratis"},"content":{"rendered":"<p><div class=\"fusion-fullwidth fullwidth-box fusion-builder-row-1 fusion-flex-container nonhundred-percent-fullwidth non-hundred-percent-height-scrolling\" style=\"--awb-border-radius-top-left:0px;--awb-border-radius-top-right:0px;--awb-border-radius-bottom-right:0px;--awb-border-radius-bottom-left:0px;--awb-flex-wrap:wrap;\" ><div class=\"fusion-builder-row fusion-row fusion-flex-align-items-flex-start fusion-flex-content-wrap\" style=\"max-width:calc( 1100px + 0px );margin-left: calc(-0px \/ 2 );margin-right: calc(-0px \/ 2 );\"><div class=\"fusion-layout-column fusion_builder_column fusion-builder-column-0 fusion_builder_column_1_1 1_1 fusion-flex-column\" style=\"--awb-bg-size:cover;--awb-width-large:100%;--awb-margin-top-large:0px;--awb-spacing-right-large:0px;--awb-margin-bottom-large:20px;--awb-spacing-left-large:0px;--awb-width-medium:100%;--awb-spacing-right-medium:0px;--awb-spacing-left-medium:0px;--awb-width-small:100%;--awb-spacing-right-small:0px;--awb-spacing-left-small:0px;\"><div class=\"fusion-column-wrapper fusion-flex-justify-content-flex-start fusion-content-layout-column\"><div class=\"fusion-text fusion-text-1\"><p>Um Generationenkonflikte zu vermeiden lohnt sich eine sorgf\u00e4ltige Regelung der Wohnsituation der Eltern.<\/p>\n<h3>Wirtschaftliche Ausgangslage<\/h3>\n<p>Beide Parteien, Verk\u00e4ufer und K\u00e4ufer, haben den Anspruch, sich lieber nicht zu lange zu binden und in der Zukunft m\u00f6glichst frei zu sein. Trotzdem stellt sich die Frage zur Wohnform der Verk\u00e4ufer bei fast jeder Betriebs\u00fcbergabe.<\/p>\n<p>Eine Standardantwort ist nicht m\u00f6glich. Die passende L\u00f6sung richtet sich an zwei Hauptkriterien aus: Der pers\u00f6nlichen Einstellung der Betroffenen und den rechtlichen und finanziellen M\u00f6glichkeiten. In der Vergangenheit konnten sich viele abtretende Bauernehepaare keine Wohnung ausserhalb des Hofes leisten. Dank dem Ausbau von Sozialversicherungen und privater Vorsorge muss heute die Wohnregelung im Alter oft nicht mehr auf die Existenzsicherung ausgerichtet werden.<\/p>\n<p>Die pers\u00f6nliche Einstellung betrifft sowohl Verk\u00e4ufer- wie K\u00e4uferschaft. H\u00e4ufig ist die Ausgangslage klar: Die Betroffenen k\u00f6nnen sich ein Zusammenleben auf dem Hof vorstellen oder eben nicht. Vorbehalte gegen ein Miteinander auf dem Hof sind besonders zu beachten. Dann ist vielleicht ein einfacher Mietvertrag vorzuziehen, welcher eine unkomplizierte Ver\u00e4nderung der Wohnsituation zul\u00e4sst.<\/p>\n<h3>Rechtliche Ausgangslage<\/h3>\n<p>Das b\u00e4uerliche Bodenrecht sieht vor, dass der \u00fcberlebende Ehegatte im Rahmen einer Erbteilung ein Nutzniessungs- oder Wohnrecht auf Anrechnung an seine Anspr\u00fcche verlangen kann, wenn die Umst\u00e4nde es zulassen. Gegen Nutzniessungs- oder Wohnrecht k\u00f6nnen objektive Gr\u00fcnde sprechen wie fehlender Wohnraum, nicht vollst\u00e4ndig getrennte Wohneinheiten, aber auch subjektive Gr\u00fcnde wie Unvertr\u00e4glichkeit der Parteien. Hauptunterschied zwischen den beiden Rechtsformen: Ein Wohnrecht kann nur selbst genutzt werden, der Nutzniesser hingegen kann das Wohnobjekt auch an Dritte vermieten.<\/p>\n<h3>Rechtliche Formen f\u00fcr das Wohnen auf dem Hof<\/h3>\n<p>Je mehr sich die gew\u00e4hlte Rechtsform (von Miete bis Eigentum) einem Eigentumsverh\u00e4ltnis ann\u00e4hert, umso fester ist die gegenseitige Bindung. Damit wird die rechtliche Sicherheit f\u00fcr die Beg\u00fcnstigten gest\u00e4rkt, anderseits aber auch eine vorzeitige Aufl\u00f6sung erschwert oder verunm\u00f6glicht, sofern nicht beide Parteien sich finden k\u00f6nnen.<\/p>\n<h3>Wer ist f\u00fcr welchen Unterhalt zust\u00e4ndig<\/h3>\n<p>Je nach gew\u00e4hlter Regelung muss der Nutzungsberechtigte einen Anteil von Unterhalts- und Nebenkosten selbst tragen, der Eigent\u00fcmer hingegen tr\u00e4gt nat\u00fcrlich alles selbst.<\/p>\n<h3>Begrenzung Wohnrecht \/ Nutzniessung auf Aktivit\u00e4tsdauer<\/h3>\n<p>Nutzniessung und Wohnrechte, die nicht vertraglich befristet werden, gelten im Grundsatz bis zum Ableben der berechtigten Person. Wohnrechte enden aber meist vor dem Ableben bzw. werden vorher aufgegeben. Verlassen die Eltern die Wohnrechtswohnung, gilt das Wohnrecht trotzdem bis zu deren Ableben und ist kaum vorzeitig aufl\u00f6sbar. Dem kann entgegengewirkt werden, indem das Wohnrecht auf eine feste Dauer oder auf Aktivit\u00e4tsdauer begrenzt wird.<\/p>\n<h3>Abgeltungsl\u00f6sung<\/h3>\n<p>Unabh\u00e4ngig davon, welche Wohnformvariante gew\u00e4hlt wird, stellt sich die Frage nach der Entsch\u00e4digung f\u00fcr den K\u00e4ufer durch den Verk\u00e4ufer und zuk\u00fcnftigen Nutzer der Wohnung. In Frage kommen: Periodische Abgeltung, einmaliger Abgeltung oder Darlehensfinanzierung. F\u00fcr einen Entscheid \u00fcber die Abgeltungsl\u00f6sung braucht es kl\u00e4rende Gespr\u00e4che zwischen den Parteien.<\/p>\n<h3>Aufl\u00f6sung<\/h3>\n<p>Eine vorzeitige Aufl\u00f6sung der vereinbarten Wohnnutzung ist beim Mietvertrag einfach m\u00f6glich, da er unter Einhaltung von K\u00fcndigungsfrist und \u2013termin einseitig k\u00fcndbar ist. Bei den im Grundbuch eingetragenen Nutzniessungs- und Wohnrechten, welche mit einer einmaligen Abgeltung finanziert worden sind, ist eine Aufl\u00f6sung wesentlich schwieriger oder sogar unm\u00f6glich, wenn die berechtigte Partei nicht einlenkt. Oftmals steht einer L\u00f6schung der Dienstbarkeit der Streit um den Wert der Aufl\u00f6sung entgegen. Es ist daher sehr ratsam, im Kaufvertrag zu regeln, wie eine vorzeitige Beendigung der Dienstbarkeit finanziell behandelt werden soll.<\/p>\n<h3>Nebenkosten<\/h3>\n<p>Im Zusammenhang mit der Abgeltung von Wohnrechten sind oft auch Nebenleistungen zu bewerten. Wenn immer m\u00f6glich sollten diese nach effektivem Verbrauch periodisch abgerechnet werden, denn wenn man sie nach Richtwerten bestimmt, k\u00f6nnen Unstimmigkeiten auftreten.<\/p>\n<h3>Periodische Abgeltung der Nebenkosten<\/h3>\n<p>Ideal ist es, die Nebenkosten periodisch abzurechnen und nicht an die Wohnrechtsabgeltung zu koppeln. So kann den sich \u00e4ndernden Bed\u00fcrfnissen der Berechtigten Rechnung getragen werden. Auch im Hinblick auf eine sp\u00e4tere Aufl\u00f6sung des Wohnrechts oder auf allf\u00e4llige Erg\u00e4nzungsleistungen ist es von Vorteil, die Nebenkosten periodisch abzurechnen.<\/p>\n<p><strong>Weitere Fakten und Informationen zur Wohnl\u00f6sung f\u00fcr die abtretende Generation finden sich im Kapitel <a href=\"https:\/\/agripedia.ch\/betriebsuebergabe\/rechtliche-absicherung\/\">Rechtliche Absicherung des Wohnens auf dem Hof<\/a>.<\/strong><\/p>\n<\/div><\/div><\/div><\/div><\/div><div class=\"fusion-fullwidth fullwidth-box fusion-builder-row-2 fusion-flex-container nonhundred-percent-fullwidth non-hundred-percent-height-scrolling\" style=\"--awb-border-radius-top-left:0px;--awb-border-radius-top-right:0px;--awb-border-radius-bottom-right:0px;--awb-border-radius-bottom-left:0px;--awb-flex-wrap:wrap;\" ><div class=\"fusion-builder-row fusion-row fusion-flex-align-items-flex-start fusion-flex-content-wrap\" style=\"max-width:1144px;margin-left: calc(-4% \/ 2 );margin-right: calc(-4% \/ 2 );\"><div class=\"fusion-layout-column fusion_builder_column fusion-builder-column-1 fusion_builder_column_1_3 1_3 fusion-flex-column\" style=\"--awb-bg-size:cover;--awb-width-large:33.333333333333%;--awb-margin-top-large:0px;--awb-spacing-right-large:5.76%;--awb-margin-bottom-large:20px;--awb-spacing-left-large:5.76%;--awb-width-medium:33.333333333333%;--awb-spacing-right-medium:5.76%;--awb-spacing-left-medium:5.76%;--awb-width-small:100%;--awb-spacing-right-small:1.92%;--awb-spacing-left-small:1.92%;\"><div class=\"fusion-column-wrapper fusion-flex-justify-content-flex-start fusion-content-layout-column\"><div style=\"text-align:left;\"><a class=\"fusion-button button-flat button-large button-custom fusion-button-default button-1 fusion-button-span-yes fusion-button-default-type\" style=\"--button_accent_color:#ffffff;--button_accent_hover_color:#ffffff;--button_border_hover_color:#ffffff;--button-border-radius-top-left:2px;--button-border-radius-top-right:2px;--button-border-radius-bottom-right:2px;--button-border-radius-bottom-left:2px;--button_gradient_top_color:#02acbc;--button_gradient_bottom_color:#02acbc;--button_gradient_top_color_hover:#02acbc;--button_gradient_bottom_color_hover:#02acbc;--button_text_transform:none;\" target=\"_self\" href=\"https:\/\/agripedia.ch\/betriebsuebergabe\/situation-verkaeuferpaars-gratis\/\"><span class=\"fusion-button-icon-divider button-icon-divider-left\"><i class=\"fa-arrow-left fas awb-button__icon awb-button__icon--default\" aria-hidden=\"true\"><\/i><\/span><span class=\"fusion-button-text awb-button__text awb-button__text--default fusion-button-text-left\">SITUATION DES VERK\u00c4UFER-EHEPAARS<\/span><\/a><\/div><\/div><\/div><div class=\"fusion-layout-column fusion_builder_column fusion-builder-column-2 fusion_builder_column_1_3 1_3 fusion-flex-column\" style=\"--awb-bg-size:cover;--awb-width-large:33.333333333333%;--awb-margin-top-large:0px;--awb-spacing-right-large:5.76%;--awb-margin-bottom-large:20px;--awb-spacing-left-large:5.76%;--awb-width-medium:33.333333333333%;--awb-spacing-right-medium:5.76%;--awb-spacing-left-medium:5.76%;--awb-width-small:100%;--awb-spacing-right-small:1.92%;--awb-spacing-left-small:1.92%;\"><div class=\"fusion-column-wrapper fusion-flex-justify-content-flex-start fusion-content-layout-column\"><div style=\"text-align:center;\"><a class=\"fusion-button button-flat button-large button-custom fusion-button-default button-2 fusion-button-span-yes fusion-button-default-type\" style=\"--button_accent_color:#ffffff;--button_accent_hover_color:#ffffff;--button_border_hover_color:#ffffff;--button-border-radius-top-left:2px;--button-border-radius-top-right:2px;--button-border-radius-bottom-right:2px;--button-border-radius-bottom-left:2px;--button_gradient_top_color:#e80707;--button_gradient_bottom_color:#e80707;--button_gradient_top_color_hover:#e80707;--button_gradient_bottom_color_hover:#e80707;--button_text_transform:none;\" target=\"_self\" href=\"https:\/\/agripedia.ch\/betriebsuebergabe\/inhaltsverzeichnis\/\"><span class=\"fusion-button-icon-divider button-icon-divider-left\"><i class=\"fa-list fas awb-button__icon awb-button__icon--default\" aria-hidden=\"true\"><\/i><\/span><span class=\"fusion-button-text awb-button__text awb-button__text--default fusion-button-text-left\">INHALTSVERZEICHNIS<\/span><\/a><\/div><\/div><\/div><div class=\"fusion-layout-column fusion_builder_column fusion-builder-column-3 fusion_builder_column_1_3 1_3 fusion-flex-column\" style=\"--awb-bg-size:cover;--awb-width-large:33.333333333333%;--awb-margin-top-large:0px;--awb-spacing-right-large:5.76%;--awb-margin-bottom-large:20px;--awb-spacing-left-large:5.76%;--awb-width-medium:33.333333333333%;--awb-spacing-right-medium:5.76%;--awb-spacing-left-medium:5.76%;--awb-width-small:100%;--awb-spacing-right-small:1.92%;--awb-spacing-left-small:1.92%;\"><div class=\"fusion-column-wrapper fusion-flex-justify-content-flex-start fusion-content-layout-column\"><div style=\"text-align:right;\"><a class=\"fusion-button button-flat button-large button-custom fusion-button-default button-3 fusion-button-span-yes fusion-button-default-type\" style=\"--button_accent_color:#ffffff;--button_accent_hover_color:#ffffff;--button_border_hover_color:#ffffff;--button-border-radius-top-left:2px;--button-border-radius-top-right:2px;--button-border-radius-bottom-right:2px;--button-border-radius-bottom-left:2px;--button_gradient_top_color:#e8a72a;--button_gradient_bottom_color:#e8a72a;--button_gradient_top_color_hover:#e8a72a;--button_gradient_bottom_color_hover:#e8a72a;--button_text_transform:none;\" target=\"_self\" href=\"https:\/\/agripedia.ch\/betriebsuebergabe\/versicherungsaspekte-gratis\/\"><span class=\"fusion-button-text awb-button__text awb-button__text--default fusion-button-text-right\">VERSICHERUNGSASPEKTE<\/span><span class=\"fusion-button-icon-divider button-icon-divider-right\"><i class=\"fa-arrow-right fas awb-button__icon awb-button__icon--default\" aria-hidden=\"true\"><\/i><\/span><\/a><\/div><\/div><\/div><\/div><\/div><\/p>\n","protected":false},"excerpt":{"rendered":"","protected":false},"author":31,"featured_media":0,"parent":0,"menu_order":0,"comment_status":"closed","ping_status":"closed","template":"","meta":{"_sb_is_suggestion_mode":false,"_sb_show_suggestion_boards":false,"_sb_show_comment_boards":false,"_sb_suggestion_history":"","_sb_update_block_changes":"","_monsterinsights_skip_tracking":false,"_monsterinsights_sitenote_active":false,"_monsterinsights_sitenote_note":"","_monsterinsights_sitenote_category":0,"footnotes":""},"class_list":["post-1104","page","type-page","status-publish","hentry"],"_links":{"self":[{"href":"https:\/\/agripedia.ch\/betriebsuebergabe\/wp-json\/wp\/v2\/pages\/1104","targetHints":{"allow":["GET"]}}],"collection":[{"href":"https:\/\/agripedia.ch\/betriebsuebergabe\/wp-json\/wp\/v2\/pages"}],"about":[{"href":"https:\/\/agripedia.ch\/betriebsuebergabe\/wp-json\/wp\/v2\/types\/page"}],"author":[{"embeddable":true,"href":"https:\/\/agripedia.ch\/betriebsuebergabe\/wp-json\/wp\/v2\/users\/31"}],"replies":[{"embeddable":true,"href":"https:\/\/agripedia.ch\/betriebsuebergabe\/wp-json\/wp\/v2\/comments?post=1104"}],"version-history":[{"count":9,"href":"https:\/\/agripedia.ch\/betriebsuebergabe\/wp-json\/wp\/v2\/pages\/1104\/revisions"}],"predecessor-version":[{"id":4771,"href":"https:\/\/agripedia.ch\/betriebsuebergabe\/wp-json\/wp\/v2\/pages\/1104\/revisions\/4771"}],"wp:attachment":[{"href":"https:\/\/agripedia.ch\/betriebsuebergabe\/wp-json\/wp\/v2\/media?parent=1104"}],"curies":[{"name":"wp","href":"https:\/\/api.w.org\/{rel}","templated":true}]}}