{"id":1102,"date":"2019-06-05T16:37:54","date_gmt":"2019-06-05T14:37:54","guid":{"rendered":"https:\/\/agripedia.ch\/betriebsuebergabe\/?page_id=1102"},"modified":"2019-10-03T09:46:35","modified_gmt":"2019-10-03T07:46:35","slug":"situation-verkaeuferpaars-gratis","status":"publish","type":"page","link":"https:\/\/agripedia.ch\/betriebsuebergabe\/situation-verkaeuferpaars-gratis\/","title":{"rendered":"Situation des Verk\u00e4uferehepaars gratis"},"content":{"rendered":"<p><div class=\"fusion-fullwidth fullwidth-box fusion-builder-row-1 fusion-flex-container nonhundred-percent-fullwidth non-hundred-percent-height-scrolling\" style=\"--awb-border-radius-top-left:0px;--awb-border-radius-top-right:0px;--awb-border-radius-bottom-right:0px;--awb-border-radius-bottom-left:0px;--awb-flex-wrap:wrap;\" ><div class=\"fusion-builder-row fusion-row fusion-flex-align-items-flex-start fusion-flex-content-wrap\" style=\"max-width:calc( 1100px + 0px );margin-left: calc(-0px \/ 2 );margin-right: calc(-0px \/ 2 );\"><div class=\"fusion-layout-column fusion_builder_column fusion-builder-column-0 fusion_builder_column_1_1 1_1 fusion-flex-column\" style=\"--awb-bg-size:cover;--awb-width-large:100%;--awb-margin-top-large:0px;--awb-spacing-right-large:0px;--awb-margin-bottom-large:20px;--awb-spacing-left-large:0px;--awb-width-medium:100%;--awb-spacing-right-medium:0px;--awb-spacing-left-medium:0px;--awb-width-small:100%;--awb-spacing-right-small:0px;--awb-spacing-left-small:0px;\"><div class=\"fusion-column-wrapper fusion-flex-justify-content-flex-start fusion-content-layout-column\"><div class=\"fusion-text fusion-text-1\"><p>Das b\u00e4uerliche Bodenrecht beg\u00fcnstigt den selbstbewirtschaftenden Erben. Deshalb sollten von Anfang an alle Familienmitglieder in den Prozess der Hof\u00fcbergabe miteinbezogen werden.<\/p>\n<h3>Fairness<\/h3>\n<p>Der Spagat zwischen Erhalt des Unternehmens, ausreichender Vorsorge f\u00fcr das ehemalige Betriebsleiterpaar und Fairness gegen\u00fcber allen Kindern ist eine Herausforderung. Eine faire L\u00f6sung braucht konsensf\u00e4hige Entscheide, die auf Vertrauen und Kompromissbereitschaft abstellen. Dieses Fundament sichert den Fortbestand des Familienunternehmens besser als jeder kurzfristig erreichte Vorteil: Ein gutes Verh\u00e4ltnis unter den Familienmitgliedern st\u00e4rkt den Betrieb und kann von unsch\u00e4tzbarem Wert sein. Nicht nur in finanzieller Hinsicht, sondern auch als pers\u00f6nliches Netzwerk, auf das in schwierigen Zeiten Verlass ist.<\/p>\n<h3>Schutz und Ausgleich im BGBB<\/h3>\n<p>Wenn ein Nachkomme die landwirtschaftliche Liegenschaft aus einer Erbschaft \u00fcbernimmt, sind seine Miterben durch das gesetzliche Gewinnanspruchsrecht gesch\u00fctzt. Ausserdem sieht das BGBB im Erbfall neben einem R\u00fcckkaufsrecht auch Kaufrecht und Vorkaufsrechte f\u00fcr Verwandte vor, so dass das landwirtschaftliche Gewerbe m\u00f6glichst in der Familie erhalten werden kann.<\/p>\n<p>Bei einer lebzeitigen \u00dcbergabe mischt sich der Gesetzgeber wenig in die Belange der Familie ein. Das Gute daran: Die Parteien k\u00f6nnen den Vertrag an ihre besondere Situation anpassen und pr\u00e4zisieren. Insbesondere sollten vertraglich unbedingt ein R\u00fcckkaufsrecht f\u00fcr den Verk\u00e4ufer sowie ein Gewinnanspruchsrecht f\u00fcr das Verk\u00e4uferehepaar und dessen Erben vereinbart werden.<\/p>\n<h3>Kritische Hinweise zum G\u00fcterrecht<\/h3>\n<p>Die Zustimmung der Ehefrau zum Kaufvertrag bedeutet nicht automatisch auch einen g\u00e4nzlichen Verzicht auf ihre g\u00fcterrechtlichen Forderungen, welche sp\u00e4testens im Todesfall des Eigent\u00fcmer-Ehegatten f\u00e4llig werden. Oft wird dieser Aspekt ignoriert und im Extremfall die Ehefrau und Mutter nicht einmal an den Diskussionen um die Betriebs\u00fcbergabe beteiligt. Zugunsten klarer Verh\u00e4ltnisse ist es zwingend, im Zeitpunkt der Betriebs\u00fcbergabe die g\u00fcterrechtlichen Anspr\u00fcche zu berechnen und in die Diskussion einzubeziehen.<\/p>\n<h3>G\u00fcterrechtliche Aspekte bei der Hof\u00fcbergabe<\/h3>\n<p>Anl\u00e4sslich des Betriebsverkaufs kann laut Art. 206 und 209 ZGB der Nichteigent\u00fcmer-Ehegatte die Sicherstellung oder Herausgabe seiner g\u00fcterrechtlichen Ersatzforderungen verlangen. Die meisten Landwirte und Nachkommen d\u00fcrften erstaunt sein, wenn sie erkennen, dass vom Ehegatten ebenfalls viel Geld in den Betrieb investiert wurde. In manchen F\u00e4llen k\u00f6nnte aber ein voller Ausgleich der g\u00fcterrechtlichen Forderungen des Ehegatten zu untragbaren Bedingungen f\u00fcr den Nachfolger f\u00fchren. Trotzdem w\u00e4re es falsch, nicht dar\u00fcber zu verhandeln und zu beraten. Ein Verzicht zugunsten des Hofnachfolgers sollte dann mindestens mit einer g\u00fcter- und erbrechtlichen Besserstellung des Ehegatten kompensiert werden.<\/p>\n<h3>Wohnen und Leben<\/h3>\n<p>Als Wohnl\u00f6sung bieten sich dem Verk\u00e4ufer-Ehepaar verschiedene Optionen an: Nutzniessung, Wohnrecht, Miete \u2013 oder Wegzug. Die Eltern m\u00f6chten h\u00e4ufig weiterhin auf dem Betrieb wohnen und mitarbeiten. Aber diese Tradition kann auch Generationenkonflikte ausl\u00f6sen. Darum lohnt es sich, diese Frage sehr sorgf\u00e4ltig zu regeln. Bei Weiterarbeit auf dem Hof steht der Lohn meist nicht an vorderster Stelle. Ein Arbeitsvertrag ist trotzdem zu empfehlen: \u00dcbersteigt die Arbeitsleistung das Niveau eines Freundschaftsdienstes, sollte eine vertragliche Vereinbarung getroffen werden. Dies gilt auch f\u00fcr Haushaltarbeit und Kinderbetreuung.<\/p>\n<h3>Haushaltsbudget, Tragbarkeit<\/h3>\n<p>Die Betriebs\u00fcbergabe muss auch f\u00fcr die abtretende Generation wirtschaftlich tragbar sein. Ein Budget, das die neue Situation bei Einnahmen (Lohn, Verm\u00f6gensertrag, Renten etc.) und Ausgaben (Steuern, Versicherungen, Haushalt, Freizeit etc.) erfasst, dient zur Pr\u00fcfung der Ausgangslage. Ziel ist ein selbstbestimmtes und w\u00fcrdiges Leben im Alter, dauernde Abh\u00e4ngigkeit von Sozialleistungen oder Kindern ist zu vermieden.<\/p>\n<p><strong>Weitere Details zu den Herausforderungen f\u00fcr die abtretende Generation werden im Kapitel <a href=\"https:\/\/agripedia.ch\/betriebsuebergabe\/situation-des-verkaeufer-ehepaars\/\">Situation des Verk\u00e4ufer-Ehepaars<\/a> diskutiert. <\/strong><\/p>\n<\/div><\/div><\/div><\/div><\/div><div class=\"fusion-fullwidth fullwidth-box fusion-builder-row-2 fusion-flex-container nonhundred-percent-fullwidth non-hundred-percent-height-scrolling\" style=\"--awb-border-radius-top-left:0px;--awb-border-radius-top-right:0px;--awb-border-radius-bottom-right:0px;--awb-border-radius-bottom-left:0px;--awb-flex-wrap:wrap;\" ><div class=\"fusion-builder-row fusion-row fusion-flex-align-items-flex-start fusion-flex-content-wrap\" style=\"max-width:1144px;margin-left: calc(-4% \/ 2 );margin-right: calc(-4% \/ 2 );\"><div class=\"fusion-layout-column fusion_builder_column fusion-builder-column-1 fusion_builder_column_1_3 1_3 fusion-flex-column\" style=\"--awb-bg-size:cover;--awb-width-large:33.333333333333%;--awb-margin-top-large:0px;--awb-spacing-right-large:5.76%;--awb-margin-bottom-large:20px;--awb-spacing-left-large:5.76%;--awb-width-medium:33.333333333333%;--awb-spacing-right-medium:5.76%;--awb-spacing-left-medium:5.76%;--awb-width-small:100%;--awb-spacing-right-small:1.92%;--awb-spacing-left-small:1.92%;\"><div class=\"fusion-column-wrapper fusion-flex-justify-content-flex-start fusion-content-layout-column\"><div style=\"text-align:left;\"><a class=\"fusion-button button-flat button-large button-custom fusion-button-default button-1 fusion-button-span-yes fusion-button-default-type\" style=\"--button_accent_color:#ffffff;--button_accent_hover_color:#ffffff;--button_border_hover_color:#ffffff;--button-border-radius-top-left:2px;--button-border-radius-top-right:2px;--button-border-radius-bottom-right:2px;--button-border-radius-bottom-left:2px;--button_gradient_top_color:#742a78;--button_gradient_bottom_color:#742a78;--button_gradient_top_color_hover:#742a78;--button_gradient_bottom_color_hover:#742a78;--button_text_transform:none;\" target=\"_self\" href=\"https:\/\/agripedia.ch\/betriebsuebergabe\/situation-des-verkaeufers-g\/\"><span class=\"fusion-button-icon-divider button-icon-divider-left\"><i class=\"fa-arrow-left fas awb-button__icon awb-button__icon--default\" aria-hidden=\"true\"><\/i><\/span><span class=\"fusion-button-text awb-button__text awb-button__text--default fusion-button-text-left\">SITUATION DES VERK\u00c4UFERS<\/span><\/a><\/div><\/div><\/div><div class=\"fusion-layout-column fusion_builder_column fusion-builder-column-2 fusion_builder_column_1_3 1_3 fusion-flex-column\" style=\"--awb-bg-size:cover;--awb-width-large:33.333333333333%;--awb-margin-top-large:0px;--awb-spacing-right-large:5.76%;--awb-margin-bottom-large:20px;--awb-spacing-left-large:5.76%;--awb-width-medium:33.333333333333%;--awb-spacing-right-medium:5.76%;--awb-spacing-left-medium:5.76%;--awb-width-small:100%;--awb-spacing-right-small:1.92%;--awb-spacing-left-small:1.92%;\"><div class=\"fusion-column-wrapper fusion-flex-justify-content-flex-start fusion-content-layout-column\"><div style=\"text-align:center;\"><a class=\"fusion-button button-flat button-large button-custom fusion-button-default button-2 fusion-button-span-yes fusion-button-default-type\" style=\"--button_accent_color:#ffffff;--button_accent_hover_color:#ffffff;--button_border_hover_color:#ffffff;--button-border-radius-top-left:2px;--button-border-radius-top-right:2px;--button-border-radius-bottom-right:2px;--button-border-radius-bottom-left:2px;--button_gradient_top_color:#e80707;--button_gradient_bottom_color:#e80707;--button_gradient_top_color_hover:#e80707;--button_gradient_bottom_color_hover:#e80707;--button_text_transform:none;\" target=\"_self\" href=\"https:\/\/agripedia.ch\/betriebsuebergabe\/inhaltsverzeichnis\/\"><span class=\"fusion-button-icon-divider button-icon-divider-left\"><i class=\"fa-list fas awb-button__icon awb-button__icon--default\" aria-hidden=\"true\"><\/i><\/span><span class=\"fusion-button-text awb-button__text awb-button__text--default fusion-button-text-left\">INHALTSVERZEICHNIS<\/span><\/a><\/div><\/div><\/div><div class=\"fusion-layout-column fusion_builder_column fusion-builder-column-3 fusion_builder_column_1_3 1_3 fusion-flex-column\" style=\"--awb-bg-size:cover;--awb-width-large:33.333333333333%;--awb-margin-top-large:0px;--awb-spacing-right-large:5.76%;--awb-margin-bottom-large:20px;--awb-spacing-left-large:5.76%;--awb-width-medium:33.333333333333%;--awb-spacing-right-medium:5.76%;--awb-spacing-left-medium:5.76%;--awb-width-small:100%;--awb-spacing-right-small:1.92%;--awb-spacing-left-small:1.92%;\"><div class=\"fusion-column-wrapper fusion-flex-justify-content-flex-start fusion-content-layout-column\"><div style=\"text-align:right;\"><a class=\"fusion-button button-flat button-large button-custom fusion-button-default button-3 fusion-button-span-yes fusion-button-default-type\" style=\"--button_accent_color:#ffffff;--button_accent_hover_color:#ffffff;--button_border_hover_color:#ffffff;--button-border-radius-top-left:2px;--button-border-radius-top-right:2px;--button-border-radius-bottom-right:2px;--button-border-radius-bottom-left:2px;--button_gradient_top_color:#ec6899;--button_gradient_bottom_color:#ec6899;--button_gradient_top_color_hover:#ec6899;--button_gradient_bottom_color_hover:#ec6899;--button_text_transform:none;\" target=\"_self\" href=\"https:\/\/agripedia.ch\/betriebsuebergabe\/rechtliche-absicherung-gratis\/\"><span class=\"fusion-button-text awb-button__text awb-button__text--default fusion-button-text-right\">RECHTLICHE ABSICHERUNG<\/span><span class=\"fusion-button-icon-divider button-icon-divider-right\"><i class=\"fa-arrow-right fas awb-button__icon awb-button__icon--default\" aria-hidden=\"true\"><\/i><\/span><\/a><\/div><\/div><\/div><\/div><\/div><\/p>\n","protected":false},"excerpt":{"rendered":"","protected":false},"author":31,"featured_media":0,"parent":0,"menu_order":0,"comment_status":"closed","ping_status":"closed","template":"","meta":{"_sb_is_suggestion_mode":false,"_sb_show_suggestion_boards":false,"_sb_show_comment_boards":false,"_sb_suggestion_history":"","_sb_update_block_changes":"","_monsterinsights_skip_tracking":false,"_monsterinsights_sitenote_active":false,"_monsterinsights_sitenote_note":"","_monsterinsights_sitenote_category":0,"footnotes":""},"class_list":["post-1102","page","type-page","status-publish","hentry"],"_links":{"self":[{"href":"https:\/\/agripedia.ch\/betriebsuebergabe\/wp-json\/wp\/v2\/pages\/1102","targetHints":{"allow":["GET"]}}],"collection":[{"href":"https:\/\/agripedia.ch\/betriebsuebergabe\/wp-json\/wp\/v2\/pages"}],"about":[{"href":"https:\/\/agripedia.ch\/betriebsuebergabe\/wp-json\/wp\/v2\/types\/page"}],"author":[{"embeddable":true,"href":"https:\/\/agripedia.ch\/betriebsuebergabe\/wp-json\/wp\/v2\/users\/31"}],"replies":[{"embeddable":true,"href":"https:\/\/agripedia.ch\/betriebsuebergabe\/wp-json\/wp\/v2\/comments?post=1102"}],"version-history":[{"count":8,"href":"https:\/\/agripedia.ch\/betriebsuebergabe\/wp-json\/wp\/v2\/pages\/1102\/revisions"}],"predecessor-version":[{"id":2116,"href":"https:\/\/agripedia.ch\/betriebsuebergabe\/wp-json\/wp\/v2\/pages\/1102\/revisions\/2116"}],"wp:attachment":[{"href":"https:\/\/agripedia.ch\/betriebsuebergabe\/wp-json\/wp\/v2\/media?parent=1102"}],"curies":[{"name":"wp","href":"https:\/\/api.w.org\/{rel}","templated":true}]}}