{"id":1100,"date":"2019-06-05T16:37:54","date_gmt":"2019-06-05T14:37:54","guid":{"rendered":"https:\/\/agripedia.ch\/betriebsuebergabe\/?page_id=1100"},"modified":"2019-10-03T09:43:35","modified_gmt":"2019-10-03T07:43:35","slug":"situation-des-verkaeufers-gratis","status":"publish","type":"page","link":"https:\/\/agripedia.ch\/betriebsuebergabe\/situation-des-verkaeufers-gratis\/","title":{"rendered":"Situation des Verk\u00e4ufers"},"content":{"rendered":"<p><div class=\"fusion-fullwidth fullwidth-box fusion-builder-row-1 fusion-flex-container nonhundred-percent-fullwidth non-hundred-percent-height-scrolling\" style=\"--awb-border-radius-top-left:0px;--awb-border-radius-top-right:0px;--awb-border-radius-bottom-right:0px;--awb-border-radius-bottom-left:0px;--awb-flex-wrap:wrap;\" ><div class=\"fusion-builder-row fusion-row fusion-flex-align-items-flex-start fusion-flex-content-wrap\" style=\"max-width:calc( 1100px + 0px );margin-left: calc(-0px \/ 2 );margin-right: calc(-0px \/ 2 );\"><div class=\"fusion-layout-column fusion_builder_column fusion-builder-column-0 fusion_builder_column_1_1 1_1 fusion-flex-column\" style=\"--awb-bg-size:cover;--awb-width-large:100%;--awb-margin-top-large:0px;--awb-spacing-right-large:0px;--awb-margin-bottom-large:20px;--awb-spacing-left-large:0px;--awb-width-medium:100%;--awb-spacing-right-medium:0px;--awb-spacing-left-medium:0px;--awb-width-small:100%;--awb-spacing-right-small:0px;--awb-spacing-left-small:0px;\"><div class=\"fusion-column-wrapper fusion-flex-justify-content-flex-start fusion-content-layout-column\"><div class=\"fusion-text fusion-text-1\"><p>Es ist keine leichte Aufgabe, den Betrieb loszulassen und einem Nachfolger zu \u00fcbergeben. Aber es lohnt sich, die Vorbereitung des Generationenwechsels fr\u00fch genug anzupacken, auch wenn man Mitte F\u00fcnfzig noch lange nicht ans Aufh\u00f6ren denkt. So gewinnt man ausreichend Zeit, um nicht nur passende Sachl\u00f6sungen f\u00fcr die Betriebs\u00fcbergabe zu finden, sondern auch deren emotionalen Herausforderungen zu bew\u00e4ltigen.<\/p>\n<h3>Betriebs\u00fcbergabe ist ein langer Prozess<\/h3>\n<p>Der effektive Verkauf des Betriebs ist zwar ein wichtiger Schritt, aber eben nur ein Schritt auf dem langen Weg der Betriebs\u00fcbergabe. Um diesen Prozess erfolgreich umzusetzen, m\u00fcssen sich Unternehmer, Nachfolger und Familie ihrer pers\u00f6nlichen Vorstellungen, Interessen, Werte und Zukunftspl\u00e4ne bewusst werden.<\/p>\n<p>Wichtig ist, dass der Verk\u00e4ufer diese Aufgabe selber in die Hand nimmt und damit fr\u00fchzeitig beginnt. Dann k\u00f6nnen die beiden Parteien und die Familie die Zeit bis zum effektiven Wechsel nutzen, um die \u00dcbergabe so vorzubereiten, dass die Interessen aller beteiligten Personen geb\u00fchrend ber\u00fccksichtigt werden k\u00f6nnen. Sollen diese langen Verhandlungen nicht ins Stocken geraten, muss der Prozess aktiv gestaltet und mit klaren Aufgabenerteilungen und Terminvereinbarungen gesteuert werden.<\/p>\n<h3>Rahmenbedingungen des BGBB<\/h3>\n<p>Der Eigent\u00fcmer kann \u00fcber sein Eigentum grunds\u00e4tzlich frei verf\u00fcgen. Das b\u00e4uerliche Bodenrecht schreibt aber vor, wem (Selbstbewirtschafter) und zu welchem Preis (i.d.R. zum Ertragswert) der Betrieb zu \u00fcbergeben ist, und es sichert den Familienbetrieb durch weitere gesetzliche Einschr\u00e4nkungen. Auch wenn der Betrieb an einen Nachkommen weitergegeben werden soll, sind diese Rechte zu beachten.<\/p>\n<p>Die Beg\u00fcnstigung des selbstbewirtschaftenden Nachfolgers durch das Ertragswertprinzip wird durch eine Reihe von Sicherungsmassnahmen begleitet. Dazu geh\u00f6ren folgende Regelungen: Der Ertragswert kann bei Vorliegen bestimmter Umst\u00e4nde angemessen erh\u00f6ht werden. Beim Verkauf des Betriebs (i.d.R. inkl. Familienwohnung) ist die Zustimmung des Ehegatten notwendig. Der Verk\u00e4ufer sollte sich ein vertragliches R\u00fcckkaufsrecht sichern f\u00fcr den Fall, dass der Nachfolger die Selbstbewirtschaftung aufgibt.<\/p>\n<p>Bei lebzeitigem Verkauf muss ein vertragliches Gewinnanspruchsrecht vereinbart werden, damit ein \u00dcbernehmer die zum Ertragswert \u00fcbernommenen Grundst\u00fccke nicht zum eigenen Gewinn weiterverkaufen kann. Die Geschwister und Geschwisterkinder erhalten bei einem allf\u00e4lligen Verkauf an eine Drittperson in den ersten 25 Jahren ein Vorkaufsrecht, sofern sie die Eignung als Selbstbewirtschafter erf\u00fcllen.<\/p>\n<h3>Aufgaben, Aufgabenteilung<\/h3>\n<p>Die Erfahrung zeigt, dass das Loslassen der langj\u00e4hrigen T\u00e4tigkeit als selbst\u00e4ndiger Landwirt nicht leicht f\u00e4llt. Deshalb muss sich der Betriebsinhaber fr\u00fchzeitig Gedanken machen \u00fcber Aufgaben und Aktivit\u00e4ten, die er nach der Betriebs\u00fcbergabe weiter pflegen, neu entdecken oder ausbauen will. Wer offen ist f\u00fcr Neues, der tr\u00e4gt die Ver\u00e4nderungen leichter und mit W\u00fcrde.<\/p>\n<p><strong>Weitere Informationen zur Ausgangslage des Vorg\u00e4ngers bietet das Kapitel <a href=\"https:\/\/agripedia.ch\/betriebsuebergabe\/die-situation-des-verkaeufers\/\">Situation des Verk\u00e4ufers<\/a>.<\/strong><\/p>\n<\/div><\/div><\/div><\/div><\/div><div class=\"fusion-fullwidth fullwidth-box fusion-builder-row-2 fusion-flex-container nonhundred-percent-fullwidth non-hundred-percent-height-scrolling\" style=\"--awb-border-radius-top-left:0px;--awb-border-radius-top-right:0px;--awb-border-radius-bottom-right:0px;--awb-border-radius-bottom-left:0px;--awb-flex-wrap:wrap;\" ><div class=\"fusion-builder-row fusion-row fusion-flex-align-items-flex-start fusion-flex-content-wrap\" style=\"max-width:1144px;margin-left: calc(-4% \/ 2 );margin-right: calc(-4% \/ 2 );\"><div class=\"fusion-layout-column fusion_builder_column fusion-builder-column-1 fusion_builder_column_1_3 1_3 fusion-flex-column\" style=\"--awb-bg-size:cover;--awb-width-large:33.333333333333%;--awb-margin-top-large:0px;--awb-spacing-right-large:5.76%;--awb-margin-bottom-large:20px;--awb-spacing-left-large:5.76%;--awb-width-medium:33.333333333333%;--awb-spacing-right-medium:5.76%;--awb-spacing-left-medium:5.76%;--awb-width-small:100%;--awb-spacing-right-small:1.92%;--awb-spacing-left-small:1.92%;\"><div class=\"fusion-column-wrapper fusion-flex-justify-content-flex-start fusion-content-layout-column\"><div style=\"text-align:left;\"><a class=\"fusion-button button-flat button-large button-custom fusion-button-default button-1 fusion-button-span-yes fusion-button-default-type\" style=\"--button_accent_color:#ffffff;--button_accent_hover_color:#ffffff;--button_border_hover_color:#ffffff;--button-border-radius-top-left:2px;--button-border-radius-top-right:2px;--button-border-radius-bottom-right:2px;--button-border-radius-bottom-left:2px;--button_gradient_top_color:#e53e2c;--button_gradient_bottom_color:#e53e2c;--button_gradient_top_color_hover:#e53e2c;--button_gradient_bottom_color_hover:#e53e2c;--button_text_transform:none;\" target=\"_self\" href=\"https:\/\/agripedia.ch\/betriebsuebergabe\/situation-betriebsleiter-gratis\/\"><span class=\"fusion-button-icon-divider button-icon-divider-left\"><i class=\"fa-arrow-left fas awb-button__icon awb-button__icon--default\" aria-hidden=\"true\"><\/i><\/span><span class=\"fusion-button-text awb-button__text awb-button__text--default fusion-button-text-left\">SITUATION DES NEUEN BETRIEBSLEITERPAARS<\/span><\/a><\/div><\/div><\/div><div class=\"fusion-layout-column fusion_builder_column fusion-builder-column-2 fusion_builder_column_1_3 1_3 fusion-flex-column\" style=\"--awb-bg-size:cover;--awb-width-large:33.333333333333%;--awb-margin-top-large:0px;--awb-spacing-right-large:5.76%;--awb-margin-bottom-large:20px;--awb-spacing-left-large:5.76%;--awb-width-medium:33.333333333333%;--awb-spacing-right-medium:5.76%;--awb-spacing-left-medium:5.76%;--awb-width-small:100%;--awb-spacing-right-small:1.92%;--awb-spacing-left-small:1.92%;\"><div class=\"fusion-column-wrapper fusion-flex-justify-content-flex-start fusion-content-layout-column\"><div style=\"text-align:center;\"><a class=\"fusion-button button-flat button-large button-custom fusion-button-default button-2 fusion-button-span-yes fusion-button-default-type\" style=\"--button_accent_color:#ffffff;--button_accent_hover_color:#ffffff;--button_border_hover_color:#ffffff;--button-border-radius-top-left:2px;--button-border-radius-top-right:2px;--button-border-radius-bottom-right:2px;--button-border-radius-bottom-left:2px;--button_gradient_top_color:#e80707;--button_gradient_bottom_color:#e80707;--button_gradient_top_color_hover:#e80707;--button_gradient_bottom_color_hover:#e80707;--button_text_transform:none;\" target=\"_self\" href=\"https:\/\/agripedia.ch\/betriebsuebergabe\/inhaltsverzeichnis\/\"><span class=\"fusion-button-icon-divider button-icon-divider-left\"><i class=\"fa-list fas awb-button__icon awb-button__icon--default\" aria-hidden=\"true\"><\/i><\/span><span class=\"fusion-button-text awb-button__text awb-button__text--default fusion-button-text-left\">INHALTSVERZEICHNIS<\/span><\/a><\/div><\/div><\/div><div class=\"fusion-layout-column fusion_builder_column fusion-builder-column-3 fusion_builder_column_1_3 1_3 fusion-flex-column\" style=\"--awb-bg-size:cover;--awb-width-large:33.333333333333%;--awb-margin-top-large:0px;--awb-spacing-right-large:5.76%;--awb-margin-bottom-large:20px;--awb-spacing-left-large:5.76%;--awb-width-medium:33.333333333333%;--awb-spacing-right-medium:5.76%;--awb-spacing-left-medium:5.76%;--awb-width-small:100%;--awb-spacing-right-small:1.92%;--awb-spacing-left-small:1.92%;\"><div class=\"fusion-column-wrapper fusion-flex-justify-content-flex-start fusion-content-layout-column\"><div style=\"text-align:right;\"><a class=\"fusion-button button-flat button-large button-custom fusion-button-default button-3 fusion-button-span-yes fusion-button-default-type\" style=\"--button_accent_color:#ffffff;--button_accent_hover_color:#ffffff;--button_border_hover_color:#ffffff;--button-border-radius-top-left:2px;--button-border-radius-top-right:2px;--button-border-radius-bottom-right:2px;--button-border-radius-bottom-left:2px;--button_gradient_top_color:#02acbc;--button_gradient_bottom_color:#02acbc;--button_gradient_top_color_hover:#02acbc;--button_gradient_bottom_color_hover:#02acbc;--button_text_transform:none;\" target=\"_self\" href=\"https:\/\/agripedia.ch\/betriebsuebergabe\/situation-verkaeuferpaars-gratis\/\"><span class=\"fusion-button-text awb-button__text awb-button__text--default fusion-button-text-right\">SITUATION DES VERK\u00c4UFER-EHEPAARS<\/span><span class=\"fusion-button-icon-divider button-icon-divider-right\"><i class=\"fa-arrow-right fas awb-button__icon awb-button__icon--default\" aria-hidden=\"true\"><\/i><\/span><\/a><\/div><\/div><\/div><\/div><\/div><\/p>\n","protected":false},"excerpt":{"rendered":"","protected":false},"author":31,"featured_media":0,"parent":0,"menu_order":0,"comment_status":"closed","ping_status":"closed","template":"","meta":{"_sb_is_suggestion_mode":false,"_sb_show_suggestion_boards":false,"_sb_show_comment_boards":false,"_sb_suggestion_history":"","_sb_update_block_changes":"","_monsterinsights_skip_tracking":false,"_monsterinsights_sitenote_active":false,"_monsterinsights_sitenote_note":"","_monsterinsights_sitenote_category":0,"footnotes":""},"class_list":["post-1100","page","type-page","status-publish","hentry"],"_links":{"self":[{"href":"https:\/\/agripedia.ch\/betriebsuebergabe\/wp-json\/wp\/v2\/pages\/1100","targetHints":{"allow":["GET"]}}],"collection":[{"href":"https:\/\/agripedia.ch\/betriebsuebergabe\/wp-json\/wp\/v2\/pages"}],"about":[{"href":"https:\/\/agripedia.ch\/betriebsuebergabe\/wp-json\/wp\/v2\/types\/page"}],"author":[{"embeddable":true,"href":"https:\/\/agripedia.ch\/betriebsuebergabe\/wp-json\/wp\/v2\/users\/31"}],"replies":[{"embeddable":true,"href":"https:\/\/agripedia.ch\/betriebsuebergabe\/wp-json\/wp\/v2\/comments?post=1100"}],"version-history":[{"count":7,"href":"https:\/\/agripedia.ch\/betriebsuebergabe\/wp-json\/wp\/v2\/pages\/1100\/revisions"}],"predecessor-version":[{"id":2115,"href":"https:\/\/agripedia.ch\/betriebsuebergabe\/wp-json\/wp\/v2\/pages\/1100\/revisions\/2115"}],"wp:attachment":[{"href":"https:\/\/agripedia.ch\/betriebsuebergabe\/wp-json\/wp\/v2\/media?parent=1100"}],"curies":[{"name":"wp","href":"https:\/\/api.w.org\/{rel}","templated":true}]}}