{"id":1098,"date":"2019-06-05T16:37:55","date_gmt":"2019-06-05T14:37:55","guid":{"rendered":"https:\/\/agripedia.ch\/betriebsuebergabe\/?page_id=1098"},"modified":"2019-10-03T09:41:21","modified_gmt":"2019-10-03T07:41:21","slug":"situation-betriebsleiter-gratis","status":"publish","type":"page","link":"https:\/\/agripedia.ch\/betriebsuebergabe\/situation-betriebsleiter-gratis\/","title":{"rendered":"Situation neues Betriebsleiterpaars"},"content":{"rendered":"<p><div class=\"fusion-fullwidth fullwidth-box fusion-builder-row-1 fusion-flex-container nonhundred-percent-fullwidth non-hundred-percent-height-scrolling\" style=\"--awb-border-radius-top-left:0px;--awb-border-radius-top-right:0px;--awb-border-radius-bottom-right:0px;--awb-border-radius-bottom-left:0px;--awb-flex-wrap:wrap;\" ><div class=\"fusion-builder-row fusion-row fusion-flex-align-items-flex-start fusion-flex-content-wrap\" style=\"max-width:calc( 1100px + 0px );margin-left: calc(-0px \/ 2 );margin-right: calc(-0px \/ 2 );\"><div class=\"fusion-layout-column fusion_builder_column fusion-builder-column-0 fusion_builder_column_1_1 1_1 fusion-flex-column\" style=\"--awb-bg-size:cover;--awb-width-large:100%;--awb-margin-top-large:0px;--awb-spacing-right-large:0px;--awb-margin-bottom-large:20px;--awb-spacing-left-large:0px;--awb-width-medium:100%;--awb-spacing-right-medium:0px;--awb-spacing-left-medium:0px;--awb-width-small:100%;--awb-spacing-right-small:0px;--awb-spacing-left-small:0px;\"><div class=\"fusion-column-wrapper fusion-flex-justify-content-flex-start fusion-content-layout-column\"><div class=\"fusion-text fusion-text-1\"><p>In gut funktionierenden Partnerschaften werden Betriebsf\u00fchrung, Investitionen und Unternehmensstrategie gemeinsam diskutiert, entschieden und mitgetragen. Aus diesem Grund m\u00fcssen die rechtlichen und finanziellen Konsequenzen der Betriebs\u00fcbernahme beiden Seiten bekannt sein. Die Diskussion um das rechtliche Fundament des Zusammenlebens sch\u00e4rft das Verst\u00e4ndnis f\u00fcr Partner oder Partnerin und hilft, wichtige Entscheide mit mehr \u00dcberzeugung zu f\u00e4llen.<\/p>\n<h3>F\u00fcr Eheleute<\/h3>\n<p>Die Ehe ist eine Lebens- und Wirtschaftsgemeinschaft. Wenn die Ehegatten mit einem Ehevertrag keinen anderen G\u00fcterstand (G\u00fctertrennung oder G\u00fctergemeinschaft) w\u00e4hlen, gilt der ordentliche G\u00fcterstand der Errungenschaftsbeteiligung. Bei Scheidung oder Trennung resp. beim Tod eines Partners kommt es zur sogenannten g\u00fcterrechtlichen Auseinandersetzung: die G\u00fctermassen der beiden Ehepartner werden wieder aufgeteilt. Je nach G\u00fcterstand setzen sich die G\u00fctermassen der Ehepartner unterschiedlich zusammen und werden auch unterschiedlich verwaltet und wieder aufgeteilt.<\/p>\n<p>Was vermeintlich einfach t\u00f6nt, ist in der Praxis kompliziert, denn das Verm\u00f6gen liegt nie still auf dem Konto, ohne dass davon weggenommen und wieder hinzugetan wird. Um jederzeit klare Verh\u00e4ltnisse sicherzustellen, empfiehlt sich darum, Belege f\u00fcr Eigengut und finanzielle Beteiligungen am Verm\u00f6gen des anderen Partners gut aufzubewahren, eine gemeinsame Liste \u00fcber die Herkunft der Mittel f\u00fcr Investitionen nachzuf\u00fchren, gr\u00f6ssere Betr\u00e4ge mit Darlehensvertr\u00e4gen zu sichern und je ein eigenes Bankkont0 zu behalten.<\/p>\n<h3>Zusammenleben ohne Trauschein<\/h3>\n<p>Ist das Betriebsleiterpaar unverheiratet, sollte das Zusammenleben rechtlich durch einen Konkubinatsvertrag geregelt werden. Ziel: Beide Partner k\u00f6nnen je getrennt f\u00fcr sich alleine ein ausreichendes Einkommen erwirtschaften. F\u00fcr unverheiratete Paare gibt es weder g\u00fcterrechtliche Anspr\u00fcche noch eine gesicherte Beteiligung am Erbe des anderen. Soll der Partner im Todesfall beg\u00fcnstigt werden, ist dazu ein Erbvertrag oder Testament n\u00f6tig.<\/p>\n<h3>Gemeinsam Arbeiten und Leben<\/h3>\n<p>Wie der Betrieb gef\u00fchrt wird und wer welche Arbeiten verrichtet, ist sehr individuell. Es lassen sich vorwiegend folgende Situationen unterschieden:<\/p>\n<p><strong>Einzelunternehmen:<\/strong> Der Landwirt f\u00fchrt den Betrieb alleine und tritt auch nach aussen als alleiniger Unternehmer auf.<\/p>\n<p><strong>Zusammenarbeit mit Arbeitsvertrag<\/strong>: Die Ehefrau (nicht Eigent\u00fcmerin des Betriebs) ist als Angestellt auf dem Landwirtschaftsbetrieb t\u00e4tig und erh\u00e4lt f\u00fcr Ihre Mitarbeit einen Lohn.<\/p>\n<p><strong>Gemeinschaft:<\/strong> Die B\u00e4uerin ist mit ihrem Mann zusammen selbst\u00e4ndig erwerbst\u00e4tig und hat volles Mitspracherecht.<\/p>\n<p><strong>Beteiligung \u00fcber Kapitalgesellschaft:<\/strong> Der Landwirtschaftsbetrieb wird durch eine AG oder GmbH gef\u00fchrt, an welcher beide Partner beteiligt sind und bei der das Ehepaar angestellt ist.<\/p>\n<p><strong>Weitere Fakten zur Stellung von Mann und Frau werden im Kapitel <a href=\"https:\/\/agripedia.ch\/betriebsuebergabe\/situation-neues-betriebsleiterpaar\/\">Situation des neuen Betriebsleiterpaars<\/a> erl\u00e4utert.<\/strong><\/p>\n<\/div><\/div><\/div><\/div><\/div><div class=\"fusion-fullwidth fullwidth-box fusion-builder-row-2 fusion-flex-container nonhundred-percent-fullwidth non-hundred-percent-height-scrolling\" style=\"--awb-border-radius-top-left:0px;--awb-border-radius-top-right:0px;--awb-border-radius-bottom-right:0px;--awb-border-radius-bottom-left:0px;--awb-flex-wrap:wrap;\" ><div class=\"fusion-builder-row fusion-row fusion-flex-align-items-flex-start fusion-flex-content-wrap\" style=\"max-width:1144px;margin-left: calc(-4% \/ 2 );margin-right: calc(-4% \/ 2 );\"><div class=\"fusion-layout-column fusion_builder_column fusion-builder-column-1 fusion_builder_column_1_3 1_3 fusion-flex-column\" style=\"--awb-bg-size:cover;--awb-width-large:33.333333333333%;--awb-margin-top-large:0px;--awb-spacing-right-large:5.76%;--awb-margin-bottom-large:20px;--awb-spacing-left-large:5.76%;--awb-width-medium:33.333333333333%;--awb-spacing-right-medium:5.76%;--awb-spacing-left-medium:5.76%;--awb-width-small:100%;--awb-spacing-right-small:1.92%;--awb-spacing-left-small:1.92%;\"><div class=\"fusion-column-wrapper fusion-flex-justify-content-flex-start fusion-content-layout-column\"><div style=\"text-align:left;\"><a class=\"fusion-button button-flat button-large button-custom fusion-button-default button-1 fusion-button-span-yes fusion-button-default-type\" style=\"--button_accent_color:#ffffff;--button_accent_hover_color:#ffffff;--button_border_hover_color:#ffffff;--button-border-radius-top-left:2px;--button-border-radius-top-right:2px;--button-border-radius-bottom-right:2px;--button-border-radius-bottom-left:2px;--button_gradient_top_color:#a0bd61;--button_gradient_bottom_color:#a0bd61;--button_gradient_top_color_hover:#a0bd61;--button_gradient_bottom_color_hover:#a0bd61;--button_text_transform:none;\" target=\"_self\" href=\"https:\/\/agripedia.ch\/betriebsuebergabe\/situation-des-kaeufers-gratis\/\"><span class=\"fusion-button-icon-divider button-icon-divider-left\"><i class=\"fa-arrow-left fas awb-button__icon awb-button__icon--default\" aria-hidden=\"true\"><\/i><\/span><span class=\"fusion-button-text awb-button__text awb-button__text--default fusion-button-text-left\">SITUATION DES K\u00c4UFERS<\/span><\/a><\/div><\/div><\/div><div class=\"fusion-layout-column fusion_builder_column fusion-builder-column-2 fusion_builder_column_1_3 1_3 fusion-flex-column\" style=\"--awb-bg-size:cover;--awb-width-large:33.333333333333%;--awb-margin-top-large:0px;--awb-spacing-right-large:5.76%;--awb-margin-bottom-large:20px;--awb-spacing-left-large:5.76%;--awb-width-medium:33.333333333333%;--awb-spacing-right-medium:5.76%;--awb-spacing-left-medium:5.76%;--awb-width-small:100%;--awb-spacing-right-small:1.92%;--awb-spacing-left-small:1.92%;\"><div class=\"fusion-column-wrapper fusion-flex-justify-content-flex-start fusion-content-layout-column\"><div style=\"text-align:center;\"><a class=\"fusion-button button-flat button-large button-custom fusion-button-default button-2 fusion-button-span-yes fusion-button-default-type\" style=\"--button_accent_color:#ffffff;--button_accent_hover_color:#ffffff;--button_border_hover_color:#ffffff;--button-border-radius-top-left:2px;--button-border-radius-top-right:2px;--button-border-radius-bottom-right:2px;--button-border-radius-bottom-left:2px;--button_gradient_top_color:#e80707;--button_gradient_bottom_color:#e80707;--button_gradient_top_color_hover:#e80707;--button_gradient_bottom_color_hover:#e80707;--button_text_transform:none;\" target=\"_self\" href=\"https:\/\/agripedia.ch\/betriebsuebergabe\/inhaltsverzeichnis\/\"><span class=\"fusion-button-icon-divider button-icon-divider-left\"><i class=\"fa-list fas awb-button__icon awb-button__icon--default\" aria-hidden=\"true\"><\/i><\/span><span class=\"fusion-button-text awb-button__text awb-button__text--default fusion-button-text-left\">INHALTSVERZEICHNIS<\/span><\/a><\/div><\/div><\/div><div class=\"fusion-layout-column fusion_builder_column fusion-builder-column-3 fusion_builder_column_1_3 1_3 fusion-flex-column\" style=\"--awb-bg-size:cover;--awb-width-large:33.333333333333%;--awb-margin-top-large:0px;--awb-spacing-right-large:5.76%;--awb-margin-bottom-large:20px;--awb-spacing-left-large:5.76%;--awb-width-medium:33.333333333333%;--awb-spacing-right-medium:5.76%;--awb-spacing-left-medium:5.76%;--awb-width-small:100%;--awb-spacing-right-small:1.92%;--awb-spacing-left-small:1.92%;\"><div class=\"fusion-column-wrapper fusion-flex-justify-content-flex-start fusion-content-layout-column\"><div style=\"text-align:right;\"><a class=\"fusion-button button-flat button-large button-custom fusion-button-default button-3 fusion-button-span-yes fusion-button-default-type\" style=\"--button_accent_color:#ffffff;--button_accent_hover_color:#ffffff;--button_border_hover_color:#ffffff;--button-border-radius-top-left:2px;--button-border-radius-top-right:2px;--button-border-radius-bottom-right:2px;--button-border-radius-bottom-left:2px;--button_gradient_top_color:#742a78;--button_gradient_bottom_color:#742a78;--button_gradient_top_color_hover:#742a78;--button_gradient_bottom_color_hover:#742a78;--button_text_transform:none;\" target=\"_self\" href=\"https:\/\/agripedia.ch\/betriebsuebergabe\/situation-des-verkaeufers-g\/\"><span class=\"fusion-button-text awb-button__text awb-button__text--default fusion-button-text-right\">SITUATION DES VERK\u00c4UFERS<\/span><span class=\"fusion-button-icon-divider button-icon-divider-right\"><i class=\"fa-arrow-right fas awb-button__icon awb-button__icon--default\" aria-hidden=\"true\"><\/i><\/span><\/a><\/div><\/div><\/div><\/div><\/div><\/p>\n","protected":false},"excerpt":{"rendered":"","protected":false},"author":31,"featured_media":0,"parent":0,"menu_order":0,"comment_status":"closed","ping_status":"closed","template":"","meta":{"_sb_is_suggestion_mode":false,"_sb_show_suggestion_boards":false,"_sb_show_comment_boards":false,"_sb_suggestion_history":"","_sb_update_block_changes":"","_monsterinsights_skip_tracking":false,"_monsterinsights_sitenote_active":false,"_monsterinsights_sitenote_note":"","_monsterinsights_sitenote_category":0,"footnotes":""},"class_list":["post-1098","page","type-page","status-publish","hentry"],"_links":{"self":[{"href":"https:\/\/agripedia.ch\/betriebsuebergabe\/wp-json\/wp\/v2\/pages\/1098","targetHints":{"allow":["GET"]}}],"collection":[{"href":"https:\/\/agripedia.ch\/betriebsuebergabe\/wp-json\/wp\/v2\/pages"}],"about":[{"href":"https:\/\/agripedia.ch\/betriebsuebergabe\/wp-json\/wp\/v2\/types\/page"}],"author":[{"embeddable":true,"href":"https:\/\/agripedia.ch\/betriebsuebergabe\/wp-json\/wp\/v2\/users\/31"}],"replies":[{"embeddable":true,"href":"https:\/\/agripedia.ch\/betriebsuebergabe\/wp-json\/wp\/v2\/comments?post=1098"}],"version-history":[{"count":10,"href":"https:\/\/agripedia.ch\/betriebsuebergabe\/wp-json\/wp\/v2\/pages\/1098\/revisions"}],"predecessor-version":[{"id":2114,"href":"https:\/\/agripedia.ch\/betriebsuebergabe\/wp-json\/wp\/v2\/pages\/1098\/revisions\/2114"}],"wp:attachment":[{"href":"https:\/\/agripedia.ch\/betriebsuebergabe\/wp-json\/wp\/v2\/media?parent=1098"}],"curies":[{"name":"wp","href":"https:\/\/api.w.org\/{rel}","templated":true}]}}