{"id":1095,"date":"2019-06-05T16:37:54","date_gmt":"2019-06-05T14:37:54","guid":{"rendered":"https:\/\/agripedia.ch\/betriebsuebergabe\/?page_id=1095"},"modified":"2019-10-03T09:35:30","modified_gmt":"2019-10-03T07:35:30","slug":"situation-des-kaeufers-gratis","status":"publish","type":"page","link":"https:\/\/agripedia.ch\/betriebsuebergabe\/situation-des-kaeufers-gratis\/","title":{"rendered":"Situation des K\u00e4ufers gratis"},"content":{"rendered":"<p><div class=\"fusion-fullwidth fullwidth-box fusion-builder-row-1 fusion-flex-container nonhundred-percent-fullwidth non-hundred-percent-height-scrolling\" style=\"--awb-border-radius-top-left:0px;--awb-border-radius-top-right:0px;--awb-border-radius-bottom-right:0px;--awb-border-radius-bottom-left:0px;--awb-flex-wrap:wrap;\" ><div class=\"fusion-builder-row fusion-row fusion-flex-align-items-flex-start fusion-flex-content-wrap\" style=\"max-width:calc( 1100px + 0px );margin-left: calc(-0px \/ 2 );margin-right: calc(-0px \/ 2 );\"><div class=\"fusion-layout-column fusion_builder_column fusion-builder-column-0 fusion_builder_column_1_1 1_1 fusion-flex-column\" style=\"--awb-bg-size:cover;--awb-width-large:100%;--awb-margin-top-large:0px;--awb-spacing-right-large:0px;--awb-margin-bottom-large:20px;--awb-spacing-left-large:0px;--awb-width-medium:100%;--awb-spacing-right-medium:0px;--awb-spacing-left-medium:0px;--awb-width-small:100%;--awb-spacing-right-small:0px;--awb-spacing-left-small:0px;\"><div class=\"fusion-column-wrapper fusion-flex-justify-content-flex-start fusion-content-layout-column\"><div class=\"fusion-text fusion-text-1\"><p>Der K\u00e4ufer muss den Hof selbst\u00e4ndig f\u00fchren und auf eigene Verantwortung bewirtschaften. Zur Vorbereitung dieser Herausforderung geh\u00f6ren insbesondere die Ersparnisbildung sowie die Festigung der beruflichen und sozialen Kompetenzen. Dieser Reifungsprozess kann sich in verschiedenen Phasen vollziehen, wobei eine solide Berufsausbildung die Grundvoraussetzung bildet.<\/p>\n<h3>Mitarbeit im Betrieb<\/h3>\n<p>Durch die Mitarbeit auf dem elterlichen Betrieb lernt der k\u00fcnftige K\u00e4ufer den Betrieb und sein Umfeld bestens kennen. Rechtlich entsteht dabei ein Anstellungsverh\u00e4ltnis, bei dem beide Parteien die Bedingungen und den markt\u00fcblichen Lohn festlegen m\u00fcssen. Lohnbestandteil sind auch Leistungen f\u00fcr Kost und Logis im Haushalt der Eltern. Kann der Betrieb eine zus\u00e4tzliche Arbeitskraft nicht finanzieren, bleibt diese M\u00f6glichkeit verwehrt oder ist auf wenige Monate zu beschr\u00e4nken (\u00e4hnlich Praktikum).<\/p>\n<p>Im Idealfall wird dem mitarbeitenden Familienmitglied regelm\u00e4ssig der volle Lohn ausbezahlt, unter Verrechnung von Kost, Logis und Haushaltsarbeit. Ist die Auszahlung eines Barlohnes aus Liquidit\u00e4tsgr\u00fcnden nicht m\u00f6glich, kann ein Darlehen (sogenannte Lohngutschrift) vereinbart werden, welches verzinst wird und vom Nachfolger zur Finanzierung der Betriebs\u00fcbernahme eingesetzt werden kann. Erh\u00e4lt das mitarbeitende Familienmitglied neben Koste und Logis lediglich ein Taschengeld, entsteht der sogenannte Lidlohn, der beim Verlassen des Haushalts oder sp\u00e4testens bei Erbteilung des Lidlohnschuldners geltend gemacht werden kann. Lidlohnverh\u00e4ltnisse bringen eine Reihe gravierender Nachteile und sollten vermieden werden.<\/p>\n<h3>Selbst\u00e4ndige Erwerbst\u00e4tigkeit<\/h3>\n<p>Das Ziel des k\u00fcnftigen Nachfolgers, sein eigener \u201eHerr und Meister\u201c zu werden, kann vor der eigentlichen Betriebs\u00fcbernahme auf dem elterlichen Betrieb in verschiedenen Vorstufen ge\u00fcbt werden, sei es mit eigenem Betriebszweig auf dem elterlichen Betrieb oder durch Kooperation mit dem bisherigen Betriebsleiter. Von der Miete oder Pacht einzelner Betriebsteile \u00fcber die Gemeinschaft eines einzelnen selbst\u00e4ndigen Betriebszweigs mit dem elterlichen Hauptbetrieb bis zur Generationengemeinschaft ist alles m\u00f6glich.<\/p>\n<h3>Ziel Betriebs\u00fcbernahme<\/h3>\n<p>Der K\u00e4ufer muss sich im Klaren dar\u00fcber sein, wie er den Betrieb f\u00fchren will und welche Rollen er, seine Partnerin, seine Eltern und die \u00fcbrige Familie \u00fcbernehmen sollen. Ein wichtiges Planungsinstrument dazu ist ein Betriebskonzept, welches den k\u00fcnftigen Betriebserfolg in Szenarien vorausplant (z.B. als bester, mittlerer und schlechtester Fall). Selbst im schlechtesten Szenario darf die Existenz des Unternehmens nicht in Gefahr geraten.<\/p>\n<p>Die Hof\u00fcbernahme muss f\u00fcr den Nachfolger finanzier- und tragbar sein und sollte auf Stabilit\u00e4t und langfristigen Erhalt des Betriebs ausgerichtet sein. Zur Finanzierung stehen folgende M\u00f6glichkeiten zur Verf\u00fcgung: Eigene Ersparnisse, Mittel der beruflichen Vorsorge, Privatdarlehen der Eltern oder Verwandten, Kredite von Bund und Kantonen (Starthilfen und Investitionshilfen), Hypotheken und andere Bankkredite, gemeinn\u00fctzige Gesellschaften und Stiftungen, alternative Finanzierungsmodelle (Crowdfunding etc.).<\/p>\n<p>Der Gesetzgeber hat als Massnahme gegen die \u00dcberschuldung von Landwirtschaftsbetrieben die Belastungsgrenze im BGBB eingef\u00fchrt. Sie entspricht dem um 35% erh\u00f6hten Ertragswert und setzt eine Obergrenze f\u00fcr grundpfandgesicherte Kredite f\u00fcr Landwirtschaftsgewerbe fest, die nur f\u00fcr Starthilfen sowie f\u00fcr Investitions und Betriebshilfekredite \u00fcberschritten werden darf.<\/p>\n<p><strong>Weitere Details zur Vorbereitung der Betriebs\u00fcbernahme werden im Kapitel <a href=\"https:\/\/agripedia.ch\/betriebsuebergabe\/situation-des-kaeufers\/\">Situation des K\u00e4ufers<\/a> diskutiert.<\/strong><\/p>\n<\/div><\/div><\/div><\/div><\/div><div class=\"fusion-fullwidth fullwidth-box fusion-builder-row-2 fusion-flex-container nonhundred-percent-fullwidth non-hundred-percent-height-scrolling\" style=\"--awb-border-radius-top-left:0px;--awb-border-radius-top-right:0px;--awb-border-radius-bottom-right:0px;--awb-border-radius-bottom-left:0px;--awb-flex-wrap:wrap;\" ><div class=\"fusion-builder-row fusion-row fusion-flex-align-items-flex-start fusion-flex-content-wrap\" style=\"max-width:1144px;margin-left: calc(-4% \/ 2 );margin-right: calc(-4% \/ 2 );\"><div class=\"fusion-layout-column fusion_builder_column fusion-builder-column-1 fusion_builder_column_1_3 1_3 fusion-flex-column\" style=\"--awb-bg-size:cover;--awb-width-large:33.333333333333%;--awb-margin-top-large:0px;--awb-spacing-right-large:5.76%;--awb-margin-bottom-large:20px;--awb-spacing-left-large:5.76%;--awb-width-medium:33.333333333333%;--awb-spacing-right-medium:5.76%;--awb-spacing-left-medium:5.76%;--awb-width-small:100%;--awb-spacing-right-small:1.92%;--awb-spacing-left-small:1.92%;\"><div class=\"fusion-column-wrapper fusion-flex-justify-content-flex-start fusion-content-layout-column\"><div style=\"text-align:left;\"><a class=\"fusion-button button-flat button-large button-custom fusion-button-default button-1 fusion-button-span-yes fusion-button-default-type\" style=\"--button_accent_color:#ffffff;--button_accent_hover_color:#ffffff;--button_border_hover_color:#ffffff;--button-border-radius-top-left:2px;--button-border-radius-top-right:2px;--button-border-radius-bottom-right:2px;--button-border-radius-bottom-left:2px;--button_gradient_top_color:#ed825a;--button_gradient_bottom_color:#ed825a;--button_gradient_top_color_hover:#ed825a;--button_gradient_bottom_color_hover:#ed825a;--button_text_transform:none;\" target=\"_self\" href=\"https:\/\/agripedia.ch\/betriebsuebergabe\/kaufpreis-gratis\/\"><span class=\"fusion-button-icon-divider button-icon-divider-left\"><i class=\"fa-arrow-left fas awb-button__icon awb-button__icon--default\" aria-hidden=\"true\"><\/i><\/span><span class=\"fusion-button-text awb-button__text awb-button__text--default fusion-button-text-left\">KAUFPREIS<\/span><\/a><\/div><\/div><\/div><div class=\"fusion-layout-column fusion_builder_column fusion-builder-column-2 fusion_builder_column_1_3 1_3 fusion-flex-column\" style=\"--awb-bg-size:cover;--awb-width-large:33.333333333333%;--awb-margin-top-large:0px;--awb-spacing-right-large:5.76%;--awb-margin-bottom-large:20px;--awb-spacing-left-large:5.76%;--awb-width-medium:33.333333333333%;--awb-spacing-right-medium:5.76%;--awb-spacing-left-medium:5.76%;--awb-width-small:100%;--awb-spacing-right-small:1.92%;--awb-spacing-left-small:1.92%;\"><div class=\"fusion-column-wrapper fusion-flex-justify-content-flex-start fusion-content-layout-column\"><div style=\"text-align:center;\"><a class=\"fusion-button button-flat button-large button-custom fusion-button-default button-2 fusion-button-span-yes fusion-button-default-type\" style=\"--button_accent_color:#ffffff;--button_accent_hover_color:#ffffff;--button_border_hover_color:#ffffff;--button-border-radius-top-left:2px;--button-border-radius-top-right:2px;--button-border-radius-bottom-right:2px;--button-border-radius-bottom-left:2px;--button_gradient_top_color:#e80707;--button_gradient_bottom_color:#e80707;--button_gradient_top_color_hover:#e80707;--button_gradient_bottom_color_hover:#e80707;--button_text_transform:none;\" target=\"_self\" href=\"https:\/\/agripedia.ch\/betriebsuebergabe\/inhaltsverzeichnis\/\"><span class=\"fusion-button-icon-divider button-icon-divider-left\"><i class=\"fa-list fas awb-button__icon awb-button__icon--default\" aria-hidden=\"true\"><\/i><\/span><span class=\"fusion-button-text awb-button__text awb-button__text--default fusion-button-text-left\">INHALTSVERZEICHNIS<\/span><\/a><\/div><\/div><\/div><div class=\"fusion-layout-column fusion_builder_column fusion-builder-column-3 fusion_builder_column_1_3 1_3 fusion-flex-column\" style=\"--awb-bg-size:cover;--awb-width-large:33.333333333333%;--awb-margin-top-large:0px;--awb-spacing-right-large:5.76%;--awb-margin-bottom-large:20px;--awb-spacing-left-large:5.76%;--awb-width-medium:33.333333333333%;--awb-spacing-right-medium:5.76%;--awb-spacing-left-medium:5.76%;--awb-width-small:100%;--awb-spacing-right-small:1.92%;--awb-spacing-left-small:1.92%;\"><div class=\"fusion-column-wrapper fusion-flex-justify-content-flex-start fusion-content-layout-column\"><div style=\"text-align:right;\"><a class=\"fusion-button button-flat button-large button-custom fusion-button-default button-3 fusion-button-span-yes fusion-button-default-type\" style=\"--button_accent_color:#ffffff;--button_accent_hover_color:#ffffff;--button_border_hover_color:#ffffff;--button-border-radius-top-left:2px;--button-border-radius-top-right:2px;--button-border-radius-bottom-right:2px;--button-border-radius-bottom-left:2px;--button_gradient_top_color:#e53e2c;--button_gradient_bottom_color:#e53e2c;--button_gradient_top_color_hover:#e53e2c;--button_gradient_bottom_color_hover:#e53e2c;--button_text_transform:none;\" target=\"_self\" href=\"https:\/\/agripedia.ch\/betriebsuebergabe\/situation-betriebsleiter-gratis\/\"><span class=\"fusion-button-text awb-button__text awb-button__text--default fusion-button-text-right\">SITUATION DES NEUEN BETRIEBSLEITERPAARS<\/span><span class=\"fusion-button-icon-divider button-icon-divider-right\"><i class=\"fa-arrow-right fas awb-button__icon awb-button__icon--default\" aria-hidden=\"true\"><\/i><\/span><\/a><\/div><\/div><\/div><\/div><\/div><\/p>\n","protected":false},"excerpt":{"rendered":"","protected":false},"author":31,"featured_media":0,"parent":0,"menu_order":0,"comment_status":"closed","ping_status":"closed","template":"","meta":{"_sb_is_suggestion_mode":false,"_sb_show_suggestion_boards":false,"_sb_show_comment_boards":false,"_sb_suggestion_history":"","_sb_update_block_changes":"","_monsterinsights_skip_tracking":false,"_monsterinsights_sitenote_active":false,"_monsterinsights_sitenote_note":"","_monsterinsights_sitenote_category":0,"footnotes":""},"class_list":["post-1095","page","type-page","status-publish","hentry"],"_links":{"self":[{"href":"https:\/\/agripedia.ch\/betriebsuebergabe\/wp-json\/wp\/v2\/pages\/1095","targetHints":{"allow":["GET"]}}],"collection":[{"href":"https:\/\/agripedia.ch\/betriebsuebergabe\/wp-json\/wp\/v2\/pages"}],"about":[{"href":"https:\/\/agripedia.ch\/betriebsuebergabe\/wp-json\/wp\/v2\/types\/page"}],"author":[{"embeddable":true,"href":"https:\/\/agripedia.ch\/betriebsuebergabe\/wp-json\/wp\/v2\/users\/31"}],"replies":[{"embeddable":true,"href":"https:\/\/agripedia.ch\/betriebsuebergabe\/wp-json\/wp\/v2\/comments?post=1095"}],"version-history":[{"count":9,"href":"https:\/\/agripedia.ch\/betriebsuebergabe\/wp-json\/wp\/v2\/pages\/1095\/revisions"}],"predecessor-version":[{"id":2111,"href":"https:\/\/agripedia.ch\/betriebsuebergabe\/wp-json\/wp\/v2\/pages\/1095\/revisions\/2111"}],"wp:attachment":[{"href":"https:\/\/agripedia.ch\/betriebsuebergabe\/wp-json\/wp\/v2\/media?parent=1095"}],"curies":[{"name":"wp","href":"https:\/\/api.w.org\/{rel}","templated":true}]}}