{"id":1091,"date":"2019-06-05T16:37:52","date_gmt":"2019-06-05T14:37:52","guid":{"rendered":"https:\/\/agripedia.ch\/betriebsuebergabe\/?page_id=1091"},"modified":"2019-10-03T09:28:38","modified_gmt":"2019-10-03T07:28:38","slug":"form-der-uebergabe-gratis","status":"publish","type":"page","link":"https:\/\/agripedia.ch\/betriebsuebergabe\/form-der-uebergabe-gratis\/","title":{"rendered":"Form der \u00dcbergabe gratis"},"content":{"rendered":"<p><div class=\"fusion-fullwidth fullwidth-box fusion-builder-row-1 fusion-flex-container nonhundred-percent-fullwidth non-hundred-percent-height-scrolling\" style=\"--awb-border-radius-top-left:0px;--awb-border-radius-top-right:0px;--awb-border-radius-bottom-right:0px;--awb-border-radius-bottom-left:0px;--awb-flex-wrap:wrap;\" ><div class=\"fusion-builder-row fusion-row fusion-flex-align-items-flex-start fusion-flex-content-wrap\" style=\"max-width:calc( 1100px + 0px );margin-left: calc(-0px \/ 2 );margin-right: calc(-0px \/ 2 );\"><div class=\"fusion-layout-column fusion_builder_column fusion-builder-column-0 fusion_builder_column_1_1 1_1 fusion-flex-column\" style=\"--awb-bg-size:cover;--awb-width-large:100%;--awb-margin-top-large:0px;--awb-spacing-right-large:0px;--awb-margin-bottom-large:20px;--awb-spacing-left-large:0px;--awb-width-medium:100%;--awb-spacing-right-medium:0px;--awb-spacing-left-medium:0px;--awb-width-small:100%;--awb-spacing-right-small:0px;--awb-spacing-left-small:0px;\"><div class=\"fusion-column-wrapper fusion-flex-justify-content-flex-start fusion-content-layout-column\"><div class=\"fusion-text fusion-text-1\"><p>Es h\u00e4ngt von verschiedenen Faktoren ab, in welcher Form der Betrieb von einer Generation an die n\u00e4chste \u00fcbergeben wird. Bis zum direkten Kauf des Grundeigentums resp. zur direkten \u00dcbernahme aus der Erbmasse und zur \u00dcbernahme der vollen unternehmerischen Verantwortung gibt es auch Zwischenstufen.<\/p>\n<h3>Zuweisung landwirtschaftlicher Gewerbe im Todesfall<\/h3>\n<p>Wenn sich in einer Erbschaft ein landwirtschaftliches Gewerbe befindet, hat ein selbstbewirtschaftender Erbe das Recht, dieses Gewerbe unter Anrechnung des Ertragswertes zu \u00fcbernehmen, wenn er als Selbstbewirtschafter dazu geeignet ist. Dieser Anspruch kann auch gegen den Willen der Miterben auf dem Gerichtsweg durchgesetzt werden, wenn die Voraussetzungen dazu erf\u00fcllt sind. Man spricht dann von einer Zuweisung. Hinterl\u00e4sst der Erblasser nur unm\u00fcndige Erben, wird die Erbteilung aufgeschoben, bis entschieden werden kann, ob ein selbstbewirtschaftender Nachkomme das Landwirtschaftsgewerbe \u00fcbernimmt.<\/p>\n<h3>\u00dcbergabe landwirtschaftlicher Gewerbe zu Lebzeiten<\/h3>\n<p>Die lebzeitige Betriebs\u00fcbergabe kann im weitesten Sinne als vorweggenommene Erbteilung betrachtet werden. Das bedeutet, dass auch bei einer Abtretung zu Lebzeiten des Vorg\u00e4ngers die erbrechtlichen Bestimmungen des B\u00e4uerlichen Bodenrechts BGBB zu beachten sind. Ohne das Vorhandensein dieser erbrechtlichen Artikel m\u00fcssten lebzeitig \u00fcbergebene landwirtschaftliche Objekte bei einer sp\u00e4teren Erbteilung zum Verkehrs- oder Marktwert in Anrechnung gebracht werden.<\/p>\n<h3>Vorstufen zur Betriebs\u00fcbergabe<\/h3>\n<p>Auch wenn h\u00e4ufig gleich der Verkauf des Grundeigentums im Vordergrund steht, gibt es durchaus Situationen, in denen mit gutem Grund die Betriebs\u00fcbergabe stufenweise erfolgt. Zu diesen Stufen geh\u00f6ren: Anstellung bei den Eltern, eigenverantwortliche Bewirtschaftung eines Betriebszweigs, Generationengemeinschaft oder Pacht des Familienbetriebs. Diese \u00dcbergangsformen zur vollen Betriebs\u00fcbernahme erm\u00f6glichen dem Nachfolger, in seine Aufgabe hineinzuwachsen, das f\u00fcr den Kauf der landwirtschaftlichen Liegenschaft n\u00f6tige Kapital anzusparen oder allenfalls Teile Betriebs (insbesondere Inventar) bereits im Voraus zu erwerben.<\/p>\n<p><strong>Weitere Details zu rechtlichen, finanziellen, steuer- und versicherungstechnischen Aspekten der verschiedenen \u00dcbergabeformen werden im Kapitel <a href=\"https:\/\/agripedia.ch\/betriebsuebergabe\/form-der-uebergabe\/\">Form der \u00dcbergabe<\/a> beschrieben.<\/strong><\/p>\n<\/div><\/div><\/div><\/div><\/div><div class=\"fusion-fullwidth fullwidth-box fusion-builder-row-2 fusion-flex-container nonhundred-percent-fullwidth non-hundred-percent-height-scrolling\" style=\"--awb-border-radius-top-left:0px;--awb-border-radius-top-right:0px;--awb-border-radius-bottom-right:0px;--awb-border-radius-bottom-left:0px;--awb-flex-wrap:wrap;\" ><div class=\"fusion-builder-row fusion-row fusion-flex-align-items-flex-start fusion-flex-content-wrap\" style=\"max-width:1144px;margin-left: calc(-4% \/ 2 );margin-right: calc(-4% \/ 2 );\"><div class=\"fusion-layout-column fusion_builder_column fusion-builder-column-1 fusion_builder_column_1_3 1_3 fusion-flex-column\" style=\"--awb-bg-size:cover;--awb-width-large:33.333333333333%;--awb-margin-top-large:0px;--awb-spacing-right-large:5.76%;--awb-margin-bottom-large:20px;--awb-spacing-left-large:5.76%;--awb-width-medium:33.333333333333%;--awb-spacing-right-medium:5.76%;--awb-spacing-left-medium:5.76%;--awb-width-small:100%;--awb-spacing-right-small:1.92%;--awb-spacing-left-small:1.92%;\"><div class=\"fusion-column-wrapper fusion-flex-justify-content-flex-start fusion-content-layout-column\"><div style=\"text-align:left;\"><a class=\"fusion-button button-flat button-large button-custom fusion-button-default button-1 fusion-button-span-yes fusion-button-default-type\" style=\"--button_accent_color:#ffffff;--button_accent_hover_color:#ffffff;--button_border_hover_color:#ffffff;--button-border-radius-top-left:2px;--button-border-radius-top-right:2px;--button-border-radius-bottom-right:2px;--button-border-radius-bottom-left:2px;--button_gradient_top_color:#aa2966;--button_gradient_bottom_color:#aa2966;--button_gradient_top_color_hover:#aa2966;--button_gradient_bottom_color_hover:#aa2966;--button_text_transform:none;\" target=\"_self\" href=\"https:\/\/agripedia.ch\/betriebsuebergabe\/rechtliche-grundlagen-gratis\/\"><span class=\"fusion-button-icon-divider button-icon-divider-left\"><i class=\"fa-arrow-left fas awb-button__icon awb-button__icon--default\" aria-hidden=\"true\"><\/i><\/span><span class=\"fusion-button-text awb-button__text awb-button__text--default fusion-button-text-left\">RECHTLICHE GRUNDLAGEN<\/span><\/a><\/div><\/div><\/div><div class=\"fusion-layout-column fusion_builder_column fusion-builder-column-2 fusion_builder_column_1_3 1_3 fusion-flex-column\" style=\"--awb-bg-size:cover;--awb-width-large:33.333333333333%;--awb-margin-top-large:0px;--awb-spacing-right-large:5.76%;--awb-margin-bottom-large:20px;--awb-spacing-left-large:5.76%;--awb-width-medium:33.333333333333%;--awb-spacing-right-medium:5.76%;--awb-spacing-left-medium:5.76%;--awb-width-small:100%;--awb-spacing-right-small:1.92%;--awb-spacing-left-small:1.92%;\"><div class=\"fusion-column-wrapper fusion-flex-justify-content-flex-start fusion-content-layout-column\"><div style=\"text-align:center;\"><a class=\"fusion-button button-flat button-large button-custom fusion-button-default button-2 fusion-button-span-yes fusion-button-default-type\" style=\"--button_accent_color:#ffffff;--button_accent_hover_color:#ffffff;--button_border_hover_color:#ffffff;--button-border-radius-top-left:2px;--button-border-radius-top-right:2px;--button-border-radius-bottom-right:2px;--button-border-radius-bottom-left:2px;--button_gradient_top_color:#e80707;--button_gradient_bottom_color:#e80707;--button_gradient_top_color_hover:#e80707;--button_gradient_bottom_color_hover:#e80707;--button_text_transform:none;\" target=\"_self\" href=\"https:\/\/agripedia.ch\/betriebsuebergabe\/inhaltsverzeichnis\/\"><span class=\"fusion-button-icon-divider button-icon-divider-left\"><i class=\"fa-list fas awb-button__icon awb-button__icon--default\" aria-hidden=\"true\"><\/i><\/span><span class=\"fusion-button-text awb-button__text awb-button__text--default fusion-button-text-left\">INHALTSVERZEICHNIS<\/span><\/a><\/div><\/div><\/div><div class=\"fusion-layout-column fusion_builder_column fusion-builder-column-3 fusion_builder_column_1_3 1_3 fusion-flex-column\" style=\"--awb-bg-size:cover;--awb-width-large:33.333333333333%;--awb-margin-top-large:0px;--awb-spacing-right-large:5.76%;--awb-margin-bottom-large:20px;--awb-spacing-left-large:5.76%;--awb-width-medium:33.333333333333%;--awb-spacing-right-medium:5.76%;--awb-spacing-left-medium:5.76%;--awb-width-small:100%;--awb-spacing-right-small:1.92%;--awb-spacing-left-small:1.92%;\"><div class=\"fusion-column-wrapper fusion-flex-justify-content-flex-start fusion-content-layout-column\"><div style=\"text-align:right;\"><a class=\"fusion-button button-flat button-large button-custom fusion-button-default button-3 fusion-button-span-yes fusion-button-default-type\" style=\"--button_accent_color:#ffffff;--button_accent_hover_color:#ffffff;--button_border_hover_color:#ffffff;--button-border-radius-top-left:2px;--button-border-radius-top-right:2px;--button-border-radius-bottom-right:2px;--button-border-radius-bottom-left:2px;--button_gradient_top_color:#ed825a;--button_gradient_bottom_color:#ed825a;--button_gradient_top_color_hover:#ed825a;--button_gradient_bottom_color_hover:#ed825a;--button_text_transform:none;\" target=\"_self\" href=\"https:\/\/agripedia.ch\/betriebsuebergabe\/kaufpreis-gratis\/\"><span class=\"fusion-button-text awb-button__text awb-button__text--default fusion-button-text-right\">KAUFPREIS<\/span><span class=\"fusion-button-icon-divider button-icon-divider-right\"><i class=\"fa-arrow-right fas awb-button__icon awb-button__icon--default\" aria-hidden=\"true\"><\/i><\/span><\/a><\/div><\/div><\/div><\/div><\/div><\/p>\n","protected":false},"excerpt":{"rendered":"","protected":false},"author":31,"featured_media":0,"parent":0,"menu_order":0,"comment_status":"closed","ping_status":"closed","template":"","meta":{"_sb_is_suggestion_mode":false,"_sb_show_suggestion_boards":false,"_sb_show_comment_boards":false,"_sb_suggestion_history":"","_sb_update_block_changes":"","_monsterinsights_skip_tracking":false,"_monsterinsights_sitenote_active":false,"_monsterinsights_sitenote_note":"","_monsterinsights_sitenote_category":0,"footnotes":""},"class_list":["post-1091","page","type-page","status-publish","hentry"],"_links":{"self":[{"href":"https:\/\/agripedia.ch\/betriebsuebergabe\/wp-json\/wp\/v2\/pages\/1091","targetHints":{"allow":["GET"]}}],"collection":[{"href":"https:\/\/agripedia.ch\/betriebsuebergabe\/wp-json\/wp\/v2\/pages"}],"about":[{"href":"https:\/\/agripedia.ch\/betriebsuebergabe\/wp-json\/wp\/v2\/types\/page"}],"author":[{"embeddable":true,"href":"https:\/\/agripedia.ch\/betriebsuebergabe\/wp-json\/wp\/v2\/users\/31"}],"replies":[{"embeddable":true,"href":"https:\/\/agripedia.ch\/betriebsuebergabe\/wp-json\/wp\/v2\/comments?post=1091"}],"version-history":[{"count":8,"href":"https:\/\/agripedia.ch\/betriebsuebergabe\/wp-json\/wp\/v2\/pages\/1091\/revisions"}],"predecessor-version":[{"id":2109,"href":"https:\/\/agripedia.ch\/betriebsuebergabe\/wp-json\/wp\/v2\/pages\/1091\/revisions\/2109"}],"wp:attachment":[{"href":"https:\/\/agripedia.ch\/betriebsuebergabe\/wp-json\/wp\/v2\/media?parent=1091"}],"curies":[{"name":"wp","href":"https:\/\/api.w.org\/{rel}","templated":true}]}}