{"id":1089,"date":"2019-06-05T16:37:53","date_gmt":"2019-06-05T14:37:53","guid":{"rendered":"https:\/\/agripedia.ch\/betriebsuebergabe\/?page_id=1089"},"modified":"2019-10-03T09:24:35","modified_gmt":"2019-10-03T07:24:35","slug":"rechtliche-grundlagen-gratis","status":"publish","type":"page","link":"https:\/\/agripedia.ch\/betriebsuebergabe\/rechtliche-grundlagen-gratis\/","title":{"rendered":"Rechtliche Grundlagen gratis"},"content":{"rendered":"<p><div class=\"fusion-fullwidth fullwidth-box fusion-builder-row-1 fusion-flex-container nonhundred-percent-fullwidth non-hundred-percent-height-scrolling\" style=\"--awb-border-radius-top-left:0px;--awb-border-radius-top-right:0px;--awb-border-radius-bottom-right:0px;--awb-border-radius-bottom-left:0px;--awb-flex-wrap:wrap;\" ><div class=\"fusion-builder-row fusion-row fusion-flex-align-items-flex-start fusion-flex-content-wrap\" style=\"max-width:calc( 1100px + 0px );margin-left: calc(-0px \/ 2 );margin-right: calc(-0px \/ 2 );\"><div class=\"fusion-layout-column fusion_builder_column fusion-builder-column-0 fusion_builder_column_1_1 1_1 fusion-flex-column\" style=\"--awb-bg-size:cover;--awb-width-large:100%;--awb-margin-top-large:0px;--awb-spacing-right-large:0px;--awb-margin-bottom-large:20px;--awb-spacing-left-large:0px;--awb-width-medium:100%;--awb-spacing-right-medium:0px;--awb-spacing-left-medium:0px;--awb-width-small:100%;--awb-spacing-right-small:0px;--awb-spacing-left-small:0px;\"><div class=\"fusion-column-wrapper fusion-flex-justify-content-flex-start fusion-content-layout-column\"><div class=\"fusion-text fusion-text-1\"><h3>B\u00e4uerliches Bodenrecht<\/h3>\n<p>Zentrale Gesetzesgrundlage zur Regelung von Kauf und Verkauf von landwirtschaftliche Gewerben und Grundst\u00fccken ist das Bundesgesetz \u00fcber das b\u00e4uerliche Bodenrecht BGBB. Ziel dieses Gesetzes ist die Erhaltung von b\u00e4uerlichen Familienbetrieben zu tragbaren Bedingungen. Dazu enth\u00e4lt das BGBB eine Reihe von erbrechtlichen Bestimmungen. Auch wenn eine lebzeitige Betriebs\u00fcbergabe keinen Erbgang darstellt, m\u00fcssen die entsprechenden Regelungen des BGBB ber\u00fccksichtigt werden, damit im Rahmen der sp\u00e4teren Erbteilung keine rechtlichen Schwierigkeiten auftauchen.<\/p>\n<p>Die Kernbestimmungen des BGBB zur Betriebs\u00fcbergabe in der Familie lauten:<\/p>\n<ul>\n<li>Jeder Erbe kann im Erbgang die Zuweisung eines landwirtschaftlichen Gewerbes mit dem zugeh\u00f6rigen Betriebsinventar verlangen, wenn er es selber bewirtschaften will und daf\u00fcr als geeignet erscheint. Das Gewerbe wird ihm dann zum Ertragswert (plus einer allf\u00e4lligen Erh\u00f6hung f\u00fcr erhebliche Investitionen in den letzten 10 Jahren) angerechnet, das Inventar zum Nutzwert.<\/li>\n<li>Befindet sich in der Erbschaft ein landwirtschaftliches Grundst\u00fcck, das nicht zu einem landwirtschaftlichen Gewerbe geh\u00f6rt, so hat der selbstbewirtschaftende Erbe daran einen Zuweisungsanspruch zum doppelten Ertragswert, sofern er bereits Eigent\u00fcmer eines landwirtschaftlichen Gewerbes ist oder \u00fcber ein solches wirtschaftlich verf\u00fcgt und das Grundst\u00fcck im orts\u00fcblichen Bewirtschaftungsbereich dieses Gewerbes liegt.<\/li>\n<\/ul>\n<h3>Erbrecht<\/h3>\n<p>Das allgemeine Erbrecht wird im Schweizerischen Zivilgesetzbuch ZGB geregelt und bestimmt unter anderem, wer Erbe ist und einen Anspruch auf eine Erbschaft hat, zu welchem Anteil und Anrechnungswert dieser Anspruch geltend gemacht werden kann, aber auch in welcher Form und welchem Mass ein Erblasser \u00fcber sein Verm\u00f6gen verf\u00fcgen darf.<\/p>\n<p>Die gesetzliche Erbfolge bestimmt, wer wieviel erbt, sofern der Erblasser die Aufteilung seiner Erbmasse nicht mittels Testament oder Erbvertrag geregelt hat. So erh\u00e4lt zum Beispiel sein \u00fcberlebender Ehegatte die H\u00e4lfte der Erbschaft, seine Nachkommen die andere H\u00e4lfte zu gleichen Teilen.<\/p>\n<p>Der Erblasser kann aber mit seinem Willen eine andere Teilung vornehmen. Allerdings schreibt das Gesetz Mindestanteile vor, \u00fcber die der Erblasser nicht frei verf\u00fcgen kann. Der sogenannte Pflichtteil betr\u00e4gt zum Beispiel f\u00fcr den \u00fcberlebenden Ehegatten oder eingetragenen Partner die H\u00e4lfte des gesetzlichen Erbanspruchs, mithin einen Viertel des Nachlasses.<\/p>\n<p>Je nach Konstellation der Erben kann ein Erblasser also \u00fcber die Weitergabe eines kleineren oder gr\u00f6sseren Teils seines Verm\u00f6gens frei entscheiden. Diese sogenannte frei verf\u00fcgbare Quote l\u00e4sst sich via Testament oder Erbvertrag einem oder mehreren Beg\u00fcnstigten zuwenden.<\/p>\n<h3>Begriffskl\u00e4rungen<\/h3>\n<p>Die Auslegung zentraler Begriffe des BGBB entscheidet dar\u00fcber, in welcher Form und zu welchem Wert landwirtschaftliche Verm\u00f6gensbestandteile zu Lebzeiten resp. im Erbfall weitergegeben werden k\u00f6nnen.<br \/>\nEin Schl\u00fcsselbegriff des b\u00e4uerlichen Bodenrechts ist zum Beispiel das \u201eLandwirtschaftliche Gewerbe\u201c, f\u00fcr welches selbstbewirtschaftende Erben einen Zuweisungsanspruch zum Ertragswert haben. Ein solches liegt rechtlich dann vor, wenn folgende Kriterien erf\u00fcllt sind:<\/p>\n<ol>\n<li>Es besteht eine Gesamtheit von landwirtschaftlichen Grundst\u00fccken, Bauten und Anlagen, die eine wirtschaftliche Einheit bilden und als Grundlage der landwirtschaftlichen Produktion dienen.<\/li>\n<li>Zur landes\u00fcblichen Bewirtschaftung dieser Gesamtheit ist mindestens eine Standardarbeitskraft (SAK) n\u00f6tig. Die Kantone k\u00f6nnen diese Anforderung bis auf ein Minimum von 0.6 SAK herabsetzen.<\/li>\n<\/ol>\n<p><strong>Weitere Begriffe sowie wichtige Grundlagen des b\u00e4uerlichen Boden- und Erbrechts werden im Kapitel <a href=\"https:\/\/agripedia.ch\/betriebsuebergabe\/rechtlichegrundlagen\/\">Rechtliche Grundlagen<\/a> ausf\u00fchrlich erkl\u00e4rt.<\/strong><\/p>\n<\/div><\/div><\/div><\/div><\/div><div class=\"fusion-fullwidth fullwidth-box fusion-builder-row-2 fusion-flex-container nonhundred-percent-fullwidth non-hundred-percent-height-scrolling\" style=\"--awb-border-radius-top-left:0px;--awb-border-radius-top-right:0px;--awb-border-radius-bottom-right:0px;--awb-border-radius-bottom-left:0px;--awb-flex-wrap:wrap;\" ><div class=\"fusion-builder-row fusion-row fusion-flex-align-items-flex-start fusion-flex-content-wrap\" style=\"max-width:1144px;margin-left: calc(-4% \/ 2 );margin-right: calc(-4% \/ 2 );\"><div class=\"fusion-layout-column fusion_builder_column fusion-builder-column-1 fusion_builder_column_1_3 1_3 fusion-flex-column\" style=\"--awb-bg-size:cover;--awb-width-large:33.333333333333%;--awb-margin-top-large:0px;--awb-spacing-right-large:5.76%;--awb-margin-bottom-large:20px;--awb-spacing-left-large:5.76%;--awb-width-medium:33.333333333333%;--awb-spacing-right-medium:5.76%;--awb-spacing-left-medium:5.76%;--awb-width-small:100%;--awb-spacing-right-small:1.92%;--awb-spacing-left-small:1.92%;\"><div class=\"fusion-column-wrapper fusion-flex-justify-content-flex-start fusion-content-layout-column\"><div style=\"text-align:left;\"><a class=\"fusion-button button-flat button-large button-custom fusion-button-default button-1 fusion-button-span-yes fusion-button-default-type\" style=\"--button_accent_color:#ffffff;--button_accent_hover_color:#ffffff;--button_border_hover_color:#ffffff;--button-border-radius-top-left:2px;--button-border-radius-top-right:2px;--button-border-radius-bottom-right:2px;--button-border-radius-bottom-left:2px;--button_gradient_top_color:#2fa556;--button_gradient_bottom_color:#2fa556;--button_gradient_top_color_hover:#2fa556;--button_gradient_bottom_color_hover:#2fa556;--button_text_transform:none;\" target=\"_self\" href=\"https:\/\/agripedia.ch\/betriebsuebergabe\/vorbereitung-gratis\/\"><span class=\"fusion-button-icon-divider button-icon-divider-left\"><i class=\"fa-arrow-left fas awb-button__icon awb-button__icon--default\" aria-hidden=\"true\"><\/i><\/span><span class=\"fusion-button-text awb-button__text awb-button__text--default fusion-button-text-left\">VORBEREITUNG<\/span><\/a><\/div><\/div><\/div><div class=\"fusion-layout-column fusion_builder_column fusion-builder-column-2 fusion_builder_column_1_3 1_3 fusion-flex-column\" style=\"--awb-bg-size:cover;--awb-width-large:33.333333333333%;--awb-margin-top-large:0px;--awb-spacing-right-large:5.76%;--awb-margin-bottom-large:20px;--awb-spacing-left-large:5.76%;--awb-width-medium:33.333333333333%;--awb-spacing-right-medium:5.76%;--awb-spacing-left-medium:5.76%;--awb-width-small:100%;--awb-spacing-right-small:1.92%;--awb-spacing-left-small:1.92%;\"><div class=\"fusion-column-wrapper fusion-flex-justify-content-flex-start fusion-content-layout-column\"><div style=\"text-align:center;\"><a class=\"fusion-button button-flat button-large button-custom fusion-button-default button-2 fusion-button-span-yes fusion-button-default-type\" style=\"--button_accent_color:#ffffff;--button_accent_hover_color:#ffffff;--button_border_hover_color:#ffffff;--button-border-radius-top-left:2px;--button-border-radius-top-right:2px;--button-border-radius-bottom-right:2px;--button-border-radius-bottom-left:2px;--button_gradient_top_color:#e80707;--button_gradient_bottom_color:#e80707;--button_gradient_top_color_hover:#e80707;--button_gradient_bottom_color_hover:#e80707;--button_text_transform:none;\" target=\"_self\" href=\"https:\/\/agripedia.ch\/betriebsuebergabe\/inhaltsverzeichnis\/\"><span class=\"fusion-button-icon-divider button-icon-divider-left\"><i class=\"fa-list fas awb-button__icon awb-button__icon--default\" aria-hidden=\"true\"><\/i><\/span><span class=\"fusion-button-text awb-button__text awb-button__text--default fusion-button-text-left\">INHALTSVERZEICHNIS<\/span><\/a><\/div><\/div><\/div><div class=\"fusion-layout-column fusion_builder_column fusion-builder-column-3 fusion_builder_column_1_3 1_3 fusion-flex-column\" style=\"--awb-bg-size:cover;--awb-width-large:33.333333333333%;--awb-margin-top-large:0px;--awb-spacing-right-large:5.76%;--awb-margin-bottom-large:20px;--awb-spacing-left-large:5.76%;--awb-width-medium:33.333333333333%;--awb-spacing-right-medium:5.76%;--awb-spacing-left-medium:5.76%;--awb-width-small:100%;--awb-spacing-right-small:1.92%;--awb-spacing-left-small:1.92%;\"><div class=\"fusion-column-wrapper fusion-flex-justify-content-flex-start fusion-content-layout-column\"><div style=\"text-align:right;\"><a class=\"fusion-button button-flat button-large button-custom fusion-button-default button-3 fusion-button-span-yes fusion-button-default-type\" style=\"--button_accent_color:#ffffff;--button_accent_hover_color:#ffffff;--button_border_hover_color:#ffffff;--button-border-radius-top-left:2px;--button-border-radius-top-right:2px;--button-border-radius-bottom-right:2px;--button-border-radius-bottom-left:2px;--button_gradient_top_color:#0278a1;--button_gradient_bottom_color:#0278a1;--button_gradient_top_color_hover:#0278a1;--button_gradient_bottom_color_hover:#0278a1;--button_text_transform:none;\" target=\"_self\" href=\"https:\/\/agripedia.ch\/betriebsuebergabe\/form-der-uebergabe-gratis\/\"><span class=\"fusion-button-text awb-button__text awb-button__text--default fusion-button-text-right\">FORM DER \u00dcBERGABE<\/span><span class=\"fusion-button-icon-divider button-icon-divider-right\"><i class=\"fa-arrow-right fas awb-button__icon awb-button__icon--default\" aria-hidden=\"true\"><\/i><\/span><\/a><\/div><\/div><\/div><\/div><\/div><\/p>\n","protected":false},"excerpt":{"rendered":"","protected":false},"author":31,"featured_media":0,"parent":0,"menu_order":0,"comment_status":"closed","ping_status":"closed","template":"","meta":{"_sb_is_suggestion_mode":false,"_sb_show_suggestion_boards":false,"_sb_show_comment_boards":false,"_sb_suggestion_history":"","_sb_update_block_changes":"","_monsterinsights_skip_tracking":false,"_monsterinsights_sitenote_active":false,"_monsterinsights_sitenote_note":"","_monsterinsights_sitenote_category":0,"footnotes":""},"class_list":["post-1089","page","type-page","status-publish","hentry"],"_links":{"self":[{"href":"https:\/\/agripedia.ch\/betriebsuebergabe\/wp-json\/wp\/v2\/pages\/1089","targetHints":{"allow":["GET"]}}],"collection":[{"href":"https:\/\/agripedia.ch\/betriebsuebergabe\/wp-json\/wp\/v2\/pages"}],"about":[{"href":"https:\/\/agripedia.ch\/betriebsuebergabe\/wp-json\/wp\/v2\/types\/page"}],"author":[{"embeddable":true,"href":"https:\/\/agripedia.ch\/betriebsuebergabe\/wp-json\/wp\/v2\/users\/31"}],"replies":[{"embeddable":true,"href":"https:\/\/agripedia.ch\/betriebsuebergabe\/wp-json\/wp\/v2\/comments?post=1089"}],"version-history":[{"count":7,"href":"https:\/\/agripedia.ch\/betriebsuebergabe\/wp-json\/wp\/v2\/pages\/1089\/revisions"}],"predecessor-version":[{"id":2107,"href":"https:\/\/agripedia.ch\/betriebsuebergabe\/wp-json\/wp\/v2\/pages\/1089\/revisions\/2107"}],"wp:attachment":[{"href":"https:\/\/agripedia.ch\/betriebsuebergabe\/wp-json\/wp\/v2\/media?parent=1089"}],"curies":[{"name":"wp","href":"https:\/\/api.w.org\/{rel}","templated":true}]}}