{"id":4683,"date":"2020-10-27T21:48:39","date_gmt":"2020-10-27T20:48:39","guid":{"rendered":"https:\/\/agripedia.ch\/betriebsuebergabe\/abonnement\/"},"modified":"2023-03-03T11:12:44","modified_gmt":"2023-03-03T10:12:44","slug":"abonnement","status":"publish","type":"page","link":"https:\/\/agripedia.ch\/betriebsuebergabe\/fr\/abonnement\/","title":{"rendered":"Abonnement"},"content":{"rendered":"<p><div class=\"fusion-fullwidth fullwidth-box fusion-builder-row-1 fusion-flex-container nonhundred-percent-fullwidth non-hundred-percent-height-scrolling\" style=\"--awb-border-radius-top-left:0px;--awb-border-radius-top-right:0px;--awb-border-radius-bottom-right:0px;--awb-border-radius-bottom-left:0px;--awb-flex-wrap:wrap;\" ><div class=\"fusion-builder-row fusion-row fusion-flex-align-items-flex-start fusion-flex-content-wrap\" style=\"max-width:1144px;margin-left: calc(-4% \/ 2 );margin-right: calc(-4% \/ 2 );\"><div class=\"fusion-layout-column fusion_builder_column fusion-builder-column-0 fusion_builder_column_1_1 1_1 fusion-flex-column\" style=\"--awb-bg-size:cover;--awb-width-large:100%;--awb-margin-top-large:0px;--awb-spacing-right-large:1.92%;--awb-margin-bottom-large:20px;--awb-spacing-left-large:1.92%;--awb-width-medium:100%;--awb-order-medium:0;--awb-spacing-right-medium:1.92%;--awb-spacing-left-medium:1.92%;--awb-width-small:100%;--awb-order-small:0;--awb-spacing-right-small:1.92%;--awb-spacing-left-small:1.92%;\" id=\"hidden-subscription-card\"><div class=\"fusion-column-wrapper fusion-column-has-shadow fusion-flex-justify-content-flex-start fusion-content-layout-column\"><div class=\"fusion-text fusion-text-1\"><h2 class=\"subscription-options-title\">Option d\u2019abonnement<\/h2><div class=\"leaky_paywall_subscription_options\"><div id=\"option-3\" class=\"leaky_paywall_subscription_option \"><h3 class=\"leaky_paywall_subscription_option_title\">Betriebs\u00fcbergabe<\/h3><div class=\"leaky_paywall_subscription_allowed_content\"><ul>\r\n<li>Gesamter Inhalt der Brosch\u00fcre<\/li>\r\n<li>Interaktive Inhalte<\/li>\r\n<li>Download von Vorlagen, Checklisten und Dokumenten<\/li>\r\n<\/ul><\/div><div class=\"leaky_paywall_subscription_price\"><p><strong>CHF 29 \u00e0 vie<\/strong><\/p><\/div><div class=\"leaky_paywall_subscription_payment_options\"><div class=\"leaky-paywall-payment-button\"><a href=\"https:\/\/agripedia.ch\/betriebsuebergabe\/registrieren\/?level_id=3\">Abonnement<\/a><\/div><\/div><\/div><div id=\"option-23\" class=\"leaky_paywall_subscription_option \"><h3 class=\"leaky_paywall_subscription_option_title\">Remise de l'exploitation dans la famille<\/h3><div class=\"leaky_paywall_subscription_allowed_content\"><ul>\r\n<li>Tout le contenu de la brochure<\/li>\r\n<li>Contenu interactif<\/li>\r\n<li>T\u00e9l\u00e9charger des mod\u00e8les, des listes de contr\u00f4le et des documents<\/li>\r\n<\/ul><\/div><div class=\"leaky_paywall_subscription_price\"><p><strong>CHF 29 \u00e0 vie<\/strong><\/p><\/div><div class=\"leaky_paywall_subscription_payment_options\"><div class=\"leaky-paywall-payment-button\"><a href=\"https:\/\/agripedia.ch\/betriebsuebergabe\/registrieren\/?level_id=23\">Abonnement<\/a><\/div><\/div><\/div><\/div><div class=\"leaky-paywall-corporate-access-subscription-message\"><p>Have corporate access? <a href=\"https:\/\/agripedia.ch\/betriebsuebergabe\/fr\/abonnement\/\">Click Here<\/a><\/p><\/div>\n<\/div><\/div><\/div><\/div><\/div><div class=\"fusion-fullwidth fullwidth-box fusion-builder-row-2 fusion-flex-container has-pattern-background has-mask-background nonhundred-percent-fullwidth non-hundred-percent-height-scrolling\" style=\"--awb-border-radius-top-left:0px;--awb-border-radius-top-right:0px;--awb-border-radius-bottom-right:0px;--awb-border-radius-bottom-left:0px;--awb-flex-wrap:wrap;\" ><div class=\"fusion-builder-row fusion-row fusion-flex-align-items-flex-start fusion-flex-content-wrap\" style=\"max-width:1144px;margin-left: calc(-4% \/ 2 );margin-right: calc(-4% \/ 2 );\"><div class=\"fusion-layout-column fusion_builder_column fusion-builder-column-1 fusion_builder_column_1_1 1_1 fusion-flex-column\" style=\"--awb-bg-size:cover;--awb-width-large:100%;--awb-margin-top-large:0px;--awb-spacing-right-large:1.92%;--awb-margin-bottom-large:20px;--awb-spacing-left-large:1.92%;--awb-width-medium:100%;--awb-order-medium:0;--awb-spacing-right-medium:1.92%;--awb-spacing-left-medium:1.92%;--awb-width-small:100%;--awb-order-small:0;--awb-spacing-right-small:1.92%;--awb-spacing-left-small:1.92%;\"><div class=\"fusion-column-wrapper fusion-column-has-shadow fusion-flex-justify-content-flex-start fusion-content-layout-column\"><div class=\"fusion-title title fusion-title-1 fusion-sep-none fusion-title-text fusion-title-size-two\"><h2 class=\"fusion-title-heading title-heading-left fusion-responsive-typography-calculated\" style=\"margin:0;--fontSize:40;line-height:1.5;\">Option d\u2019abonnement<\/h2><\/div><div class=\"fusion-content-boxes content-boxes columns row fusion-columns-3 fusion-columns-total-1 fusion-content-boxes-1 content-boxes-icon-with-title content-left\" style=\"--awb-backgroundcolor:#cccccc;--awb-hover-accent-color:#e10707;--awb-circle-hover-accent-color:#e10707;\" data-animationOffset=\"top-into-view\"><div style=\"--awb-backgroundcolor:#cccccc;\" class=\"fusion-column content-box-column content-box-column content-box-column-1 col-lg-4 col-md-4 col-sm-4 fusion-content-box-hover content-box-column-first-in-row content-box-column-last\"><div class=\"col content-box-wrapper content-wrapper-background link-area-link-icon link-type-text icon-hover-animation-fade\" data-animationOffset=\"top-into-view\"><div class=\"heading icon-left\"><a class=\"heading-link\" style=\"float:left;\" href=\"https:\/\/agripedia.ch\/betriebsuebergabe\/fr\/inscription\/?level_id=23\" target=\"_self\"><h2 class=\"content-box-heading fusion-responsive-typography-calculated\" style=\"--h2_typography-font-size:18px;--fontSize:18;line-height:1.5;\">Remise de l'exploitation dans la famille<\/h2><\/a><\/div><div class=\"fusion-clearfix\"><\/div><div class=\"content-container\">\n<ul>\n<li>Tout le contenu de la brochure<\/li>\n<li>Contenu interactif<\/li>\n<li>T\u00e9l\u00e9charger des mod\u00e8les, des listes de contr\u00f4le et des documents<\/li>\n<\/ul>\n<p>CHF 29.-<\/p>\n<\/div><div class=\"fusion-clearfix\"><\/div><a class=\" fusion-read-more\" style=\"float:left;\" href=\"https:\/\/agripedia.ch\/betriebsuebergabe\/fr\/inscription\/?level_id=23\" target=\"_self\">S'inscrire<\/a><div class=\"fusion-clearfix\"><\/div><\/div><\/div><div class=\"fusion-clearfix\"><\/div><\/div><\/div><\/div><\/div><\/div><\/p>\n","protected":false},"excerpt":{"rendered":"","protected":false},"author":26,"featured_media":0,"parent":0,"menu_order":0,"comment_status":"closed","ping_status":"closed","template":"","meta":{"_sb_is_suggestion_mode":false,"_sb_show_suggestion_boards":false,"_sb_show_comment_boards":false,"_sb_suggestion_history":"","_sb_update_block_changes":"","_monsterinsights_skip_tracking":false,"_monsterinsights_sitenote_active":false,"_monsterinsights_sitenote_note":"","_monsterinsights_sitenote_category":0,"footnotes":""},"class_list":["post-4683","page","type-page","status-publish","hentry"],"_links":{"self":[{"href":"https:\/\/agripedia.ch\/betriebsuebergabe\/fr\/wp-json\/wp\/v2\/pages\/4683","targetHints":{"allow":["GET"]}}],"collection":[{"href":"https:\/\/agripedia.ch\/betriebsuebergabe\/fr\/wp-json\/wp\/v2\/pages"}],"about":[{"href":"https:\/\/agripedia.ch\/betriebsuebergabe\/fr\/wp-json\/wp\/v2\/types\/page"}],"author":[{"embeddable":true,"href":"https:\/\/agripedia.ch\/betriebsuebergabe\/fr\/wp-json\/wp\/v2\/users\/26"}],"replies":[{"embeddable":true,"href":"https:\/\/agripedia.ch\/betriebsuebergabe\/fr\/wp-json\/wp\/v2\/comments?post=4683"}],"version-history":[{"count":5,"href":"https:\/\/agripedia.ch\/betriebsuebergabe\/fr\/wp-json\/wp\/v2\/pages\/4683\/revisions"}],"predecessor-version":[{"id":6069,"href":"https:\/\/agripedia.ch\/betriebsuebergabe\/fr\/wp-json\/wp\/v2\/pages\/4683\/revisions\/6069"}],"wp:attachment":[{"href":"https:\/\/agripedia.ch\/betriebsuebergabe\/fr\/wp-json\/wp\/v2\/media?parent=4683"}],"curies":[{"name":"wp","href":"https:\/\/api.w.org\/{rel}","templated":true}]}}