{"id":4639,"date":"2020-10-27T14:38:54","date_gmt":"2020-10-27T13:38:54","guid":{"rendered":"https:\/\/agripedia.ch\/betriebsuebergabe\/annexes-gratuit\/"},"modified":"2020-12-22T15:43:22","modified_gmt":"2020-12-22T14:43:22","slug":"annexes-gratuit","status":"publish","type":"page","link":"https:\/\/agripedia.ch\/betriebsuebergabe\/fr\/annexes-gratuit\/","title":{"rendered":"Annexes gratuit"},"content":{"rendered":"<p><div class=\"fusion-fullwidth fullwidth-box fusion-builder-row-1 fusion-flex-container nonhundred-percent-fullwidth non-hundred-percent-height-scrolling\" style=\"--awb-border-radius-top-left:0px;--awb-border-radius-top-right:0px;--awb-border-radius-bottom-right:0px;--awb-border-radius-bottom-left:0px;--awb-flex-wrap:wrap;\" ><div class=\"fusion-builder-row fusion-row fusion-flex-align-items-flex-start fusion-flex-content-wrap\" style=\"max-width:1144px;margin-left: calc(-4% \/ 2 );margin-right: calc(-4% \/ 2 );\"><div class=\"fusion-layout-column fusion_builder_column fusion-builder-column-0 fusion_builder_column_1_1 1_1 fusion-flex-column\" style=\"--awb-bg-size:cover;--awb-width-large:100%;--awb-margin-top-large:0px;--awb-spacing-right-large:1.92%;--awb-margin-bottom-large:20px;--awb-spacing-left-large:1.92%;--awb-width-medium:100%;--awb-spacing-right-medium:1.92%;--awb-spacing-left-medium:1.92%;--awb-width-small:100%;--awb-spacing-right-small:1.92%;--awb-spacing-left-small:1.92%;\"><div class=\"fusion-column-wrapper fusion-flex-justify-content-flex-start fusion-content-layout-column\"><div class=\"fusion-title title fusion-title-1 fusion-sep-none fusion-title-text fusion-title-size-two\"><h2 class=\"fusion-title-heading title-heading-left fusion-responsive-typography-calculated\" style=\"margin:0;--fontSize:40;line-height:1.5;\">Annexes<\/h2><\/div><div class=\"fusion-separator fusion-full-width-sep agri-separator\" style=\"align-self: center;margin-left: auto;margin-right: auto;width:100%;\"><\/div><div class=\"fusion-text fusion-text-1\"><p>La collection de documents contenue dans la brochure \u00ab\u00a0Remise de l\u2019exploitation dans la famille\u00a0\u00bb offre un ensemble utile de sources et de liens, d\u2019exemples de contrats et de listes de contr\u00f4le.<\/p>\n<h3><strong>Annexe 1: Conseils utiles et documentation<\/strong><\/h3>\n<p>Contient des r\u00e9f\u00e9rences pour de la documentation compl\u00e9mentaire et des liens vers les sources pour les sujets suivants : droit foncier, mariage et partenariat, famille, pensions, salaires, bail \u00e0 ferme, consommation priv\u00e9e, collaboration inter-entreprises, assurance, construction, formes sp\u00e9ciales de transfert d\u2019entreprise.<\/p>\n<h3><strong>Annexe 2: Exemple d\u2019un contrat de remise de domaine agricole<\/strong><\/h3>\n<p>Contrat type de transfert d\u2019entreprise \u00e0 compl\u00e9ter et adapter aux besoins individuels \u00e0 t\u00e9l\u00e9charger en format Word.<\/p>\n<h3><strong>Annexe 3: Exemple d\u2019un contrat de vente d\u2019inventaire <\/strong><\/h3>\n<p>Contrat type de vente d\u2019inventaire \u00e0 compl\u00e9ter et adapter aux besoins individuels \u00e0 t\u00e9l\u00e9charger en format Word.<\/p>\n<h3><strong>Annexe 4: Liste de contr\u00f4le pour la remise du domaine<\/strong><\/h3>\n<p>Des mesures \u00e0 prendre et activit\u00e9s importantes pour le processus de transfert sont expliqu\u00e9es \u00e9tape par \u00e9tape. Sujets trait\u00e9s : Pr\u00e9paration au sein de la famille, mise \u00e0 disposition de documents pour s\u00e9ances de conseil, \u00e9valuation des polices d\u2019assurance, notification de la remise de l\u2019exploitation, conventions de droit matrimonial.<\/p>\n<h3><strong>Annexe 5: Description du processus de changement de g\u00e9n\u00e9ration<\/strong><\/h3>\n<p>Si un objet n\u2019est pas discut\u00e9, chacun et chacune part d\u2019une hypoth\u00e8se. Cette derni\u00e8re peut \u00eatre correcte, mais aussi compl\u00e8tement erron\u00e9e. Il s\u2019agit donc d\u2019en parler, d\u2019\u00e9couter et de trouver des solutions communes avec toutes les personnes impliqu\u00e9es, afin de cr\u00e9er des accords solides bien adapt\u00e9s \u00e0 la r\u00e9alit\u00e9 quotidienne. Contr\u00f4ler de temps \u00e0 autre que ces accords sont encore satisfaisants pour tous et toutes. Il n\u2019existe pas de recette miracle, il faut trouver des solutions individuelles adapt\u00e9es \u00e0 chaque entreprise. Les points cl\u00e9s de cette annexe traitent une vari\u00e9t\u00e9 de sujets pratiques : les d\u00e9fis du vivre ensemble des g\u00e9n\u00e9rations, les personnes concern\u00e9es, les points de discussion et les aspects particuliers, les moments id\u00e9aux pour les discussions.<\/p>\n<p><strong>Des listes d\u2019adresses et de contr\u00f4le d\u00e9taill\u00e9es ainsi que des mod\u00e8les pour la remise d\u2019exploitations dans les familles d\u2019agriculteurs se trouvent dans le <a href=\"https:\/\/agripedia.ch\/betriebsuebergabe\/fr\/12-liens-utiles\/\">chapitre Liens utiles<\/a>.<\/strong><\/p>\n<\/div><\/div><\/div><\/div><\/div><div class=\"fusion-fullwidth fullwidth-box fusion-builder-row-2 fusion-flex-container nonhundred-percent-fullwidth non-hundred-percent-height-scrolling\" style=\"--awb-border-radius-top-left:0px;--awb-border-radius-top-right:0px;--awb-border-radius-bottom-right:0px;--awb-border-radius-bottom-left:0px;--awb-flex-wrap:wrap;\" ><div class=\"fusion-builder-row fusion-row fusion-flex-align-items-flex-start fusion-flex-content-wrap\" style=\"max-width:1144px;margin-left: calc(-4% \/ 2 );margin-right: calc(-4% \/ 2 );\"><div class=\"fusion-layout-column fusion_builder_column fusion-builder-column-1 fusion_builder_column_1_3 1_3 fusion-flex-column\" style=\"--awb-bg-size:cover;--awb-width-large:33.333333333333%;--awb-margin-top-large:0px;--awb-spacing-right-large:5.76%;--awb-margin-bottom-large:20px;--awb-spacing-left-large:5.76%;--awb-width-medium:33.333333333333%;--awb-spacing-right-medium:5.76%;--awb-spacing-left-medium:5.76%;--awb-width-small:100%;--awb-spacing-right-small:1.92%;--awb-spacing-left-small:1.92%;\"><div class=\"fusion-column-wrapper fusion-flex-justify-content-flex-start fusion-content-layout-column\"><div style=\"text-align:left;\"><a class=\"fusion-button button-flat button-large button-custom fusion-button-default button-1 fusion-button-span-yes fusion-button-default-type\" style=\"--button_accent_color:#ffffff;--button_accent_hover_color:#ffffff;--button_border_hover_color:#ffffff;--button-border-radius-top-left:2px;--button-border-radius-top-right:2px;--button-border-radius-bottom-right:2px;--button-border-radius-bottom-left:2px;--button_gradient_top_color:#27477b;--button_gradient_bottom_color:#27477b;--button_gradient_top_color_hover:#27477b;--button_gradient_bottom_color_hover:#27477b;--button_text_transform:none;\" target=\"_self\" href=\"https:\/\/agripedia.ch\/betriebsuebergabe\/fr\/impots-et-remise-du-domaine-gratuit\/\"><span class=\"fusion-button-icon-divider button-icon-divider-left\"><i class=\"fa-arrow-left fas awb-button__icon awb-button__icon--default\" aria-hidden=\"true\"><\/i><\/span><span class=\"fusion-button-text awb-button__text awb-button__text--default fusion-button-text-left\">IMP\u00d4TS<\/span><\/a><\/div><\/div><\/div><div class=\"fusion-layout-column fusion_builder_column fusion-builder-column-2 fusion_builder_column_1_3 1_3 fusion-flex-column\" style=\"--awb-bg-size:cover;--awb-width-large:33.333333333333%;--awb-margin-top-large:0px;--awb-spacing-right-large:5.76%;--awb-margin-bottom-large:20px;--awb-spacing-left-large:5.76%;--awb-width-medium:33.333333333333%;--awb-spacing-right-medium:5.76%;--awb-spacing-left-medium:5.76%;--awb-width-small:100%;--awb-spacing-right-small:1.92%;--awb-spacing-left-small:1.92%;\"><div class=\"fusion-column-wrapper fusion-flex-justify-content-flex-start fusion-content-layout-column\"><div style=\"text-align:center;\"><a class=\"fusion-button button-flat button-large button-custom fusion-button-default button-2 fusion-button-span-yes fusion-button-default-type\" style=\"--button_accent_color:#ffffff;--button_accent_hover_color:#ffffff;--button_border_hover_color:#ffffff;--button-border-radius-top-left:2px;--button-border-radius-top-right:2px;--button-border-radius-bottom-right:2px;--button-border-radius-bottom-left:2px;--button_gradient_top_color:#e80707;--button_gradient_bottom_color:#e80707;--button_gradient_top_color_hover:#e80707;--button_gradient_bottom_color_hover:#e80707;--button_text_transform:none;\" target=\"_self\" href=\"https:\/\/agripedia.ch\/betriebsuebergabe\/fr\/accueil\/\"><span class=\"fusion-button-icon-divider button-icon-divider-left\"><i class=\"fa-list fas awb-button__icon awb-button__icon--default\" aria-hidden=\"true\"><\/i><\/span><span class=\"fusion-button-text awb-button__text awb-button__text--default fusion-button-text-left\">ACCUEIL<\/span><\/a><\/div><\/div><\/div><\/div><\/div><\/p>\n","protected":false},"excerpt":{"rendered":"","protected":false},"author":31,"featured_media":0,"parent":0,"menu_order":0,"comment_status":"closed","ping_status":"closed","template":"","meta":{"_sb_is_suggestion_mode":false,"_sb_show_suggestion_boards":false,"_sb_show_comment_boards":false,"_sb_suggestion_history":"","_sb_update_block_changes":"","_monsterinsights_skip_tracking":false,"_monsterinsights_sitenote_active":false,"_monsterinsights_sitenote_note":"","_monsterinsights_sitenote_category":0,"footnotes":""},"class_list":["post-4639","page","type-page","status-publish","hentry"],"_links":{"self":[{"href":"https:\/\/agripedia.ch\/betriebsuebergabe\/fr\/wp-json\/wp\/v2\/pages\/4639","targetHints":{"allow":["GET"]}}],"collection":[{"href":"https:\/\/agripedia.ch\/betriebsuebergabe\/fr\/wp-json\/wp\/v2\/pages"}],"about":[{"href":"https:\/\/agripedia.ch\/betriebsuebergabe\/fr\/wp-json\/wp\/v2\/types\/page"}],"author":[{"embeddable":true,"href":"https:\/\/agripedia.ch\/betriebsuebergabe\/fr\/wp-json\/wp\/v2\/users\/31"}],"replies":[{"embeddable":true,"href":"https:\/\/agripedia.ch\/betriebsuebergabe\/fr\/wp-json\/wp\/v2\/comments?post=4639"}],"version-history":[{"count":8,"href":"https:\/\/agripedia.ch\/betriebsuebergabe\/fr\/wp-json\/wp\/v2\/pages\/4639\/revisions"}],"predecessor-version":[{"id":5100,"href":"https:\/\/agripedia.ch\/betriebsuebergabe\/fr\/wp-json\/wp\/v2\/pages\/4639\/revisions\/5100"}],"wp:attachment":[{"href":"https:\/\/agripedia.ch\/betriebsuebergabe\/fr\/wp-json\/wp\/v2\/media?parent=4639"}],"curies":[{"name":"wp","href":"https:\/\/api.w.org\/{rel}","templated":true}]}}