{"id":4637,"date":"2020-10-27T14:35:20","date_gmt":"2020-10-27T13:35:20","guid":{"rendered":"https:\/\/agripedia.ch\/betriebsuebergabe\/impots-et-remise-du-domaine-gratuit\/"},"modified":"2020-11-05T14:32:05","modified_gmt":"2020-11-05T13:32:05","slug":"impots-et-remise-du-domaine-gratuit","status":"publish","type":"page","link":"https:\/\/agripedia.ch\/betriebsuebergabe\/fr\/impots-et-remise-du-domaine-gratuit\/","title":{"rendered":"Imp\u00f4ts et remise du domaine gratuit"},"content":{"rendered":"<p><div class=\"fusion-fullwidth fullwidth-box fusion-builder-row-1 fusion-flex-container nonhundred-percent-fullwidth non-hundred-percent-height-scrolling\" style=\"--awb-border-radius-top-left:0px;--awb-border-radius-top-right:0px;--awb-border-radius-bottom-right:0px;--awb-border-radius-bottom-left:0px;--awb-flex-wrap:wrap;\" ><div class=\"fusion-builder-row fusion-row fusion-flex-align-items-flex-start fusion-flex-content-wrap\" style=\"max-width:1144px;margin-left: calc(-4% \/ 2 );margin-right: calc(-4% \/ 2 );\"><div class=\"fusion-layout-column fusion_builder_column fusion-builder-column-0 fusion_builder_column_1_1 1_1 fusion-flex-column\" style=\"--awb-bg-size:cover;--awb-width-large:100%;--awb-margin-top-large:0px;--awb-spacing-right-large:1.92%;--awb-margin-bottom-large:20px;--awb-spacing-left-large:1.92%;--awb-width-medium:100%;--awb-spacing-right-medium:1.92%;--awb-spacing-left-medium:1.92%;--awb-width-small:100%;--awb-spacing-right-small:1.92%;--awb-spacing-left-small:1.92%;\"><div class=\"fusion-column-wrapper fusion-flex-justify-content-flex-start fusion-content-layout-column\"><div class=\"fusion-text fusion-text-1\"><p>La majorit\u00e9 des entreprises agricoles prennent la forme de raison individuelle ou de soci\u00e9t\u00e9 de personnes. Les personnes morales sont (encore) rares dans l\u2019agriculture suisse. C\u2019est pourquoi on ne traite ci-dessous que des cons\u00e9quences fiscales pour les personnes travaillant en tant qu\u2019ind\u00e9pendant. Un certain nombre d\u2019imp\u00f4ts cantonaux, qui sont \u00e9galement importants, ne peuvent \u00eatre abord\u00e9s ici.<\/p>\n<p>Du point de vue fiscal la remise du domaine comprend d\u2019une part l\u2019achat du bien-fonds agricole avec ensuite le d\u00e9but d\u2019une activit\u00e9 lucrative ind\u00e9pendante par l\u2019acheteur, et d\u2019autre part la vente et la cessation des activit\u00e9s de l\u2019ancien exploitant. L\u2019affermage est trait\u00e9 comme un cas \u00e0 part.<\/p>\n<h3><strong>Le gain en capital est impos\u00e9 <\/strong><\/h3>\n<p>Le principe de l\u2019imposition fiscale des ind\u00e9pendants est simple. Le gain en capital (car il s\u2019agit de fortune commerciale) est impos\u00e9 en tant que revenu. Pourtant, les exceptions, les possibilit\u00e9s de report, l\u2019imposition privil\u00e9gi\u00e9e aussi bien que diverses particularit\u00e9s cantonales compliquent la situation.<\/p>\n<h3><strong>Deux syst\u00e8mes d\u2019imposition fiscale diff\u00e9rents <\/strong><\/h3>\n<p>Dans le syst\u00e8me moniste, une plus-value r\u00e9alis\u00e9e sur des immeubles est toujours soumise \u00e0 l\u2019imp\u00f4t cantonal sur les gains immobiliers, tandis que les amortissements cumul\u00e9s sont assujettis \u00e0 l\u2019imp\u00f4t sur le revenu. Dans le syst\u00e8me dualiste, tous les gains en capital (plus-value et amortissement cumul\u00e9) r\u00e9alis\u00e9s sur des biens immobiliers sont soumis \u00e0 l\u2019imp\u00f4t sur le revenu, bien qu\u2019il existe des exceptions \u00e0 cette r\u00e8gle.<\/p>\n<h3><strong>Produits extraordinaires <\/strong><\/h3>\n<p>Des gains de liquidation suite \u00e0 la vente, l\u2019affermage ou l\u2019abandon de l\u2019activit\u00e9 lucrative ind\u00e9pendante sont un produit extraordinaire r\u00e9sultant d\u2019une activit\u00e9 lucrative ind\u00e9pendante et font donc partie du revenu imposable.<\/p>\n<h3><strong>Compensation d\u2019une perte <\/strong><\/h3>\n<p>Lors de la remise du domaine il peut parfois aussi se produire des pertes de liquidation (valeur comptable plus \u00e9lev\u00e9e que prix de vente). Les pertes au niveau des biens-fonds peuvent \u00eatre compens\u00e9es avec les gains de liquidation et, le cas \u00e9ch\u00e9ant, avec les autres revenus.<\/p>\n<h3><strong>Imposition du gain de liquidation <\/strong><\/h3>\n<p>Un gain de liquidation peut \u00eatre r\u00e9parti en plusieurs gains partiels qui sont \u00e0 chaque fois impos\u00e9s s\u00e9par\u00e9ment, ce qui permet, dans certains cas, d\u2019appliquer des taux d\u2019imposition privil\u00e9gi\u00e9s. Cela implique entre autres l\u2019abandon d\u00e9finitif et pour la premi\u00e8re fois de l\u2019activit\u00e9 lucrative ind\u00e9pendante apr\u00e8s l\u2019\u00e2ge de 55 ans.<\/p>\n<h3><strong>Gain immobilier<\/strong><\/h3>\n<p>Les gains immobiliers pr\u00e9supposent une plus-value et sa r\u00e9alisation. C\u2019est la partie du produit de la vente qui d\u00e9passe les d\u00e9penses d\u2019investissement qui est soumis comme b\u00e9n\u00e9fice \u00e0 l\u2019imp\u00f4t sur les gains immobiliers. Selon le droit cantonal, l\u2019imp\u00f4t sur les gains immobiliers est diff\u00e9r\u00e9 en cas d\u2019avance d\u2019hoirie, de donation, de succession et de transfert au conjoint.<\/p>\n<h3><strong>Vente \/ ali\u00e9nation<\/strong><\/h3>\n<p>Si l\u2019ensemble du domaine agricole est vendu par le propri\u00e9taire, il s\u2019agit d\u2019une liquidation, m\u00eame si le propri\u00e9taire en garde certaines parties pour les transf\u00e9rer dans le cadre du processus de vente dans sa fortune priv\u00e9e. Dans ce cadre, les amortissements sont impos\u00e9s en tant que gain de liquidation.<\/p>\n<h3><strong>Report en cas d\u2019affermage<\/strong><\/h3>\n<p>Les biens-fonds agricoles ne sont en g\u00e9n\u00e9ral plus transf\u00e9r\u00e9s \u00e0 la fortune priv\u00e9e, mais restent dans la fortune commerciale si l\u2019entreprise agricole est afferm\u00e9e et que le propri\u00e9taire abandonne son activit\u00e9 commerciale.<\/p>\n<h3><strong>Planifier ses imp\u00f4ts \u00e9vite bien des d\u00e9boires!<\/strong><\/h3>\n<p>Chaque cas est \u00e0 examiner individuellement. Pour obtenir une solution optimale par rapport aux imp\u00f4ts, il faut pr\u00e9voir un horizon de planification d\u2019au minimum 5 ans et de pr\u00e9f\u00e9rence de 10 ans. Il faut donc ne pas aborder la planification de la pr\u00e9voyance et des imp\u00f4ts juste avant d\u2019atteindre l\u2019\u00e2ge de la retraite, mais bien auparavant !<\/p>\n<h3><strong>Compl\u00e9ment 1: imposition fiscale du logement dans la fortune<\/strong><\/h3>\n<p>Selon que la solution pour le logement de la g\u00e9n\u00e9ration sortante est r\u00e9gie par une location, un droit d\u2019habitation ou un usufruit, les cons\u00e9quences fiscales diff\u00e8rent.<\/p>\n<h3><strong>Compl\u00e9ment 2: immeubles non agricoles dans la fortune commerciale<\/strong><\/h3>\n<p>Le gain r\u00e9siduel de la vente ou de la cession de terres non agricoles est incorpor\u00e9 dans l\u2019imposition sur le revenu, et il en va de m\u00eame pour les cotisations aux assurances sociales. M\u00eame si les immeubles non agricoles (en particulier les terrains \u00e0 b\u00e2tir) ne sont pas ali\u00e9n\u00e9s et si le gain de liquidation est ainsi soumis \u00e0 un taux d\u2019imposition all\u00e9g\u00e9, les cr\u00e9ances des autorit\u00e9s fiscales et des assurances sociales peuvent difficilement \u00eatre pay\u00e9es.<\/p>\n<p><strong>Une discussion plus approfondie des questions fiscales avec des graphiques et des tableaux explicatifs est fournie dans le <a href=\"https:\/\/agripedia.ch\/betriebsuebergabe\/fr\/11-impots-et-remise-du-domaine\/\">chapitre Imp\u00f4ts et remise du domaine<\/a>.<\/strong><\/p>\n<\/div><\/div><\/div><\/div><\/div><div class=\"fusion-fullwidth fullwidth-box fusion-builder-row-2 fusion-flex-container nonhundred-percent-fullwidth non-hundred-percent-height-scrolling\" style=\"--awb-border-radius-top-left:0px;--awb-border-radius-top-right:0px;--awb-border-radius-bottom-right:0px;--awb-border-radius-bottom-left:0px;--awb-flex-wrap:wrap;\" ><div class=\"fusion-builder-row fusion-row fusion-flex-align-items-flex-start fusion-flex-content-wrap\" style=\"max-width:1144px;margin-left: calc(-4% \/ 2 );margin-right: calc(-4% \/ 2 );\"><div class=\"fusion-layout-column fusion_builder_column fusion-builder-column-1 fusion_builder_column_1_3 1_3 fusion-flex-column\" style=\"--awb-bg-size:cover;--awb-width-large:33.333333333333%;--awb-margin-top-large:0px;--awb-spacing-right-large:5.76%;--awb-margin-bottom-large:20px;--awb-spacing-left-large:5.76%;--awb-width-medium:33.333333333333%;--awb-spacing-right-medium:5.76%;--awb-spacing-left-medium:5.76%;--awb-width-small:100%;--awb-spacing-right-small:1.92%;--awb-spacing-left-small:1.92%;\"><div class=\"fusion-column-wrapper fusion-flex-justify-content-flex-start fusion-content-layout-column\"><div style=\"text-align:left;\"><a class=\"fusion-button button-flat button-large button-custom fusion-button-default button-1 fusion-button-span-yes fusion-button-default-type\" style=\"--button_accent_color:#ffffff;--button_accent_hover_color:#ffffff;--button_border_hover_color:#ffffff;--button-border-radius-top-left:2px;--button-border-radius-top-right:2px;--button-border-radius-bottom-right:2px;--button-border-radius-bottom-left:2px;--button_gradient_top_color:#e8a72a;--button_gradient_bottom_color:#e8a72a;--button_gradient_top_color_hover:#e8a72a;--button_gradient_bottom_color_hover:#e8a72a;--button_text_transform:none;\" target=\"_self\" href=\"https:\/\/agripedia.ch\/betriebsuebergabe\/fr\/questions-dassurance-lors-de-la-remise-du-domaine-gratuit\/\"><span class=\"fusion-button-icon-divider button-icon-divider-left\"><i class=\"fa-arrow-left fas awb-button__icon awb-button__icon--default\" aria-hidden=\"true\"><\/i><\/span><span class=\"fusion-button-text awb-button__text awb-button__text--default fusion-button-text-left\">QUESTIONS D\u2019ASSURANCES<\/span><\/a><\/div><\/div><\/div><div class=\"fusion-layout-column fusion_builder_column fusion-builder-column-2 fusion_builder_column_1_3 1_3 fusion-flex-column\" style=\"--awb-bg-size:cover;--awb-width-large:33.333333333333%;--awb-margin-top-large:0px;--awb-spacing-right-large:5.76%;--awb-margin-bottom-large:20px;--awb-spacing-left-large:5.76%;--awb-width-medium:33.333333333333%;--awb-spacing-right-medium:5.76%;--awb-spacing-left-medium:5.76%;--awb-width-small:100%;--awb-spacing-right-small:1.92%;--awb-spacing-left-small:1.92%;\"><div class=\"fusion-column-wrapper fusion-flex-justify-content-flex-start fusion-content-layout-column\"><div style=\"text-align:center;\"><a class=\"fusion-button button-flat button-large button-custom fusion-button-default button-2 fusion-button-span-yes fusion-button-default-type\" style=\"--button_accent_color:#ffffff;--button_accent_hover_color:#ffffff;--button_border_hover_color:#ffffff;--button-border-radius-top-left:2px;--button-border-radius-top-right:2px;--button-border-radius-bottom-right:2px;--button-border-radius-bottom-left:2px;--button_gradient_top_color:#e80707;--button_gradient_bottom_color:#e80707;--button_gradient_top_color_hover:#e80707;--button_gradient_bottom_color_hover:#e80707;--button_text_transform:none;\" target=\"_self\" href=\"https:\/\/agripedia.ch\/betriebsuebergabe\/fr\/accueil\/\"><span class=\"fusion-button-icon-divider button-icon-divider-left\"><i class=\"fa-list fas awb-button__icon awb-button__icon--default\" aria-hidden=\"true\"><\/i><\/span><span class=\"fusion-button-text awb-button__text awb-button__text--default fusion-button-text-left\">ACCUEIL<\/span><\/a><\/div><\/div><\/div><div class=\"fusion-layout-column fusion_builder_column fusion-builder-column-3 fusion_builder_column_1_3 1_3 fusion-flex-column\" style=\"--awb-bg-size:cover;--awb-width-large:33.333333333333%;--awb-margin-top-large:0px;--awb-spacing-right-large:5.76%;--awb-margin-bottom-large:20px;--awb-spacing-left-large:5.76%;--awb-width-medium:33.333333333333%;--awb-spacing-right-medium:5.76%;--awb-spacing-left-medium:5.76%;--awb-width-small:100%;--awb-spacing-right-small:1.92%;--awb-spacing-left-small:1.92%;\"><div class=\"fusion-column-wrapper fusion-flex-justify-content-flex-start fusion-content-layout-column\"><div style=\"text-align:right;\"><a class=\"fusion-button button-flat button-large button-custom fusion-button-default button-3 fusion-button-span-yes fusion-button-default-type\" style=\"--button_accent_color:#ffffff;--button_accent_hover_color:#ffffff;--button_border_hover_color:#ffffff;--button-border-radius-top-left:2px;--button-border-radius-top-right:2px;--button-border-radius-bottom-right:2px;--button-border-radius-bottom-left:2px;--button_gradient_top_color:#555655;--button_gradient_bottom_color:#555655;--button_gradient_top_color_hover:#555655;--button_gradient_bottom_color_hover:#555655;--button_text_transform:none;\" target=\"_self\" href=\"https:\/\/agripedia.ch\/betriebsuebergabe\/fr\/annexes-gratuit\/\"><span class=\"fusion-button-text awb-button__text awb-button__text--default fusion-button-text-right\">LIENS UTILES<\/span><span class=\"fusion-button-icon-divider button-icon-divider-right\"><i class=\"fa-arrow-right fas awb-button__icon awb-button__icon--default\" aria-hidden=\"true\"><\/i><\/span><\/a><\/div><\/div><\/div><\/div><\/div><\/p>\n","protected":false},"excerpt":{"rendered":"","protected":false},"author":31,"featured_media":0,"parent":0,"menu_order":0,"comment_status":"closed","ping_status":"closed","template":"","meta":{"_sb_is_suggestion_mode":false,"_sb_show_suggestion_boards":false,"_sb_show_comment_boards":false,"_sb_suggestion_history":"","_sb_update_block_changes":"","_monsterinsights_skip_tracking":false,"_monsterinsights_sitenote_active":false,"_monsterinsights_sitenote_note":"","_monsterinsights_sitenote_category":0,"footnotes":""},"class_list":["post-4637","page","type-page","status-publish","hentry"],"_links":{"self":[{"href":"https:\/\/agripedia.ch\/betriebsuebergabe\/fr\/wp-json\/wp\/v2\/pages\/4637","targetHints":{"allow":["GET"]}}],"collection":[{"href":"https:\/\/agripedia.ch\/betriebsuebergabe\/fr\/wp-json\/wp\/v2\/pages"}],"about":[{"href":"https:\/\/agripedia.ch\/betriebsuebergabe\/fr\/wp-json\/wp\/v2\/types\/page"}],"author":[{"embeddable":true,"href":"https:\/\/agripedia.ch\/betriebsuebergabe\/fr\/wp-json\/wp\/v2\/users\/31"}],"replies":[{"embeddable":true,"href":"https:\/\/agripedia.ch\/betriebsuebergabe\/fr\/wp-json\/wp\/v2\/comments?post=4637"}],"version-history":[{"count":8,"href":"https:\/\/agripedia.ch\/betriebsuebergabe\/fr\/wp-json\/wp\/v2\/pages\/4637\/revisions"}],"predecessor-version":[{"id":4866,"href":"https:\/\/agripedia.ch\/betriebsuebergabe\/fr\/wp-json\/wp\/v2\/pages\/4637\/revisions\/4866"}],"wp:attachment":[{"href":"https:\/\/agripedia.ch\/betriebsuebergabe\/fr\/wp-json\/wp\/v2\/media?parent=4637"}],"curies":[{"name":"wp","href":"https:\/\/api.w.org\/{rel}","templated":true}]}}