{"id":4635,"date":"2020-10-27T14:30:51","date_gmt":"2020-10-27T13:30:51","guid":{"rendered":"https:\/\/agripedia.ch\/betriebsuebergabe\/questions-dassurance-lors-de-la-remise-du-domaine-gratuit\/"},"modified":"2020-11-05T14:27:02","modified_gmt":"2020-11-05T13:27:02","slug":"questions-dassurance-lors-de-la-remise-du-domaine-gratuit","status":"publish","type":"page","link":"https:\/\/agripedia.ch\/betriebsuebergabe\/fr\/questions-dassurance-lors-de-la-remise-du-domaine-gratuit\/","title":{"rendered":"Questions d\u2019assurance lors de la remise du domaine gratuit"},"content":{"rendered":"<p><div class=\"fusion-fullwidth fullwidth-box fusion-builder-row-1 fusion-flex-container nonhundred-percent-fullwidth non-hundred-percent-height-scrolling\" style=\"--awb-border-radius-top-left:0px;--awb-border-radius-top-right:0px;--awb-border-radius-bottom-right:0px;--awb-border-radius-bottom-left:0px;--awb-flex-wrap:wrap;\" ><div class=\"fusion-builder-row fusion-row fusion-flex-align-items-flex-start fusion-flex-content-wrap\" style=\"max-width:1144px;margin-left: calc(-4% \/ 2 );margin-right: calc(-4% \/ 2 );\"><div class=\"fusion-layout-column fusion_builder_column fusion-builder-column-0 fusion_builder_column_1_1 1_1 fusion-flex-column\" style=\"--awb-bg-size:cover;--awb-width-large:100%;--awb-margin-top-large:0px;--awb-spacing-right-large:1.92%;--awb-margin-bottom-large:20px;--awb-spacing-left-large:1.92%;--awb-width-medium:100%;--awb-spacing-right-medium:1.92%;--awb-spacing-left-medium:1.92%;--awb-width-small:100%;--awb-spacing-right-small:1.92%;--awb-spacing-left-small:1.92%;\"><div class=\"fusion-column-wrapper fusion-flex-justify-content-flex-start fusion-content-layout-column\"><div class=\"fusion-text fusion-text-1\"><p>Remettre un domaine signifie aussi r\u00e9fl\u00e9chir aux questions d\u2019assurance. Pour les situations individuelles concr\u00e8tes, nous recommandons imp\u00e9rativement de recourir \u00e0 un conseiller en assurances du secteur agricole pour une discussion approfondie.<\/p>\n<h3><strong>Pourquoi examiner et adapter la couverture d\u2019assurance rev\u00eat-il une telle importance? <\/strong><\/h3>\n<p>Tant la situation de risque que la capacit\u00e9 \u00e0 faire face au risque diff\u00e8rent entre la g\u00e9n\u00e9ration des repreneurs et des c\u00e9dants. La couverture du risque d\u2019invalidit\u00e9 et de d\u00e9c\u00e8s est essentielle pour le repreneur, pour le c\u00e9dant il s\u2019agit de financer une retraite digne de ce nom.<\/p>\n<h3><strong>Distinguer les diff\u00e9rentes polices pour s\u2019y retrouver <\/strong><\/h3>\n<p>Une exploitation agricole est couverte par de nombreuses polices d\u2019assurance. Pour garder une bonne vue d\u2019ensemble, il faut commencer par distinguer entre polices couvrant les personnes, les biens et la fortune. Distinguer entre les assurances priv\u00e9es et celles de l\u2019exploitation permet aussi de mieux se retrouver dans la \u00abjungle des assurances\u00bb.<\/p>\n<h3><strong>Assurances de personnes pour le repreneur et sa famille <\/strong><\/h3>\n<p>La priorit\u00e9 absolue porte sur l\u2019\u00e9tablissement d\u2019une couverture d\u2019assurance correspondant aux besoins effectifs de la famille du chef d\u2019exploitation et s\u00e9curisant l\u2019entreprise agricole, afin que la famille puisse toujours en garder la propri\u00e9t\u00e9, m\u00eame apr\u00e8s un coup dur. Il s\u2019agit notamment : de l\u2019inclusion du risque d\u2019accident dans l\u2019assurance maladie obligatoire, de la conclusion de l\u2019assurance pour perte de gain et des prestations en cas de d\u00e9c\u00e8s ou d\u2019invalidit\u00e9.<\/p>\n<p>Il faut examiner au cas par cas si la mise en place d\u2019une pr\u00e9voyance vieillesse fait sens \u00e0 ce moment. Le principe \u00e0 appliquer est le suivant: \u00abassurer les risques avant de faire des \u00e9conomies\u00bb. En r\u00e8gle g\u00e9n\u00e9rale les moyens disponibles sont investis pour l\u2019exploitation et la famille et ne sont pas disponibles pour le 2e ou 3e pilier.<\/p>\n<h3><strong>Assurances de personnes pour les c\u00e9dants du domaine<\/strong><\/h3>\n<p>La g\u00e9n\u00e9ration sortante doit planifier sa retraite, adapter la couverture des risques, s\u2019annoncer aupr\u00e8s des assurances sociales \u00e9tatiques et r\u00e9gler le versement des \u00e9ventuels avoirs des 2e ou 3<sup>e<\/sup> piliers. Une planification exhaustive de la retraite doit cependant aussi tenir compte des aspects suivants : r\u00e9sultat financier de la remise du domaine, situation du logement, cons\u00e9quences fiscales de la remise de l\u2019entreprise agricole, protection juridique du conjoint. En outre, la couverture des risques (indemnit\u00e9 journali\u00e8re, invalidit\u00e9, d\u00e9c\u00e8s) pour la g\u00e9n\u00e9ration c\u00e9dante peut g\u00e9n\u00e9ralement \u00eatre adapt\u00e9e au moment de la remise de l\u2019entreprise.<\/p>\n<p>Si la g\u00e9n\u00e9ration sortante entend g\u00e9rer la retraite de mani\u00e8re proactive, elle ne doit pas y songer seulement lorsqu\u2019elle atteint l\u2019\u00e2ge de la retraite. Nous recommandons de commencer \u00e0 planifier son troisi\u00e8me \u00e2ge d\u00e8s ses 50 ans.<\/p>\n<h3><strong>Assurances de biens et de fortune <\/strong><\/h3>\n<p>La g\u00e9n\u00e9ration sortante a d\u00e9j\u00e0 conclu diverses assurances pour l\u2019entreprise agricole. Par la loi, les contrats d\u2019assurance de biens et de fortune passent automatiquement au nouveau propri\u00e9taire. Cependant, le nouveau propri\u00e9taire ainsi que l\u2019assureur peuvent d\u00e9noncer ces contrats apr\u00e8s le changement de propri\u00e9taire. L\u2019assurance m\u00e9nage, l\u2019assurance RC priv\u00e9e, l\u2019assurance RC des v\u00e9hicules \u00e0 moteur priv\u00e9s, l\u2019assurance de protection juridique et d\u2019autres assurances priv\u00e9es (par ex. assurance voyage) sont conserv\u00e9es par la g\u00e9n\u00e9ration sortante.<\/p>\n<h3><strong>Assurances des employ\u00e9-e-s <\/strong><\/h3>\n<p>La g\u00e9n\u00e9ration sortante r\u00e9silie les assurances des personnes employ\u00e9es dans l\u2019entreprise (assurance accidents, pr\u00e9voyance professionnelle, indemnit\u00e9s journali\u00e8res en cas de maladie) au moment de la remise de l\u2019exploitation. Le nouveau chef d\u2019exploitation doit conclure \u00e0 nouveau ces assurances, afin d\u2019assurer la couverture obligatoire des risques pour les employ\u00e9-e-s qui ne font pas partie de la famille.<\/p>\n<h3><strong>Conseils pour l\u2019ensemble des assurances <\/strong><\/h3>\n<p>Comme d\u00e9j\u00e0 \u00e9nonc\u00e9 les explications ci-dessus n\u2019abordent que les aspects et principes les plus importants. Seul un conseil d\u2019assurance global par un sp\u00e9cialiste en mati\u00e8re d\u2019assurances agricoles peut garantir une couverture correcte des risques tant pour le repreneur que pour les c\u00e9dants.<\/p>\n<p><strong>D\u2019autres d\u00e9tails sur les questions d\u2019assurance sont abord\u00e9s dans le <a href=\"https:\/\/agripedia.ch\/betriebsuebergabe\/fr\/10-questions-dassurance-lors-de-la-remise-du-domaine\/\">chapitre Questions d\u2019assurance lors de la remise du domaine<\/a>.<\/strong><\/p>\n<\/div><\/div><\/div><\/div><\/div><div class=\"fusion-fullwidth fullwidth-box fusion-builder-row-2 fusion-flex-container nonhundred-percent-fullwidth non-hundred-percent-height-scrolling\" style=\"--awb-border-radius-top-left:0px;--awb-border-radius-top-right:0px;--awb-border-radius-bottom-right:0px;--awb-border-radius-bottom-left:0px;--awb-flex-wrap:wrap;\" ><div class=\"fusion-builder-row fusion-row fusion-flex-align-items-flex-start fusion-flex-content-wrap\" style=\"max-width:1144px;margin-left: calc(-4% \/ 2 );margin-right: calc(-4% \/ 2 );\"><div class=\"fusion-layout-column fusion_builder_column fusion-builder-column-1 fusion_builder_column_1_3 1_3 fusion-flex-column\" style=\"--awb-bg-size:cover;--awb-width-large:33.333333333333%;--awb-margin-top-large:0px;--awb-spacing-right-large:5.76%;--awb-margin-bottom-large:20px;--awb-spacing-left-large:5.76%;--awb-width-medium:33.333333333333%;--awb-spacing-right-medium:5.76%;--awb-spacing-left-medium:5.76%;--awb-width-small:100%;--awb-spacing-right-small:1.92%;--awb-spacing-left-small:1.92%;\"><div class=\"fusion-column-wrapper fusion-flex-justify-content-flex-start fusion-content-layout-column\"><div style=\"text-align:left;\"><a class=\"fusion-button button-flat button-large button-custom fusion-button-default button-1 fusion-button-span-yes fusion-button-default-type\" style=\"--button_accent_color:#ffffff;--button_accent_hover_color:#ffffff;--button_border_hover_color:#ffffff;--button-border-radius-top-left:2px;--button-border-radius-top-right:2px;--button-border-radius-bottom-right:2px;--button-border-radius-bottom-left:2px;--button_gradient_top_color:#ec6899;--button_gradient_bottom_color:#ec6899;--button_gradient_top_color_hover:#ec6899;--button_gradient_bottom_color_hover:#ec6899;--button_text_transform:none;\" target=\"_self\" href=\"https:\/\/agripedia.ch\/betriebsuebergabe\/fr\/assurer-le-droit-dhabiter-au-domaine-gratuit\/\"><span class=\"fusion-button-icon-divider button-icon-divider-left\"><i class=\"fa-arrow-left fas awb-button__icon awb-button__icon--default\" aria-hidden=\"true\"><\/i><\/span><span class=\"fusion-button-text awb-button__text awb-button__text--default fusion-button-text-left\">ASSURER LE DROIT D\u2019HABITER AU DOMAINE<\/span><\/a><\/div><\/div><\/div><div class=\"fusion-layout-column fusion_builder_column fusion-builder-column-2 fusion_builder_column_1_3 1_3 fusion-flex-column\" style=\"--awb-bg-size:cover;--awb-width-large:33.333333333333%;--awb-margin-top-large:0px;--awb-spacing-right-large:5.76%;--awb-margin-bottom-large:20px;--awb-spacing-left-large:5.76%;--awb-width-medium:33.333333333333%;--awb-spacing-right-medium:5.76%;--awb-spacing-left-medium:5.76%;--awb-width-small:100%;--awb-spacing-right-small:1.92%;--awb-spacing-left-small:1.92%;\"><div class=\"fusion-column-wrapper fusion-flex-justify-content-flex-start fusion-content-layout-column\"><div style=\"text-align:center;\"><a class=\"fusion-button button-flat button-large button-custom fusion-button-default button-2 fusion-button-span-yes fusion-button-default-type\" style=\"--button_accent_color:#ffffff;--button_accent_hover_color:#ffffff;--button_border_hover_color:#ffffff;--button-border-radius-top-left:2px;--button-border-radius-top-right:2px;--button-border-radius-bottom-right:2px;--button-border-radius-bottom-left:2px;--button_gradient_top_color:#e80707;--button_gradient_bottom_color:#e80707;--button_gradient_top_color_hover:#e80707;--button_gradient_bottom_color_hover:#e80707;--button_text_transform:none;\" target=\"_self\" href=\"https:\/\/agripedia.ch\/betriebsuebergabe\/fr\/accueil\/\"><span class=\"fusion-button-icon-divider button-icon-divider-left\"><i class=\"fa-list fas awb-button__icon awb-button__icon--default\" aria-hidden=\"true\"><\/i><\/span><span class=\"fusion-button-text awb-button__text awb-button__text--default fusion-button-text-left\">ACCUEIL<\/span><\/a><\/div><\/div><\/div><div class=\"fusion-layout-column fusion_builder_column fusion-builder-column-3 fusion_builder_column_1_3 1_3 fusion-flex-column\" style=\"--awb-bg-size:cover;--awb-width-large:33.333333333333%;--awb-margin-top-large:0px;--awb-spacing-right-large:5.76%;--awb-margin-bottom-large:20px;--awb-spacing-left-large:5.76%;--awb-width-medium:33.333333333333%;--awb-spacing-right-medium:5.76%;--awb-spacing-left-medium:5.76%;--awb-width-small:100%;--awb-spacing-right-small:1.92%;--awb-spacing-left-small:1.92%;\"><div class=\"fusion-column-wrapper fusion-flex-justify-content-flex-start fusion-content-layout-column\"><div style=\"text-align:right;\"><a class=\"fusion-button button-flat button-large button-custom fusion-button-default button-3 fusion-button-span-yes fusion-button-default-type\" style=\"--button_accent_color:#ffffff;--button_accent_hover_color:#ffffff;--button_border_hover_color:#ffffff;--button-border-radius-top-left:2px;--button-border-radius-top-right:2px;--button-border-radius-bottom-right:2px;--button-border-radius-bottom-left:2px;--button_gradient_top_color:#27477b;--button_gradient_bottom_color:#27477b;--button_gradient_top_color_hover:#27477b;--button_gradient_bottom_color_hover:#27477b;--button_text_transform:none;\" target=\"_self\" href=\"https:\/\/agripedia.ch\/betriebsuebergabe\/fr\/impots-et-remise-du-domaine-gratuit\/\"><span class=\"fusion-button-text awb-button__text awb-button__text--default fusion-button-text-right\">IMP\u00d4TS<\/span><span class=\"fusion-button-icon-divider button-icon-divider-right\"><i class=\"fa-arrow-right fas awb-button__icon awb-button__icon--default\" aria-hidden=\"true\"><\/i><\/span><\/a><\/div><\/div><\/div><\/div><\/div><\/p>\n","protected":false},"excerpt":{"rendered":"","protected":false},"author":31,"featured_media":0,"parent":0,"menu_order":0,"comment_status":"closed","ping_status":"closed","template":"","meta":{"_sb_is_suggestion_mode":false,"_sb_show_suggestion_boards":false,"_sb_show_comment_boards":false,"_sb_suggestion_history":"","_sb_update_block_changes":"","_monsterinsights_skip_tracking":false,"_monsterinsights_sitenote_active":false,"_monsterinsights_sitenote_note":"","_monsterinsights_sitenote_category":0,"footnotes":""},"class_list":["post-4635","page","type-page","status-publish","hentry"],"_links":{"self":[{"href":"https:\/\/agripedia.ch\/betriebsuebergabe\/fr\/wp-json\/wp\/v2\/pages\/4635","targetHints":{"allow":["GET"]}}],"collection":[{"href":"https:\/\/agripedia.ch\/betriebsuebergabe\/fr\/wp-json\/wp\/v2\/pages"}],"about":[{"href":"https:\/\/agripedia.ch\/betriebsuebergabe\/fr\/wp-json\/wp\/v2\/types\/page"}],"author":[{"embeddable":true,"href":"https:\/\/agripedia.ch\/betriebsuebergabe\/fr\/wp-json\/wp\/v2\/users\/31"}],"replies":[{"embeddable":true,"href":"https:\/\/agripedia.ch\/betriebsuebergabe\/fr\/wp-json\/wp\/v2\/comments?post=4635"}],"version-history":[{"count":9,"href":"https:\/\/agripedia.ch\/betriebsuebergabe\/fr\/wp-json\/wp\/v2\/pages\/4635\/revisions"}],"predecessor-version":[{"id":4865,"href":"https:\/\/agripedia.ch\/betriebsuebergabe\/fr\/wp-json\/wp\/v2\/pages\/4635\/revisions\/4865"}],"wp:attachment":[{"href":"https:\/\/agripedia.ch\/betriebsuebergabe\/fr\/wp-json\/wp\/v2\/media?parent=4635"}],"curies":[{"name":"wp","href":"https:\/\/api.w.org\/{rel}","templated":true}]}}