{"id":4632,"date":"2020-10-27T14:26:15","date_gmt":"2020-10-27T13:26:15","guid":{"rendered":"https:\/\/agripedia.ch\/betriebsuebergabe\/assurer-le-droit-dhabiter-au-domaine-gratuit\/"},"modified":"2020-11-05T14:24:16","modified_gmt":"2020-11-05T13:24:16","slug":"assurer-le-droit-dhabiter-au-domaine-gratuit","status":"publish","type":"page","link":"https:\/\/agripedia.ch\/betriebsuebergabe\/fr\/assurer-le-droit-dhabiter-au-domaine-gratuit\/","title":{"rendered":"Assurer le droit d\u2019habiter au domaine gratuit"},"content":{"rendered":"<p><div class=\"fusion-fullwidth fullwidth-box fusion-builder-row-1 fusion-flex-container nonhundred-percent-fullwidth non-hundred-percent-height-scrolling\" style=\"--awb-border-radius-top-left:0px;--awb-border-radius-top-right:0px;--awb-border-radius-bottom-right:0px;--awb-border-radius-bottom-left:0px;--awb-flex-wrap:wrap;\" ><div class=\"fusion-builder-row fusion-row fusion-flex-align-items-flex-start fusion-flex-content-wrap\" style=\"max-width:1144px;margin-left: calc(-4% \/ 2 );margin-right: calc(-4% \/ 2 );\"><div class=\"fusion-layout-column fusion_builder_column fusion-builder-column-0 fusion_builder_column_1_1 1_1 fusion-flex-column\" style=\"--awb-bg-size:cover;--awb-width-large:100%;--awb-margin-top-large:0px;--awb-spacing-right-large:1.92%;--awb-margin-bottom-large:20px;--awb-spacing-left-large:1.92%;--awb-width-medium:100%;--awb-spacing-right-medium:1.92%;--awb-spacing-left-medium:1.92%;--awb-width-small:100%;--awb-spacing-right-small:1.92%;--awb-spacing-left-small:1.92%;\"><div class=\"fusion-column-wrapper fusion-flex-justify-content-flex-start fusion-content-layout-column\"><div class=\"fusion-text fusion-text-1\"><p>Afin d\u2019\u00e9viter les conflits entre g\u00e9n\u00e9rations, il est utile de r\u00e9gler soigneusement la situation de logement des parents.<\/p>\n<h3><strong>Situation \u00e9conomique de d\u00e9part <\/strong><\/h3>\n<p>Les deux parties, les vendeurs et les acheteurs, ne d\u00e9sirent plus se lier trop longtemps et entendent g\u00e9rer plus librement leur avenir. Pourtant la question sur la solution de logement pour les c\u00e9dants se pose dans quasiment tous les cas de transfert d\u2019entreprise. Il n\u2019est pas possible de donner une r\u00e9ponse standard \u00e0 cette question. La solution la plus appropri\u00e9e prend en compte deux crit\u00e8res essentiels: l\u2019attitude personnelle des concern\u00e9s et les possibilit\u00e9s l\u00e9gales et financi\u00e8res.<\/p>\n<p>Par le pass\u00e9, nombreux \u00e9taient les paysans de la g\u00e9n\u00e9ration sortante qui ne pouvaient pas se permettre de logement \u00e0 l\u2019ext\u00e9rieur du domaine. Gr\u00e2ce \u00e0 l\u2019extension des assurances sociales et de la pr\u00e9voyance priv\u00e9e, les conventions actuelles pour l\u2019utilisation du logement pendant la vieillesse ne sont souvent plus conclues pour assurer un moyen de subsistance.<\/p>\n<p>L\u2019attitude personnelle concerne soit les c\u00e9dants, soit les repreneurs. Souvent la situation est claire d\u00e8s le d\u00e9part. Les personnes concern\u00e9es peuvent s\u2019imaginer vivre ensemble au domaine \u2013 ou bien pas. Si la cohabitation suscite des r\u00e9serves, il faut y pr\u00eater une attention particuli\u00e8re. Dans de tels cas, un contrat de bail simple permettant une modification ais\u00e9e de la situation de logement semble plus appropri\u00e9.<\/p>\n<h3><strong>Situation l\u00e9gale de d\u00e9part <\/strong><\/h3>\n<p>Le droit foncier rural pr\u00e9voit que l\u2019\u00e9poux survivant peut demander un droit d\u2019habitation ou d\u2019usufruit dans le cadre d\u2019une succession, pour autant que les circonstances le permettent. Des raisons objectives, telles que le manque d\u2019espace habitable ou une s\u00e9paration insuffisante, mais aussi des raisons subjectives, telles que l\u2019incompatibilit\u00e9 des parties, peuvent s\u2019opposer \u00e0 un droit d\u2019habitation ou d\u2019usufruit. Principale diff\u00e9rence entre les deux formes juridiques : le droit d\u2019habitation ne peut \u00eatre utilis\u00e9 que par le locataire lui-m\u00eame, tandis que l\u2019usufruitier peut aussi louer le logement \u00e0 des tiers.<\/p>\n<h3><strong>Formes juridiques du logement au domaine <\/strong><\/h3>\n<p>L\u2019engagement r\u00e9ciproque est d\u2019autant plus fort que la forme choisie se rapproche (de la location \u00e0 l\u2019achat) de conditions de propri\u00e9t\u00e9. D\u2019une part la s\u00e9curit\u00e9 juridique pour les b\u00e9n\u00e9ficiaires est ainsi renforc\u00e9e, mais d\u2019autre part une dissolution anticip\u00e9e est rendue plus difficile, voire impossible, si les deux parties, les grev\u00e9s et les b\u00e9n\u00e9fi\u00adciaires, n\u2019arrivent pas \u00e0 se mettre d\u2019accord.<\/p>\n<h3><strong>Responsabilit\u00e9s pour l\u2019entretien<\/strong><\/h3>\n<p>Suivant la r\u00e8glementation retenue l\u2019usufruitier doit supporter une proportion variable des frais annexes et d\u2019entretien, par contre le propri\u00e9taire prend tout en charge lui-m\u00eame.<\/p>\n<h3><strong>Restriction du droit d\u2019habitation \/ de l\u2019usufruit sur la dur\u00e9e d\u2019activit\u00e9<\/strong><\/h3>\n<p>Usufruit et droit d\u2019habitation qui n\u2019ont pas \u00e9t\u00e9 restreints contractuellement dans leur dur\u00e9e sont suppos\u00e9s durer jusqu\u2019au d\u00e9c\u00e8s de l\u2019ayant droit. Toutefois, les droits d\u2019habitation prennent g\u00e9n\u00e9ralement fin ou sont abandonn\u00e9s avant le d\u00e9c\u00e8s . Si le couple de paysans \u00e2g\u00e9s quitte le logement pour lequel ils b\u00e9n\u00e9ficient d\u2019un droit d\u2019habitation, le droit d\u2019habitation reste toujours valide jusqu\u2019\u00e0 leur d\u00e9c\u00e8s et ne peut gu\u00e8re \u00eatre r\u00e9sili\u00e9 pr\u00e9matur\u00e9ment. Pour contrer ce fait, on peut restreindre le droit d\u2019habitation \u00e0 une dur\u00e9e fixe ou \u00e0 la dur\u00e9e de l\u2019activit\u00e9.<\/p>\n<h3><strong>Solutions d\u2019indemnisation <\/strong><\/h3>\n<p>Ind\u00e9pendamment de la variante retenue, la question se pose comment r\u00e9gler le d\u00e9dommagement de l\u2019acheteur par le vendeur et futur utilisateur de l\u2019habitation. Options envisageables : indemnisation p\u00e9riodique, versement unique ou compensation par les annuit\u00e9s d\u2019un pr\u00eat. Une d\u00e9cision sur la solution de compensation n\u00e9cessite des discussions clarifi\u00e9es entre les parties. Pour savoir quelle solution d\u2019indemnisation est la meilleure, des discussions de clarification s\u2019imposent entre les parties.<\/p>\n<h3><strong>Dissolution<\/strong><\/h3>\n<p>Une dissolution anticip\u00e9e de l\u2019utilisation du logement convenue est possible plus ais\u00e9ment avec un contrat de bail, car un tel contrat peut \u00eatre r\u00e9sili\u00e9 unilat\u00e9ralement \u00e0 la date convenue en respectant les d\u00e9lais de r\u00e9siliation. Une dissolution est beaucoup plus difficile, voire impossible pour les servitudes inscrites au registre foncier (droit d\u2019usufruit et d\u2019habitation), si les ayants droits ne sont pas pr\u00eats \u00e0 des concessions. Souvent la valeur de la dissolution fait l\u2019objet d\u2019un litige et emp\u00eache la radiation de la servitude au registre foncier. Nous recommandons donc fortement de r\u00e9gler dans le contrat de vente les modalit\u00e9s financi\u00e8res d\u2019une dissolution anticip\u00e9e de la servitude en question.<\/p>\n<h3><strong>Frais accessoires<\/strong><\/h3>\n<p>En lien avec l\u2019indemnisation d\u2019un droit d\u2019habitation il faut souvent consid\u00e9rer des prestations annexes. Ces prestations devraient, si possible, \u00eatre imput\u00e9es p\u00e9riodiquement en fonction de la consommation effective, car si elles sont d\u00e9termin\u00e9es en fonction de valeurs standard, des divergences peuvent se produire.<\/p>\n<p><strong>Indemnisation p\u00e9riodique des frais accessoires <\/strong><\/p>\n<p>L\u2019id\u00e9al est de faire r\u00e9guli\u00e8rement le d\u00e9compte des frais accessoires sans toutefois lier ce d\u00e9compte avec l\u2019indemnisation pour le droit d\u2019habitation. Ceci afin de tenir au mieux compte de l\u2019\u00e9volution des besoins des ayants droits. Dans la perspective d\u2019une \u00e9ventuelle dissolution ult\u00e9rieure du droit d\u2019habitation ou en relation avec les prestations compl\u00e9mentaires, il vaut \u00e9galement mieux faire r\u00e9guli\u00e8rement le d\u00e9compte des frais accessoires.<\/p>\n<p><strong>Vous trouverez plus d\u2019informations sur la solution de logement pour la g\u00e9n\u00e9ration sortante dans le <a href=\"https:\/\/agripedia.ch\/betriebsuebergabe\/fr\/9-assurer-le-droit-dhabiter-au-domaine\/\">chapitre Assurer le droit d\u2019habitation au domaine<\/a>.<\/strong><\/p>\n<\/div><\/div><\/div><\/div><\/div><div class=\"fusion-fullwidth fullwidth-box fusion-builder-row-2 fusion-flex-container nonhundred-percent-fullwidth non-hundred-percent-height-scrolling\" style=\"--awb-border-radius-top-left:0px;--awb-border-radius-top-right:0px;--awb-border-radius-bottom-right:0px;--awb-border-radius-bottom-left:0px;--awb-flex-wrap:wrap;\" ><div class=\"fusion-builder-row fusion-row fusion-flex-align-items-flex-start fusion-flex-content-wrap\" style=\"max-width:1144px;margin-left: calc(-4% \/ 2 );margin-right: calc(-4% \/ 2 );\"><div class=\"fusion-layout-column fusion_builder_column fusion-builder-column-1 fusion_builder_column_1_3 1_3 fusion-flex-column\" style=\"--awb-bg-size:cover;--awb-width-large:33.333333333333%;--awb-margin-top-large:0px;--awb-spacing-right-large:5.76%;--awb-margin-bottom-large:20px;--awb-spacing-left-large:5.76%;--awb-width-medium:33.333333333333%;--awb-spacing-right-medium:5.76%;--awb-spacing-left-medium:5.76%;--awb-width-small:100%;--awb-spacing-right-small:1.92%;--awb-spacing-left-small:1.92%;\"><div class=\"fusion-column-wrapper fusion-flex-justify-content-flex-start fusion-content-layout-column\"><div style=\"text-align:left;\"><a class=\"fusion-button button-flat button-large button-custom fusion-button-default button-1 fusion-button-span-yes fusion-button-default-type\" style=\"--button_accent_color:#ffffff;--button_accent_hover_color:#ffffff;--button_border_hover_color:#ffffff;--button-border-radius-top-left:2px;--button-border-radius-top-right:2px;--button-border-radius-bottom-right:2px;--button-border-radius-bottom-left:2px;--button_gradient_top_color:#02acbc;--button_gradient_bottom_color:#02acbc;--button_gradient_top_color_hover:#02acbc;--button_gradient_bottom_color_hover:#02acbc;--button_text_transform:none;\" target=\"_self\" href=\"https:\/\/agripedia.ch\/betriebsuebergabe\/fr\/situation-du-couple-cedant-gratuit\/\"><span class=\"fusion-button-icon-divider button-icon-divider-left\"><i class=\"fa-arrow-left fas awb-button__icon awb-button__icon--default\" aria-hidden=\"true\"><\/i><\/span><span class=\"fusion-button-text awb-button__text awb-button__text--default fusion-button-text-left\">SITUATION DU COUPLE DE VENDEURS<\/span><\/a><\/div><\/div><\/div><div class=\"fusion-layout-column fusion_builder_column fusion-builder-column-2 fusion_builder_column_1_3 1_3 fusion-flex-column\" style=\"--awb-bg-size:cover;--awb-width-large:33.333333333333%;--awb-margin-top-large:0px;--awb-spacing-right-large:5.76%;--awb-margin-bottom-large:20px;--awb-spacing-left-large:5.76%;--awb-width-medium:33.333333333333%;--awb-spacing-right-medium:5.76%;--awb-spacing-left-medium:5.76%;--awb-width-small:100%;--awb-spacing-right-small:1.92%;--awb-spacing-left-small:1.92%;\"><div class=\"fusion-column-wrapper fusion-flex-justify-content-flex-start fusion-content-layout-column\"><div style=\"text-align:center;\"><a class=\"fusion-button button-flat button-large button-custom fusion-button-default button-2 fusion-button-span-yes fusion-button-default-type\" style=\"--button_accent_color:#ffffff;--button_accent_hover_color:#ffffff;--button_border_hover_color:#ffffff;--button-border-radius-top-left:2px;--button-border-radius-top-right:2px;--button-border-radius-bottom-right:2px;--button-border-radius-bottom-left:2px;--button_gradient_top_color:#e80707;--button_gradient_bottom_color:#e80707;--button_gradient_top_color_hover:#e80707;--button_gradient_bottom_color_hover:#e80707;--button_text_transform:none;\" target=\"_self\" href=\"https:\/\/agripedia.ch\/betriebsuebergabe\/fr\/accueil\/\"><span class=\"fusion-button-icon-divider button-icon-divider-left\"><i class=\"fa-list fas awb-button__icon awb-button__icon--default\" aria-hidden=\"true\"><\/i><\/span><span class=\"fusion-button-text awb-button__text awb-button__text--default fusion-button-text-left\">ACCUEIL<\/span><\/a><\/div><\/div><\/div><div class=\"fusion-layout-column fusion_builder_column fusion-builder-column-3 fusion_builder_column_1_3 1_3 fusion-flex-column\" style=\"--awb-bg-size:cover;--awb-width-large:33.333333333333%;--awb-margin-top-large:0px;--awb-spacing-right-large:5.76%;--awb-margin-bottom-large:20px;--awb-spacing-left-large:5.76%;--awb-width-medium:33.333333333333%;--awb-spacing-right-medium:5.76%;--awb-spacing-left-medium:5.76%;--awb-width-small:100%;--awb-spacing-right-small:1.92%;--awb-spacing-left-small:1.92%;\"><div class=\"fusion-column-wrapper fusion-flex-justify-content-flex-start fusion-content-layout-column\"><div style=\"text-align:right;\"><a class=\"fusion-button button-flat button-large button-custom fusion-button-default button-3 fusion-button-span-yes fusion-button-default-type\" style=\"--button_accent_color:#ffffff;--button_accent_hover_color:#ffffff;--button_border_hover_color:#ffffff;--button-border-radius-top-left:2px;--button-border-radius-top-right:2px;--button-border-radius-bottom-right:2px;--button-border-radius-bottom-left:2px;--button_gradient_top_color:#e8a72a;--button_gradient_bottom_color:#e8a72a;--button_gradient_top_color_hover:#e8a72a;--button_gradient_bottom_color_hover:#e8a72a;--button_text_transform:none;\" target=\"_self\" href=\"https:\/\/agripedia.ch\/betriebsuebergabe\/fr\/questions-dassurance-lors-de-la-remise-du-domaine-gratuit\/\"><span class=\"fusion-button-text awb-button__text awb-button__text--default fusion-button-text-right\">QUESTIONS D\u2019ASSURANCES<\/span><span class=\"fusion-button-icon-divider button-icon-divider-right\"><i class=\"fa-arrow-right fas awb-button__icon awb-button__icon--default\" aria-hidden=\"true\"><\/i><\/span><\/a><\/div><\/div><\/div><\/div><\/div><\/p>\n","protected":false},"excerpt":{"rendered":"","protected":false},"author":31,"featured_media":0,"parent":0,"menu_order":0,"comment_status":"closed","ping_status":"closed","template":"","meta":{"_sb_is_suggestion_mode":false,"_sb_show_suggestion_boards":false,"_sb_show_comment_boards":false,"_sb_suggestion_history":"","_sb_update_block_changes":"","_monsterinsights_skip_tracking":false,"_monsterinsights_sitenote_active":false,"_monsterinsights_sitenote_note":"","_monsterinsights_sitenote_category":0,"footnotes":""},"class_list":["post-4632","page","type-page","status-publish","hentry"],"_links":{"self":[{"href":"https:\/\/agripedia.ch\/betriebsuebergabe\/fr\/wp-json\/wp\/v2\/pages\/4632","targetHints":{"allow":["GET"]}}],"collection":[{"href":"https:\/\/agripedia.ch\/betriebsuebergabe\/fr\/wp-json\/wp\/v2\/pages"}],"about":[{"href":"https:\/\/agripedia.ch\/betriebsuebergabe\/fr\/wp-json\/wp\/v2\/types\/page"}],"author":[{"embeddable":true,"href":"https:\/\/agripedia.ch\/betriebsuebergabe\/fr\/wp-json\/wp\/v2\/users\/31"}],"replies":[{"embeddable":true,"href":"https:\/\/agripedia.ch\/betriebsuebergabe\/fr\/wp-json\/wp\/v2\/comments?post=4632"}],"version-history":[{"count":9,"href":"https:\/\/agripedia.ch\/betriebsuebergabe\/fr\/wp-json\/wp\/v2\/pages\/4632\/revisions"}],"predecessor-version":[{"id":4864,"href":"https:\/\/agripedia.ch\/betriebsuebergabe\/fr\/wp-json\/wp\/v2\/pages\/4632\/revisions\/4864"}],"wp:attachment":[{"href":"https:\/\/agripedia.ch\/betriebsuebergabe\/fr\/wp-json\/wp\/v2\/media?parent=4632"}],"curies":[{"name":"wp","href":"https:\/\/api.w.org\/{rel}","templated":true}]}}