{"id":4630,"date":"2020-10-27T14:19:35","date_gmt":"2020-10-27T13:19:35","guid":{"rendered":"https:\/\/agripedia.ch\/betriebsuebergabe\/situation-du-couple-cedant-gratuit\/"},"modified":"2020-11-05T14:22:55","modified_gmt":"2020-11-05T13:22:55","slug":"situation-du-couple-cedant-gratuit","status":"publish","type":"page","link":"https:\/\/agripedia.ch\/betriebsuebergabe\/fr\/situation-du-couple-cedant-gratuit\/","title":{"rendered":"Situation du couple c\u00e9dant gratuit"},"content":{"rendered":"<p><div class=\"fusion-fullwidth fullwidth-box fusion-builder-row-1 fusion-flex-container nonhundred-percent-fullwidth non-hundred-percent-height-scrolling\" style=\"--awb-border-radius-top-left:0px;--awb-border-radius-top-right:0px;--awb-border-radius-bottom-right:0px;--awb-border-radius-bottom-left:0px;--awb-flex-wrap:wrap;\" ><div class=\"fusion-builder-row fusion-row fusion-flex-align-items-flex-start fusion-flex-content-wrap\" style=\"max-width:1144px;margin-left: calc(-4% \/ 2 );margin-right: calc(-4% \/ 2 );\"><div class=\"fusion-layout-column fusion_builder_column fusion-builder-column-0 fusion_builder_column_1_1 1_1 fusion-flex-column\" style=\"--awb-bg-size:cover;--awb-width-large:100%;--awb-margin-top-large:0px;--awb-spacing-right-large:1.92%;--awb-margin-bottom-large:20px;--awb-spacing-left-large:1.92%;--awb-width-medium:100%;--awb-spacing-right-medium:1.92%;--awb-spacing-left-medium:1.92%;--awb-width-small:100%;--awb-spacing-right-small:1.92%;--awb-spacing-left-small:1.92%;\"><div class=\"fusion-column-wrapper fusion-flex-justify-content-flex-start fusion-content-layout-column\"><div class=\"fusion-text fusion-text-1\"><p>La loi f\u00e9d\u00e9rale sur le droit foncier rural privil\u00e9gie l\u2019h\u00e9ritier exploitant \u00e0 titre personnel. Tous les membres de la famille doivent donc \u00eatre inclus d\u00e8s le d\u00e9but du processus de remise de l\u2019exploitation.<\/p>\n<h3><strong>Equit\u00e9 <\/strong><\/h3>\n<p>L\u2019\u00e9quilibre \u00e0 trouver entre la pr\u00e9servation de l\u2019entreprise, la pr\u00e9voyance \u00e0 assurer pour l\u2019ancien couple de chefs d\u2019exploitation et l\u2019\u00e9quit\u00e9 envers tous les enfants est un d\u00e9fi. Une solution \u00e9quitable exige des d\u00e9cisions consensuelles fond\u00e9es sur la confiance et la volont\u00e9 de compromis. Cette base assure la p\u00e9rennit\u00e9 de l\u2019entreprise familiale mieux que tout avantage \u00e0 court terme : une bonne relation entre les membres de la famille renforce la famille et peut s\u2019av\u00e9rer un atout extr\u00eamement pr\u00e9cieux. Non seulement dans le domaine financier, mais aussi comme r\u00e9seau personnel, sur lequel on peut compter en p\u00e9riode de crise.<\/p>\n<h3><strong>Protection et compensation selon la LDFR <\/strong><\/h3>\n<p>Si un descendant reprend un domaine agricole d\u2019un h\u00e9ritage, ses coh\u00e9ritiers sont prot\u00e9g\u00e9s par le droit au gain. En outre, la LFDR pr\u00e9voit un droit de r\u00e9m\u00e9r\u00e9 ainsi que des droits d\u2019emption et de pr\u00e9emption pour les membres de la famille dans le cadre de la succession, afin de maintenir les entreprises agricoles au sein de la famille.<\/p>\n<p>Lors d\u2019une remise entre vifs le l\u00e9gislateur n\u2019intervient que peu dans les \u201eaffaires de famille\u201c. Le bon c\u00f4t\u00e9 de cette situation : les parties peuvent adapter le contrat \u00e0 leur situation particuli\u00e8re et apporter des pr\u00e9cisions. En particulier, un droit de r\u00e9m\u00e9r\u00e9 pour le vendeur et un droit au gain pour le couple vendeur et ses h\u00e9ritiers devraient absolument \u00eatre convenus par contrat.<\/p>\n<h3><strong>Quelques remarques sur le droit matrimonial <\/strong><\/h3>\n<p>L\u2019accord de principe de l\u2019\u00e9pouse au contrat de vente ne signifie pas automatiquement qu\u2019elle renonce \u00e0 toutes ses pr\u00e9tentions de droit matrimonial, qui doivent \u00eatre \u00e9mises au plus tard lors du d\u00e9c\u00e8s de l\u2019\u00e9poux-propri\u00e9taire. Cet aspect est souvent ignor\u00e9 et, dans des cas extr\u00eames, l\u2019\u00e9pouse et m\u00e8re n\u2019est m\u00eame pas impliqu\u00e9e dans les discussions sur la remise de l\u2019exploitation. Afin de conserver une situation claire, il est imp\u00e9ratif de calculer les droits r\u00e9sultant du r\u00e9gime matrimonial au moment de la remise de l\u2019exploitation et de les inclure dans la discussion.<\/p>\n<h3><strong>Perspective du droit matrimonial lors de la remise du domaine<\/strong><\/h3>\n<p>Lors de la vente de l\u2019entreprise \u00e0 la g\u00e9n\u00e9ration de repreneurs, le conjoint non-propri\u00e9taire peut, conform\u00e9ment aux articles 206 et 209 CC, exiger la restitution ou la garantie de ses cr\u00e9ances compensatrices r\u00e9sultant du r\u00e9gime matrimonial. La grande majorit\u00e9 des agriculteurs et des descendants r\u00e9alisent alors avec \u00e9tonnement combien d\u2019argent le conjoint a \u00e9galement investi dans l\u2019entreprise. Dans certains cas, la compensation financi\u00e8re int\u00e9grale pourrait entra\u00eener des conditions \u00e9conomiques non viables pour le successeur. Ce serait cependant une erreur de ne pas en d\u00e9battre ni n\u00e9gocier \u00e0 ce sujet. Le conjoint qui renonce en faveur du successeur devrait au moins voir sa situation financi\u00e8re am\u00e9lior\u00e9e comme mesure de \u00abcompensation\u00bb.<\/p>\n<h3><strong>Logement et vie<\/strong><\/h3>\n<p>Le couple de vendeurs dispose de plusieurs options comme solution pour leur logement : usufruit, droit d\u2019habitation, location \u2013 ou d\u00e9m\u00e9nagement. Les parents veulent souvent continuer \u00e0 vivre et \u00e0 travailler \u00e0 la ferme. Mais cette tradition peut aussi d\u00e9clencher des conflits entre g\u00e9n\u00e9rations. Il est donc utile de r\u00e9gler cette question avec beaucoup de soin. Si les parents continuent \u00e0 travailler sur l\u2019exploitation, le salaire n\u2019est g\u00e9n\u00e9ralement pas la premi\u00e8re priorit\u00e9. Un contrat de travail est n\u00e9anmoins recommand\u00e9 : si la prestation de travail d\u00e9passe le niveau d\u2019un service d\u2019amiti\u00e9, un accord contractuel devrait \u00eatre conclu. Cela vaut \u00e9galement pour les travaux m\u00e9nagers et la garde d\u2019enfants.<\/p>\n<h3><strong>Budget du m\u00e9nage, viabilit\u00e9 \u00e9conomique<\/strong><\/h3>\n<p>La remise de l\u2019entreprise doit \u00eatre \u00e9conomiquement viable pour la g\u00e9n\u00e9ration sortante. Un budget qui int\u00e8gre les recettes (salaires, rendement de la fortune, rentes, etc.) et les d\u00e9penses (imp\u00f4ts, assurances, m\u00e9nage, loisirs, etc.) dans le nouveau contexte permet d\u2019analyser la situation. L\u2019objectif est de mener une vie autonome et d\u00e9cente dans sa vieillesse, en \u00e9vitant de d\u00e9pendre sur la dur\u00e9e des prestations sociales ou de ses propres enfants.<\/p>\n<p><strong>D\u2019autres d\u00e9tails sur les d\u00e9fis auxquels est confront\u00e9e la g\u00e9n\u00e9ration sortante sont abord\u00e9s dans le <a href=\"https:\/\/agripedia.ch\/betriebsuebergabe\/fr\/8-situation-du-couple-cedant\/\">chapitre Situation du couple vendeur c\u00e9dant<\/a><\/strong>.<\/p>\n<\/div><\/div><\/div><\/div><\/div><div class=\"fusion-fullwidth fullwidth-box fusion-builder-row-2 fusion-flex-container nonhundred-percent-fullwidth non-hundred-percent-height-scrolling\" style=\"--awb-border-radius-top-left:0px;--awb-border-radius-top-right:0px;--awb-border-radius-bottom-right:0px;--awb-border-radius-bottom-left:0px;--awb-flex-wrap:wrap;\" ><div class=\"fusion-builder-row fusion-row fusion-flex-align-items-flex-start fusion-flex-content-wrap\" style=\"max-width:1144px;margin-left: calc(-4% \/ 2 );margin-right: calc(-4% \/ 2 );\"><div class=\"fusion-layout-column fusion_builder_column fusion-builder-column-1 fusion_builder_column_1_3 1_3 fusion-flex-column\" style=\"--awb-bg-size:cover;--awb-width-large:33.333333333333%;--awb-margin-top-large:0px;--awb-spacing-right-large:5.76%;--awb-margin-bottom-large:20px;--awb-spacing-left-large:5.76%;--awb-width-medium:33.333333333333%;--awb-spacing-right-medium:5.76%;--awb-spacing-left-medium:5.76%;--awb-width-small:100%;--awb-spacing-right-small:1.92%;--awb-spacing-left-small:1.92%;\"><div class=\"fusion-column-wrapper fusion-flex-justify-content-flex-start fusion-content-layout-column\"><div style=\"text-align:left;\"><a class=\"fusion-button button-flat button-large button-custom fusion-button-default button-1 fusion-button-span-yes fusion-button-default-type\" style=\"--button_accent_color:#ffffff;--button_accent_hover_color:#ffffff;--button_border_hover_color:#ffffff;--button-border-radius-top-left:2px;--button-border-radius-top-right:2px;--button-border-radius-bottom-right:2px;--button-border-radius-bottom-left:2px;--button_gradient_top_color:#742a78;--button_gradient_bottom_color:#742a78;--button_gradient_top_color_hover:#742a78;--button_gradient_bottom_color_hover:#742a78;--button_text_transform:none;\" target=\"_self\" href=\"https:\/\/agripedia.ch\/betriebsuebergabe\/situation-des-verkaeufers-g\/\"><span class=\"fusion-button-icon-divider button-icon-divider-left\"><i class=\"fa-arrow-left fas awb-button__icon awb-button__icon--default\" aria-hidden=\"true\"><\/i><\/span><span class=\"fusion-button-text awb-button__text awb-button__text--default fusion-button-text-left\">SITUATION DU VENDEUR<\/span><\/a><\/div><\/div><\/div><div class=\"fusion-layout-column fusion_builder_column fusion-builder-column-2 fusion_builder_column_1_3 1_3 fusion-flex-column\" style=\"--awb-bg-size:cover;--awb-width-large:33.333333333333%;--awb-margin-top-large:0px;--awb-spacing-right-large:5.76%;--awb-margin-bottom-large:20px;--awb-spacing-left-large:5.76%;--awb-width-medium:33.333333333333%;--awb-spacing-right-medium:5.76%;--awb-spacing-left-medium:5.76%;--awb-width-small:100%;--awb-spacing-right-small:1.92%;--awb-spacing-left-small:1.92%;\"><div class=\"fusion-column-wrapper fusion-flex-justify-content-flex-start fusion-content-layout-column\"><div style=\"text-align:center;\"><a class=\"fusion-button button-flat button-large button-custom fusion-button-default button-2 fusion-button-span-yes fusion-button-default-type\" style=\"--button_accent_color:#ffffff;--button_accent_hover_color:#ffffff;--button_border_hover_color:#ffffff;--button-border-radius-top-left:2px;--button-border-radius-top-right:2px;--button-border-radius-bottom-right:2px;--button-border-radius-bottom-left:2px;--button_gradient_top_color:#e80707;--button_gradient_bottom_color:#e80707;--button_gradient_top_color_hover:#e80707;--button_gradient_bottom_color_hover:#e80707;--button_text_transform:none;\" target=\"_self\" href=\"https:\/\/agripedia.ch\/betriebsuebergabe\/fr\/accueil\/\"><span class=\"fusion-button-icon-divider button-icon-divider-left\"><i class=\"fa-list fas awb-button__icon awb-button__icon--default\" aria-hidden=\"true\"><\/i><\/span><span class=\"fusion-button-text awb-button__text awb-button__text--default fusion-button-text-left\">ACCUEIL<\/span><\/a><\/div><\/div><\/div><div class=\"fusion-layout-column fusion_builder_column fusion-builder-column-3 fusion_builder_column_1_3 1_3 fusion-flex-column\" style=\"--awb-bg-size:cover;--awb-width-large:33.333333333333%;--awb-margin-top-large:0px;--awb-spacing-right-large:5.76%;--awb-margin-bottom-large:20px;--awb-spacing-left-large:5.76%;--awb-width-medium:33.333333333333%;--awb-spacing-right-medium:5.76%;--awb-spacing-left-medium:5.76%;--awb-width-small:100%;--awb-spacing-right-small:1.92%;--awb-spacing-left-small:1.92%;\"><div class=\"fusion-column-wrapper fusion-flex-justify-content-flex-start fusion-content-layout-column\"><div style=\"text-align:right;\"><a class=\"fusion-button button-flat button-large button-custom fusion-button-default button-3 fusion-button-span-yes fusion-button-default-type\" style=\"--button_accent_color:#ffffff;--button_accent_hover_color:#ffffff;--button_border_hover_color:#ffffff;--button-border-radius-top-left:2px;--button-border-radius-top-right:2px;--button-border-radius-bottom-right:2px;--button-border-radius-bottom-left:2px;--button_gradient_top_color:#ec6899;--button_gradient_bottom_color:#ec6899;--button_gradient_top_color_hover:#ec6899;--button_gradient_bottom_color_hover:#ec6899;--button_text_transform:none;\" target=\"_self\" href=\"https:\/\/agripedia.ch\/betriebsuebergabe\/fr\/assurer-le-droit-dhabiter-au-domaine-gratuit\/\"><span class=\"fusion-button-text awb-button__text awb-button__text--default fusion-button-text-right\">ASSURER LE DROIT D\u2019HABITER AU DOMAINE<\/span><span class=\"fusion-button-icon-divider button-icon-divider-right\"><i class=\"fa-arrow-right fas awb-button__icon awb-button__icon--default\" aria-hidden=\"true\"><\/i><\/span><\/a><\/div><\/div><\/div><\/div><\/div><\/p>\n","protected":false},"excerpt":{"rendered":"","protected":false},"author":31,"featured_media":0,"parent":0,"menu_order":0,"comment_status":"closed","ping_status":"closed","template":"","meta":{"_sb_is_suggestion_mode":false,"_sb_show_suggestion_boards":false,"_sb_show_comment_boards":false,"_sb_suggestion_history":"","_sb_update_block_changes":"","_monsterinsights_skip_tracking":false,"_monsterinsights_sitenote_active":false,"_monsterinsights_sitenote_note":"","_monsterinsights_sitenote_category":0,"footnotes":""},"class_list":["post-4630","page","type-page","status-publish","hentry"],"_links":{"self":[{"href":"https:\/\/agripedia.ch\/betriebsuebergabe\/fr\/wp-json\/wp\/v2\/pages\/4630","targetHints":{"allow":["GET"]}}],"collection":[{"href":"https:\/\/agripedia.ch\/betriebsuebergabe\/fr\/wp-json\/wp\/v2\/pages"}],"about":[{"href":"https:\/\/agripedia.ch\/betriebsuebergabe\/fr\/wp-json\/wp\/v2\/types\/page"}],"author":[{"embeddable":true,"href":"https:\/\/agripedia.ch\/betriebsuebergabe\/fr\/wp-json\/wp\/v2\/users\/31"}],"replies":[{"embeddable":true,"href":"https:\/\/agripedia.ch\/betriebsuebergabe\/fr\/wp-json\/wp\/v2\/comments?post=4630"}],"version-history":[{"count":10,"href":"https:\/\/agripedia.ch\/betriebsuebergabe\/fr\/wp-json\/wp\/v2\/pages\/4630\/revisions"}],"predecessor-version":[{"id":4863,"href":"https:\/\/agripedia.ch\/betriebsuebergabe\/fr\/wp-json\/wp\/v2\/pages\/4630\/revisions\/4863"}],"wp:attachment":[{"href":"https:\/\/agripedia.ch\/betriebsuebergabe\/fr\/wp-json\/wp\/v2\/media?parent=4630"}],"curies":[{"name":"wp","href":"https:\/\/api.w.org\/{rel}","templated":true}]}}