{"id":4626,"date":"2020-10-27T14:10:22","date_gmt":"2020-10-27T13:10:22","guid":{"rendered":"https:\/\/agripedia.ch\/betriebsuebergabe\/situation-du-nouveau-couple-de-chefs-dexploitation-gratuit\/"},"modified":"2020-11-05T14:19:27","modified_gmt":"2020-11-05T13:19:27","slug":"situation-du-nouveau-couple-de-chefs-dexploitation-gratuit","status":"publish","type":"page","link":"https:\/\/agripedia.ch\/betriebsuebergabe\/fr\/situation-du-nouveau-couple-de-chefs-dexploitation-gratuit\/","title":{"rendered":"Situation du nouveau couple de chefs d\u2019exploitation gratuit"},"content":{"rendered":"<p><div class=\"fusion-fullwidth fullwidth-box fusion-builder-row-1 fusion-flex-container nonhundred-percent-fullwidth non-hundred-percent-height-scrolling\" style=\"--awb-border-radius-top-left:0px;--awb-border-radius-top-right:0px;--awb-border-radius-bottom-right:0px;--awb-border-radius-bottom-left:0px;--awb-flex-wrap:wrap;\" ><div class=\"fusion-builder-row fusion-row fusion-flex-align-items-flex-start fusion-flex-content-wrap\" style=\"max-width:1144px;margin-left: calc(-4% \/ 2 );margin-right: calc(-4% \/ 2 );\"><div class=\"fusion-layout-column fusion_builder_column fusion-builder-column-0 fusion_builder_column_1_1 1_1 fusion-flex-column\" style=\"--awb-bg-size:cover;--awb-width-large:100%;--awb-margin-top-large:0px;--awb-spacing-right-large:1.92%;--awb-margin-bottom-large:20px;--awb-spacing-left-large:1.92%;--awb-width-medium:100%;--awb-spacing-right-medium:1.92%;--awb-spacing-left-medium:1.92%;--awb-width-small:100%;--awb-spacing-right-small:1.92%;--awb-spacing-left-small:1.92%;\"><div class=\"fusion-column-wrapper fusion-flex-justify-content-flex-start fusion-content-layout-column\"><div class=\"fusion-text fusion-text-1\"><p>Dans des partenariats qui fonctionnent bien, le couple g\u00e8re ensemble l\u2019entreprise, discute et d\u00e9cide des investissements et de la strat\u00e9gie. Pour cette raison, les cons\u00e9quences l\u00e9gales et financi\u00e8res doivent \u00eatre connues des deux parties. La discussion sur les bases l\u00e9gales de la vie en commun stimule la compr\u00e9hension pour les besoins de l\u2019autre et permet de prendre de meilleures d\u00e9cisions, bas\u00e9es sur des faits objectifs.<\/p>\n<h3><strong>Couple mari\u00e9<\/strong><\/h3>\n<p>Le mariage est une communaut\u00e9 de vie et \u00e9conomique. Pour autant que les \u00e9poux ne choisissent pas un autre r\u00e9gime matrimonial dans un contrat de mariage (communaut\u00e9 de biens ou s\u00e9paration des biens), le r\u00e9gime de la participation aux acqu\u00eats s\u2019applique. En cas de divorce, de s\u00e9paration ou de d\u00e9c\u00e8s de l\u2019un des partenaires, la liquidation du r\u00e9gime matrimonial est initi\u00e9e : les biens des deux conjoints sont \u00e0 nouveau divis\u00e9s. Selon le r\u00e9gime matrimonial, les biens des \u00e9poux sont compos\u00e9s diff\u00e9remment et sont \u00e9galement administr\u00e9s et r\u00e9partis diff\u00e9remment.<\/p>\n<p>Ce qui semble simple et \u00e9vident s\u2019av\u00e8re pourtant compliqu\u00e9 dans la pratique, car la fortune ne repose pas immobile sur un compte, mais des mouvements incessants de pr\u00e9l\u00e8vements et de versements ont lieu. Afin d\u2019assurer des rapports clairs \u00e0 tout moment, il est donc recommand\u00e9 de garder pr\u00e9cieusement les justificatifs pour vos biens propres et vos participations financi\u00e8res dans les biens du partenaire, de tenir en commun une liste qui renseigne sur le financement et la provenance des moyens investis et de la maintenir \u00e0 jour, de garantir les montants plus importants par des contrats de pr\u00eat, et de veiller \u00e0 ce que chaque partenaire dispose de son propre compte bancaire.<\/p>\n<h3><strong>Vie en commun sans certificat de mariage <\/strong><\/h3>\n<p>Si le couple de chefs d\u2019exploitation n\u2019est pas mari\u00e9, la cohabitation devrait \u00eatre r\u00e9gl\u00e9e l\u00e9galement par un contrat de concubinage. Objectif : les deux partenaires peuvent chacun s\u00e9par\u00e9ment g\u00e9n\u00e9rer un revenu suffisant pour lui-m\u00eame. Les couples non mari\u00e9s ne connaissent de participation ni aux acqu\u00eats ni \u00e0 l\u2019h\u00e9ritage de l\u2019autre. Un contrat d\u2019h\u00e9ritage ou un testament permettent toutefois de privil\u00e9gier le partenaire en cas de d\u00e9c\u00e8s.<\/p>\n<h3><strong>Travailler et vivre ensemble <\/strong><\/h3>\n<p>La gestion de l\u2019entreprise et la r\u00e9partition des t\u00e2ches diff\u00e8rent beaucoup d\u2019une exploitation \u00e0 l\u2019autre. On distingue les situations suivantes :<\/p>\n<p><strong>Entreprise individuelle :<\/strong> l\u2019agriculteur g\u00e8re l\u2019entreprise seul et la repr\u00e9sente \u00e0 l\u2019ext\u00e9rieur en tant qu\u2019entrepreneur individuel.<\/p>\n<p><strong>Collaboration avec contrat de travail :<\/strong> l\u2019\u00e9pouse (non propri\u00e9taire de l\u2019entreprise) est employ\u00e9e dans l\u2019entreprise agricole et re\u00e7oit un salaire pour son travail.<\/p>\n<p><strong>Gestion en commun :<\/strong> la paysanne exerce avec son \u00e9poux une activit\u00e9 lucrative ind\u00e9pendante et dispose d\u2019un plein droit de cod\u00e9cision.<\/p>\n<p><strong>Participation par le biais d\u2019une soci\u00e9t\u00e9 de capitaux :<\/strong> l\u2019entreprise agricole est exploit\u00e9e \u00e0 travers une SA ou une S\u00e0rl dans laquelle les deux partenaires ont une part et o\u00f9 le couple est employ\u00e9.<\/p>\n<p><strong>D\u2019autres faits sur la position de l\u2019homme et de la femme sont expliqu\u00e9s dans le <a href=\"https:\/\/agripedia.ch\/betriebsuebergabe\/fr\/6-situation-du-nouveau-couple-de-chefs-dexploitation\/\">chapitre Situation du nouveau couple de chefs d\u2019exploitation<\/a>.<\/strong><\/p>\n<\/div><\/div><\/div><\/div><\/div><div class=\"fusion-fullwidth fullwidth-box fusion-builder-row-2 fusion-flex-container nonhundred-percent-fullwidth non-hundred-percent-height-scrolling\" style=\"--awb-border-radius-top-left:0px;--awb-border-radius-top-right:0px;--awb-border-radius-bottom-right:0px;--awb-border-radius-bottom-left:0px;--awb-flex-wrap:wrap;\" ><div class=\"fusion-builder-row fusion-row fusion-flex-align-items-flex-start fusion-flex-content-wrap\" style=\"max-width:1144px;margin-left: calc(-4% \/ 2 );margin-right: calc(-4% \/ 2 );\"><div class=\"fusion-layout-column fusion_builder_column fusion-builder-column-1 fusion_builder_column_1_3 1_3 fusion-flex-column\" style=\"--awb-bg-size:cover;--awb-width-large:33.333333333333%;--awb-margin-top-large:0px;--awb-spacing-right-large:5.76%;--awb-margin-bottom-large:20px;--awb-spacing-left-large:5.76%;--awb-width-medium:33.333333333333%;--awb-spacing-right-medium:5.76%;--awb-spacing-left-medium:5.76%;--awb-width-small:100%;--awb-spacing-right-small:1.92%;--awb-spacing-left-small:1.92%;\"><div class=\"fusion-column-wrapper fusion-flex-justify-content-flex-start fusion-content-layout-column\"><div style=\"text-align:left;\"><a class=\"fusion-button button-flat button-large button-custom fusion-button-default button-1 fusion-button-span-yes fusion-button-default-type\" style=\"--button_accent_color:#ffffff;--button_accent_hover_color:#ffffff;--button_border_hover_color:#ffffff;--button-border-radius-top-left:2px;--button-border-radius-top-right:2px;--button-border-radius-bottom-right:2px;--button-border-radius-bottom-left:2px;--button_gradient_top_color:#a0bd61;--button_gradient_bottom_color:#a0bd61;--button_gradient_top_color_hover:#a0bd61;--button_gradient_bottom_color_hover:#a0bd61;--button_text_transform:none;\" target=\"_self\" href=\"https:\/\/agripedia.ch\/betriebsuebergabe\/fr\/situation-du-repreneur-gratuit\/\"><span class=\"fusion-button-icon-divider button-icon-divider-left\"><i class=\"fa-arrow-left fas awb-button__icon awb-button__icon--default\" aria-hidden=\"true\"><\/i><\/span><span class=\"fusion-button-text awb-button__text awb-button__text--default fusion-button-text-left\">SITUATION DU REPRENEUR<\/span><\/a><\/div><\/div><\/div><div class=\"fusion-layout-column fusion_builder_column fusion-builder-column-2 fusion_builder_column_1_3 1_3 fusion-flex-column\" style=\"--awb-bg-size:cover;--awb-width-large:33.333333333333%;--awb-margin-top-large:0px;--awb-spacing-right-large:5.76%;--awb-margin-bottom-large:20px;--awb-spacing-left-large:5.76%;--awb-width-medium:33.333333333333%;--awb-spacing-right-medium:5.76%;--awb-spacing-left-medium:5.76%;--awb-width-small:100%;--awb-spacing-right-small:1.92%;--awb-spacing-left-small:1.92%;\"><div class=\"fusion-column-wrapper fusion-flex-justify-content-flex-start fusion-content-layout-column\"><div style=\"text-align:center;\"><a class=\"fusion-button button-flat button-large button-custom fusion-button-default button-2 fusion-button-span-yes fusion-button-default-type\" style=\"--button_accent_color:#ffffff;--button_accent_hover_color:#ffffff;--button_border_hover_color:#ffffff;--button-border-radius-top-left:2px;--button-border-radius-top-right:2px;--button-border-radius-bottom-right:2px;--button-border-radius-bottom-left:2px;--button_gradient_top_color:#e80707;--button_gradient_bottom_color:#e80707;--button_gradient_top_color_hover:#e80707;--button_gradient_bottom_color_hover:#e80707;--button_text_transform:none;\" target=\"_self\" href=\"https:\/\/agripedia.ch\/betriebsuebergabe\/fr\/accueil\/\"><span class=\"fusion-button-icon-divider button-icon-divider-left\"><i class=\"fa-list fas awb-button__icon awb-button__icon--default\" aria-hidden=\"true\"><\/i><\/span><span class=\"fusion-button-text awb-button__text awb-button__text--default fusion-button-text-left\">ACCUEIL<\/span><\/a><\/div><\/div><\/div><div class=\"fusion-layout-column fusion_builder_column fusion-builder-column-3 fusion_builder_column_1_3 1_3 fusion-flex-column\" style=\"--awb-bg-size:cover;--awb-width-large:33.333333333333%;--awb-margin-top-large:0px;--awb-spacing-right-large:5.76%;--awb-margin-bottom-large:20px;--awb-spacing-left-large:5.76%;--awb-width-medium:33.333333333333%;--awb-spacing-right-medium:5.76%;--awb-spacing-left-medium:5.76%;--awb-width-small:100%;--awb-spacing-right-small:1.92%;--awb-spacing-left-small:1.92%;\"><div class=\"fusion-column-wrapper fusion-flex-justify-content-flex-start fusion-content-layout-column\"><div style=\"text-align:right;\"><a class=\"fusion-button button-flat button-large button-custom fusion-button-default button-3 fusion-button-span-yes fusion-button-default-type\" style=\"--button_accent_color:#ffffff;--button_accent_hover_color:#ffffff;--button_border_hover_color:#ffffff;--button-border-radius-top-left:2px;--button-border-radius-top-right:2px;--button-border-radius-bottom-right:2px;--button-border-radius-bottom-left:2px;--button_gradient_top_color:#742a78;--button_gradient_bottom_color:#742a78;--button_gradient_top_color_hover:#742a78;--button_gradient_bottom_color_hover:#742a78;--button_text_transform:none;\" target=\"_self\" href=\"https:\/\/agripedia.ch\/betriebsuebergabe\/fr\/situation-du-vendeur-gratuit\/\"><span class=\"fusion-button-text awb-button__text awb-button__text--default fusion-button-text-right\">SITUATION DU VENDEUR<\/span><span class=\"fusion-button-icon-divider button-icon-divider-right\"><i class=\"fa-arrow-right fas awb-button__icon awb-button__icon--default\" aria-hidden=\"true\"><\/i><\/span><\/a><\/div><\/div><\/div><\/div><\/div><\/p>\n","protected":false},"excerpt":{"rendered":"","protected":false},"author":31,"featured_media":0,"parent":0,"menu_order":0,"comment_status":"closed","ping_status":"closed","template":"","meta":{"_sb_is_suggestion_mode":false,"_sb_show_suggestion_boards":false,"_sb_show_comment_boards":false,"_sb_suggestion_history":"","_sb_update_block_changes":"","_monsterinsights_skip_tracking":false,"_monsterinsights_sitenote_active":false,"_monsterinsights_sitenote_note":"","_monsterinsights_sitenote_category":0,"footnotes":""},"class_list":["post-4626","page","type-page","status-publish","hentry"],"_links":{"self":[{"href":"https:\/\/agripedia.ch\/betriebsuebergabe\/fr\/wp-json\/wp\/v2\/pages\/4626","targetHints":{"allow":["GET"]}}],"collection":[{"href":"https:\/\/agripedia.ch\/betriebsuebergabe\/fr\/wp-json\/wp\/v2\/pages"}],"about":[{"href":"https:\/\/agripedia.ch\/betriebsuebergabe\/fr\/wp-json\/wp\/v2\/types\/page"}],"author":[{"embeddable":true,"href":"https:\/\/agripedia.ch\/betriebsuebergabe\/fr\/wp-json\/wp\/v2\/users\/31"}],"replies":[{"embeddable":true,"href":"https:\/\/agripedia.ch\/betriebsuebergabe\/fr\/wp-json\/wp\/v2\/comments?post=4626"}],"version-history":[{"count":9,"href":"https:\/\/agripedia.ch\/betriebsuebergabe\/fr\/wp-json\/wp\/v2\/pages\/4626\/revisions"}],"predecessor-version":[{"id":4861,"href":"https:\/\/agripedia.ch\/betriebsuebergabe\/fr\/wp-json\/wp\/v2\/pages\/4626\/revisions\/4861"}],"wp:attachment":[{"href":"https:\/\/agripedia.ch\/betriebsuebergabe\/fr\/wp-json\/wp\/v2\/media?parent=4626"}],"curies":[{"name":"wp","href":"https:\/\/api.w.org\/{rel}","templated":true}]}}