{"id":4624,"date":"2020-10-27T14:01:29","date_gmt":"2020-10-27T13:01:29","guid":{"rendered":"https:\/\/agripedia.ch\/betriebsuebergabe\/situation-du-repreneur-gratuit\/"},"modified":"2020-11-05T14:15:02","modified_gmt":"2020-11-05T13:15:02","slug":"situation-du-repreneur-gratuit","status":"publish","type":"page","link":"https:\/\/agripedia.ch\/betriebsuebergabe\/fr\/situation-du-repreneur-gratuit\/","title":{"rendered":"Situation du repreneur gratuit"},"content":{"rendered":"<p><div class=\"fusion-fullwidth fullwidth-box fusion-builder-row-1 fusion-flex-container nonhundred-percent-fullwidth non-hundred-percent-height-scrolling\" style=\"--awb-border-radius-top-left:0px;--awb-border-radius-top-right:0px;--awb-border-radius-bottom-right:0px;--awb-border-radius-bottom-left:0px;--awb-flex-wrap:wrap;\" ><div class=\"fusion-builder-row fusion-row fusion-flex-align-items-flex-start fusion-flex-content-wrap\" style=\"max-width:1144px;margin-left: calc(-4% \/ 2 );margin-right: calc(-4% \/ 2 );\"><div class=\"fusion-layout-column fusion_builder_column fusion-builder-column-0 fusion_builder_column_1_1 1_1 fusion-flex-column\" style=\"--awb-bg-size:cover;--awb-width-large:100%;--awb-margin-top-large:0px;--awb-spacing-right-large:1.92%;--awb-margin-bottom-large:20px;--awb-spacing-left-large:1.92%;--awb-width-medium:100%;--awb-spacing-right-medium:1.92%;--awb-spacing-left-medium:1.92%;--awb-width-small:100%;--awb-spacing-right-small:1.92%;--awb-spacing-left-small:1.92%;\"><div class=\"fusion-column-wrapper fusion-flex-justify-content-flex-start fusion-content-layout-column\"><div class=\"fusion-text fusion-text-1\"><p>Le repreneur doit diriger l\u2019exploitation de fa\u00e7on autonome et \u00e0 ses risques et p\u00e9rils. Font partie de la pr\u00e9paration \u00e0 ce d\u00e9fi la constitution d\u2019\u00e9pargne ainsi que la consolidation de ses comp\u00e9tences professionnelles et sociales. Ce processus de maturation peut se d\u00e9rouler en diff\u00e9rentes \u00e9tapes, une bonne formation professionnelle en constituant la condition de base.<\/p>\n<h3><strong>Collaborer dans l\u2019entreprise<\/strong><\/h3>\n<p>Gr\u00e2ce \u00e0 sa collaboration \u00e0 l\u2019entreprise familiale, le futur repreneur apprend \u00e0 conna\u00eetre \u00e0 fond l\u2019entreprise, ses conditions naturelles ainsi que son contexte. L\u00e9galement il en r\u00e9sulte un rapport employeur-employ\u00e9, dans lequel les deux parties doivent d\u00e9terminer les conditions et d\u00e9cider d\u2019une r\u00e9mun\u00e9ration usuelle sur le march\u00e9. Les prestations telles que la fourniture d\u2019une chambre et des repas au foyer des parents font partie int\u00e9grante du salaire. Si l\u2019entreprise ne peut pas financer un employ\u00e9 suppl\u00e9mentaire, cette possibilit\u00e9 est exclue ou \u00e0 restreindre \u00e0 quelques mois (dans le sens d\u2019un stage).<\/p>\n<p>Dans l\u2019id\u00e9al, le membre de la famille qui travaille dans l\u2019exploitation se voit r\u00e9guli\u00e8rement verser son salaire int\u00e9gral, apr\u00e8s d\u00e9duction du logement, de la nourriture et du travail de m\u00e9nage. Si le versement en esp\u00e8ces du salaire devait se r\u00e9v\u00e9ler impossible par manque de liquidit\u00e9s, on peut convenir d\u2019une cr\u00e9ance (nomm\u00e9e salaire diff\u00e9r\u00e9) qui porte int\u00e9r\u00eat et qui peut \u00eatre utilis\u00e9e par le repreneur pour financer le rachat de l\u2019exploitation. Si l\u2019employ\u00e9 membre de la famille ne re\u00e7oit que de l\u2019argent de poche, outre le logement et la nourriture, il se constitue une \u00ab\u00a0indemnit\u00e9 de salaire\u00a0\u00bb (\u00ab\u00a0Lidlohn\u00a0\u00bb). Elle peut \u00eatre r\u00e9clam\u00e9e quand le m\u00e9nage commun que le repreneur formait avec le d\u00e9biteur prend fin ou au plus tard lors du partage de l\u2019h\u00e9ritage du d\u00e9biteur. Les indemnit\u00e9s de salaire pr\u00e9sentent un certain nombre de d\u00e9savantages s\u00e9rieux et doivent \u00eatre \u00e9vit\u00e9es.<\/p>\n<h3><strong>Activit\u00e9 lucrative ind\u00e9pendante<\/strong><\/h3>\n<p>L\u2019objectif du futur chef d\u2019exploitation de devenir son propre patron peut \u00eatre r\u00e9alis\u00e9 dans l\u2019entreprise des parents \u00e0 diff\u00e9rents stades pr\u00e9liminaires avant la reprise d\u00e9finitive de l\u2019exploitation, soit avec une branche d\u2019exploitation en propre au sein de l\u2019exploitation familiale, soit par le travail en commun avec l\u2019actuel chef d\u2019exploitation. Tout est possible, de la location ou de l\u2019affermage de parties individuelles de l\u2019exploitation jusqu\u2019\u00e0 une communaut\u00e9 de g\u00e9n\u00e9rations.<\/p>\n<h3><strong>Objectif\u00a0: Reprise de l\u2019entreprise <\/strong><\/h3>\n<p>L\u2019acheteur doit savoir \u00e0 l\u2019avance comment il entend g\u00e9rer son entreprise et quels seront les r\u00f4les que lui, sa partenaire, la famille et les parents seront amen\u00e9s \u00e0 assumer. Un projet d\u2019entreprise, qui permet de concevoir \u00e0 l\u2019avance le r\u00e9sultat d\u2019exploitation selon des sc\u00e9narios (par exemple meilleur cas, moyen et pire cas), constitue un instrument important de planification. M\u00eame dans le pire des cas, l\u2019existence de l\u2019entreprise ne doit pas \u00eatre mise en danger.<\/p>\n<p>Le repreneur doit \u00eatre en mesure de supporter le \ufb01nancement et les charges inh\u00e9rentes \u00e0 la reprise de l\u2019exploitation et la reprise doit \u00eatre ax\u00e9e sur la stabilit\u00e9 et le maintien de l\u2019exploitation \u00e0 long terme. Les moyens essentiels dont dispose le repreneur d\u2019une exploitation pour \ufb01nancer son investissement sont : les \u00e9conomies personnelles ; les moyens de la pr\u00e9voyance professionnelle ; les pr\u00eats priv\u00e9s octroy\u00e9s par les parents ou des proches ; les aides f\u00e9d\u00e9rales et cantonales (aide initiale et cr\u00e9dits d\u2019investissement) ; les hypoth\u00e8ques ou autres cr\u00e9dits bancaires ; les organisations ou fondations d\u2019utilit\u00e9 publique ; les mod\u00e8les alternatifs de financement (crowdfunding, etc.).<\/p>\n<p>En vue d\u2019emp\u00eacher un surendettement des entreprises agricoles, le l\u00e9gislateur a introduit la charge maximale dans la LDFR. Elle correspond \u00e0 la valeur de rendement augment\u00e9e de 35%. Les immeubles agricoles ne peuvent \u00eatre grev\u00e9s de droits de gage que jusqu\u2019\u00e0 concurrence de cette charge maximale. Cette limite sup\u00e9rieure peut seulement \u00eatre d\u00e9pass\u00e9e en ce qui concerne les aides initiales, les cr\u00e9dits d\u2019investissement et les aides aux exploitations.<\/p>\n<p><strong>D\u2019autres d\u00e9tails sur la pr\u00e9paration de la remise de l\u2019exploitation sont abord\u00e9s dans le <a href=\"https:\/\/agripedia.ch\/betriebsuebergabe\/fr\/5-situation-du-repreneur\/\">chapitre Situation du repreneur<\/a>.<\/strong><\/p>\n<\/div><\/div><\/div><\/div><\/div><div class=\"fusion-fullwidth fullwidth-box fusion-builder-row-2 fusion-flex-container nonhundred-percent-fullwidth non-hundred-percent-height-scrolling\" style=\"--awb-border-radius-top-left:0px;--awb-border-radius-top-right:0px;--awb-border-radius-bottom-right:0px;--awb-border-radius-bottom-left:0px;--awb-flex-wrap:wrap;\" ><div class=\"fusion-builder-row fusion-row fusion-flex-align-items-flex-start fusion-flex-content-wrap\" style=\"max-width:1144px;margin-left: calc(-4% \/ 2 );margin-right: calc(-4% \/ 2 );\"><div class=\"fusion-layout-column fusion_builder_column fusion-builder-column-1 fusion_builder_column_1_3 1_3 fusion-flex-column\" style=\"--awb-bg-size:cover;--awb-width-large:33.333333333333%;--awb-margin-top-large:0px;--awb-spacing-right-large:5.76%;--awb-margin-bottom-large:20px;--awb-spacing-left-large:5.76%;--awb-width-medium:33.333333333333%;--awb-spacing-right-medium:5.76%;--awb-spacing-left-medium:5.76%;--awb-width-small:100%;--awb-spacing-right-small:1.92%;--awb-spacing-left-small:1.92%;\"><div class=\"fusion-column-wrapper fusion-flex-justify-content-flex-start fusion-content-layout-column\"><div style=\"text-align:left;\"><a class=\"fusion-button button-flat button-large button-custom fusion-button-default button-1 fusion-button-span-yes fusion-button-default-type\" style=\"--button_accent_color:#ffffff;--button_accent_hover_color:#ffffff;--button_border_hover_color:#ffffff;--button-border-radius-top-left:2px;--button-border-radius-top-right:2px;--button-border-radius-bottom-right:2px;--button-border-radius-bottom-left:2px;--button_gradient_top_color:#ed825a;--button_gradient_bottom_color:#ed825a;--button_gradient_top_color_hover:#ed825a;--button_gradient_bottom_color_hover:#ed825a;--button_text_transform:none;\" target=\"_self\" href=\"https:\/\/agripedia.ch\/betriebsuebergabe\/fr\/prix-dachat-gratuit\/\"><span class=\"fusion-button-icon-divider button-icon-divider-left\"><i class=\"fa-arrow-left fas awb-button__icon awb-button__icon--default\" aria-hidden=\"true\"><\/i><\/span><span class=\"fusion-button-text awb-button__text awb-button__text--default fusion-button-text-left\">LE PRIX D\u2019ACHAT<\/span><\/a><\/div><\/div><\/div><div class=\"fusion-layout-column fusion_builder_column fusion-builder-column-2 fusion_builder_column_1_3 1_3 fusion-flex-column\" style=\"--awb-bg-size:cover;--awb-width-large:33.333333333333%;--awb-margin-top-large:0px;--awb-spacing-right-large:5.76%;--awb-margin-bottom-large:20px;--awb-spacing-left-large:5.76%;--awb-width-medium:33.333333333333%;--awb-spacing-right-medium:5.76%;--awb-spacing-left-medium:5.76%;--awb-width-small:100%;--awb-spacing-right-small:1.92%;--awb-spacing-left-small:1.92%;\"><div class=\"fusion-column-wrapper fusion-flex-justify-content-flex-start fusion-content-layout-column\"><div style=\"text-align:center;\"><a class=\"fusion-button button-flat button-large button-custom fusion-button-default button-2 fusion-button-span-yes fusion-button-default-type\" style=\"--button_accent_color:#ffffff;--button_accent_hover_color:#ffffff;--button_border_hover_color:#ffffff;--button-border-radius-top-left:2px;--button-border-radius-top-right:2px;--button-border-radius-bottom-right:2px;--button-border-radius-bottom-left:2px;--button_gradient_top_color:#e80707;--button_gradient_bottom_color:#e80707;--button_gradient_top_color_hover:#e80707;--button_gradient_bottom_color_hover:#e80707;--button_text_transform:none;\" target=\"_self\" href=\"https:\/\/agripedia.ch\/betriebsuebergabe\/fr\/accueil\/\"><span class=\"fusion-button-icon-divider button-icon-divider-left\"><i class=\"fa-list fas awb-button__icon awb-button__icon--default\" aria-hidden=\"true\"><\/i><\/span><span class=\"fusion-button-text awb-button__text awb-button__text--default fusion-button-text-left\">ACCUEIL<\/span><\/a><\/div><\/div><\/div><div class=\"fusion-layout-column fusion_builder_column fusion-builder-column-3 fusion_builder_column_1_3 1_3 fusion-flex-column\" style=\"--awb-bg-size:cover;--awb-width-large:33.333333333333%;--awb-margin-top-large:0px;--awb-spacing-right-large:5.76%;--awb-margin-bottom-large:20px;--awb-spacing-left-large:5.76%;--awb-width-medium:33.333333333333%;--awb-spacing-right-medium:5.76%;--awb-spacing-left-medium:5.76%;--awb-width-small:100%;--awb-spacing-right-small:1.92%;--awb-spacing-left-small:1.92%;\"><div class=\"fusion-column-wrapper fusion-flex-justify-content-flex-start fusion-content-layout-column\"><div style=\"text-align:right;\"><a class=\"fusion-button button-flat button-large button-custom fusion-button-default button-3 fusion-button-span-yes fusion-button-default-type\" style=\"--button_accent_color:#ffffff;--button_accent_hover_color:#ffffff;--button_border_hover_color:#ffffff;--button-border-radius-top-left:2px;--button-border-radius-top-right:2px;--button-border-radius-bottom-right:2px;--button-border-radius-bottom-left:2px;--button_gradient_top_color:#e53e2c;--button_gradient_bottom_color:#e53e2c;--button_gradient_top_color_hover:#e53e2c;--button_gradient_bottom_color_hover:#e53e2c;--button_text_transform:none;\" target=\"_self\" href=\"https:\/\/agripedia.ch\/betriebsuebergabe\/fr\/situation-du-nouveau-couple-de-chefs-dexploitation-gratuit\/\"><span class=\"fusion-button-text awb-button__text awb-button__text--default fusion-button-text-right\">SITUATION DU NOUVEAU COUPLE DE CHEFS D\u2019EXPLOITATION<\/span><span class=\"fusion-button-icon-divider button-icon-divider-right\"><i class=\"fa-arrow-right fas awb-button__icon awb-button__icon--default\" aria-hidden=\"true\"><\/i><\/span><\/a><\/div><\/div><\/div><\/div><\/div><\/p>\n","protected":false},"excerpt":{"rendered":"","protected":false},"author":31,"featured_media":0,"parent":0,"menu_order":0,"comment_status":"closed","ping_status":"closed","template":"","meta":{"_sb_is_suggestion_mode":false,"_sb_show_suggestion_boards":false,"_sb_show_comment_boards":false,"_sb_suggestion_history":"","_sb_update_block_changes":"","_monsterinsights_skip_tracking":false,"_monsterinsights_sitenote_active":false,"_monsterinsights_sitenote_note":"","_monsterinsights_sitenote_category":0,"footnotes":""},"class_list":["post-4624","page","type-page","status-publish","hentry"],"_links":{"self":[{"href":"https:\/\/agripedia.ch\/betriebsuebergabe\/fr\/wp-json\/wp\/v2\/pages\/4624","targetHints":{"allow":["GET"]}}],"collection":[{"href":"https:\/\/agripedia.ch\/betriebsuebergabe\/fr\/wp-json\/wp\/v2\/pages"}],"about":[{"href":"https:\/\/agripedia.ch\/betriebsuebergabe\/fr\/wp-json\/wp\/v2\/types\/page"}],"author":[{"embeddable":true,"href":"https:\/\/agripedia.ch\/betriebsuebergabe\/fr\/wp-json\/wp\/v2\/users\/31"}],"replies":[{"embeddable":true,"href":"https:\/\/agripedia.ch\/betriebsuebergabe\/fr\/wp-json\/wp\/v2\/comments?post=4624"}],"version-history":[{"count":11,"href":"https:\/\/agripedia.ch\/betriebsuebergabe\/fr\/wp-json\/wp\/v2\/pages\/4624\/revisions"}],"predecessor-version":[{"id":4859,"href":"https:\/\/agripedia.ch\/betriebsuebergabe\/fr\/wp-json\/wp\/v2\/pages\/4624\/revisions\/4859"}],"wp:attachment":[{"href":"https:\/\/agripedia.ch\/betriebsuebergabe\/fr\/wp-json\/wp\/v2\/media?parent=4624"}],"curies":[{"name":"wp","href":"https:\/\/api.w.org\/{rel}","templated":true}]}}