{"id":4620,"date":"2020-10-27T13:55:48","date_gmt":"2020-10-27T12:55:48","guid":{"rendered":"https:\/\/agripedia.ch\/betriebsuebergabe\/prix-dachat-gratuit\/"},"modified":"2020-11-05T14:10:25","modified_gmt":"2020-11-05T13:10:25","slug":"prix-dachat-gratuit","status":"publish","type":"page","link":"https:\/\/agripedia.ch\/betriebsuebergabe\/fr\/prix-dachat-gratuit\/","title":{"rendered":"Prix d&rsquo;achat gratuit"},"content":{"rendered":"<p><div class=\"fusion-fullwidth fullwidth-box fusion-builder-row-1 fusion-flex-container nonhundred-percent-fullwidth non-hundred-percent-height-scrolling\" style=\"--awb-border-radius-top-left:0px;--awb-border-radius-top-right:0px;--awb-border-radius-bottom-right:0px;--awb-border-radius-bottom-left:0px;--awb-flex-wrap:wrap;\" ><div class=\"fusion-builder-row fusion-row fusion-flex-align-items-flex-start fusion-flex-content-wrap\" style=\"max-width:1144px;margin-left: calc(-4% \/ 2 );margin-right: calc(-4% \/ 2 );\"><div class=\"fusion-layout-column fusion_builder_column fusion-builder-column-0 fusion_builder_column_1_1 1_1 fusion-flex-column\" style=\"--awb-bg-size:cover;--awb-width-large:100%;--awb-margin-top-large:0px;--awb-spacing-right-large:1.92%;--awb-margin-bottom-large:20px;--awb-spacing-left-large:1.92%;--awb-width-medium:100%;--awb-spacing-right-medium:1.92%;--awb-spacing-left-medium:1.92%;--awb-width-small:100%;--awb-spacing-right-small:1.92%;--awb-spacing-left-small:1.92%;\"><div class=\"fusion-column-wrapper fusion-flex-justify-content-flex-start fusion-content-layout-column\"><div class=\"fusion-text fusion-text-1\"><p>La loi sur le droit foncier rural (LDFR) \u00e9tablit des principes juridiques et des directives contraignantes pour d\u00e9terminer la valeur d\u2019imputation des entreprises et des immeubles agricoles. Par cons\u00e9quent, afin de d\u00e9terminer le prix d\u2019achat pour le transfert au sein de la famille, les diff\u00e9rentes composantes d\u2019une propri\u00e9t\u00e9 agricole doivent \u00eatre \u00e9valu\u00e9es selon les r\u00e8gles.<\/p>\n<h3><strong>L\u2019entreprise agricole <\/strong><\/h3>\n<p>L\u2019h\u00e9ritier qui exploite lui-m\u00eame a l\u00e9galement le droit de reprendre l\u2019entreprise agricole \u00e0 la valeur de rendement. La valeur de rendement agricole se calcule en fonction du guide f\u00e9d\u00e9ral d\u2019estimation. C\u2019est pourquoi, lors de la transmission d\u2019une exploitation, on devrait toujours d\u00e9terminer une valeur de rendement actuelle conform\u00e9ment au guide d\u2019estimation en vigueur.<\/p>\n<p>La valeur de rendement peut tout au plus \u00eatre augment\u00e9e si le passif de la succession est exc\u00e9dentaire ou si des circonstances sp\u00e9ciales (prix d\u2019achat \u00e9lev\u00e9 de l\u2019entreprise, investissements importants au cours des 10 derni\u00e8res ann\u00e9es) le justifient. Si le pr\u00e9d\u00e9cesseur renonce \u00e0 l\u2019augmentation de la valeur d\u2019imputation, les autres h\u00e9ritiers peuvent demander une correction apr\u00e8s son d\u00e9c\u00e8s si la r\u00e9serve h\u00e9r\u00e9ditaire a \u00e9t\u00e9 viol\u00e9e.<\/p>\n<h3><strong>Immeubles agricoles<\/strong><\/h3>\n<p>En ce qui concerne les immeubles isol\u00e9s ne faisant pas partie d\u2019une entreprise, un h\u00e9ritier peut en demander l\u2019attribution au double de la valeur de rendement lorsqu\u2019il est d\u00e9j\u00e0 propri\u00e9taire d\u2019une entreprise agricole situ\u00e9e dans le rayon d\u2019exploitation conforme \u00e0 l\u2019usage local. Le terme d\u2019immeuble d\u00e9signe aussi des terrains construits avec un logement et des b\u00e2timents commerciaux, pour autant que le facteur UMOS se situe en dessous de 1.0. Les b\u00e2timents d\u2019habitation situ\u00e9s sur un immeuble agricole doivent \u00eatre imput\u00e9s \u00e0 la valeur v\u00e9nale.<\/p>\n<h3><strong>L\u2019inventaire<\/strong><\/h3>\n<p>L\u2019inventaire agricole doit \u00eatre remis au repreneur qui exploite lui-m\u00eame \u00e0 la valeur d\u2019usage, qui correspond par essence \u00e0 la valeur de rendement. Des diff\u00e9rences consid\u00e9rables apparaissent entre l\u2019estimation de l\u2019inventaire figurant dans la comptabilit\u00e9 et l\u2019estimation selon le droit foncier rural. Lors de la remise d\u2019une exploitation, l\u2019estimation doit s\u2019effectuer en vertu du droit foncier rural et les valeurs tir\u00e9es de la comptabilit\u00e9 ne devraient pas \u00eatre simplement reprises.<\/p>\n<h3><strong>Objets non agricoles<\/strong><\/h3>\n<p>Les objets non agricoles (tels que les antennes relais pour t\u00e9l\u00e9phones portables, les toitures lou\u00e9es pour la pose d\u2019installations solaires ou les b\u00e2timents destin\u00e9s \u00e0 des fins non agricoles) qui appartiennent \u00e0 une entreprise agricole ne sont pas compris dans la valeur de rendement agricole. Ils doivent \u00eatre estim\u00e9s en fonction du rendement financier net \u00e0 attendre dans le futur (valeur actuelle), qui est calcul\u00e9 diff\u00e9remment pour chaque objet.<\/p>\n<h3><strong>Terrain \u00e0 b\u00e2tir<\/strong><\/h3>\n<p>Des immeubles et des parties d\u2019immeubles avec des b\u00e2timents et des installations agricoles, y compris une aire environnante appropri\u00e9e, qui se situent dans la zone \u00e0 b\u00e2tir, mais appartiennent \u00e0 une entreprise agricole, peuvent \u00eatre repris \u00e0 la valeur de rendement. Seules les surfaces absolument n\u00e9cessaires, telles que les sorties en plein air pour des stabulations entrav\u00e9es, peuvent \u00eatre prises en compte, mais pas les p\u00e2turages. Les zones sp\u00e9ciales pour la production animale ou les installations de serre sont \u00e9galement soumises \u00e0 la LDFR et ne sont donc pas consid\u00e9r\u00e9es comme de v\u00e9ritables zones \u00e0 b\u00e2tir.<\/p>\n<h3><strong>Entreprises et activit\u00e9s accessoires <\/strong><\/h3>\n<p>Lors de l\u2019estimation d\u2019entreprises agricoles avec des entreprises ou des activit\u00e9s accessoires, il convient de d\u00e9terminer la nature pr\u00e9cise de ces activit\u00e9s, car leur \u00e9valuation est fondamentalement diff\u00e9rente : les entreprises accessoires (restaurants, minoteries, scieries, etc.) qui \u00e9taient d\u00e9j\u00e0 exerc\u00e9es dans une entreprise agricole avant le 1er septembre 2000 et qui ne peuvent pas en \u00eatre s\u00e9par\u00e9es doivent \u00eatre \u00e9valu\u00e9es \u00e0 la valeur v\u00e9nale. Les activit\u00e9s accessoires ne sont autoris\u00e9es que depuis septembre 2000 : il s\u2019agit d\u2019activit\u00e9s non agricoles qui, selon la loi sur l\u2019am\u00e9nagement du territoire, font partie int\u00e9grante de l\u2019entreprise agricole et ne peuvent en \u00eatre dissoci\u00e9es. Elles doivent \u00eatre \u00e9valu\u00e9es \u00e0 la valeur de rendement non agricole.<\/p>\n<p><strong>D\u2019autres d\u00e9tails sur l\u2019estimation sont expliqu\u00e9s dans le <a href=\"https:\/\/agripedia.ch\/betriebsuebergabe\/fr\/4-le-prix-dachat\/\">chapitre Le prix d\u2019achat<\/a>.<\/strong><\/p>\n<\/div><\/div><\/div><\/div><\/div><div class=\"fusion-fullwidth fullwidth-box fusion-builder-row-2 fusion-flex-container nonhundred-percent-fullwidth non-hundred-percent-height-scrolling\" style=\"--awb-border-radius-top-left:0px;--awb-border-radius-top-right:0px;--awb-border-radius-bottom-right:0px;--awb-border-radius-bottom-left:0px;--awb-flex-wrap:wrap;\" ><div class=\"fusion-builder-row fusion-row fusion-flex-align-items-flex-start fusion-flex-content-wrap\" style=\"max-width:1144px;margin-left: calc(-4% \/ 2 );margin-right: calc(-4% \/ 2 );\"><div class=\"fusion-layout-column fusion_builder_column fusion-builder-column-1 fusion_builder_column_1_3 1_3 fusion-flex-column\" style=\"--awb-bg-size:cover;--awb-width-large:33.333333333333%;--awb-margin-top-large:0px;--awb-spacing-right-large:5.76%;--awb-margin-bottom-large:20px;--awb-spacing-left-large:5.76%;--awb-width-medium:33.333333333333%;--awb-spacing-right-medium:5.76%;--awb-spacing-left-medium:5.76%;--awb-width-small:100%;--awb-spacing-right-small:1.92%;--awb-spacing-left-small:1.92%;\"><div class=\"fusion-column-wrapper fusion-flex-justify-content-flex-start fusion-content-layout-column\"><div style=\"text-align:left;\"><a class=\"fusion-button button-flat button-large button-custom fusion-button-default button-1 fusion-button-span-yes fusion-button-default-type\" style=\"--button_accent_color:#ffffff;--button_accent_hover_color:#ffffff;--button_border_hover_color:#ffffff;--button-border-radius-top-left:2px;--button-border-radius-top-right:2px;--button-border-radius-bottom-right:2px;--button-border-radius-bottom-left:2px;--button_gradient_top_color:#0278a1;--button_gradient_bottom_color:#0278a1;--button_gradient_top_color_hover:#0278a1;--button_gradient_bottom_color_hover:#0278a1;--button_text_transform:none;\" target=\"_self\" href=\"https:\/\/agripedia.ch\/betriebsuebergabe\/fr\/forme-de-la-remise\/\"><span class=\"fusion-button-icon-divider button-icon-divider-left\"><i class=\"fa-arrow-left fas awb-button__icon awb-button__icon--default\" aria-hidden=\"true\"><\/i><\/span><span class=\"fusion-button-text awb-button__text awb-button__text--default fusion-button-text-left\">FORME DE LA REMISE<\/span><\/a><\/div><\/div><\/div><div class=\"fusion-layout-column fusion_builder_column fusion-builder-column-2 fusion_builder_column_1_3 1_3 fusion-flex-column\" style=\"--awb-bg-size:cover;--awb-width-large:33.333333333333%;--awb-margin-top-large:0px;--awb-spacing-right-large:5.76%;--awb-margin-bottom-large:20px;--awb-spacing-left-large:5.76%;--awb-width-medium:33.333333333333%;--awb-spacing-right-medium:5.76%;--awb-spacing-left-medium:5.76%;--awb-width-small:100%;--awb-spacing-right-small:1.92%;--awb-spacing-left-small:1.92%;\"><div class=\"fusion-column-wrapper fusion-flex-justify-content-flex-start fusion-content-layout-column\"><div style=\"text-align:center;\"><a class=\"fusion-button button-flat button-large button-custom fusion-button-default button-2 fusion-button-span-yes fusion-button-default-type\" style=\"--button_accent_color:#ffffff;--button_accent_hover_color:#ffffff;--button_border_hover_color:#ffffff;--button-border-radius-top-left:2px;--button-border-radius-top-right:2px;--button-border-radius-bottom-right:2px;--button-border-radius-bottom-left:2px;--button_gradient_top_color:#e80707;--button_gradient_bottom_color:#e80707;--button_gradient_top_color_hover:#e80707;--button_gradient_bottom_color_hover:#e80707;--button_text_transform:none;\" target=\"_self\" href=\"https:\/\/agripedia.ch\/betriebsuebergabe\/fr\/accueil\/\"><span class=\"fusion-button-icon-divider button-icon-divider-left\"><i class=\"fa-list fas awb-button__icon awb-button__icon--default\" aria-hidden=\"true\"><\/i><\/span><span class=\"fusion-button-text awb-button__text awb-button__text--default fusion-button-text-left\">ACCUEIL<\/span><\/a><\/div><\/div><\/div><div class=\"fusion-layout-column fusion_builder_column fusion-builder-column-3 fusion_builder_column_1_3 1_3 fusion-flex-column\" style=\"--awb-bg-size:cover;--awb-width-large:33.333333333333%;--awb-margin-top-large:0px;--awb-spacing-right-large:5.76%;--awb-margin-bottom-large:20px;--awb-spacing-left-large:5.76%;--awb-width-medium:33.333333333333%;--awb-spacing-right-medium:5.76%;--awb-spacing-left-medium:5.76%;--awb-width-small:100%;--awb-spacing-right-small:1.92%;--awb-spacing-left-small:1.92%;\"><div class=\"fusion-column-wrapper fusion-flex-justify-content-flex-start fusion-content-layout-column\"><div style=\"text-align:right;\"><a class=\"fusion-button button-flat button-large button-custom fusion-button-default button-3 fusion-button-span-yes fusion-button-default-type\" style=\"--button_accent_color:#ffffff;--button_accent_hover_color:#ffffff;--button_border_hover_color:#ffffff;--button-border-radius-top-left:2px;--button-border-radius-top-right:2px;--button-border-radius-bottom-right:2px;--button-border-radius-bottom-left:2px;--button_gradient_top_color:#a0bd61;--button_gradient_bottom_color:#a0bd61;--button_gradient_top_color_hover:#a0bd61;--button_gradient_bottom_color_hover:#a0bd61;--button_text_transform:none;\" target=\"_self\" href=\"https:\/\/agripedia.ch\/betriebsuebergabe\/fr\/situation-du-repreneur-gratuit\/\"><span class=\"fusion-button-text awb-button__text awb-button__text--default fusion-button-text-right\">SITUATION DU REPRENEUR<\/span><span class=\"fusion-button-icon-divider button-icon-divider-right\"><i class=\"fa-arrow-right fas awb-button__icon awb-button__icon--default\" aria-hidden=\"true\"><\/i><\/span><\/a><\/div><\/div><\/div><\/div><\/div><\/p>\n","protected":false},"excerpt":{"rendered":"","protected":false},"author":31,"featured_media":0,"parent":0,"menu_order":0,"comment_status":"closed","ping_status":"closed","template":"","meta":{"_sb_is_suggestion_mode":false,"_sb_show_suggestion_boards":false,"_sb_show_comment_boards":false,"_sb_suggestion_history":"","_sb_update_block_changes":"","_monsterinsights_skip_tracking":false,"_monsterinsights_sitenote_active":false,"_monsterinsights_sitenote_note":"","_monsterinsights_sitenote_category":0,"footnotes":""},"class_list":["post-4620","page","type-page","status-publish","hentry"],"_links":{"self":[{"href":"https:\/\/agripedia.ch\/betriebsuebergabe\/fr\/wp-json\/wp\/v2\/pages\/4620","targetHints":{"allow":["GET"]}}],"collection":[{"href":"https:\/\/agripedia.ch\/betriebsuebergabe\/fr\/wp-json\/wp\/v2\/pages"}],"about":[{"href":"https:\/\/agripedia.ch\/betriebsuebergabe\/fr\/wp-json\/wp\/v2\/types\/page"}],"author":[{"embeddable":true,"href":"https:\/\/agripedia.ch\/betriebsuebergabe\/fr\/wp-json\/wp\/v2\/users\/31"}],"replies":[{"embeddable":true,"href":"https:\/\/agripedia.ch\/betriebsuebergabe\/fr\/wp-json\/wp\/v2\/comments?post=4620"}],"version-history":[{"count":10,"href":"https:\/\/agripedia.ch\/betriebsuebergabe\/fr\/wp-json\/wp\/v2\/pages\/4620\/revisions"}],"predecessor-version":[{"id":4855,"href":"https:\/\/agripedia.ch\/betriebsuebergabe\/fr\/wp-json\/wp\/v2\/pages\/4620\/revisions\/4855"}],"wp:attachment":[{"href":"https:\/\/agripedia.ch\/betriebsuebergabe\/fr\/wp-json\/wp\/v2\/media?parent=4620"}],"curies":[{"name":"wp","href":"https:\/\/api.w.org\/{rel}","templated":true}]}}