{"id":4611,"date":"2020-10-27T13:26:15","date_gmt":"2020-10-27T12:26:15","guid":{"rendered":"https:\/\/agripedia.ch\/betriebsuebergabe\/bases-legales\/"},"modified":"2020-11-05T14:11:39","modified_gmt":"2020-11-05T13:11:39","slug":"bases-legales","status":"publish","type":"page","link":"https:\/\/agripedia.ch\/betriebsuebergabe\/fr\/bases-legales\/","title":{"rendered":"Bases l\u00e9gales gratuit"},"content":{"rendered":"<p><div class=\"fusion-fullwidth fullwidth-box fusion-builder-row-1 fusion-flex-container nonhundred-percent-fullwidth non-hundred-percent-height-scrolling\" style=\"--awb-border-radius-top-left:0px;--awb-border-radius-top-right:0px;--awb-border-radius-bottom-right:0px;--awb-border-radius-bottom-left:0px;--awb-flex-wrap:wrap;\" ><div class=\"fusion-builder-row fusion-row fusion-flex-align-items-flex-start fusion-flex-content-wrap\" style=\"max-width:1144px;margin-left: calc(-4% \/ 2 );margin-right: calc(-4% \/ 2 );\"><div class=\"fusion-layout-column fusion_builder_column fusion-builder-column-0 fusion_builder_column_1_1 1_1 fusion-flex-column\" style=\"--awb-bg-size:cover;--awb-width-large:100%;--awb-margin-top-large:0px;--awb-spacing-right-large:1.92%;--awb-margin-bottom-large:20px;--awb-spacing-left-large:1.92%;--awb-width-medium:100%;--awb-spacing-right-medium:1.92%;--awb-spacing-left-medium:1.92%;--awb-width-small:100%;--awb-spacing-right-small:1.92%;--awb-spacing-left-small:1.92%;\"><div class=\"fusion-column-wrapper fusion-flex-justify-content-flex-start fusion-content-layout-column\"><div class=\"fusion-text fusion-text-1\"><h3><strong>Droit foncier rural<\/strong><\/h3>\n<p>La base juridique centrale pour la r\u00e9glementation de l\u2019achat et de la vente d\u2019exploitations et de terres agricoles est la loi f\u00e9d\u00e9rale sur le droit foncier rural (LDFR). Cette loi vise \u00e0 maintenir les entreprises familiales dans des conditions viables. \u00c0 cette fin, la LDFR contient une s\u00e9rie de dispositions concernant le droit successoral. M\u00eame si le transfert entre vifs ne constitue pas une succession, les dispositions correspondantes de la LDFR doivent \u00eatre prises en compte afin qu\u2019aucune difficult\u00e9 juridique ne survienne lors du partage ult\u00e9rieur de l\u2019h\u00e9ritage.<\/p>\n<p>Les principales dispositions de la LDFR concernant la remise de l\u2019exploitation dans la famille sont les suivantes<\/p>\n<ul>\n<li>Chaque h\u00e9ritier peut demander l\u2019attribution d\u2019une entreprise agricole avec l\u2019inventaire servant \u00e0 l\u2019exploitation s\u2019il entend l\u2019exploiter \u00e0 titre personnel et en para\u00eet capable. L\u2019entreprise lui sera alors imput\u00e9e \u00e0 sa valeur de rendement (plus une augmentation \u00e9ventuelle pour investissements importants durant les 10 derni\u00e8res ann\u00e9es), l\u2019inventaire \u00e0 sa valeur d\u2019usage.<\/li>\n<li>Si l\u2019h\u00e9ritage comprend un immeuble agricole qui n\u2019appartient pas \u00e0 une entreprise agricole, l\u2019h\u00e9ritier qui l\u2019exploite lui-m\u00eame a droit \u00e0 son imputation au double de la valeur de rendement, \u00e0 condition qu\u2019il soit d\u00e9j\u00e0 propri\u00e9taire d\u2019une entreprise agricole ou qu\u2019il dispose \u00e9conomiquement d\u2019une telle entreprise et que l\u2019immeuble est situ\u00e9 dans le rayon d\u2019exploitation de cette entreprise, usuel dans la localit\u00e9.<\/li>\n<\/ul>\n<h3><strong>Droit successoral <\/strong><\/h3>\n<p>Le droit successoral g\u00e9n\u00e9ral est r\u00e9gl\u00e9 par le Code civil suisse (CC) et d\u00e9termine, entre autres, qui est l\u2019h\u00e9ritier et qui a droit \u00e0 un h\u00e9ritage, \u00e0 quelle part et \u00e0 quelle valeur d\u2019imputation ce droit peut \u00eatre mis en oeuvre, mais aussi sous quelle forme et dans quelle mesure un testateur peut disposer de ses biens.<\/p>\n<p>L\u2019ordre successoral l\u00e9gal d\u00e9termine qui h\u00e9rite combien, \u00e0 moins que le testateur n\u2019ait r\u00e9gl\u00e9 le partage de sa masse successorale par un testament ou un pacte successoral. Par exemple, son conjoint survivant re\u00e7oit la moiti\u00e9 de l\u2019h\u00e9ritage et ses descendants l\u2019autre moiti\u00e9 en parts \u00e9gales.<\/p>\n<p>Cependant, le testateur peut effectuer un autre partage avec son testament. Toutefois, la loi pr\u00e9voit des parts minimales, dont le testateur ne peut pas disposer librement. Par exemple, les dites r\u00e9serves h\u00e9r\u00e9ditaires pour le conjoint ou le partenaire enregistr\u00e9 survivant s\u2019\u00e9l\u00e8vent \u00e0 la moiti\u00e9 de l\u2019h\u00e9ritage l\u00e9gal, c\u2019est-\u00e0-dire \u00e0 un quart de la succession.<\/p>\n<p>En fonction de la constellation des h\u00e9ritiers, un testateur peut donc d\u00e9cider librement du transfert d\u2019une partie plus ou moins importante de son patrimoine. Cette quotit\u00e9 dite disponible peut \u00eatre attribu\u00e9e \u00e0 un ou plusieurs b\u00e9n\u00e9ficiaires par testament ou pacte successoral.<\/p>\n<h3><strong>D\u00e9finitions <\/strong><\/h3>\n<p>L\u2019interpr\u00e9tation de d\u00e9finitions centrales de la LDFR d\u00e9termine la forme et la valeur sous laquelle les biens agricoles peuvent \u00eatre transf\u00e9r\u00e9s entre vifs ou en cas de succession.<\/p>\n<p>Une d\u00e9finition cl\u00e9 du droit foncier rural est, par exemple, \u00ab\u00a0l\u2019entreprise agricole\u00a0\u00bb, pour laquelle les h\u00e9ritiers qui exploitent eux-m\u00eames ont droit \u00e0 une attribution \u00e0 la valeur de rendement. Un tel droit existe l\u00e9galement si les crit\u00e8res suivants sont remplis :<\/p>\n<ol>\n<li>Il existe un ensemble de terrains agricoles, de b\u00e2timents et d\u2019installations agricoles qui forment une unit\u00e9 \u00e9conomique et servent de base \u00e0 la production agricole.<\/li>\n<li>Il faut au moins une unit\u00e9 de main-d\u2019\u0153uvre standard (UMOS) pour exploiter cette entit\u00e9 de mani\u00e8re conforme aux usages du pays. Les cantons peuvent r\u00e9duire cette exigence \u00e0 un minimum de 0,6 UMOS.<\/li>\n<\/ol>\n<p><strong>D\u2019autres termes ainsi que les bases importantes du droit foncier rural et du droit successoral sont expliqu\u00e9s en d\u00e9tail dans le <a href=\"https:\/\/agripedia.ch\/betriebsuebergabe\/fr\/2-bases-legales\/\">chapitre Bases l\u00e9gales<\/a>.<\/strong><\/p>\n<\/div><\/div><\/div><\/div><\/div><div class=\"fusion-fullwidth fullwidth-box fusion-builder-row-2 fusion-flex-container nonhundred-percent-fullwidth non-hundred-percent-height-scrolling\" style=\"--awb-border-radius-top-left:0px;--awb-border-radius-top-right:0px;--awb-border-radius-bottom-right:0px;--awb-border-radius-bottom-left:0px;--awb-flex-wrap:wrap;\" ><div class=\"fusion-builder-row fusion-row fusion-flex-align-items-flex-start fusion-flex-content-wrap\" style=\"max-width:1144px;margin-left: calc(-4% \/ 2 );margin-right: calc(-4% \/ 2 );\"><div class=\"fusion-layout-column fusion_builder_column fusion-builder-column-1 fusion_builder_column_1_3 1_3 fusion-flex-column\" style=\"--awb-bg-size:cover;--awb-width-large:33.333333333333%;--awb-margin-top-large:0px;--awb-spacing-right-large:5.76%;--awb-margin-bottom-large:20px;--awb-spacing-left-large:5.76%;--awb-width-medium:33.333333333333%;--awb-spacing-right-medium:5.76%;--awb-spacing-left-medium:5.76%;--awb-width-small:100%;--awb-spacing-right-small:1.92%;--awb-spacing-left-small:1.92%;\"><div class=\"fusion-column-wrapper fusion-flex-justify-content-flex-start fusion-content-layout-column\"><div style=\"text-align:left;\"><a class=\"fusion-button button-flat button-large button-custom fusion-button-default button-1 fusion-button-span-yes fusion-button-default-type\" style=\"--button_accent_color:#ffffff;--button_accent_hover_color:#ffffff;--button_border_hover_color:#ffffff;--button-border-radius-top-left:2px;--button-border-radius-top-right:2px;--button-border-radius-bottom-right:2px;--button-border-radius-bottom-left:2px;--button_gradient_top_color:#2fa556;--button_gradient_bottom_color:#2fa556;--button_gradient_top_color_hover:#2fa556;--button_gradient_bottom_color_hover:#2fa556;--button_text_transform:none;\" target=\"_self\" href=\"https:\/\/agripedia.ch\/betriebsuebergabe\/fr\/preparation-gratuit\/\"><span class=\"fusion-button-icon-divider button-icon-divider-left\"><i class=\"fa-arrow-left fas awb-button__icon awb-button__icon--default\" aria-hidden=\"true\"><\/i><\/span><span class=\"fusion-button-text awb-button__text awb-button__text--default fusion-button-text-left\">PR\u00c9PARATION<\/span><\/a><\/div><\/div><\/div><div class=\"fusion-layout-column fusion_builder_column fusion-builder-column-2 fusion_builder_column_1_3 1_3 fusion-flex-column\" style=\"--awb-bg-size:cover;--awb-width-large:33.333333333333%;--awb-margin-top-large:0px;--awb-spacing-right-large:5.76%;--awb-margin-bottom-large:20px;--awb-spacing-left-large:5.76%;--awb-width-medium:33.333333333333%;--awb-spacing-right-medium:5.76%;--awb-spacing-left-medium:5.76%;--awb-width-small:100%;--awb-spacing-right-small:1.92%;--awb-spacing-left-small:1.92%;\"><div class=\"fusion-column-wrapper fusion-flex-justify-content-flex-start fusion-content-layout-column\"><div style=\"text-align:center;\"><a class=\"fusion-button button-flat button-large button-custom fusion-button-default button-2 fusion-button-span-yes fusion-button-default-type\" style=\"--button_accent_color:#ffffff;--button_accent_hover_color:#ffffff;--button_border_hover_color:#ffffff;--button-border-radius-top-left:2px;--button-border-radius-top-right:2px;--button-border-radius-bottom-right:2px;--button-border-radius-bottom-left:2px;--button_gradient_top_color:#e80707;--button_gradient_bottom_color:#e80707;--button_gradient_top_color_hover:#e80707;--button_gradient_bottom_color_hover:#e80707;--button_text_transform:none;\" target=\"_self\" href=\"https:\/\/agripedia.ch\/betriebsuebergabe\/fr\/accueil\/\"><span class=\"fusion-button-icon-divider button-icon-divider-left\"><i class=\"fa-list fas awb-button__icon awb-button__icon--default\" aria-hidden=\"true\"><\/i><\/span><span class=\"fusion-button-text awb-button__text awb-button__text--default fusion-button-text-left\">ACCUEIL<\/span><\/a><\/div><\/div><\/div><div class=\"fusion-layout-column fusion_builder_column fusion-builder-column-3 fusion_builder_column_1_3 1_3 fusion-flex-column\" style=\"--awb-bg-size:cover;--awb-width-large:33.333333333333%;--awb-margin-top-large:0px;--awb-spacing-right-large:5.76%;--awb-margin-bottom-large:20px;--awb-spacing-left-large:5.76%;--awb-width-medium:33.333333333333%;--awb-spacing-right-medium:5.76%;--awb-spacing-left-medium:5.76%;--awb-width-small:100%;--awb-spacing-right-small:1.92%;--awb-spacing-left-small:1.92%;\"><div class=\"fusion-column-wrapper fusion-flex-justify-content-flex-start fusion-content-layout-column\"><div style=\"text-align:right;\"><a class=\"fusion-button button-flat button-large button-custom fusion-button-default button-3 fusion-button-span-yes fusion-button-default-type\" style=\"--button_accent_color:#ffffff;--button_accent_hover_color:#ffffff;--button_border_hover_color:#ffffff;--button-border-radius-top-left:2px;--button-border-radius-top-right:2px;--button-border-radius-bottom-right:2px;--button-border-radius-bottom-left:2px;--button_gradient_top_color:#0278a1;--button_gradient_bottom_color:#0278a1;--button_gradient_top_color_hover:#0278a1;--button_gradient_bottom_color_hover:#0278a1;--button_text_transform:none;\" target=\"_self\" href=\"https:\/\/agripedia.ch\/betriebsuebergabe\/fr\/forme-de-la-remise\/\"><span class=\"fusion-button-text awb-button__text awb-button__text--default fusion-button-text-right\">FORME DE LA REMISE<\/span><span class=\"fusion-button-icon-divider button-icon-divider-right\"><i class=\"fa-arrow-right fas awb-button__icon awb-button__icon--default\" aria-hidden=\"true\"><\/i><\/span><\/a><\/div><\/div><\/div><\/div><\/div><\/p>\n","protected":false},"excerpt":{"rendered":"","protected":false},"author":31,"featured_media":0,"parent":0,"menu_order":0,"comment_status":"closed","ping_status":"closed","template":"","meta":{"_sb_is_suggestion_mode":false,"_sb_show_suggestion_boards":false,"_sb_show_comment_boards":false,"_sb_suggestion_history":"","_sb_update_block_changes":"","_monsterinsights_skip_tracking":false,"_monsterinsights_sitenote_active":false,"_monsterinsights_sitenote_note":"","_monsterinsights_sitenote_category":0,"footnotes":""},"class_list":["post-4611","page","type-page","status-publish","hentry"],"_links":{"self":[{"href":"https:\/\/agripedia.ch\/betriebsuebergabe\/fr\/wp-json\/wp\/v2\/pages\/4611","targetHints":{"allow":["GET"]}}],"collection":[{"href":"https:\/\/agripedia.ch\/betriebsuebergabe\/fr\/wp-json\/wp\/v2\/pages"}],"about":[{"href":"https:\/\/agripedia.ch\/betriebsuebergabe\/fr\/wp-json\/wp\/v2\/types\/page"}],"author":[{"embeddable":true,"href":"https:\/\/agripedia.ch\/betriebsuebergabe\/fr\/wp-json\/wp\/v2\/users\/31"}],"replies":[{"embeddable":true,"href":"https:\/\/agripedia.ch\/betriebsuebergabe\/fr\/wp-json\/wp\/v2\/comments?post=4611"}],"version-history":[{"count":12,"href":"https:\/\/agripedia.ch\/betriebsuebergabe\/fr\/wp-json\/wp\/v2\/pages\/4611\/revisions"}],"predecessor-version":[{"id":4852,"href":"https:\/\/agripedia.ch\/betriebsuebergabe\/fr\/wp-json\/wp\/v2\/pages\/4611\/revisions\/4852"}],"wp:attachment":[{"href":"https:\/\/agripedia.ch\/betriebsuebergabe\/fr\/wp-json\/wp\/v2\/media?parent=4611"}],"curies":[{"name":"wp","href":"https:\/\/api.w.org\/{rel}","templated":true}]}}