{"id":4609,"date":"2020-10-27T13:21:02","date_gmt":"2020-10-27T12:21:02","guid":{"rendered":"https:\/\/agripedia.ch\/betriebsuebergabe\/preparation-gratuit\/"},"modified":"2020-11-05T14:12:10","modified_gmt":"2020-11-05T13:12:10","slug":"preparation-gratuit","status":"publish","type":"page","link":"https:\/\/agripedia.ch\/betriebsuebergabe\/fr\/preparation-gratuit\/","title":{"rendered":"Pr\u00e9paration gratuit"},"content":{"rendered":"<p><div class=\"fusion-fullwidth fullwidth-box fusion-builder-row-1 fusion-flex-container nonhundred-percent-fullwidth non-hundred-percent-height-scrolling\" style=\"--awb-border-radius-top-left:0px;--awb-border-radius-top-right:0px;--awb-border-radius-bottom-right:0px;--awb-border-radius-bottom-left:0px;--awb-flex-wrap:wrap;\" ><div class=\"fusion-builder-row fusion-row fusion-flex-align-items-flex-start fusion-flex-content-wrap\" style=\"max-width:1144px;margin-left: calc(-4% \/ 2 );margin-right: calc(-4% \/ 2 );\"><div class=\"fusion-layout-column fusion_builder_column fusion-builder-column-0 fusion_builder_column_1_1 1_1 fusion-flex-column\" style=\"--awb-bg-size:cover;--awb-width-large:100%;--awb-margin-top-large:0px;--awb-spacing-right-large:1.92%;--awb-margin-bottom-large:20px;--awb-spacing-left-large:1.92%;--awb-width-medium:100%;--awb-spacing-right-medium:1.92%;--awb-spacing-left-medium:1.92%;--awb-width-small:100%;--awb-spacing-right-small:1.92%;--awb-spacing-left-small:1.92%;\"><div class=\"fusion-column-wrapper fusion-flex-justify-content-flex-start fusion-content-layout-column\"><div class=\"fusion-text fusion-text-1\"><h3><strong>En parler \u00e0 tout prix <\/strong><\/h3>\n<p>La remise de l\u2019exploitation est un \u00e9v\u00e9nement cl\u00e9 dans la succession g\u00e9n\u00e9rationnelle des entreprises familiales paysannes. C\u2019est pourquoi elle peut \u00eatre, et devrait \u00eatre, un sujet de discussion dans la famille \u00e0 tout moment : plans des g\u00e9n\u00e9rations concern\u00e9es pour leur futur, solutions de logement possibles, date d\u00e9finitive du changement de chef d\u2019exploitation, toutes questions importantes et en apparence moins importantes peuvent \u00eatre discut\u00e9es. Une solution \u00e9quilibr\u00e9e ne peut \u00eatre trouv\u00e9e que si les conflits d\u2019int\u00e9r\u00eats financiers et \u00e9motionnels sont \u00e9voqu\u00e9s et d\u00e9battus en profondeur et r\u00e9gl\u00e9s \u00e0 l\u2019amiable.<\/p>\n<h3><strong>Prendre conseil<\/strong><\/h3>\n<p>D\u00e8s que le besoin de clarification s\u2019accentue \u00e0 l\u2019issue des discussions au sein de la famille, il est utile de requ\u00e9rir un conseil d\u2019expert neutre. Vraiment tous les membres de la famille concern\u00e9s devraient pouvoir participer \u00e0 ces s\u00e9ances de conseil et satisfaire leur besoins d\u2019information. Un conseiller comp\u00e9tent peut indiquer le cadre des possibilit\u00e9s et donner des impulsions importantes pour la r\u00e9solution d\u2019\u00e9ventuels conflits.<\/p>\n<h3><strong>Planifier la succession en temps utile <\/strong><\/h3>\n<p>Il faut viser \u00e0 transmettre l\u2019entreprise du vivant, car c\u2019est la seule fa\u00e7on de pouvoir la planifier et pr\u00e9parer. Attendre l\u2019h\u00e9ritage ne signifie pas seulement attendre la mort, mais laisser la date de remise au hasard. Ce n\u2019est qu\u2019entre vifs que les g\u00e9n\u00e9rations de la famille entrepreneuriale peuvent poursuivre une strat\u00e9gie commune et n\u00e9gocier un contrat \u00e0 l\u2019amiable. La date concr\u00e8te de remise est alors d\u00e9termin\u00e9e en tenant compte des conditions-cadres de l\u2019entreprise et des souhaits et possibilit\u00e9s individuels. Ainsi on laisse \u00e9galement suffisamment de temps pour obtenir les documents et dossiers n\u00e9cessaires au changement de propri\u00e9taire.<\/p>\n<h3><strong>Remise d\u2019exploitation hors du cadre familial<\/strong><\/h3>\n<p>Dans certaines circonstances, la succession au sein de la famille n\u2019est pas possible ou judicieuse \u2013 cette situation n\u2019est pas toujours facile \u00e0 r\u00e9soudre. Cette brochure ne traite pas des questions sp\u00e9cifiques concernant la remise de l\u2019exploitation agricole hors du cadre familial. Dans tous les cas, il est conseill\u00e9 de consulter un expert comp\u00e9tent ou de faire appel aux services d\u2019institutions de conseil sp\u00e9cialis\u00e9es pour cette situation.<\/p>\n<p><strong>Une description d\u00e9taill\u00e9e et des check-listes utiles se trouvent dans le <a href=\"https:\/\/agripedia.ch\/betriebsuebergabe\/fr\/1-preparation\/\">chapitre Pr\u00e9paration<\/a>.<\/strong><\/p>\n<\/div><\/div><\/div><\/div><\/div><div class=\"fusion-fullwidth fullwidth-box fusion-builder-row-2 fusion-flex-container nonhundred-percent-fullwidth non-hundred-percent-height-scrolling\" style=\"--awb-border-radius-top-left:0px;--awb-border-radius-top-right:0px;--awb-border-radius-bottom-right:0px;--awb-border-radius-bottom-left:0px;--awb-flex-wrap:wrap;\" ><div class=\"fusion-builder-row fusion-row fusion-flex-align-items-flex-start fusion-flex-content-wrap\" style=\"max-width:1144px;margin-left: calc(-4% \/ 2 );margin-right: calc(-4% \/ 2 );\"><div class=\"fusion-layout-column fusion_builder_column fusion-builder-column-1 fusion_builder_column_1_3 1_3 fusion-flex-column\" style=\"--awb-bg-size:cover;--awb-width-large:33.333333333333%;--awb-margin-top-large:0px;--awb-spacing-right-large:5.76%;--awb-margin-bottom-large:20px;--awb-spacing-left-large:5.76%;--awb-width-medium:33.333333333333%;--awb-spacing-right-medium:5.76%;--awb-spacing-left-medium:5.76%;--awb-width-small:100%;--awb-spacing-right-small:1.92%;--awb-spacing-left-small:1.92%;\"><div class=\"fusion-column-wrapper fusion-flex-justify-content-flex-start fusion-content-layout-column\"><div style=\"text-align:left;\"><a class=\"fusion-button button-flat button-large button-custom fusion-button-default button-1 fusion-button-span-yes fusion-button-default-type\" style=\"--button_accent_color:#ffffff;--button_accent_hover_color:#ffffff;--button_border_hover_color:#ffffff;--button-border-radius-top-left:2px;--button-border-radius-top-right:2px;--button-border-radius-bottom-right:2px;--button-border-radius-bottom-left:2px;--button_gradient_top_color:#e80707;--button_gradient_bottom_color:#e80707;--button_gradient_top_color_hover:#e80707;--button_gradient_bottom_color_hover:#e80707;--button_text_transform:none;\" target=\"_self\" href=\"https:\/\/agripedia.ch\/betriebsuebergabe\/accueil\/\"><span class=\"fusion-button-icon-divider button-icon-divider-left\"><i class=\"fa-arrow-left fas awb-button__icon awb-button__icon--default\" aria-hidden=\"true\"><\/i><\/span><span class=\"fusion-button-text awb-button__text awb-button__text--default fusion-button-text-left\">ACCUEIL<\/span><\/a><\/div><\/div><\/div><div class=\"fusion-layout-column fusion_builder_column fusion-builder-column-2 fusion_builder_column_1_3 1_3 fusion-flex-column\" style=\"--awb-bg-size:cover;--awb-width-large:33.333333333333%;--awb-margin-top-large:0px;--awb-spacing-right-large:5.76%;--awb-margin-bottom-large:20px;--awb-spacing-left-large:5.76%;--awb-width-medium:33.333333333333%;--awb-spacing-right-medium:5.76%;--awb-spacing-left-medium:5.76%;--awb-width-small:100%;--awb-spacing-right-small:1.92%;--awb-spacing-left-small:1.92%;\"><div class=\"fusion-column-wrapper fusion-flex-justify-content-flex-start fusion-content-layout-column\"><div style=\"text-align:center;\"><a class=\"fusion-button button-flat button-large button-custom fusion-button-default button-2 fusion-button-span-yes fusion-button-default-type\" style=\"--button_accent_color:#ffffff;--button_accent_hover_color:#ffffff;--button_border_hover_color:#ffffff;--button-border-radius-top-left:2px;--button-border-radius-top-right:2px;--button-border-radius-bottom-right:2px;--button-border-radius-bottom-left:2px;--button_gradient_top_color:#e80707;--button_gradient_bottom_color:#e80707;--button_gradient_top_color_hover:#e80707;--button_gradient_bottom_color_hover:#e80707;--button_text_transform:none;\" target=\"_self\" href=\"https:\/\/agripedia.ch\/betriebsuebergabe\/fr\/accueil\/\"><span class=\"fusion-button-icon-divider button-icon-divider-left\"><i class=\"fa-list fas awb-button__icon awb-button__icon--default\" aria-hidden=\"true\"><\/i><\/span><span class=\"fusion-button-text awb-button__text awb-button__text--default fusion-button-text-left\">ACCUEIL<\/span><\/a><\/div><\/div><\/div><div class=\"fusion-layout-column fusion_builder_column fusion-builder-column-3 fusion_builder_column_1_3 1_3 fusion-flex-column\" style=\"--awb-bg-size:cover;--awb-width-large:33.333333333333%;--awb-margin-top-large:0px;--awb-spacing-right-large:5.76%;--awb-margin-bottom-large:20px;--awb-spacing-left-large:5.76%;--awb-width-medium:33.333333333333%;--awb-spacing-right-medium:5.76%;--awb-spacing-left-medium:5.76%;--awb-width-small:100%;--awb-spacing-right-small:1.92%;--awb-spacing-left-small:1.92%;\"><div class=\"fusion-column-wrapper fusion-flex-justify-content-flex-start fusion-content-layout-column\"><div style=\"text-align:left;\"><a class=\"fusion-button button-flat button-large button-custom fusion-button-default button-3 fusion-button-span-yes fusion-button-default-type\" style=\"--button_accent_color:#ffffff;--button_accent_hover_color:#ffffff;--button_border_hover_color:#ffffff;--button-border-radius-top-left:2px;--button-border-radius-top-right:2px;--button-border-radius-bottom-right:2px;--button-border-radius-bottom-left:2px;--button_gradient_top_color:#aa2966;--button_gradient_bottom_color:#aa2966;--button_gradient_top_color_hover:#aa2966;--button_gradient_bottom_color_hover:#aa2966;--button_text_transform:none;\" target=\"_self\" href=\"https:\/\/agripedia.ch\/betriebsuebergabe\/fr\/bases-legales\/\"><span class=\"fusion-button-text awb-button__text awb-button__text--default fusion-button-text-right\">BASES L\u00c9GALES<\/span><span class=\"fusion-button-icon-divider button-icon-divider-right\"><i class=\"fa-arrow-right fas awb-button__icon awb-button__icon--default\" aria-hidden=\"true\"><\/i><\/span><\/a><\/div><\/div><\/div><\/div><\/div><\/p>\n","protected":false},"excerpt":{"rendered":"","protected":false},"author":31,"featured_media":0,"parent":0,"menu_order":0,"comment_status":"closed","ping_status":"closed","template":"","meta":{"_sb_is_suggestion_mode":false,"_sb_show_suggestion_boards":false,"_sb_show_comment_boards":false,"_sb_suggestion_history":"","_sb_update_block_changes":"","_monsterinsights_skip_tracking":false,"_monsterinsights_sitenote_active":false,"_monsterinsights_sitenote_note":"","_monsterinsights_sitenote_category":0,"footnotes":""},"class_list":["post-4609","page","type-page","status-publish","hentry"],"_links":{"self":[{"href":"https:\/\/agripedia.ch\/betriebsuebergabe\/fr\/wp-json\/wp\/v2\/pages\/4609","targetHints":{"allow":["GET"]}}],"collection":[{"href":"https:\/\/agripedia.ch\/betriebsuebergabe\/fr\/wp-json\/wp\/v2\/pages"}],"about":[{"href":"https:\/\/agripedia.ch\/betriebsuebergabe\/fr\/wp-json\/wp\/v2\/types\/page"}],"author":[{"embeddable":true,"href":"https:\/\/agripedia.ch\/betriebsuebergabe\/fr\/wp-json\/wp\/v2\/users\/31"}],"replies":[{"embeddable":true,"href":"https:\/\/agripedia.ch\/betriebsuebergabe\/fr\/wp-json\/wp\/v2\/comments?post=4609"}],"version-history":[{"count":8,"href":"https:\/\/agripedia.ch\/betriebsuebergabe\/fr\/wp-json\/wp\/v2\/pages\/4609\/revisions"}],"predecessor-version":[{"id":4850,"href":"https:\/\/agripedia.ch\/betriebsuebergabe\/fr\/wp-json\/wp\/v2\/pages\/4609\/revisions\/4850"}],"wp:attachment":[{"href":"https:\/\/agripedia.ch\/betriebsuebergabe\/fr\/wp-json\/wp\/v2\/media?parent=4609"}],"curies":[{"name":"wp","href":"https:\/\/api.w.org\/{rel}","templated":true}]}}