{"id":4604,"date":"2020-10-27T10:11:33","date_gmt":"2020-10-27T09:11:33","guid":{"rendered":"https:\/\/agripedia.ch\/betriebsuebergabe\/forme-de-la-remise\/"},"modified":"2020-11-05T14:11:02","modified_gmt":"2020-11-05T13:11:02","slug":"forme-de-la-remise","status":"publish","type":"page","link":"https:\/\/agripedia.ch\/betriebsuebergabe\/fr\/forme-de-la-remise\/","title":{"rendered":"Forme de la remise gratuit"},"content":{"rendered":"<p><div class=\"fusion-fullwidth fullwidth-box fusion-builder-row-1 fusion-flex-container nonhundred-percent-fullwidth non-hundred-percent-height-scrolling\" style=\"--awb-border-radius-top-left:0px;--awb-border-radius-top-right:0px;--awb-border-radius-bottom-right:0px;--awb-border-radius-bottom-left:0px;--awb-flex-wrap:wrap;\" ><div class=\"fusion-builder-row fusion-row fusion-flex-align-items-flex-start fusion-flex-content-wrap\" style=\"max-width:1144px;margin-left: calc(-4% \/ 2 );margin-right: calc(-4% \/ 2 );\"><div class=\"fusion-layout-column fusion_builder_column fusion-builder-column-0 fusion_builder_column_1_1 1_1 fusion-flex-column\" style=\"--awb-bg-size:cover;--awb-width-large:100%;--awb-margin-top-large:0px;--awb-spacing-right-large:1.92%;--awb-margin-bottom-large:20px;--awb-spacing-left-large:1.92%;--awb-width-medium:100%;--awb-spacing-right-medium:1.92%;--awb-spacing-left-medium:1.92%;--awb-width-small:100%;--awb-spacing-right-small:1.92%;--awb-spacing-left-small:1.92%;\"><div class=\"fusion-column-wrapper fusion-flex-justify-content-flex-start fusion-content-layout-column\"><div class=\"fusion-text fusion-text-1\"><p>La forme sous laquelle l\u2019exploitation est transmise d\u2019une g\u00e9n\u00e9ration \u00e0 l\u2019autre d\u00e9pend de divers facteurs. Jusqu\u2019\u00e0 l\u2019achat direct de la propri\u00e9t\u00e9 ou \u00e0 la reprise directe de la masse successorale et \u00e0 la prise en charge de la pleine responsabilit\u00e9 entrepreneuriale, il existe aussi des \u00e9tapes interm\u00e9diaires.<\/p>\n<h3><strong>Attribution d\u2019une entreprise agricole en cas de d\u00e9c\u00e8s <\/strong><\/h3>\n<p>S\u2019il y a une entreprise agricole dans un h\u00e9ritage, un h\u00e9ritier qui exploite \u00e0 titre personnel a le droit de reprendre cette entreprise, imput\u00e9e \u00e0 la valeur de rendement, s\u2019il dispose des aptitudes n\u00e9cessaires. Cette pr\u00e9tention peut aussi aboutir par voie de droit contre la volont\u00e9 des coh\u00e9ritiers si les conditions requises sont remplies. On parle dans ce cas d\u2019une attribution. Si le d\u00e9funt ne laisse que des h\u00e9ritiers mineurs, le partage successoral est report\u00e9 jusqu\u2019\u00e0 ce qu\u2019on puisse d\u00e9cider si un descendant qui exploite lui-m\u00eame reprendra l\u2019exploitation agricole.<\/p>\n<h3><strong>Transfert d\u2019une entreprise agricole entre vifs <\/strong><\/h3>\n<p>La remise de l\u2019entreprise entre vifs peut \u00eatre consid\u00e9r\u00e9e au sens large comme un partage successoral anticip\u00e9. Cela signifie que, dans le cas d\u2019un transfert entre vifs, les dispositions de droit successoral de la LDFR doivent \u00eatre observ\u00e9es. Si ces articles de droit successoral n\u2019existaient pas, les objets agricoles devraient \u00eatre imput\u00e9s \u00e0 la valeur v\u00e9nale ou du march\u00e9 lors d\u2019un partage successoral ult\u00e9rieur.<\/p>\n<h3><strong>Etapes pr\u00e9liminaires \u00e0 la remise d\u2019une exploitation <\/strong><\/h3>\n<p>M\u00eame si la vente des immeubles agricoles est souvent l\u2019objectif principal, il y a des situations dans lesquelles le transfert de l\u2019entreprise se fait \u00e9tape par \u00e9tape pour de bonnes raisons. Ces \u00e9tapes peuvent \u00eatre : employ\u00e9 chez les parents, gestion ind\u00e9pendante d\u2019une branche d\u2019exploitation, communaut\u00e9 entre g\u00e9n\u00e9rations ou affermage de l\u2019entreprise familiale. Ces formes transitoires vers la reprise int\u00e9grale de l\u2019entreprise permettent au successeur d\u2019assumer progressivement son r\u00f4le, d\u2019\u00e9pargner le capital n\u00e9cessaire \u00e0 l\u2019achat de la propri\u00e9t\u00e9 agricole ou, le cas \u00e9ch\u00e9ant, d\u2019acqu\u00e9rir \u00e0 l\u2019avance des parties de l\u2019entreprise (notamment l\u2019inventaire).<\/p>\n<p><strong>D\u2019autres d\u00e9tails sur les aspects juridiques, financiers, fiscaux et d\u2019assurance des diff\u00e9rentes formes de transfert sont d\u00e9crits dans le <a href=\"https:\/\/agripedia.ch\/betriebsuebergabe\/fr\/3-forme-de-la-remise\/\">chapitre Forme de la remise<\/a>.<\/strong><\/p>\n<\/div><\/div><\/div><\/div><\/div><div class=\"fusion-fullwidth fullwidth-box fusion-builder-row-2 fusion-flex-container nonhundred-percent-fullwidth non-hundred-percent-height-scrolling\" style=\"--awb-border-radius-top-left:0px;--awb-border-radius-top-right:0px;--awb-border-radius-bottom-right:0px;--awb-border-radius-bottom-left:0px;--awb-flex-wrap:wrap;\" ><div class=\"fusion-builder-row fusion-row fusion-flex-align-items-flex-start fusion-flex-content-wrap\" style=\"max-width:1144px;margin-left: calc(-4% \/ 2 );margin-right: calc(-4% \/ 2 );\"><div class=\"fusion-layout-column fusion_builder_column fusion-builder-column-1 fusion_builder_column_1_3 1_3 fusion-flex-column\" style=\"--awb-bg-size:cover;--awb-width-large:33.333333333333%;--awb-margin-top-large:0px;--awb-spacing-right-large:5.76%;--awb-margin-bottom-large:20px;--awb-spacing-left-large:5.76%;--awb-width-medium:33.333333333333%;--awb-spacing-right-medium:5.76%;--awb-spacing-left-medium:5.76%;--awb-width-small:100%;--awb-spacing-right-small:1.92%;--awb-spacing-left-small:1.92%;\"><div class=\"fusion-column-wrapper fusion-flex-justify-content-flex-start fusion-content-layout-column\"><div style=\"text-align:left;\"><a class=\"fusion-button button-flat button-large button-custom fusion-button-default button-1 fusion-button-span-yes fusion-button-default-type\" style=\"--button_accent_color:#ffffff;--button_accent_hover_color:#ffffff;--button_border_hover_color:#ffffff;--button-border-radius-top-left:2px;--button-border-radius-top-right:2px;--button-border-radius-bottom-right:2px;--button-border-radius-bottom-left:2px;--button_gradient_top_color:#aa2966;--button_gradient_bottom_color:#aa2966;--button_gradient_top_color_hover:#aa2966;--button_gradient_bottom_color_hover:#aa2966;--button_text_transform:none;\" target=\"_self\" href=\"https:\/\/agripedia.ch\/betriebsuebergabe\/fr\/bases-legales\/\"><span class=\"fusion-button-icon-divider button-icon-divider-left\"><i class=\"fa-arrow-left fas awb-button__icon awb-button__icon--default\" aria-hidden=\"true\"><\/i><\/span><span class=\"fusion-button-text awb-button__text awb-button__text--default fusion-button-text-left\">BASES L\u00c9GALES<\/span><\/a><\/div><\/div><\/div><div class=\"fusion-layout-column fusion_builder_column fusion-builder-column-2 fusion_builder_column_1_3 1_3 fusion-flex-column\" style=\"--awb-bg-size:cover;--awb-width-large:33.333333333333%;--awb-margin-top-large:0px;--awb-spacing-right-large:5.76%;--awb-margin-bottom-large:20px;--awb-spacing-left-large:5.76%;--awb-width-medium:33.333333333333%;--awb-spacing-right-medium:5.76%;--awb-spacing-left-medium:5.76%;--awb-width-small:100%;--awb-spacing-right-small:1.92%;--awb-spacing-left-small:1.92%;\"><div class=\"fusion-column-wrapper fusion-flex-justify-content-flex-start fusion-content-layout-column\"><div style=\"text-align:center;\"><a class=\"fusion-button button-flat button-large button-custom fusion-button-default button-2 fusion-button-span-yes fusion-button-default-type\" style=\"--button_accent_color:#ffffff;--button_accent_hover_color:#ffffff;--button_border_hover_color:#ffffff;--button-border-radius-top-left:2px;--button-border-radius-top-right:2px;--button-border-radius-bottom-right:2px;--button-border-radius-bottom-left:2px;--button_gradient_top_color:#e80707;--button_gradient_bottom_color:#e80707;--button_gradient_top_color_hover:#e80707;--button_gradient_bottom_color_hover:#e80707;--button_text_transform:none;\" target=\"_self\" href=\"https:\/\/agripedia.ch\/betriebsuebergabe\/fr\/accueil\/\"><span class=\"fusion-button-icon-divider button-icon-divider-left\"><i class=\"fa-list fas awb-button__icon awb-button__icon--default\" aria-hidden=\"true\"><\/i><\/span><span class=\"fusion-button-text awb-button__text awb-button__text--default fusion-button-text-left\">ACCUEIL<\/span><\/a><\/div><\/div><\/div><div class=\"fusion-layout-column fusion_builder_column fusion-builder-column-3 fusion_builder_column_1_3 1_3 fusion-flex-column\" style=\"--awb-bg-size:cover;--awb-width-large:33.333333333333%;--awb-margin-top-large:0px;--awb-spacing-right-large:5.76%;--awb-margin-bottom-large:20px;--awb-spacing-left-large:5.76%;--awb-width-medium:33.333333333333%;--awb-spacing-right-medium:5.76%;--awb-spacing-left-medium:5.76%;--awb-width-small:100%;--awb-spacing-right-small:1.92%;--awb-spacing-left-small:1.92%;\"><div class=\"fusion-column-wrapper fusion-flex-justify-content-flex-start fusion-content-layout-column\"><div style=\"text-align:right;\"><a class=\"fusion-button button-flat button-large button-custom fusion-button-default button-3 fusion-button-span-yes fusion-button-default-type\" style=\"--button_accent_color:#ffffff;--button_accent_hover_color:#ffffff;--button_border_hover_color:#ffffff;--button-border-radius-top-left:2px;--button-border-radius-top-right:2px;--button-border-radius-bottom-right:2px;--button-border-radius-bottom-left:2px;--button_gradient_top_color:#ed825a;--button_gradient_bottom_color:#ed825a;--button_gradient_top_color_hover:#ed825a;--button_gradient_bottom_color_hover:#ed825a;--button_text_transform:none;\" target=\"_self\" href=\"https:\/\/agripedia.ch\/betriebsuebergabe\/fr\/prix-dachat-gratuit\/\"><span class=\"fusion-button-text awb-button__text awb-button__text--default fusion-button-text-right\">LE PRIX D\u2019ACHAT<\/span><span class=\"fusion-button-icon-divider button-icon-divider-right\"><i class=\"fa-arrow-right fas awb-button__icon awb-button__icon--default\" aria-hidden=\"true\"><\/i><\/span><\/a><\/div><\/div><\/div><\/div><\/div><\/p>\n","protected":false},"excerpt":{"rendered":"","protected":false},"author":31,"featured_media":0,"parent":0,"menu_order":0,"comment_status":"closed","ping_status":"closed","template":"","meta":{"_sb_is_suggestion_mode":false,"_sb_show_suggestion_boards":false,"_sb_show_comment_boards":false,"_sb_suggestion_history":"","_sb_update_block_changes":"","_monsterinsights_skip_tracking":false,"_monsterinsights_sitenote_active":false,"_monsterinsights_sitenote_note":"","_monsterinsights_sitenote_category":0,"footnotes":""},"class_list":["post-4604","page","type-page","status-publish","hentry"],"_links":{"self":[{"href":"https:\/\/agripedia.ch\/betriebsuebergabe\/fr\/wp-json\/wp\/v2\/pages\/4604","targetHints":{"allow":["GET"]}}],"collection":[{"href":"https:\/\/agripedia.ch\/betriebsuebergabe\/fr\/wp-json\/wp\/v2\/pages"}],"about":[{"href":"https:\/\/agripedia.ch\/betriebsuebergabe\/fr\/wp-json\/wp\/v2\/types\/page"}],"author":[{"embeddable":true,"href":"https:\/\/agripedia.ch\/betriebsuebergabe\/fr\/wp-json\/wp\/v2\/users\/31"}],"replies":[{"embeddable":true,"href":"https:\/\/agripedia.ch\/betriebsuebergabe\/fr\/wp-json\/wp\/v2\/comments?post=4604"}],"version-history":[{"count":10,"href":"https:\/\/agripedia.ch\/betriebsuebergabe\/fr\/wp-json\/wp\/v2\/pages\/4604\/revisions"}],"predecessor-version":[{"id":4856,"href":"https:\/\/agripedia.ch\/betriebsuebergabe\/fr\/wp-json\/wp\/v2\/pages\/4604\/revisions\/4856"}],"wp:attachment":[{"href":"https:\/\/agripedia.ch\/betriebsuebergabe\/fr\/wp-json\/wp\/v2\/media?parent=4604"}],"curies":[{"name":"wp","href":"https:\/\/api.w.org\/{rel}","templated":true}]}}