{"id":2985,"date":"2020-04-05T18:49:44","date_gmt":"2020-04-05T16:49:44","guid":{"rendered":"https:\/\/agripedia.ch\/betriebsuebergabe\/7-3-taches-et-repartition-des-taches\/"},"modified":"2020-10-27T10:11:34","modified_gmt":"2020-10-27T09:11:34","slug":"7-3-taches-et-repartition-des-taches","status":"publish","type":"page","link":"https:\/\/agripedia.ch\/betriebsuebergabe\/fr\/7-3-taches-et-repartition-des-taches\/","title":{"rendered":"7.3 T\u00e2ches et r\u00e9partition des t\u00e2ches"},"content":{"rendered":"<div class=\"leaky_paywall_message_wrap\"><div id=\"leaky_paywall_message\"><div class=\"agr-leaky-paywall-popup\">\r\n<h5 id=\"agr-leaky-paywall-popup-title\">Dieser Inhalt ist f\u00fcr unsere Abonnenten reserviert. Zur Startseite gehen, um sich anzumelden.<\/h5>\r\n<h5 id=\"agr-leaky-paywall-popup-title\">Ce contenu est r\u00e9serv\u00e9 pour nos abonn\u00e9s. Aller \u00e0 la page d\u2019accueil pour vous abonner.<\/h5>\r\n<\/div><\/div><\/div>","protected":false},"excerpt":{"rendered":"<p>Dieser Inhalt ist f\u00fcr unsere Abonnenten reserviert. Zur Startseite gehen, um sich anzumelden. Ce contenu est r\u00e9serv\u00e9 pour nos abonn\u00e9s. Aller \u00e0 la page d\u2019accueil pour vous abonner.<\/p>\n","protected":false},"author":31,"featured_media":0,"parent":0,"menu_order":0,"comment_status":"closed","ping_status":"closed","template":"","meta":{"_sb_is_suggestion_mode":false,"_sb_show_suggestion_boards":false,"_sb_show_comment_boards":false,"_sb_suggestion_history":"","_sb_update_block_changes":"","_monsterinsights_skip_tracking":false,"_monsterinsights_sitenote_active":false,"_monsterinsights_sitenote_note":"","_monsterinsights_sitenote_category":0,"footnotes":""},"class_list":["post-2985","page","type-page","status-publish","hentry"],"_links":{"self":[{"href":"https:\/\/agripedia.ch\/betriebsuebergabe\/fr\/wp-json\/wp\/v2\/pages\/2985","targetHints":{"allow":["GET"]}}],"collection":[{"href":"https:\/\/agripedia.ch\/betriebsuebergabe\/fr\/wp-json\/wp\/v2\/pages"}],"about":[{"href":"https:\/\/agripedia.ch\/betriebsuebergabe\/fr\/wp-json\/wp\/v2\/types\/page"}],"author":[{"embeddable":true,"href":"https:\/\/agripedia.ch\/betriebsuebergabe\/fr\/wp-json\/wp\/v2\/users\/31"}],"replies":[{"embeddable":true,"href":"https:\/\/agripedia.ch\/betriebsuebergabe\/fr\/wp-json\/wp\/v2\/comments?post=2985"}],"version-history":[{"count":4,"href":"https:\/\/agripedia.ch\/betriebsuebergabe\/fr\/wp-json\/wp\/v2\/pages\/2985\/revisions"}],"predecessor-version":[{"id":4607,"href":"https:\/\/agripedia.ch\/betriebsuebergabe\/fr\/wp-json\/wp\/v2\/pages\/2985\/revisions\/4607"}],"wp:attachment":[{"href":"https:\/\/agripedia.ch\/betriebsuebergabe\/fr\/wp-json\/wp\/v2\/media?parent=2985"}],"curies":[{"name":"wp","href":"https:\/\/api.w.org\/{rel}","templated":true}]}}