{"id":2930,"date":"2020-04-02T16:53:28","date_gmt":"2020-04-02T14:53:28","guid":{"rendered":"https:\/\/agripedia.ch\/betriebsuebergabe\/3-2-gestion-dune-specialite-de-lentreprise\/"},"modified":"2020-11-30T18:50:07","modified_gmt":"2020-11-30T17:50:07","slug":"3-2-gestion-dune-specialite-de-lentreprise","status":"publish","type":"page","link":"https:\/\/agripedia.ch\/betriebsuebergabe\/fr\/3-2-gestion-dune-specialite-de-lentreprise\/","title":{"rendered":"3.2 Gestion d\u2019une sp\u00e9cialit\u00e9 de l\u2019entreprise"},"content":{"rendered":"<div class=\"leaky_paywall_message_wrap\"><div id=\"leaky_paywall_message\"><div class=\"agr-leaky-paywall-popup\">\r\n<h5 id=\"agr-leaky-paywall-popup-title\">Dieser Inhalt ist f\u00fcr unsere Abonnenten reserviert. Zur Startseite gehen, um sich anzumelden.<\/h5>\r\n<h5 id=\"agr-leaky-paywall-popup-title\">Ce contenu est r\u00e9serv\u00e9 pour nos abonn\u00e9s. Aller \u00e0 la page d\u2019accueil pour vous abonner.<\/h5>\r\n<\/div><\/div><\/div>","protected":false},"excerpt":{"rendered":"<p>Dieser Inhalt ist f\u00fcr unsere Abonnenten reserviert. Zur Startseite gehen, um sich anzumelden. Ce contenu est r\u00e9serv\u00e9 pour nos abonn\u00e9s. Aller \u00e0 la page d\u2019accueil pour vous abonner.<\/p>\n","protected":false},"author":31,"featured_media":0,"parent":0,"menu_order":0,"comment_status":"closed","ping_status":"closed","template":"","meta":{"_sb_is_suggestion_mode":false,"_sb_show_suggestion_boards":false,"_sb_show_comment_boards":false,"_sb_suggestion_history":"","_sb_update_block_changes":"","_monsterinsights_skip_tracking":false,"_monsterinsights_sitenote_active":false,"_monsterinsights_sitenote_note":"","_monsterinsights_sitenote_category":0,"footnotes":""},"class_list":["post-2930","page","type-page","status-publish","hentry"],"_links":{"self":[{"href":"https:\/\/agripedia.ch\/betriebsuebergabe\/fr\/wp-json\/wp\/v2\/pages\/2930","targetHints":{"allow":["GET"]}}],"collection":[{"href":"https:\/\/agripedia.ch\/betriebsuebergabe\/fr\/wp-json\/wp\/v2\/pages"}],"about":[{"href":"https:\/\/agripedia.ch\/betriebsuebergabe\/fr\/wp-json\/wp\/v2\/types\/page"}],"author":[{"embeddable":true,"href":"https:\/\/agripedia.ch\/betriebsuebergabe\/fr\/wp-json\/wp\/v2\/users\/31"}],"replies":[{"embeddable":true,"href":"https:\/\/agripedia.ch\/betriebsuebergabe\/fr\/wp-json\/wp\/v2\/comments?post=2930"}],"version-history":[{"count":7,"href":"https:\/\/agripedia.ch\/betriebsuebergabe\/fr\/wp-json\/wp\/v2\/pages\/2930\/revisions"}],"predecessor-version":[{"id":4911,"href":"https:\/\/agripedia.ch\/betriebsuebergabe\/fr\/wp-json\/wp\/v2\/pages\/2930\/revisions\/4911"}],"wp:attachment":[{"href":"https:\/\/agripedia.ch\/betriebsuebergabe\/fr\/wp-json\/wp\/v2\/media?parent=2930"}],"curies":[{"name":"wp","href":"https:\/\/api.w.org\/{rel}","templated":true}]}}