{"id":2920,"date":"2020-04-02T16:37:11","date_gmt":"2020-04-02T14:37:11","guid":{"rendered":"https:\/\/agripedia.ch\/betriebsuebergabe\/3-1-employe-chez-les-parents\/"},"modified":"2020-11-30T18:49:17","modified_gmt":"2020-11-30T17:49:17","slug":"3-1-employe-chez-les-parents","status":"publish","type":"page","link":"https:\/\/agripedia.ch\/betriebsuebergabe\/fr\/3-1-employe-chez-les-parents\/","title":{"rendered":"3.1 Employ\u00e9 chez les parents"},"content":{"rendered":"<div class=\"leaky_paywall_message_wrap\"><div id=\"leaky_paywall_message\"><div class=\"agr-leaky-paywall-popup\">\r\n<h5 id=\"agr-leaky-paywall-popup-title\">Dieser Inhalt ist f\u00fcr unsere Abonnenten reserviert. Zur Startseite gehen, um sich anzumelden.<\/h5>\r\n<h5 id=\"agr-leaky-paywall-popup-title\">Ce contenu est r\u00e9serv\u00e9 pour nos abonn\u00e9s. Aller \u00e0 la page d\u2019accueil pour vous abonner.<\/h5>\r\n<\/div><\/div><\/div>","protected":false},"excerpt":{"rendered":"<p>Dieser Inhalt ist f\u00fcr unsere Abonnenten reserviert. Zur Startseite gehen, um sich anzumelden. Ce contenu est r\u00e9serv\u00e9 pour nos abonn\u00e9s. Aller \u00e0 la page d\u2019accueil pour vous abonner.<\/p>\n","protected":false},"author":31,"featured_media":0,"parent":0,"menu_order":0,"comment_status":"closed","ping_status":"closed","template":"","meta":{"_sb_is_suggestion_mode":false,"_sb_show_suggestion_boards":false,"_sb_show_comment_boards":false,"_sb_suggestion_history":"","_sb_update_block_changes":"","_monsterinsights_skip_tracking":false,"_monsterinsights_sitenote_active":false,"_monsterinsights_sitenote_note":"","_monsterinsights_sitenote_category":0,"footnotes":""},"class_list":["post-2920","page","type-page","status-publish","hentry"],"_links":{"self":[{"href":"https:\/\/agripedia.ch\/betriebsuebergabe\/fr\/wp-json\/wp\/v2\/pages\/2920","targetHints":{"allow":["GET"]}}],"collection":[{"href":"https:\/\/agripedia.ch\/betriebsuebergabe\/fr\/wp-json\/wp\/v2\/pages"}],"about":[{"href":"https:\/\/agripedia.ch\/betriebsuebergabe\/fr\/wp-json\/wp\/v2\/types\/page"}],"author":[{"embeddable":true,"href":"https:\/\/agripedia.ch\/betriebsuebergabe\/fr\/wp-json\/wp\/v2\/users\/31"}],"replies":[{"embeddable":true,"href":"https:\/\/agripedia.ch\/betriebsuebergabe\/fr\/wp-json\/wp\/v2\/comments?post=2920"}],"version-history":[{"count":21,"href":"https:\/\/agripedia.ch\/betriebsuebergabe\/fr\/wp-json\/wp\/v2\/pages\/2920\/revisions"}],"predecessor-version":[{"id":4910,"href":"https:\/\/agripedia.ch\/betriebsuebergabe\/fr\/wp-json\/wp\/v2\/pages\/2920\/revisions\/4910"}],"wp:attachment":[{"href":"https:\/\/agripedia.ch\/betriebsuebergabe\/fr\/wp-json\/wp\/v2\/media?parent=2920"}],"curies":[{"name":"wp","href":"https:\/\/api.w.org\/{rel}","templated":true}]}}