{"id":898,"date":"2021-03-18T07:48:29","date_gmt":"2021-03-18T07:48:29","guid":{"rendered":"https:\/\/agripedia.ch\/urbane-landwirtschaft\/?page_id=898"},"modified":"2024-07-04T08:14:34","modified_gmt":"2024-07-04T08:14:34","slug":"page-daccueil","status":"publish","type":"page","link":"https:\/\/agripedia.ch\/agriculture-et-ville\/","title":{"rendered":"Page d&rsquo;accueil"},"content":{"rendered":"<p><div class=\"fusion-fullwidth fullwidth-box fusion-builder-row-1 fusion-flex-container nonhundred-percent-fullwidth non-hundred-percent-height-scrolling\" style=\"--awb-border-radius-top-left:0px;--awb-border-radius-top-right:0px;--awb-border-radius-bottom-right:0px;--awb-border-radius-bottom-left:0px;--awb-flex-wrap:wrap;\" ><div class=\"fusion-builder-row fusion-row fusion-flex-align-items-flex-start fusion-flex-content-wrap\" style=\"max-width:1144px;margin-left: calc(-4% \/ 2 );margin-right: calc(-4% \/ 2 );\"><div class=\"fusion-layout-column fusion_builder_column fusion-builder-column-0 fusion_builder_column_1_2 1_2 fusion-flex-column\" style=\"--awb-bg-size:cover;--awb-width-large:50%;--awb-margin-top-large:0px;--awb-spacing-right-large:3.84%;--awb-margin-bottom-large:0px;--awb-spacing-left-large:3.84%;--awb-width-medium:100%;--awb-order-medium:0;--awb-spacing-right-medium:1.92%;--awb-spacing-left-medium:1.92%;--awb-width-small:100%;--awb-order-small:0;--awb-spacing-right-small:1.92%;--awb-spacing-left-small:1.92%;\"><div class=\"fusion-column-wrapper fusion-column-has-shadow fusion-flex-justify-content-flex-start fusion-content-layout-column\"><div class=\"fusion-text fusion-text-1\"><p>L\u2019agriculture urbaine est un vaste ph\u00e9nom\u00e8ne qui pr\u00e9sente de multiples facettes et qui s\u2019\u00e9tend bien au-del\u00e0 des potagers de balcon et des toits cultiv\u00e9s. Les diverses formes de l\u2019agriculture urbaine contribuent \u00e0 am\u00e9liorer la qualit\u00e9 et la valeur ajout\u00e9e de l\u2019agriculture locale. Outre des projets innovants et de nouveaux mod\u00e8les, ce concept comprend aussi des exploitations agricoles traditionnelles qui misent sur les avantages procur\u00e9s par la proximit\u00e9 de la ville et d\u00e9veloppent des mod\u00e8les d\u2019affaires adapt\u00e9s.<\/p>\n<p>La pr\u00e9sente publication a pour but de pr\u00e9senter le ph\u00e9nom\u00e8ne dans toute sa diversit\u00e9 et d\u2019illustrer les opportunit\u00e9s qu\u2019offre l\u2019agriculture urbaine, \u00e9galement du point de vue l\u2019agriculture traditionnelle : capacit\u00e9 d\u2019innovation, contact \u00e9troit avec la population locale et participation active de celle-ci, d\u00e9veloppement de circuits courts et de nouvelles coop\u00e9rations, production sur de petites surfaces, aspects sociaux, sans oublier la place laiss\u00e9e \u00e0 l\u2019exp\u00e9rimentation.<\/p>\n<p>Bien \u00e9videmment, l\u2019agriculture urbaine ne peut pas remplacer l\u2019agriculture traditionnelle et sa grande capacit\u00e9 de production de denr\u00e9es alimentaires. Les exemples pr\u00e9sent\u00e9s montrent cependant des pistes de solution face aux d\u00e9fis actuels et contribuent \u00e0 une organisation plus durable du syst\u00e8me agricole et alimentaire \u00e0 l\u2019\u00e9chelle r\u00e9gionale. Ils offrent un regard diff\u00e9rent ainsi que des suggestions, des conseils et des astuces pour le d\u00e9veloppement de son propre projet ou de son exploitation.<\/p>\n<\/div><\/div><\/div><div class=\"fusion-layout-column fusion_builder_column fusion-builder-column-1 fusion_builder_column_1_2 1_2 fusion-flex-column\" style=\"--awb-bg-size:cover;--awb-width-large:50%;--awb-margin-top-large:0px;--awb-spacing-right-large:3.84%;--awb-margin-bottom-large:20px;--awb-spacing-left-large:3.84%;--awb-width-medium:100%;--awb-order-medium:0;--awb-spacing-right-medium:1.92%;--awb-spacing-left-medium:1.92%;--awb-width-small:100%;--awb-order-small:0;--awb-spacing-right-small:1.92%;--awb-spacing-left-small:1.92%;\"><div class=\"fusion-column-wrapper fusion-column-has-shadow fusion-flex-justify-content-flex-start fusion-content-layout-column\">\n<div class=\"leaflet-map\" id=\"leaflet-map-id\"><\/div>\n<p class=\"map-caption\">S\u00e9lectionnez les lieux en un clic pour obtenir plus d\u2019informations.<\/p>\n<!-- Load leaflet-map-from-csv.js --><\/p>\n<p><!-- Full screen plugin for Leaflet --><\/p>\n<\/div><\/div><div class=\"fusion-layout-column fusion_builder_column fusion-builder-column-2 fusion_builder_column_1_1 1_1 fusion-flex-column\" style=\"--awb-bg-size:cover;--awb-width-large:100%;--awb-margin-top-large:0px;--awb-spacing-right-large:1.92%;--awb-margin-bottom-large:20px;--awb-spacing-left-large:1.92%;--awb-width-medium:100%;--awb-order-medium:0;--awb-spacing-right-medium:1.92%;--awb-spacing-left-medium:1.92%;--awb-width-small:100%;--awb-order-small:0;--awb-spacing-right-small:1.92%;--awb-spacing-left-small:1.92%;\"><div class=\"fusion-column-wrapper fusion-column-has-shadow fusion-flex-justify-content-flex-start fusion-content-layout-column\"><div class=\"fusion-text fusion-text-2\"><h4>Choix des exemples (des donn\u00e9es et microfermes suppl\u00e9mentaires sont ajout\u00e9es r\u00e9guli\u00e8rement)<\/h4>\n<p>Pour choisir les exemples figurant dans la pr\u00e9sente publication, nous sommes partis d\u2019une interpr\u00e9tation tr\u00e8s large de la notion d\u2019agriculture urbaine. Nous avons \u00e0 c\u0153ur de pr\u00e9senter des exemples de diff\u00e9rentes r\u00e9gions de Suisse et d\u2019aborder des th\u00e8mes qui sont importants pour l\u2019agriculture urbaine. Ainsi, parmi les mod\u00e8les pr\u00e9sent\u00e9s, on trouve des exemples d\u2019agriculture urbaine au sens strict du terme (fermes citadines sur du terrain urbain\/en partie en-dehors de la zone agricole), mais aussi des exemples de concepts logistiques, d\u2019agriculture solidaire, de diverses formes d\u2019organisation, de produits sp\u00e9ciaux ou encore des exemples mettant l\u2019accent sur des questions sociales. Plusieurs de ces exemples sont des \u00ab microfermes \u00bb, c\u2019est-\u00e0-dire des micro-exploitations inspir\u00e9es par la permaculture et l\u2019agro\u00e9cologie et qui pratiquent la culture mara\u00eech\u00e8re intensive sur de petites surfaces. Cette th\u00e9matique est donc au c\u0153ur de cette publication.<\/p>\n<\/div><\/div><\/div><\/div><\/div><div class=\"fusion-fullwidth fullwidth-box fusion-builder-row-2 fusion-flex-container nonhundred-percent-fullwidth non-hundred-percent-height-scrolling\" style=\"--awb-border-radius-top-left:0px;--awb-border-radius-top-right:0px;--awb-border-radius-bottom-right:0px;--awb-border-radius-bottom-left:0px;--awb-flex-wrap:wrap;\" ><div class=\"fusion-builder-row fusion-row fusion-flex-align-items-flex-start fusion-flex-content-wrap\" style=\"max-width:1144px;margin-left: calc(-4% \/ 2 );margin-right: calc(-4% \/ 2 );\"><div class=\"fusion-layout-column fusion_builder_column fusion-builder-column-3 fusion_builder_column_1_1 1_1 fusion-flex-column\" style=\"--awb-bg-size:cover;--awb-width-large:100%;--awb-margin-top-large:0px;--awb-spacing-right-large:1.92%;--awb-margin-bottom-large:20px;--awb-spacing-left-large:1.92%;--awb-width-medium:100%;--awb-order-medium:0;--awb-spacing-right-medium:1.92%;--awb-spacing-left-medium:1.92%;--awb-width-small:100%;--awb-order-small:0;--awb-spacing-right-small:1.92%;--awb-spacing-left-small:1.92%;\"><div class=\"fusion-column-wrapper fusion-column-has-shadow fusion-flex-justify-content-flex-start fusion-content-layout-column\">\n<div class=\"table-2\" id=\"agri-address-table\">\n<table width=\"100%\">\n<thead>\n<tr>\n<th>Portrait<\/th>\n<th>Nom<\/th>\n<th>Forme juridique<\/th>\n<th>Rue<\/th>\n<th>Lieu<\/th>\n<\/tr>\n<\/thead>\n<tbody>\n<tr>\n<td><a href=\"https:\/\/agripedia.ch\/agriculture-et-ville\/a-la-belle-courgette\/\">A la Belle Courgette<\/a><\/td>\n<td>Association A la Belle Courgette<\/td>\n<td>Association<\/td>\n<td>Les Sorens<\/td>\n<td>1030 Bussigny<\/td>\n<\/tr>\n<tr>\n<td><a href=\"https:\/\/agripedia.ch\/agriculture-et-ville\/au-potager\/\">Au-Potager<\/a><\/td>\n<td>Au-Potager<\/td>\n<td>Association<\/td>\n<td>Bois de Craux<\/td>\n<td>1197 Prangins<\/td>\n<\/tr>\n<tr>\n<td><a href=\"https:\/\/agripedia.ch\/agriculture-et-ville\/birsmattehof-une-pionniere-de-lagriculture-solidaire\/\">Birsmattehof<\/a><\/td>\n<td>Agrico Genossenschaft<\/td>\n<td>Coop\u00e9rative avec l&rsquo;apport du travail<\/td>\n<td>Birsmatthof 1<\/td>\n<td>4106 Therwil<\/td>\n<\/tr>\n<tr>\n<td><a href=\"https:\/\/agripedia.ch\/agriculture-et-ville\/conprobio\/\">ConProBio<\/a><\/td>\n<td>Cooperativa Consumatori e Produttori del Biologico<\/td>\n<td>Coop\u00e9rative<\/td>\n<td>Al Piano 2<\/td>\n<td>6593 Cadenazzo<\/td>\n<\/tr>\n<tr>\n<td><a href=\"https:\/\/agripedia.ch\/agriculture-et-ville\/essblatt\/\">Essblatt<\/a><\/td>\n<td>Essblatt<\/td>\n<td>Ein-Frauen-Betrieb<\/td>\n<td>S\u00fcri 54<\/td>\n<td>3204 Rossh\u00e4usern<\/td>\n<\/tr>\n<tr>\n<td><a href=\"https:\/\/agripedia.ch\/agriculture-et-ville\/ferme-de-bassenges\/\">Ferme de Bassenges<\/a><\/td>\n<td>Ferme de Bassenges<\/td>\n<td>SARL<\/td>\n<td>Chemin de la Raye 12<\/td>\n<td>1024 Ecublens<\/td>\n<\/tr>\n<tr>\n<td><a href=\"https:\/\/agripedia.ch\/agriculture-et-ville\/ferme-de-bude\/\">Ferme de Bud\u00e9<\/a><\/td>\n<td>Ferme de Bud\u00e9<\/td>\n<td>SARL<\/td>\n<td>Chemin Mo\u00efse-Duboule 2<\/td>\n<td>1209 Gen\u00e8ve<\/td>\n<\/tr>\n<tr>\n<td><a href=\"https:\/\/agripedia.ch\/agriculture-et-ville\/horai\/\">Horai<\/a><\/td>\n<td>Horai AG<\/td>\n<td>Soci\u00e9t\u00e9 anonyme<\/td>\n<td>Kirchgasse 30<\/td>\n<td>3312 Fraubrunnen<\/td>\n<\/tr>\n<tr>\n<td><a href=\"https:\/\/agripedia.ch\/agriculture-et-ville\/les-jardins-de-chivrageon\/\">Jardins de Chivrageon<\/a><\/td>\n<td>Jardins de Chivrageon<\/td>\n<td>SARL<\/td>\n<td>En Chivrageon 15<\/td>\n<td>1170 Aubonne<\/td>\n<\/tr>\n<tr>\n<td><a href=\"https:\/\/agripedia.ch\/agriculture-et-ville\/kulturhof-hinter-musegg\/\">Kulturhof Hinter Musegg<\/a><\/td>\n<td>Kulturhof Hinter Musegg<\/td>\n<td>Fondation<\/td>\n<td>Diebold-Schilling-Strasse 13<\/td>\n<td>6004 Luzern<\/td>\n<\/tr>\n<tr>\n<td><a href=\"https:\/\/agripedia.ch\/agriculture-et-ville\/le-panier-bio-a-2-roues\/\">Le Panier Bio \u00e0 2 Roues<\/a><\/td>\n<td>Le Panier Bio \u00e0 2 Roues<\/td>\n<td>Coop\u00e9rative<\/td>\n<td>Route de Cery 34<\/td>\n<td>1008 Prilly<\/td>\n<\/tr>\n<tr>\n<td><a href=\"https:\/\/agripedia.ch\/agriculture-et-ville\/ortoloco\/\">Ortoloco, Produktion<\/a><\/td>\n<td>Ortoloco, Biohof Fondli GmbH<\/td>\n<td>Coop\u00e9rative<\/td>\n<td>Spreitenbacherstrasse 35<\/td>\n<td>8953 Dietikon<\/td>\n<\/tr>\n<tr>\n<td><a href=\"https:\/\/agripedia.ch\/agriculture-et-ville\/quartierhof-wynegg\/\">Quartierhof Wynegg<\/a><\/td>\n<td>Quartierhof Wynegg<\/td>\n<td>Association, Quartierhof<\/td>\n<td>\u00a0Weineggstr. 44a<\/td>\n<td>8008 Z\u00fcrich<\/td>\n<\/tr>\n<tr>\n<td><a href=\"https:\/\/agripedia.ch\/agriculture-et-ville\/rage-de-vert\/\">Rage de Vert<\/a><\/td>\n<td>Rage de Vert<\/td>\n<td>Association<\/td>\n<td>Closel-Bourbon 3<\/td>\n<td>2075 Thielle-Wavre<\/td>\n<\/tr>\n<tr>\n<td><a href=\"https:\/\/agripedia.ch\/agriculture-et-ville\/regioterre\/\">Regioterre<\/a><\/td>\n<td>regioterre<\/td>\n<td>Association<\/td>\n<td>Sonnenstrasse 34<\/td>\n<td>9000 St.Gallen<\/td>\n<\/tr>\n<\/tbody>\n<\/table>\n<\/div>\n<\/div><\/div><\/div><\/div><div class=\"fusion-fullwidth fullwidth-box fusion-builder-row-3 fusion-flex-container nonhundred-percent-fullwidth non-hundred-percent-height-scrolling\" style=\"--awb-border-radius-top-left:0px;--awb-border-radius-top-right:0px;--awb-border-radius-bottom-right:0px;--awb-border-radius-bottom-left:0px;--awb-flex-wrap:wrap;\" ><div class=\"fusion-builder-row fusion-row fusion-flex-align-items-flex-start fusion-flex-content-wrap\" style=\"max-width:1144px;margin-left: calc(-4% \/ 2 );margin-right: calc(-4% \/ 2 );\"><div class=\"fusion-layout-column fusion_builder_column fusion-builder-column-4 fusion_builder_column_1_1 1_1 fusion-flex-column\" style=\"--awb-bg-size:cover;--awb-width-large:100%;--awb-margin-top-large:0px;--awb-spacing-right-large:1.92%;--awb-margin-bottom-large:20px;--awb-spacing-left-large:1.92%;--awb-width-medium:100%;--awb-order-medium:0;--awb-spacing-right-medium:1.92%;--awb-spacing-left-medium:1.92%;--awb-width-small:100%;--awb-order-small:0;--awb-spacing-right-small:1.92%;--awb-spacing-left-small:1.92%;\"><div class=\"fusion-column-wrapper fusion-column-has-shadow fusion-flex-justify-content-flex-start fusion-content-layout-column\"><div class=\"fusion-separator fusion-full-width-sep agri-separator\" style=\"align-self: center;margin-left: auto;margin-right: auto;width:100%;\"><\/div><div class=\"fusion-title title fusion-title-1 fusion-sep-none fusion-title-text fusion-title-size-four\"><h4 class=\"fusion-title-heading title-heading-left fusion-responsive-typography-calculated\" style=\"margin:0;--fontSize:24;--minFontSize:24;line-height:1.5;\">Contact et questions<\/h4><\/div><div class=\"fusion-text fusion-text-3\"><p><a href=\"mailto:florian.rudaz@agridea.ch\">Florian Rudaz<\/a> (fran\u00e7ais) et <a href=\"mailto:orlando.scholz@agridea.ch\">Orlando Scholz<\/a> (allemand), AGRIDEA<\/p>\n<\/div><\/div><\/div><div class=\"fusion-layout-column fusion_builder_column fusion-builder-column-5 fusion_builder_column_1_2 1_2 fusion-flex-column\" style=\"--awb-bg-size:cover;--awb-width-large:50%;--awb-margin-top-large:0px;--awb-spacing-right-large:3.84%;--awb-margin-bottom-large:20px;--awb-spacing-left-large:3.84%;--awb-width-medium:100%;--awb-order-medium:0;--awb-spacing-right-medium:1.92%;--awb-spacing-left-medium:1.92%;--awb-width-small:100%;--awb-order-small:0;--awb-spacing-right-small:1.92%;--awb-spacing-left-small:1.92%;\"><div class=\"fusion-column-wrapper fusion-column-has-shadow fusion-flex-justify-content-flex-start fusion-content-layout-column\"><div class=\"fusion-text fusion-text-4\"><p><strong>Partenaire pour la r\u00e9alisation de certains portraits<br \/>\n<\/strong><\/p>\n<\/div><div class=\"fusion-image-element \" style=\"--awb-max-width:286px;--awb-caption-title-font-family:var(--h2_typography-font-family);--awb-caption-title-font-weight:var(--h2_typography-font-weight);--awb-caption-title-font-style:var(--h2_typography-font-style);--awb-caption-title-size:var(--h2_typography-font-size);--awb-caption-title-transform:var(--h2_typography-text-transform);--awb-caption-title-line-height:var(--h2_typography-line-height);--awb-caption-title-letter-spacing:var(--h2_typography-letter-spacing);\"><span class=\" fusion-imageframe imageframe-none imageframe-1 hover-type-none mf-logo\"><a class=\"fusion-no-lightbox\" href=\"https:\/\/www.fibl.org\/\" target=\"_blank\" aria-label=\"FiBL\" rel=\"noopener noreferrer\"><img decoding=\"async\" width=\"286\" height=\"120\" alt=\"Logo FiBL\" src=\"https:\/\/agripedia.ch\/urbane-landwirtschaft\/wp-content\/uploads\/sites\/20\/2020\/11\/Logo-FiBL.jpg\" class=\"img-responsive wp-image-206\" srcset=\"https:\/\/agripedia.ch\/agriculture-et-ville\/wp-content\/uploads\/sites\/20\/2020\/11\/Logo-FiBL-200x84.jpg 200w, https:\/\/agripedia.ch\/agriculture-et-ville\/wp-content\/uploads\/sites\/20\/2020\/11\/Logo-FiBL.jpg 286w\" sizes=\"(max-width: 1024px) 100vw, (max-width: 640px) 100vw, 286px\" \/><\/a><\/span><\/div><\/div><\/div><div class=\"fusion-layout-column fusion_builder_column fusion-builder-column-6 fusion_builder_column_1_2 1_2 fusion-flex-column mf-impressum\" style=\"--awb-bg-size:cover;--awb-width-large:50%;--awb-margin-top-large:0px;--awb-spacing-right-large:3.84%;--awb-margin-bottom-large:20px;--awb-spacing-left-large:3.84%;--awb-width-medium:100%;--awb-order-medium:0;--awb-spacing-right-medium:1.92%;--awb-spacing-left-medium:1.92%;--awb-width-small:100%;--awb-order-small:0;--awb-spacing-right-small:1.92%;--awb-spacing-left-small:1.92%;\"><div class=\"fusion-column-wrapper fusion-column-has-shadow fusion-flex-justify-content-flex-start fusion-content-layout-column\"><div class=\"accordian fusion-accordian mf-impressum-toggle\" style=\"--awb-border-size:1px;--awb-icon-size:20px;--awb-content-font-size:var(--awb-typography4-font-size);--awb-icon-alignment:left;--awb-hover-color:#ffffff;--awb-border-color:#cccccc;--awb-background-color:#ffffff;--awb-divider-color:var(--awb-color3);--awb-divider-hover-color:var(--awb-color3);--awb-icon-color:#7a7a7a;--awb-title-color:var(--awb-color8);--awb-content-color:var(--awb-color8);--awb-icon-box-color:#d8d8d8;--awb-toggle-hover-accent-color:#0f0f0f;--awb-title-font-family:var(--awb-typography1-font-family);--awb-title-font-weight:var(--awb-typography1-font-weight);--awb-title-font-style:var(--awb-typography1-font-style);--awb-title-font-size:16px;--awb-title-line-height:1.5;--awb-content-font-family:var(--awb-typography4-font-family);--awb-content-font-weight:var(--awb-typography4-font-weight);--awb-content-font-style:var(--awb-typography4-font-style);\"><div class=\"panel-group fusion-toggle-icon-unboxed\" id=\"accordion-898-1\"><div class=\"fusion-panel panel-default panel-ca931a6a3dfc368bf fusion-toggle-no-divider fusion-toggle-boxed-mode\"><div class=\"panel-heading\"><h4 class=\"panel-title toggle\" id=\"toggle_ca931a6a3dfc368bf\"><a aria-expanded=\"false\" aria-controls=\"ca931a6a3dfc368bf\" role=\"button\" data-toggle=\"collapse\" data-target=\"#ca931a6a3dfc368bf\" href=\"#ca931a6a3dfc368bf\"><span class=\"fusion-toggle-icon-wrapper\" aria-hidden=\"true\"><i class=\"fa-fusion-box active-icon awb-icon-minus\" aria-hidden=\"true\"><\/i><i class=\"fa-fusion-box inactive-icon awb-icon-plus\" aria-hidden=\"true\"><\/i><\/span><span class=\"fusion-toggle-heading\">Impressum<\/span><\/a><\/h4><\/div><div id=\"ca931a6a3dfc368bf\" class=\"panel-collapse collapse \" aria-labelledby=\"toggle_ca931a6a3dfc368bf\"><div class=\"panel-body toggle-content fusion-clearfix\">\n<p><strong>Edition<\/strong><\/p>\n<p>AGRIDEA<br \/>\nEschikon 28<br \/>\nCH-8315 Lindau<br \/>\nT +41 (0)52 354 97 00<\/p>\n<p><strong>Auteur-e-s<\/strong><\/p>\n<p>Ruth Moser, AGRIDEA<br \/>\nClaire Asfeld, AGRIDEA<br \/>\nDanielle Albiker, AGRIDEA<br \/>\nCamille Kroug, AGRIDEA<br \/>\nSara Widmer, AGRIDEA<br \/>\nH\u00e9l\u00e8ne Bougouin, FIBL<br \/>\nDelphine Piccot, FIBL<\/p>\n<p><strong>Site web<br \/>\n<\/strong><\/p>\n<p>Benjamin Gerwoll-Ronca, AGRIDEA<\/p>\n<p><strong>Traduction<\/strong><\/p>\n<p>Tradoubs und Trait d\u2019Union<\/p>\n<\/div><\/div><\/div><\/div><\/div><\/div><\/div><\/div><\/div><\/p>\n","protected":false},"excerpt":{"rendered":"","protected":false},"author":26,"featured_media":0,"parent":0,"menu_order":0,"comment_status":"closed","ping_status":"open","template":"","meta":{"_sb_is_suggestion_mode":false,"_sb_show_suggestion_boards":false,"_sb_show_comment_boards":false,"_sb_suggestion_history":"","_sb_update_block_changes":"","_monsterinsights_skip_tracking":false,"_monsterinsights_sitenote_active":false,"_monsterinsights_sitenote_note":"","_monsterinsights_sitenote_category":0,"footnotes":""},"class_list":["post-898","page","type-page","status-publish","hentry"],"aioseo_notices":[],"_links":{"self":[{"href":"https:\/\/agripedia.ch\/agriculture-et-ville\/wp-json\/wp\/v2\/pages\/898","targetHints":{"allow":["GET"]}}],"collection":[{"href":"https:\/\/agripedia.ch\/agriculture-et-ville\/wp-json\/wp\/v2\/pages"}],"about":[{"href":"https:\/\/agripedia.ch\/agriculture-et-ville\/wp-json\/wp\/v2\/types\/page"}],"author":[{"embeddable":true,"href":"https:\/\/agripedia.ch\/agriculture-et-ville\/wp-json\/wp\/v2\/users\/26"}],"replies":[{"embeddable":true,"href":"https:\/\/agripedia.ch\/agriculture-et-ville\/wp-json\/wp\/v2\/comments?post=898"}],"version-history":[{"count":39,"href":"https:\/\/agripedia.ch\/agriculture-et-ville\/wp-json\/wp\/v2\/pages\/898\/revisions"}],"predecessor-version":[{"id":2871,"href":"https:\/\/agripedia.ch\/agriculture-et-ville\/wp-json\/wp\/v2\/pages\/898\/revisions\/2871"}],"wp:attachment":[{"href":"https:\/\/agripedia.ch\/agriculture-et-ville\/wp-json\/wp\/v2\/media?parent=898"}],"curies":[{"name":"wp","href":"https:\/\/api.w.org\/{rel}","templated":true}]}}