{"id":8,"date":"2018-08-24T22:01:09","date_gmt":"2018-08-24T22:01:09","guid":{"rendered":"http:\/\/ozzlorvo.preview.infomaniak.website\/urbane-landwirtschaft\/?page_id=2"},"modified":"2023-04-13T06:41:40","modified_gmt":"2023-04-13T06:41:40","slug":"startseite","status":"publish","type":"page","link":"https:\/\/agripedia.ch\/agriculture-et-ville\/de\/","title":{"rendered":"Startseite"},"content":{"rendered":"<p><div class=\"fusion-fullwidth fullwidth-box fusion-builder-row-1 fusion-flex-container nonhundred-percent-fullwidth non-hundred-percent-height-scrolling\" style=\"--awb-border-radius-top-left:0px;--awb-border-radius-top-right:0px;--awb-border-radius-bottom-right:0px;--awb-border-radius-bottom-left:0px;--awb-flex-wrap:wrap;\" ><div class=\"fusion-builder-row fusion-row fusion-flex-align-items-flex-start fusion-flex-content-wrap\" style=\"max-width:1144px;margin-left: calc(-4% \/ 2 );margin-right: calc(-4% \/ 2 );\"><div class=\"fusion-layout-column fusion_builder_column fusion-builder-column-0 fusion_builder_column_1_2 1_2 fusion-flex-column\" style=\"--awb-bg-size:cover;--awb-width-large:50%;--awb-margin-top-large:0px;--awb-spacing-right-large:3.84%;--awb-margin-bottom-large:0px;--awb-spacing-left-large:3.84%;--awb-width-medium:100%;--awb-order-medium:0;--awb-spacing-right-medium:1.92%;--awb-spacing-left-medium:1.92%;--awb-width-small:100%;--awb-order-small:0;--awb-spacing-right-small:1.92%;--awb-spacing-left-small:1.92%;\"><div class=\"fusion-column-wrapper fusion-column-has-shadow fusion-flex-justify-content-flex-start fusion-content-layout-column\"><div class=\"fusion-text fusion-text-1\"><p>Urbane Landwirtschaft ist ein breites und vielf\u00e4ltiges Ph\u00e4nomen, das \u00fcber Balkong\u00e4rtnern und Dachlandwirtschaft weit hinausgeht. Die vielf\u00e4ltigen Formen urbaner Landwirtschaft tragen dazu bei, die Qualit\u00e4t und den Wert der lokalen Landwirtschaft zu erh\u00f6hen. Neben innovativen Projekten und neuen Modellen geh\u00f6ren dazu nicht zuletzt auch traditionelle Landwirtschaftsbetriebe, die auf die Vorteile der Stadtn\u00e4he setzen und entsprechende Gesch\u00e4ftsmodelle entwickelt haben.<\/p>\n<p>Wir wollen mit der vorliegenden Publikation die Vielfalt des Ph\u00e4nomens und die Chancen aufzeigen, die die urbane Landwirtschaft \u2013 auch f\u00fcr die traditionelle Landwirtschaft \u2013 bietet. Dazu geh\u00f6ren ihre Innovationskraft ebenso wie der gelebte Kontakt und die aktive Beteiligung der lokalen Bev\u00f6lkerung, der Fokus auf den Aufbau kurzer Wertsch\u00f6pfungsketten und neuer Kooperationen, die Produktion auf kleiner Fl\u00e4che, der Fokus auf soziale Aspekte oder auch darauf, R\u00e4ume f\u00fcrs Experimentieren zu schaffen.<\/p>\n<p>Es ist ganz klar, dass die urbane Landwirtschaft die traditionelle Landwirtschaft mit ihrer hohen Kapazit\u00e4t f\u00fcr die Nahrungsmittelversorgung nicht ersetzen kann. Die vorgestellten Beispiele zeigen jedoch L\u00f6sungswege f\u00fcr aktuelle Herausforderungen auf und tragen zu einer nachhaltigeren Gestaltung des Landwirtschafts- und Ern\u00e4hrungssystems auf regionaler Ebene bei. Sie bieten einen Blick \u00fcber den Tellerrand ebenso wie Anregungen, Tipps und Tricks, um das eigene Projekt oder den eigenen Betrieb (weiter) zu entwickeln.<\/p>\n<\/div><\/div><\/div><div class=\"fusion-layout-column fusion_builder_column fusion-builder-column-1 fusion_builder_column_1_2 1_2 fusion-flex-column fusion-flex-align-self-stretch\" style=\"--awb-bg-size:cover;--awb-width-large:50%;--awb-margin-top-large:0px;--awb-spacing-right-large:3.84%;--awb-margin-bottom-large:20px;--awb-spacing-left-large:3.84%;--awb-width-medium:100%;--awb-order-medium:0;--awb-spacing-right-medium:1.92%;--awb-spacing-left-medium:1.92%;--awb-width-small:100%;--awb-order-small:0;--awb-spacing-right-small:1.92%;--awb-spacing-left-small:1.92%;\"><div class=\"fusion-column-wrapper fusion-column-has-shadow fusion-flex-justify-content-flex-start fusion-content-layout-column\"><div class=\"leaflet-map\" id=\"leaflet-map-id\"><\/div>\n<p class=\"map-caption\">W\u00e4hlen Sie die Standorte mit einem Klick aus f\u00fcr mehr Informationen.<\/p><!-- Load leaflet-map-from-csv.js -->\n<script id=\"leaflet-map-from-csv-js\" src=\"https:\/\/agripedia.ch\/wp-content\/uploads\/sites\/20\/leaflet\/js\/leaflet-map-from-csv_de.js\" data-csv-src=\"https:\/\/agripedia.ch\/wp-content\/uploads\/sites\/20\/leaflet\/data\/standorte-urbane-landwirtschaft-de.csv\" data-map-selector=\"leaflet-map-id\"><\/script>\n\n<!-- Full screen plugin for Leaflet -->\n<link rel=\"stylesheet\" href=\"https:\/\/agripedia.ch\/wp-content\/uploads\/sites\/20\/leaflet\/leaflet-fullscreen\/Control.FullScreen.css\" \/>\n<script src=\"https:\/\/agripedia.ch\/wp-content\/uploads\/sites\/20\/leaflet\/leaflet-fullscreen\/Control.FullScreen.js\"><\/script><\/div><\/div><div class=\"fusion-layout-column fusion_builder_column fusion-builder-column-2 fusion_builder_column_1_1 1_1 fusion-flex-column\" style=\"--awb-bg-size:cover;--awb-width-large:100%;--awb-margin-top-large:0px;--awb-spacing-right-large:1.92%;--awb-margin-bottom-large:20px;--awb-spacing-left-large:1.92%;--awb-width-medium:100%;--awb-order-medium:0;--awb-spacing-right-medium:1.92%;--awb-spacing-left-medium:1.92%;--awb-width-small:100%;--awb-order-small:0;--awb-spacing-right-small:1.92%;--awb-spacing-left-small:1.92%;\"><div class=\"fusion-column-wrapper fusion-column-has-shadow fusion-flex-justify-content-flex-start fusion-content-layout-column\"><div class=\"fusion-text fusion-text-2\"><h4>Auswahl der Beispiele (weitere Daten und Betriebe folgen)<\/h4>\n<p>F\u00fcr die Auswahl der Beispiele f\u00fcr die vorliegende Publikation sind wir von einem sehr breiten Verst\u00e4ndnis von urbaner Landwirtschaft ausgegangen. Wir wollen Beispiele aus unterschiedlichen Regionen der Schweiz aufzeigen und Themen aufgreifen, die f\u00fcr die urbane Landwirtschaft wichtig sind. So finden sich unter den vorgestellten Modellen Beispiele f\u00fcr urbane Landwirtschaft im engen Sinn (Stadtbauernh\u00f6fe auf st\u00e4dtischem Boden\/teilweise ausserhalb der Landwirtschaftszone) ebenso wie f\u00fcr Logistik, solidarische Landwirtschaft, unterschiedliche Organisationsformen und spezielle Produkte oder f\u00fcr den Fokus auf soziale Themen. Viele davon sind \u201emicrofermes\u201c \u2013 also meist von Permakultur und Agrar\u00f6kologie inspirierte Mikrobetriebe, die auf kleiner Fl\u00e4che intensiven Gem\u00fcsebau betreiben. Aus diesem Grund ist dieses Thema ein Schwerpunktthema der vorliegenden Publikation.<\/p>\n<\/div><\/div><\/div><\/div><\/div><div class=\"fusion-fullwidth fullwidth-box fusion-builder-row-2 fusion-flex-container nonhundred-percent-fullwidth non-hundred-percent-height-scrolling\" style=\"--awb-border-radius-top-left:0px;--awb-border-radius-top-right:0px;--awb-border-radius-bottom-right:0px;--awb-border-radius-bottom-left:0px;--awb-flex-wrap:wrap;\" ><div class=\"fusion-builder-row fusion-row fusion-flex-align-items-flex-start fusion-flex-content-wrap\" style=\"max-width:1144px;margin-left: calc(-4% \/ 2 );margin-right: calc(-4% \/ 2 );\"><div class=\"fusion-layout-column fusion_builder_column fusion-builder-column-3 fusion_builder_column_1_1 1_1 fusion-flex-column\" style=\"--awb-bg-size:cover;--awb-width-large:100%;--awb-margin-top-large:0px;--awb-spacing-right-large:1.92%;--awb-margin-bottom-large:20px;--awb-spacing-left-large:1.92%;--awb-width-medium:100%;--awb-order-medium:0;--awb-spacing-right-medium:1.92%;--awb-spacing-left-medium:1.92%;--awb-width-small:100%;--awb-order-small:0;--awb-spacing-right-small:1.92%;--awb-spacing-left-small:1.92%;\"><div class=\"fusion-column-wrapper fusion-column-has-shadow fusion-flex-justify-content-flex-start fusion-content-layout-column\">\n<div class=\"table-2\" id=\"agri-address-table\">\n<table width=\"100%\">\n<thead>\n<tr>\n<th>Portr\u00e4t<\/th>\n<th>Name<\/th>\n<th>Rechtsform<\/th>\n<th>Strasse<\/th>\n<th>Ort<\/th>\n<\/tr>\n<\/thead>\n<tbody>\n<tr>\n<td><a href=\"https:\/\/agripedia.ch\/agriculture-et-ville\/de\/a-la-belle-courgette\/\">A la Belle Courgette<\/a><\/td>\n<td>Association A la Belle Courgette<\/td>\n<td>Verein<\/td>\n<td>Les Sorens<\/td>\n<td>1030 Bussigny<\/td>\n<\/tr>\n<tr>\n<td><a href=\"https:\/\/agripedia.ch\/agriculture-et-ville\/de\/birsmattehof-einer-der-ersten-betriebe-mit-solidarischer-landwirtschaft\/\">Birsmattehof<\/a><\/td>\n<td>Agrico Genossenschaft<\/td>\n<td>Genossenschaft mit Arbeitseinsatz<\/td>\n<td>Birsmatthof 1<\/td>\n<td>4106 Therwil<\/td>\n<\/tr>\n<tr>\n<td><a href=\"https:\/\/agripedia.ch\/agriculture-et-ville\/de\/conprobio\/\">ConProBio<\/a><\/td>\n<td>Cooperativa Consumatori e Produttori del Biologico<\/td>\n<td>Kooperative<\/td>\n<td>Al Piano 2<\/td>\n<td>6593 Cadenazzo<\/td>\n<\/tr>\n<tr>\n<td><a href=\"https:\/\/agripedia.ch\/agriculture-et-ville\/de\/essblatt\/\">Essblatt<\/a><\/td>\n<td>Essblatt<\/td>\n<td>Ein-Frauen-Betrieb<\/td>\n<td>S\u00fcri 54<\/td>\n<td>3204 Rossh\u00e4usern<\/td>\n<\/tr>\n<tr>\n<td><a href=\"https:\/\/agripedia.ch\/agriculture-et-ville\/de\/ferme-de-bassenges\/\">Ferme de Bassenges<\/a><\/td>\n<td>Ferme de Bassenges<\/td>\n<td>GmbH<\/td>\n<td>Chemin de la Raye 12<\/td>\n<td>1024 Ecublens<\/td>\n<\/tr>\n<tr>\n<td><a href=\"https:\/\/agripedia.ch\/agriculture-et-ville\/de\/ferme-de-bude\/\">Ferme de Bud\u00e9<\/a><\/td>\n<td>Ferme de Bud\u00e9<\/td>\n<td>GmbH<\/td>\n<td>Chemin Mo\u00efse-Duboule 2<\/td>\n<td>1209 Gen\u00e8ve<\/td>\n<\/tr>\n<tr>\n<td><a href=\"https:\/\/agripedia.ch\/agriculture-et-ville\/de\/horai\/\">Horai<\/a><\/td>\n<td>Horai AG<\/td>\n<td>Aktiengesellschaft<\/td>\n<td>Kirchgasse 30<\/td>\n<td>3312 Fraubrunnen<\/td>\n<\/tr>\n<tr>\n<td><a href=\"https:\/\/agripedia.ch\/agriculture-et-ville\/de\/kulturhof-hinter-musegg\/\">Kulturhof Hinter Musegg<\/a><\/td>\n<td>Kulturhof Hinter Musegg<\/td>\n<td>Stiftung<\/td>\n<td>Diebold-Schilling-Strasse 13<\/td>\n<td>6004 Luzern<\/td>\n<\/tr>\n<tr class=\"agri-hide\">\n<td><a href=\"https:\/\/agripedia.ch\/agriculture-et-ville\/ortoloco\/\">Ortoloco, Produktion<\/a><\/td>\n<td>Ortoloco, Biohof Fondli GmbH<\/td>\n<td>Kooperative<\/td>\n<td>Spreitenbacherstrasse 35<\/td>\n<td>8953 Dietikon<\/td>\n<\/tr>\n<tr class=\"agri-hide\">\n<td><a href=\"https:\/\/agripedia.ch\/agriculture-et-ville\/ortoloco\/\">Ortoloco Administration<\/a><\/td>\n<td>Ortoloco, c\/o co_werk 5<\/td>\n<td>Kooperative<\/td>\n<td>Geerenweg 2<\/td>\n<td>8048 Z\u00fcrich<\/td>\n<\/tr>\n<tr>\n<td><a href=\"https:\/\/agripedia.ch\/agriculture-et-ville\/de\/quartierhof-wynegg\/\">Quartierhof Wynegg<\/a><\/td>\n<td>Quartierhof Wynegg<\/td>\n<td>Verein, Quartierhof<\/td>\n<td>Weineggstr. 44a<\/td>\n<td>8008 Z\u00fcrich<\/td>\n<\/tr>\n<tr>\n<td><a href=\"https:\/\/agripedia.ch\/agriculture-et-ville\/de\/rage-de-vert\/\">Rage de Vert<\/a><\/td>\n<td>Rage de Vert<\/td>\n<td>Verein<\/td>\n<td>Closel-Bourbon 3<\/td>\n<td>2075 Thielle-Wavre<\/td>\n<\/tr>\n<tr>\n<td><a href=\"https:\/\/agripedia.ch\/agriculture-et-ville\/de\/regioterre\/\">Regioterre<\/a><\/td>\n<td>regioterre<\/td>\n<td>Verein<\/td>\n<td>Sonnenstrasse 34<\/td>\n<td>9000 St.Gallen<\/td>\n<\/tr>\n<\/tbody>\n<\/table>\n<\/div>\n<\/div><\/div><\/div><\/div><div class=\"fusion-fullwidth fullwidth-box fusion-builder-row-3 fusion-flex-container nonhundred-percent-fullwidth non-hundred-percent-height-scrolling\" style=\"--awb-border-radius-top-left:0px;--awb-border-radius-top-right:0px;--awb-border-radius-bottom-right:0px;--awb-border-radius-bottom-left:0px;--awb-flex-wrap:wrap;\" ><div class=\"fusion-builder-row fusion-row fusion-flex-align-items-flex-start fusion-flex-content-wrap\" style=\"max-width:1144px;margin-left: calc(-4% \/ 2 );margin-right: calc(-4% \/ 2 );\"><div class=\"fusion-layout-column fusion_builder_column fusion-builder-column-4 fusion_builder_column_1_1 1_1 fusion-flex-column\" style=\"--awb-bg-size:cover;--awb-width-large:100%;--awb-margin-top-large:0px;--awb-spacing-right-large:1.92%;--awb-margin-bottom-large:20px;--awb-spacing-left-large:1.92%;--awb-width-medium:100%;--awb-order-medium:0;--awb-spacing-right-medium:1.92%;--awb-spacing-left-medium:1.92%;--awb-width-small:100%;--awb-order-small:0;--awb-spacing-right-small:1.92%;--awb-spacing-left-small:1.92%;\"><div class=\"fusion-column-wrapper fusion-column-has-shadow fusion-flex-justify-content-flex-start fusion-content-layout-column\"><div class=\"fusion-separator fusion-full-width-sep agri-separator\" style=\"align-self: center;margin-left: auto;margin-right: auto;width:100%;\"><\/div><div class=\"fusion-title title fusion-title-1 fusion-sep-none fusion-title-text fusion-title-size-four\"><h4 class=\"fusion-title-heading title-heading-left fusion-responsive-typography-calculated\" style=\"margin:0;--fontSize:24;--minFontSize:24;line-height:1.5;\">Kontakt und Fragen<\/h4><\/div><div class=\"fusion-text fusion-text-3\"><p><a href=\"mailto:florian.rudaz@agridea.ch\">Florian Rudaz<\/a> (fran\u00e7ais) et <a href=\"mailto:orlando.scholz@agridea.ch\">Orlando Scholz<\/a> (allemand), AGRIDEA<\/p>\n<\/div><\/div><\/div><div class=\"fusion-layout-column fusion_builder_column fusion-builder-column-5 fusion_builder_column_1_2 1_2 fusion-flex-column\" style=\"--awb-bg-size:cover;--awb-width-large:50%;--awb-margin-top-large:0px;--awb-spacing-right-large:3.84%;--awb-margin-bottom-large:20px;--awb-spacing-left-large:3.84%;--awb-width-medium:100%;--awb-order-medium:0;--awb-spacing-right-medium:1.92%;--awb-spacing-left-medium:1.92%;--awb-width-small:100%;--awb-order-small:0;--awb-spacing-right-small:1.92%;--awb-spacing-left-small:1.92%;\"><div class=\"fusion-column-wrapper fusion-column-has-shadow fusion-flex-justify-content-flex-start fusion-content-layout-column\"><div class=\"fusion-text fusion-text-4\"><p><strong>Partner bei der Realisierung einiger Portr\u00e4ts<\/strong><\/p>\n<\/div><div class=\"fusion-image-element \" style=\"--awb-max-width:286px;--awb-caption-title-font-family:var(--h2_typography-font-family);--awb-caption-title-font-weight:var(--h2_typography-font-weight);--awb-caption-title-font-style:var(--h2_typography-font-style);--awb-caption-title-size:var(--h2_typography-font-size);--awb-caption-title-transform:var(--h2_typography-text-transform);--awb-caption-title-line-height:var(--h2_typography-line-height);--awb-caption-title-letter-spacing:var(--h2_typography-letter-spacing);\"><span class=\" fusion-imageframe imageframe-none imageframe-1 hover-type-none mf-logo\"><img decoding=\"async\" width=\"286\" height=\"120\" alt=\"Logo FiBL\" title=\"Logo FiBL\" src=\"https:\/\/agripedia.ch\/urbane-landwirtschaft\/wp-content\/uploads\/sites\/20\/2020\/11\/Logo-FiBL.jpg\" class=\"img-responsive wp-image-207\" srcset=\"https:\/\/agripedia.ch\/agriculture-et-ville\/wp-content\/uploads\/sites\/20\/2020\/11\/Logo-FiBL-200x84.jpg 200w, https:\/\/agripedia.ch\/agriculture-et-ville\/wp-content\/uploads\/sites\/20\/2020\/11\/Logo-FiBL.jpg 286w\" sizes=\"(max-width: 1024px) 100vw, (max-width: 640px) 100vw, 286px\" \/><\/span><\/div><\/div><\/div><div class=\"fusion-layout-column fusion_builder_column fusion-builder-column-6 fusion_builder_column_1_2 1_2 fusion-flex-column mf-impressum\" style=\"--awb-bg-size:cover;--awb-width-large:50%;--awb-margin-top-large:0px;--awb-spacing-right-large:3.84%;--awb-margin-bottom-large:20px;--awb-spacing-left-large:3.84%;--awb-width-medium:100%;--awb-order-medium:0;--awb-spacing-right-medium:1.92%;--awb-spacing-left-medium:1.92%;--awb-width-small:100%;--awb-order-small:0;--awb-spacing-right-small:1.92%;--awb-spacing-left-small:1.92%;\"><div class=\"fusion-column-wrapper fusion-column-has-shadow fusion-flex-justify-content-flex-start fusion-content-layout-column\"><div class=\"accordian fusion-accordian mf-impressum-toggle\" style=\"--awb-border-size:1px;--awb-icon-size:20px;--awb-content-font-size:var(--awb-typography4-font-size);--awb-icon-alignment:left;--awb-hover-color:#ffffff;--awb-border-color:#cccccc;--awb-background-color:#ffffff;--awb-divider-color:var(--awb-color3);--awb-divider-hover-color:var(--awb-color3);--awb-icon-color:#7a7a7a;--awb-title-color:var(--awb-color8);--awb-content-color:var(--awb-color8);--awb-icon-box-color:#d8d8d8;--awb-toggle-hover-accent-color:#0f0f0f;--awb-title-font-family:var(--awb-typography1-font-family);--awb-title-font-weight:var(--awb-typography1-font-weight);--awb-title-font-style:var(--awb-typography1-font-style);--awb-title-font-size:16px;--awb-title-line-height:1.5;--awb-content-font-family:var(--awb-typography4-font-family);--awb-content-font-weight:var(--awb-typography4-font-weight);--awb-content-font-style:var(--awb-typography4-font-style);\"><div class=\"panel-group fusion-toggle-icon-unboxed\" id=\"accordion-8-1\"><div class=\"fusion-panel panel-default panel-2a30887a6bcc8ecd0 fusion-toggle-no-divider fusion-toggle-boxed-mode\"><div class=\"panel-heading\"><h4 class=\"panel-title toggle\" id=\"toggle_2a30887a6bcc8ecd0\"><a aria-expanded=\"false\" aria-controls=\"2a30887a6bcc8ecd0\" role=\"button\" data-toggle=\"collapse\" data-target=\"#2a30887a6bcc8ecd0\" href=\"#2a30887a6bcc8ecd0\"><span class=\"fusion-toggle-icon-wrapper\" aria-hidden=\"true\"><i class=\"fa-fusion-box active-icon awb-icon-minus\" aria-hidden=\"true\"><\/i><i class=\"fa-fusion-box inactive-icon awb-icon-plus\" aria-hidden=\"true\"><\/i><\/span><span class=\"fusion-toggle-heading\">Impressum<\/span><\/a><\/h4><\/div><div id=\"2a30887a6bcc8ecd0\" class=\"panel-collapse collapse \" aria-labelledby=\"toggle_2a30887a6bcc8ecd0\"><div class=\"panel-body toggle-content fusion-clearfix\">\n<p><strong>Herausgeberin<\/strong><\/p>\n<p>AGRIDEA<br \/>\nEschikon 28<br \/>\nCH-8315 Lindau<br \/>\nT +41 (0)52 354 97 00<\/p>\n<p><strong>Autorinnen<\/strong><\/p>\n<p>Ruth Moser, AGRIDEA<br \/>\nClaire Asfeld, AGRIDEA<br \/>\nDanielle Albiker, AGRIDEA<br \/>\nCamille Kroug, AGRIDEA<br \/>\nSara Widmer, AGRIDEA<br \/>\nH\u00e9l\u00e8ne Bougouin, FIBL<br \/>\nDelphine Piccot, FIBL<\/p>\n<p><strong>Gestaltung<\/strong><\/p>\n<p>Benjamin Gerwoll-Ronca, AGRIDEA<\/p>\n<p><strong>\u00dcbersetzung<\/strong><\/p>\n<p>Tradoubs und Trait d\u2019Union<\/p>\n<\/div><\/div><\/div><\/div><\/div><\/div><\/div><\/div><\/div><\/p>\n","protected":false},"excerpt":{"rendered":"","protected":false},"author":26,"featured_media":0,"parent":0,"menu_order":0,"comment_status":"closed","ping_status":"open","template":"","meta":{"_sb_is_suggestion_mode":false,"_sb_show_suggestion_boards":false,"_sb_show_comment_boards":false,"_sb_suggestion_history":"","_sb_update_block_changes":"","_monsterinsights_skip_tracking":false,"_monsterinsights_sitenote_active":false,"_monsterinsights_sitenote_note":"","_monsterinsights_sitenote_category":0,"footnotes":""},"class_list":["post-8","page","type-page","status-publish","hentry"],"aioseo_notices":[],"_links":{"self":[{"href":"https:\/\/agripedia.ch\/agriculture-et-ville\/de\/wp-json\/wp\/v2\/pages\/8","targetHints":{"allow":["GET"]}}],"collection":[{"href":"https:\/\/agripedia.ch\/agriculture-et-ville\/de\/wp-json\/wp\/v2\/pages"}],"about":[{"href":"https:\/\/agripedia.ch\/agriculture-et-ville\/de\/wp-json\/wp\/v2\/types\/page"}],"author":[{"embeddable":true,"href":"https:\/\/agripedia.ch\/agriculture-et-ville\/de\/wp-json\/wp\/v2\/users\/26"}],"replies":[{"embeddable":true,"href":"https:\/\/agripedia.ch\/agriculture-et-ville\/de\/wp-json\/wp\/v2\/comments?post=8"}],"version-history":[{"count":74,"href":"https:\/\/agripedia.ch\/agriculture-et-ville\/de\/wp-json\/wp\/v2\/pages\/8\/revisions"}],"predecessor-version":[{"id":2738,"href":"https:\/\/agripedia.ch\/agriculture-et-ville\/de\/wp-json\/wp\/v2\/pages\/8\/revisions\/2738"}],"wp:attachment":[{"href":"https:\/\/agripedia.ch\/agriculture-et-ville\/de\/wp-json\/wp\/v2\/media?parent=8"}],"curies":[{"name":"wp","href":"https:\/\/api.w.org\/{rel}","templated":true}]}}