{"id":470,"date":"2020-11-27T12:01:27","date_gmt":"2020-11-27T12:01:27","guid":{"rendered":"https:\/\/agripedia.ch\/urbane-landwirtschaft\/?page_id=470"},"modified":"2021-03-26T14:20:53","modified_gmt":"2021-03-26T14:20:53","slug":"horai","status":"publish","type":"page","link":"https:\/\/agripedia.ch\/agriculture-et-ville\/de\/horai\/","title":{"rendered":"Horai"},"content":{"rendered":"<p><div class=\"fusion-fullwidth fullwidth-box fusion-builder-row-1 nonhundred-percent-fullwidth non-hundred-percent-height-scrolling\" style=\"--awb-border-radius-top-left:0px;--awb-border-radius-top-right:0px;--awb-border-radius-bottom-right:0px;--awb-border-radius-bottom-left:0px;--awb-flex-wrap:wrap;\" ><div class=\"fusion-builder-row fusion-row\"><div class=\"fusion-layout-column fusion_builder_column fusion-builder-column-0 fusion_builder_column_3_5 3_5 fusion-three-fifth fusion-column-first\" style=\"--awb-bg-size:cover;--awb-margin-bottom:0px;width:58.4%; margin-right: 4%;\"><div class=\"fusion-column-wrapper fusion-flex-column-wrapper-legacy\"><div class=\"fusion-text fusion-text-1\"><p>Horai, gegr\u00fcndet 1984, ist wohl einer der kleinsten Grossisten der Schweiz und versteht sich als Vermarktungs- und Verteilplattform f\u00fcr regionale Bioprodukte im Raum Bern. Regionalit\u00e4t war von Beginn an ein wichtiger Teil der Betriebsstrategie: So setzt Horai zu einem gr\u00f6sseren Teil auf Produzent\/innen aus dem Umkreis von Bern, auf lokale Vermarktung und kurze Transportwege, viele Kundensegmente und auf den pers\u00f6nlichen Kontakt zu den Kunden. Die Aktiengesellschaft, die voll in den H\u00e4nden der Produzent\/innen, Kund\/innen und Mitarbeitenden ist, wollte nie stark wachsen oder national t\u00e4tig sein. Umso wichtiger ist f\u00fcr sie die N\u00e4he zur Stadt Bern. Mitten im Geschehen zu sein ist zwar eine grosse Herausforderung, bringt aber den Kontakt zu neuen innovativen Projekten und die M\u00f6glichkeit, neue Kundensegmente zu erschliessen.<\/p>\n<\/div><div class=\"fusion-clearfix\"><\/div><\/div><\/div><div class=\"fusion-layout-column fusion_builder_column fusion-builder-column-1 fusion_builder_column_2_5 2_5 fusion-two-fifth fusion-column-last\" style=\"--awb-bg-size:cover;width:37.6%;\"><div class=\"fusion-column-wrapper fusion-column-has-shadow fusion-flex-column-wrapper-legacy\"><div class=\"fusion-content-boxes content-boxes columns row fusion-columns-1 fusion-columns-total-1 fusion-content-boxes-1 content-boxes-icon-with-title content-left mf-summary\" style=\"--awb-hover-accent-color:#333333;--awb-circle-hover-accent-color:transparent;--awb-item-margin-bottom:40px;\" data-animationOffset=\"top-into-view\"><div style=\"--awb-backgroundcolor:rgba(255,255,255,0);\" class=\"fusion-column content-box-column content-box-column content-box-column-1 col-lg-12 col-md-12 col-sm-12 fusion-content-box-hover content-box-column-last content-box-column-last-in-row\"><div class=\"col content-box-wrapper content-wrapper link-area-link-icon icon-hover-animation-fade\" data-animationOffset=\"top-into-view\"><div class=\"heading icon-left\"><h2 class=\"content-box-heading fusion-responsive-typography-calculated\" style=\"--h2_typography-font-size:18px;--fontSize:18;line-height:1.5;\">Inhalt<\/h2><\/div><div class=\"fusion-clearfix\"><\/div><div class=\"content-container\">\n<ul>\n<li><a href=\"#steckbrief\">Steckbrief<\/a><\/li>\n<li><a href=\"#aktivit\u00e4ten\">Aktivit\u00e4ten<\/a><\/li>\n<li><a href=\"#arbeit\">Wer arbeitet mit?<\/a><\/li>\n<li><a href=\"#geschichte\">Geschichte und Zukunft<\/a><\/li>\n<li><a href=\"#finanzierung\">Finanzierung<\/a><\/li>\n<li><a href=\"#erfolge\">Erfolge<\/a><\/li>\n<li><a href=\"#herausforderungen\">Herausforderungen<\/a><\/li>\n<li><a href=\"#land\">Zugang zu Land<\/a><\/li>\n<li><a href=\"#stadtbezug\">Bezug zur Stadt<\/a><\/li>\n<li><a href=\"#st\u00e4rken\">St\u00e4rken<\/a><\/li>\n<\/ul>\n<\/div><\/div><\/div><div class=\"fusion-clearfix\"><\/div><\/div><div class=\"fusion-clearfix\"><\/div><\/div><\/div><\/div><\/div><div class=\"fusion-fullwidth fullwidth-box fusion-builder-row-2 fusion-flex-container mf-card-id nonhundred-percent-fullwidth non-hundred-percent-height-scrolling\" style=\"--awb-border-radius-top-left:0px;--awb-border-radius-top-right:0px;--awb-border-radius-bottom-right:0px;--awb-border-radius-bottom-left:0px;--awb-flex-wrap:wrap;\" ><div class=\"fusion-builder-row fusion-row fusion-flex-align-items-flex-start fusion-flex-content-wrap\" style=\"max-width:1144px;margin-left: calc(-4% \/ 2 );margin-right: calc(-4% \/ 2 );\"><div class=\"fusion-layout-column fusion_builder_column fusion-builder-column-2 fusion_builder_column_1_1 1_1 fusion-flex-column mf-card-id-heading\" style=\"--awb-bg-size:cover;--awb-width-large:100%;--awb-margin-top-large:0px;--awb-spacing-right-large:1.92%;--awb-margin-bottom-large:20px;--awb-spacing-left-large:1.92%;--awb-width-medium:100%;--awb-order-medium:0;--awb-spacing-right-medium:1.92%;--awb-spacing-left-medium:1.92%;--awb-width-small:100%;--awb-order-small:0;--awb-spacing-right-small:1.92%;--awb-spacing-left-small:1.92%;\" id=\"steckbrief\"><div class=\"fusion-column-wrapper fusion-column-has-shadow fusion-flex-justify-content-flex-start fusion-content-layout-column\"><div class=\"fusion-title title fusion-title-1 fusion-sep-none fusion-title-text fusion-title-size-four mf-card-id-title\"><h4 class=\"fusion-title-heading title-heading-left fusion-responsive-typography-calculated\" style=\"margin:0;--fontSize:24;--minFontSize:24;line-height:1.5;\">Steckbrief<\/h4><\/div><\/div><\/div><div class=\"fusion-layout-column fusion_builder_column fusion-builder-column-3 fusion_builder_column_1_2 1_2 fusion-flex-column\" style=\"--awb-bg-size:cover;--awb-width-large:50%;--awb-margin-top-large:0px;--awb-spacing-right-large:3.84%;--awb-margin-bottom-large:20px;--awb-spacing-left-large:3.84%;--awb-width-medium:100%;--awb-spacing-right-medium:1.92%;--awb-spacing-left-medium:1.92%;--awb-width-small:100%;--awb-spacing-right-small:1.92%;--awb-spacing-left-small:1.92%;\"><div class=\"fusion-column-wrapper fusion-column-has-shadow fusion-flex-justify-content-flex-start fusion-content-layout-column\"><div class=\"fusion-title title fusion-title-2 fusion-sep-none fusion-title-text fusion-title-size-four mf-contact\"><h4 class=\"fusion-title-heading title-heading-left fusion-responsive-typography-calculated\" style=\"margin:0;--fontSize:24;--minFontSize:24;line-height:1.5;\">Kontakt<\/h4><\/div><div class=\"fusion-text fusion-text-2\"><p>Horai AG<br \/>\nKirchgasse 30<br \/>\n3312 Fraubrunnen<\/p>\n<p>Telefon: +41 (0)31 380 53 33<br \/>\nE-mail: <a href=\"mailto:bestellung@horai.ch\">bestellung@horai.ch<\/a><\/p>\n<\/div><\/div><\/div><div class=\"fusion-layout-column fusion_builder_column fusion-builder-column-4 fusion_builder_column_1_2 1_2 fusion-flex-column\" style=\"--awb-bg-size:cover;--awb-width-large:50%;--awb-margin-top-large:0px;--awb-spacing-right-large:3.84%;--awb-margin-bottom-large:20px;--awb-spacing-left-large:3.84%;--awb-width-medium:100%;--awb-spacing-right-medium:1.92%;--awb-spacing-left-medium:1.92%;--awb-width-small:100%;--awb-spacing-right-small:1.92%;--awb-spacing-left-small:1.92%;\"><div class=\"fusion-column-wrapper fusion-column-has-shadow fusion-flex-justify-content-flex-start fusion-content-layout-column\">\n<div class=\"table-2\">\n<table width=\"100%\">\n<tbody>\n<tr>\n<td align=\"left\"><strong>Name:\u00a0<\/strong><\/td>\n<td align=\"left\">Horai<\/td>\n<\/tr>\n<tr>\n<td align=\"left\"><strong>Link:\u00a0<\/strong><\/td>\n<td align=\"left\"><a href=\"https:\/\/horai.ch\/\">www.horai.ch\u00a0<\/a><\/td>\n<\/tr>\n<tr>\n<td align=\"left\"><strong>Ort:\u00a0<\/strong><\/td>\n<td align=\"left\">neu seit 2018 in Fraubrunnen, BE; bis 2018 in der Stadt Bern<\/td>\n<\/tr>\n<tr>\n<td align=\"left\"><strong>Rechtsform:\u00a0<\/strong><\/td>\n<td align=\"left\">Aktiengesellschaft, Aktien sind im Besitz der Produzent\/innen, Kund\/innen und Mitarbeitenden; Produzent\/innen und Lieferant\/innen: 50,5%, Mitarbeitende: 24,0%, Kund\/innen der Horai AG 14,5%, Diverse 11%<\/td>\n<\/tr>\n<tr>\n<td align=\"left\"><strong>Mitarbeitende:\u00a0<\/strong><\/td>\n<td align=\"left\">18 Mitarbeitende, 14 Vollzeitstellen<\/td>\n<\/tr>\n<tr>\n<td align=\"left\"><strong>Gr\u00f6sse:\u00a0<\/strong><\/td>\n<td align=\"left\">Grossist mit einem Jahresumsatz von ca. 7,8 Mio CHF<\/td>\n<\/tr>\n<tr>\n<td align=\"left\"><strong>Landwirtschaftszone: <\/strong><\/td>\n<td align=\"left\">nein<\/td>\n<\/tr>\n<\/tbody>\n<\/table>\n<\/div>\n<\/div><\/div><\/div><\/div><div class=\"fusion-fullwidth fullwidth-box fusion-builder-row-3 nonhundred-percent-fullwidth non-hundred-percent-height-scrolling\" style=\"--awb-border-radius-top-left:0px;--awb-border-radius-top-right:0px;--awb-border-radius-bottom-right:0px;--awb-border-radius-bottom-left:0px;--awb-flex-wrap:wrap;\" ><div class=\"fusion-builder-row fusion-row\"><div class=\"fusion-layout-column fusion_builder_column fusion-builder-column-5 fusion_builder_column_1_1 1_1 fusion-one-full fusion-column-first fusion-column-last\" style=\"--awb-bg-size:cover;\" id=\"aktivit\u00e4ten\"><div class=\"fusion-column-wrapper fusion-column-has-shadow fusion-flex-column-wrapper-legacy\"><div class=\"fusion-title title fusion-title-3 fusion-sep-none fusion-title-text fusion-title-size-four\"><h4 class=\"fusion-title-heading title-heading-left fusion-responsive-typography-calculated\" style=\"margin:0;--fontSize:24;--minFontSize:24;line-height:1.5;\">Aktivit\u00e4ten<\/h4><\/div><div class=\"fusion-text fusion-text-3\"><p>Das Verteilgebiet von Horai erstreckt sich auf den ganzen Kanton Bern. Dieses wurde mit der Zeit immer besser durchdrungen, wobei Horai im l\u00e4ndlichen Raum manchmal an Grenzen st\u00f6sst, da die Belieferung einzelner Orte wirtschaftlich gesehen nicht interessant ist. Circa 60% der Kundschaft ist st\u00e4dtisch. Knapp 2\/3 der Kunden sind Bio-L\u00e4den, dazu kommen Gastronomie, kleinere Gemeinschaftsgastronomie, Heime und \u2013 vor allem in Zeiten, in denen es wenig Gem\u00fcse gibt \u2013 Marktfahrer und Hofl\u00e4den. Auch Hauslieferdienste geh\u00f6ren zur Kundschaft von Horai, Privathaushalte jedoch nicht.<br \/>\nZu den Produzenten geh\u00f6ren Bauern, Molkereien, Tofuhersteller etc. Etwa zwei Drittel davon sind aus einem Umkreis von 40 bis 50 Kilometer rund um Bern, wobei es leichte saisonale Schwankungen gibt. Erg\u00e4nzt wird das Angebot durch Produkte von \u00fcberregionalen, gr\u00f6sseren Produzenten. Dies ist n\u00f6tig, um Liefermengen garantieren zu k\u00f6nnen. So kann eine Kleinmolkerei beispielsweise nicht alleine die geforderte Menge Rahm anbieten.<br \/>\nHorai setzt nicht auf grosse Expansion, Wachstum im kleinen Stil ist aber wichtig, um \u00fcberleben zu k\u00f6nnen \u2013 ganz nach dem Motto \u201eklein aber fein\u201c. Dieses erfolgt vor allem \u00fcber eine bessere Durchdringung des Verteilgebiets, etwa durch neue Kunden wie Caterer oder Gastronomiebetriebe. Gerade in diesem Bereich tut sich viel in der Stadt Bern und es ist wichtig f\u00fcr Horai, am Ball zu bleiben und mitten im Geschehen zu sein. Denn viele der neuen Projekte, die auf regionale Kulinarik setzen, sind potenziell auch neue Kundschaft f\u00fcr Horai. \u00dcberhaupt setzt der Grossist sehr auf den pers\u00f6nlichen Kontakt und die N\u00e4he zur Kundschaft. Daf\u00fcr sind die Mitarbeitenden zentral. Das zeigt sich auch in der Mitarbeiterstruktur: rund ein Drittel der Mitarbeitenden ist direkt aus der Stadt Bern.<\/p>\n<\/div><div class=\"fusion-clearfix\"><\/div><\/div><\/div><div class=\"fusion-layout-column fusion_builder_column fusion-builder-column-6 fusion_builder_column_1_1 1_1 fusion-one-full fusion-column-first fusion-column-last\" style=\"--awb-bg-size:cover;\" id=\"arbeit\"><div class=\"fusion-column-wrapper fusion-column-has-shadow fusion-flex-column-wrapper-legacy\"><div class=\"fusion-title title fusion-title-4 fusion-sep-none fusion-title-text fusion-title-size-four\"><h4 class=\"fusion-title-heading title-heading-left fusion-responsive-typography-calculated\" style=\"margin:0;--fontSize:24;--minFontSize:24;line-height:1.5;\">Wer arbeitet mit?<\/h4><\/div><div class=\"fusion-text fusion-text-4\"><p>Markus Keller ist seit 1995 Gesch\u00e4ftsf\u00fchrer von Horai. Der Quereinsteiger, der eigentlich Strafrecht und Psychologie studierte, hatte urspr\u00fcnglich nicht vor, so lange bei Horai zu bleiben. Doch der spannende Job hat ihn schliesslich sogar dazu gebracht, seine Studien an den Nagel zu h\u00e4ngen.<br \/>\nNebst dem Gesch\u00e4ftsf\u00fchrer gibt es Mitarbeitende f\u00fcr den Einkauf, den Verkauf, das Lager sowie die Chauffeure. Wobei Horai sehr darauf achtet, dass eine Person mehrere Segmente abdecken kann. Ein Kunde sollte bei Horai immer bei einer kompetenten Person landen, was zwar h\u00f6here Anforderungen an die Mitarbeitenden, aber auch mehr Eigenverantwortung mit sich bringt. Die flache Hierarchie, eher informelle Entscheidungsstrukturen ebenso wie der hohe Anteil an Mitarbeitenden aus den Gebieten, wo Horai t\u00e4tig ist, machen sich im Sinne einer m\u00f6glichst grossen N\u00e4he zur Kundschaft und pers\u00f6nlicher Beziehungen zu den Kunden und Lieferanten f\u00fcr das Unternehmen aber sicher bezahlt.<br \/>\nDer Verwaltungsrat ist mit derzeit zwei Vertretern der landwirtschaftlichen Produzenten, dem Treuh\u00e4nder und dem Gesch\u00e4ftsf\u00fchrer eher schlank. F\u00fcr Markus Keller ist das gut so, um auf Basis von Argumenten und nicht aufgrund von Mehrheiten Entscheidungen f\u00e4llen zu k\u00f6nnen.<\/p>\n<\/div><div class=\"fusion-clearfix\"><\/div><\/div><\/div><div class=\"fusion-layout-column fusion_builder_column fusion-builder-column-7 fusion_builder_column_1_1 1_1 fusion-one-full fusion-column-first fusion-column-last\" style=\"--awb-bg-size:cover;\" id=\"geschichte\"><div class=\"fusion-column-wrapper fusion-column-has-shadow fusion-flex-column-wrapper-legacy\"><div class=\"fusion-title title fusion-title-5 fusion-sep-none fusion-title-text fusion-title-size-four\"><h4 class=\"fusion-title-heading title-heading-left fusion-responsive-typography-calculated\" style=\"margin:0;--fontSize:24;--minFontSize:24;line-height:1.5;\">Geschichte und Zukunft<\/h4><\/div><div class=\"fusion-text fusion-text-5\"><p>Horai entstand 1984 aus einer Idee am K\u00fcchentisch. Damals fehlte in Bern eine Handelsstruktur mit N\u00e4he zur Landwirtschaft. Erstes Produkt war Demeter-Quark. Der Wunsch, diesen vom biodynamischen Niederried-Betrieb im Emmental zu den Kundinnen und Kunden in der Stadt zu bringen, gab den Anstoss daf\u00fcr, \u00fcber die Gr\u00fcndung einer Vermarktungs- und Verteilplattform f\u00fcr biologisch hergestellte Lebensmittel im Raum Bern nachzudenken.<br \/>\nDas Unternehmen wurde als Kollektivgesellschaft gegr\u00fcndet, 1993 aber in eine Aktiengesellschaft umgewandelt. Als sich vor einigen Jahren einer der beiden Firmengr\u00fcnder zur\u00fcckzog und seine Aktien zum Verkauf anbot, ergab sich die Gelegenheit, die Aktion\u00e4rsstruktur neu zu gestalten: Seither ist das Unternehmen in der Hand der Produzierenden, Mitarbeitenden und Kundinnen und Kunden. Das obere Limit f\u00fcr Aktienbesitz liegt bei 15 Prozent, diese Regelung gew\u00e4hrleistet, dass Horai selbst und im Kollektiv entscheiden kann. Derzeit halten die Produzent\/innen die Mehrheit der Aktien, knapp ein Viertel ist in der Hand der Mitarbeitenden und etwa 15% in der Hand von Kundinnen und Kunden.<br \/>\nDer Standort in Bern war f\u00fcr das Unternehmen lange Zeit zentral. Und doch wurde schliesslich ein Umzug an die Peripherie der Stadt unumg\u00e4nglich. Nach zehn Jahren erfolgloser Standortsuche innerhalb der Stadt setzte sich die Einsicht durch, dass es f\u00fcr einen solchen Standort wohl zu viele Hindernisse gibt: dazu geh\u00f6rt die Zonenplanung, die kaum ausreichend Lager und Parkpl\u00e4tze erm\u00f6glicht, ebenso wie steigende Mieten und kurze Mietvertr\u00e4ge. Die Risiken schienen zu gross, eine l\u00e4ngerfristige Perspektive nicht realistisch. Seit Oktober 2018 ist Horai nun in Fraubrunnen in den Geb\u00e4uden einer ehemaligen M\u00f6belfabrik. Der neue Standort bringt das Unternehmen n\u00e4her an die Produzentinnen und Produzenten heran und stellt doch die N\u00e4he zur Stadt Bern sicher.<\/p>\n<\/div><div class=\"fusion-clearfix\"><\/div><\/div><\/div><div class=\"fusion-layout-column fusion_builder_column fusion-builder-column-8 fusion_builder_column_1_1 1_1 fusion-one-full fusion-column-first fusion-column-last\" style=\"--awb-bg-size:cover;\"><div class=\"fusion-column-wrapper fusion-column-has-shadow fusion-flex-column-wrapper-legacy\"><div class=\"fusion-title title fusion-title-6 fusion-sep-none fusion-title-text fusion-title-size-four\" id=\"finanzierung\"><h4 class=\"fusion-title-heading title-heading-left fusion-responsive-typography-calculated\" style=\"margin:0;--fontSize:24;--minFontSize:24;line-height:1.5;\">Finanzierung<\/h4><\/div><div class=\"fusion-text fusion-text-6\"><p>Horai ist eine Aktiengesellschaft, die in der Hand der Produzent\/innen, Kund\/innen und Mitarbeitenden ist. Das Unternehmen ist damit nicht auf das Kapital anderer Investoren angewiesen. Zwar gab es in der Startphase Personen und Institutionen, die Darlehen zur Verf\u00fcgung gestellt haben, doch diese konnten im Laufe der Jahre wieder zur\u00fcckgezahlt werden. Die Investitionen f\u00fcr den Umzug wurden zu 50% mit Bankdarlehen finanziert. Die laufenden Kosten werden \u00fcber eine Marge auf die Produkte gedeckt.<\/p>\n<\/div><div class=\"fusion-testimonials classic awb-speech-bubble-show fusion-testimonials-1\" style=\"--awb-textcolor:#747474;--awb-backgroundcolor:#f6f6f6;--awb-testimonial-border-style:solid;--awb-testimonial-border-color:var(--awb-color3);--awb-border-top-left-radius:0px;--awb-border-top-right-radius:0px;--awb-border-bottom-left-radius:0px;--awb-border-bottom-right-radius:0px;--testimonial-border-width-top:0px;--testimonial-border-width-right:0px;--testimonial-border-width-bottom:0px;--testimonial-border-width-left:0px;\" data-random=\"0\" data-speed=\"4000\"><div class=\"reviews\"><div class=\"review active-testimonial no-avatar\"><blockquote><div class=\"awb-quote\"><div class=\"awb-quote-content\">\n<p>\u00abHorai ist wohl die genossenschaftlichste AG, die man sich vorstellen kann.\u00bb<\/p>\n<\/div><\/div><span class=\"awb-triangle\"><\/span><\/blockquote><div class=\"author\"><span class=\"company-name\"><strong>Markus Keller<\/strong><span>, <\/span><span>Gesch\u00e4ftsf\u00fchrer <\/span><\/span><\/div><\/div><\/div><\/div><div class=\"fusion-clearfix\"><\/div><\/div><\/div><div class=\"fusion-layout-column fusion_builder_column fusion-builder-column-9 fusion_builder_column_1_1 1_1 fusion-one-full fusion-column-first fusion-column-last\" style=\"--awb-bg-size:cover;\" id=\"erfolge\"><div class=\"fusion-column-wrapper fusion-column-has-shadow fusion-flex-column-wrapper-legacy\"><div class=\"fusion-title title fusion-title-7 fusion-sep-none fusion-title-text fusion-title-size-four\"><h4 class=\"fusion-title-heading title-heading-left fusion-responsive-typography-calculated\" style=\"margin:0;--fontSize:24;--minFontSize:24;line-height:1.5;\">Erfolge<\/h4><\/div><div class=\"fusion-text fusion-text-7\"><p>Erfolgsfaktoren sind die \u00fcberschaubare Struktur sowie die pers\u00f6nlichen Kontakte zu den Produzent\/innen und zur Kundschaft. Intern wie extern wird stark auf Begegnung gesetzt, die Entscheidungsprozesse sind eher informell. Damit das funktioniert, sind die Mitarbeitenden zentral, die bei Horai alle ein hohes Mass an Eigenverantwortung haben. Auch im Umgang mit Mitbewerbern setzt Horai auf Kooperation und ist mit dieser Strategie immer gut gefahren.<\/p>\n<\/div><div class=\"fusion-testimonials classic awb-speech-bubble-show fusion-testimonials-2\" style=\"--awb-textcolor:#747474;--awb-backgroundcolor:#f6f6f6;--awb-testimonial-border-style:solid;--awb-testimonial-border-color:var(--awb-color3);--awb-border-top-left-radius:0px;--awb-border-top-right-radius:0px;--awb-border-bottom-left-radius:0px;--awb-border-bottom-right-radius:0px;--testimonial-border-width-top:0px;--testimonial-border-width-right:0px;--testimonial-border-width-bottom:0px;--testimonial-border-width-left:0px;\" data-random=\"0\" data-speed=\"4000\"><div class=\"reviews\"><div class=\"review active-testimonial no-avatar\"><blockquote><div class=\"awb-quote\"><div class=\"awb-quote-content\">\n<p>\u00abUnserer Strategie ist nicht, andere zu verdr\u00e4ngen, f\u00fcr Fleisch fehlt uns z.B. die Kompetenz. Wir wollen auch nicht mit k\u00fcchenfertigen Produkten trumpfen. Wir sind mit der Ko-Existenz von verschiedenen Vermarktungsstrukturen gross geworden und bef\u00fcrworten das auch. Z.B. Kunden als Marktfahrer \u2013 die haben teilweise ihre eigenen Strukturen oder auch Gem\u00fcsekisten etc. Solange das mit gleich langen Spiessen passiert, ist das kein Problem, im Gegenteil. Es gibt auch das Ph\u00e4nomen, dass Leute ein neues Unternehmen gr\u00fcnden und erst sp\u00e4ter rechnen \u2026 Wenn man faire L\u00f6hne bezahlen will, dann ist Kooperation das Zentrale. Kooperation geh\u00f6rt zu unserem Gesch\u00e4ftsmodell \u2013 mit Kleinen, aber auch mit ganz Grossen. Das funktioniert mit fast allen recht gut.\u00bb<\/p>\n<\/div><\/div><span class=\"awb-triangle\"><\/span><\/blockquote><div class=\"author\"><span class=\"company-name\"><strong> Markus Keller<\/strong><span>, <\/span><span>Gesch\u00e4ftsf\u00fchrer<\/span><\/span><\/div><\/div><\/div><\/div><div class=\"fusion-clearfix\"><\/div><\/div><\/div><div class=\"fusion-layout-column fusion_builder_column fusion-builder-column-10 fusion_builder_column_1_1 1_1 fusion-one-full fusion-column-first fusion-column-last\" style=\"--awb-bg-size:cover;\" id=\"herausforderungen\"><div class=\"fusion-column-wrapper fusion-column-has-shadow fusion-flex-column-wrapper-legacy\"><div class=\"fusion-title title fusion-title-8 fusion-sep-none fusion-title-text fusion-title-size-four\"><h4 class=\"fusion-title-heading title-heading-left fusion-responsive-typography-calculated\" style=\"margin:0;--fontSize:24;--minFontSize:24;line-height:1.5;\">Herausforderungen<\/h4><\/div><div class=\"fusion-text fusion-text-8\"><p>Die gr\u00f6ssten Herausforderungen sind die engen Lieferzeitfenster der Kunden sowie gleichzeitig die Arbeitsqualit\u00e4t der Mitarbeitenden zu gew\u00e4hrleisten. Gastronomie und L\u00e4den haben hier unterschiedliche Anspr\u00fcche. Staus oder Unvorhergesehenes wie Unf\u00e4lle k\u00f6nnen zu Versp\u00e4tungen f\u00fchren. Zudem werden die gesetzlichen Anforderungen strenger. In den Jahren, in denen Horai in Bern war, musste man sich ausserdem mit verschiedenen Empfindlichkeiten von Anwohnern, zum Beispiel L\u00e4rm, auseinandersetzen.<br \/>\nEine Sorge im Zusammenhang mit dem Umzug nach Fraubrunnen war, dass Horai nicht mehr so nahe an bestehenden und potenziellen Neukunden dran sein kann. Diese Sorge hat sich gl\u00fccklicherweise nicht als begr\u00fcndet herausgestellt.<\/p>\n<\/div><div class=\"fusion-clearfix\"><\/div><\/div><\/div><div class=\"fusion-layout-column fusion_builder_column fusion-builder-column-11 fusion_builder_column_1_1 1_1 fusion-one-full fusion-column-first fusion-column-last\" style=\"--awb-bg-size:cover;\" id=\"stadtbezug\"><div class=\"fusion-column-wrapper fusion-column-has-shadow fusion-flex-column-wrapper-legacy\"><div class=\"fusion-title title fusion-title-9 fusion-sep-none fusion-title-text fusion-title-size-four\"><h4 class=\"fusion-title-heading title-heading-left fusion-responsive-typography-calculated\" style=\"margin:0;--fontSize:24;--minFontSize:24;line-height:1.5;\">Bezug zur Stadt<\/h4><\/div><div class=\"fusion-text fusion-text-9\"><p>Der Bezug zur Stadt Bern war und ist f\u00fcr Horai zentral. Das Unternehmen versteht sich als Plattform f\u00fcr die Produzentinnen und Produzenten und verfolgt das Ziel m\u00f6glichst viele Produkte aus der n\u00e4heren Umgebung der Stadt anzubieten. Der neue Standort in Fraubrunnen bringt mehr N\u00e4he zu den Produzent\/innen. Was die N\u00e4he zur Kundschaft betrifft, stellt er jedoch auch ein gewisses Risiko dar. In Bern tut sich viel, es entstehen immer wieder neue innovative Projekte rund ums Thema Essen, da ist es wichtig am Ball zu bleiben. Die Belegschaft, die zu einem wesentlichen Teil aus der Stadt kommt oder einen starken Bezug zu Bern hat, spielt daher eine entscheidende Rolle, um auch in Zukunft m\u00f6glichst nah dran zu sein.<\/p>\n<\/div><div class=\"fusion-clearfix\"><\/div><\/div><\/div><div class=\"fusion-layout-column fusion_builder_column fusion-builder-column-12 fusion_builder_column_1_1 1_1 fusion-one-full fusion-column-first fusion-column-last\" style=\"--awb-bg-size:cover;\" id=\"st\u00e4rken\"><div class=\"fusion-column-wrapper fusion-column-has-shadow fusion-flex-column-wrapper-legacy\"><div class=\"fusion-title title fusion-title-10 fusion-sep-none fusion-title-text fusion-title-size-four\"><h4 class=\"fusion-title-heading title-heading-left fusion-responsive-typography-calculated\" style=\"margin:0;--fontSize:24;--minFontSize:24;line-height:1.5;\">St\u00e4rken<\/h4><\/div><div class=\"fusion-text fusion-text-10\"><ul>\n<li>Mitarbeitende, die einen Bezug zu den Liefergebieten und den Produzenten haben: Diese sind mitten im Geschehen und bekommen mit, was l\u00e4uft.<\/li>\n<li>Flache Hierarchie und grosse Eigenverantwortung der Mitarbeitenden<\/li>\n<li>Kurze Transportwege<\/li>\n<li>N\u00e4he zu den Produzierenden und zur Kundschaft<\/li>\n<\/ul>\n<\/div><div class=\"fusion-clearfix\"><\/div><\/div><\/div><\/div><\/div><\/p>\n","protected":false},"excerpt":{"rendered":"","protected":false},"author":234,"featured_media":0,"parent":0,"menu_order":0,"comment_status":"closed","ping_status":"closed","template":"","meta":{"_sb_is_suggestion_mode":false,"_sb_show_suggestion_boards":false,"_sb_show_comment_boards":false,"_sb_suggestion_history":"","_sb_update_block_changes":"","_monsterinsights_skip_tracking":false,"_monsterinsights_sitenote_active":false,"_monsterinsights_sitenote_note":"","_monsterinsights_sitenote_category":0,"footnotes":""},"class_list":["post-470","page","type-page","status-publish","hentry"],"aioseo_notices":[],"_links":{"self":[{"href":"https:\/\/agripedia.ch\/agriculture-et-ville\/de\/wp-json\/wp\/v2\/pages\/470","targetHints":{"allow":["GET"]}}],"collection":[{"href":"https:\/\/agripedia.ch\/agriculture-et-ville\/de\/wp-json\/wp\/v2\/pages"}],"about":[{"href":"https:\/\/agripedia.ch\/agriculture-et-ville\/de\/wp-json\/wp\/v2\/types\/page"}],"author":[{"embeddable":true,"href":"https:\/\/agripedia.ch\/agriculture-et-ville\/de\/wp-json\/wp\/v2\/users\/234"}],"replies":[{"embeddable":true,"href":"https:\/\/agripedia.ch\/agriculture-et-ville\/de\/wp-json\/wp\/v2\/comments?post=470"}],"version-history":[{"count":30,"href":"https:\/\/agripedia.ch\/agriculture-et-ville\/de\/wp-json\/wp\/v2\/pages\/470\/revisions"}],"predecessor-version":[{"id":1473,"href":"https:\/\/agripedia.ch\/agriculture-et-ville\/de\/wp-json\/wp\/v2\/pages\/470\/revisions\/1473"}],"wp:attachment":[{"href":"https:\/\/agripedia.ch\/agriculture-et-ville\/de\/wp-json\/wp\/v2\/media?parent=470"}],"curies":[{"name":"wp","href":"https:\/\/api.w.org\/{rel}","templated":true}]}}