{"id":338,"date":"2020-11-26T14:24:41","date_gmt":"2020-11-26T14:24:41","guid":{"rendered":"https:\/\/agripedia.ch\/urbane-landwirtschaft\/?page_id=338"},"modified":"2021-04-07T03:24:09","modified_gmt":"2021-04-07T03:24:09","slug":"conprobio","status":"publish","type":"page","link":"https:\/\/agripedia.ch\/agriculture-et-ville\/de\/conprobio\/","title":{"rendered":"ConProBio"},"content":{"rendered":"<p><div class=\"fusion-fullwidth fullwidth-box fusion-builder-row-1 nonhundred-percent-fullwidth non-hundred-percent-height-scrolling\" style=\"--awb-border-radius-top-left:0px;--awb-border-radius-top-right:0px;--awb-border-radius-bottom-right:0px;--awb-border-radius-bottom-left:0px;--awb-flex-wrap:wrap;\" ><div class=\"fusion-builder-row fusion-row\"><div class=\"fusion-layout-column fusion_builder_column fusion-builder-column-0 fusion_builder_column_3_5 3_5 fusion-three-fifth fusion-column-first\" style=\"--awb-bg-size:cover;--awb-margin-bottom:0px;width:58.4%; margin-right: 4%;\"><div class=\"fusion-column-wrapper fusion-flex-column-wrapper-legacy\"><div class=\"fusion-text fusion-text-1\"><p>Aus dem Bed\u00fcrfnis heraus, zu Tessiner Bioprodukten zu gelangen, haben sich Anfang der 1990er-Jahre Konsument\/innen mit Produzent\/innen zusammengeschlossen, da eine Struktur f\u00fcr die regionale Vermarktung der Produkte fehlte. Aus einer anf\u00e4nglich kleinen Gruppe ist \u00fcber die Jahre eine grosse, professionelle Logistik f\u00fcr Bio-Produkte entstanden: die ConProBio (Cooperativa Consumatori e Produttori del Biologico).<\/p>\n<\/div><div class=\"fusion-testimonials classic awb-speech-bubble-show fusion-testimonials-1\" style=\"--awb-textcolor:#747474;--awb-backgroundcolor:#f6f6f6;--awb-testimonial-border-style:solid;--awb-testimonial-border-color:var(--awb-color3);--awb-border-top-left-radius:0px;--awb-border-top-right-radius:0px;--awb-border-bottom-left-radius:0px;--awb-border-bottom-right-radius:0px;--testimonial-border-width-top:0px;--testimonial-border-width-right:0px;--testimonial-border-width-bottom:0px;--testimonial-border-width-left:0px;\" data-random=\"0\" data-speed=\"4000\"><div class=\"reviews\"><div class=\"review active-testimonial no-avatar\"><blockquote><div class=\"awb-quote\"><div class=\"awb-quote-content\">\n<p>\u00abDas Ganze ist aus etwas sehr kleinem heraus gewachsen. Es hat sicherlich auch ein bisschen Naivit\u00e4t gebraucht, um \u00fcberhaupt zu starten.\u00bb<\/p>\n<\/div><\/div><span class=\"awb-triangle\"><\/span><\/blockquote><div class=\"author\"><span class=\"company-name\"><strong>Brigitte Bertoli<\/strong><span>, <\/span><span>Gr\u00fcndungsmitglied und ehemalige Gesch\u00e4ftsf\u00fchrerin<\/span><\/span><\/div><\/div><\/div><\/div><div class=\"fusion-clearfix\"><\/div><\/div><\/div><div class=\"fusion-layout-column fusion_builder_column fusion-builder-column-1 fusion_builder_column_2_5 2_5 fusion-two-fifth fusion-column-last\" style=\"--awb-bg-size:cover;width:37.6%;\"><div class=\"fusion-column-wrapper fusion-column-has-shadow fusion-flex-column-wrapper-legacy\"><div class=\"fusion-content-boxes content-boxes columns row fusion-columns-1 fusion-columns-total-1 fusion-content-boxes-1 content-boxes-icon-with-title content-left mf-summary\" style=\"--awb-hover-accent-color:#333333;--awb-circle-hover-accent-color:transparent;--awb-item-margin-bottom:40px;\" data-animationOffset=\"top-into-view\"><div style=\"--awb-backgroundcolor:rgba(255,255,255,0);\" class=\"fusion-column content-box-column content-box-column content-box-column-1 col-lg-12 col-md-12 col-sm-12 fusion-content-box-hover content-box-column-last content-box-column-last-in-row\"><div class=\"col content-box-wrapper content-wrapper link-area-link-icon icon-hover-animation-fade\" data-animationOffset=\"top-into-view\"><div class=\"heading icon-left\"><h2 class=\"content-box-heading fusion-responsive-typography-calculated\" style=\"--h2_typography-font-size:18px;--fontSize:18;line-height:1.5;\">Inhalt<\/h2><\/div><div class=\"fusion-clearfix\"><\/div><div class=\"content-container\">\n<ul>\n<li><a href=\"#steckbrief\">Steckbrief<\/a><\/li>\n<li><a href=\"#aktivit\u00e4ten\">Aktivit\u00e4ten<\/a><\/li>\n<li><a href=\"#arbeit\">Wer arbeitet mit?<\/a><\/li>\n<li><a href=\"#geschichte\">Geschichte und Zukunft<\/a><\/li>\n<li><a href=\"#finanzierung\">Finanzierung<\/a><\/li>\n<li><a href=\"#erfolge\">Erfolge<\/a><\/li>\n<li><a href=\"#herausforderungen\">Herausforderungen<\/a><\/li>\n<li><a href=\"#land\">Zugang zu Land<\/a><\/li>\n<li><a href=\"#stadtbezug\">Bezug zur Stadt<\/a><\/li>\n<li><a href=\"#st\u00e4rken\">St\u00e4rken<\/a><\/li>\n<\/ul>\n<\/div><\/div><\/div><div class=\"fusion-clearfix\"><\/div><\/div><div class=\"fusion-clearfix\"><\/div><\/div><\/div><\/div><\/div><div class=\"fusion-fullwidth fullwidth-box fusion-builder-row-2 fusion-flex-container mf-card-id nonhundred-percent-fullwidth non-hundred-percent-height-scrolling\" style=\"--awb-border-radius-top-left:0px;--awb-border-radius-top-right:0px;--awb-border-radius-bottom-right:0px;--awb-border-radius-bottom-left:0px;--awb-flex-wrap:wrap;\" ><div class=\"fusion-builder-row fusion-row fusion-flex-align-items-flex-start fusion-flex-content-wrap\" style=\"max-width:1144px;margin-left: calc(-4% \/ 2 );margin-right: calc(-4% \/ 2 );\"><div class=\"fusion-layout-column fusion_builder_column fusion-builder-column-2 fusion_builder_column_1_1 1_1 fusion-flex-column mf-card-id-heading\" style=\"--awb-bg-size:cover;--awb-width-large:100%;--awb-margin-top-large:0px;--awb-spacing-right-large:1.92%;--awb-margin-bottom-large:20px;--awb-spacing-left-large:1.92%;--awb-width-medium:100%;--awb-order-medium:0;--awb-spacing-right-medium:1.92%;--awb-spacing-left-medium:1.92%;--awb-width-small:100%;--awb-order-small:0;--awb-spacing-right-small:1.92%;--awb-spacing-left-small:1.92%;\" id=\"steckbrief\"><div class=\"fusion-column-wrapper fusion-column-has-shadow fusion-flex-justify-content-flex-start fusion-content-layout-column\"><div class=\"fusion-title title fusion-title-1 fusion-sep-none fusion-title-text fusion-title-size-four mf-card-id-title\"><h4 class=\"fusion-title-heading title-heading-left fusion-responsive-typography-calculated\" style=\"margin:0;--fontSize:24;--minFontSize:24;line-height:1.5;\">Steckbrief<\/h4><\/div><\/div><\/div><div class=\"fusion-layout-column fusion_builder_column fusion-builder-column-3 fusion_builder_column_1_2 1_2 fusion-flex-column\" style=\"--awb-bg-size:cover;--awb-width-large:50%;--awb-margin-top-large:0px;--awb-spacing-right-large:3.84%;--awb-margin-bottom-large:20px;--awb-spacing-left-large:3.84%;--awb-width-medium:100%;--awb-spacing-right-medium:1.92%;--awb-spacing-left-medium:1.92%;--awb-width-small:100%;--awb-spacing-right-small:1.92%;--awb-spacing-left-small:1.92%;\"><div class=\"fusion-column-wrapper fusion-column-has-shadow fusion-flex-justify-content-flex-start fusion-content-layout-column\"><div class=\"fusion-image-element \" style=\"--awb-caption-title-font-family:var(--h2_typography-font-family);--awb-caption-title-font-weight:var(--h2_typography-font-weight);--awb-caption-title-font-style:var(--h2_typography-font-style);--awb-caption-title-size:var(--h2_typography-font-size);--awb-caption-title-transform:var(--h2_typography-text-transform);--awb-caption-title-line-height:var(--h2_typography-line-height);--awb-caption-title-letter-spacing:var(--h2_typography-letter-spacing);\"><span class=\" fusion-imageframe imageframe-none imageframe-1 hover-type-none\"><a href=\"https:\/\/agripedia.ch\/urbane-landwirtschaft\/wp-content\/uploads\/sites\/20\/2020\/12\/c_ConProBio_Mao_Lorenzetti_2-400x343.jpg\" class=\"fusion-lightbox\" data-rel=\"iLightbox[5410f6825f482ed6cf1]\" data-caption=\"(c) ConProBio Mao Lorenzetti\" data-title=\"Untitled\" title=\"Untitled\"><img decoding=\"async\" width=\"400\" height=\"343\" src=\"https:\/\/agripedia.ch\/urbane-landwirtschaft\/wp-content\/uploads\/sites\/20\/2020\/12\/c_ConProBio_Mao_Lorenzetti_2-400x343.jpg\" alt class=\"img-responsive wp-image-654\" srcset=\"https:\/\/agripedia.ch\/agriculture-et-ville\/wp-content\/uploads\/sites\/20\/2020\/12\/c_ConProBio_Mao_Lorenzetti_2-200x171.jpg 200w, https:\/\/agripedia.ch\/agriculture-et-ville\/wp-content\/uploads\/sites\/20\/2020\/12\/c_ConProBio_Mao_Lorenzetti_2-400x343.jpg 400w, https:\/\/agripedia.ch\/agriculture-et-ville\/wp-content\/uploads\/sites\/20\/2020\/12\/c_ConProBio_Mao_Lorenzetti_2-600x514.jpg 600w, https:\/\/agripedia.ch\/agriculture-et-ville\/wp-content\/uploads\/sites\/20\/2020\/12\/c_ConProBio_Mao_Lorenzetti_2.jpg 700w\" sizes=\"(max-width: 1024px) 100vw, (max-width: 640px) 100vw, 600px\" \/><\/a><\/span><\/div><div class=\"fusion-separator fusion-full-width-sep agri-separator\" style=\"align-self: center;margin-left: auto;margin-right: auto;width:100%;\"><\/div><div class=\"fusion-title title fusion-title-2 fusion-sep-none fusion-title-text fusion-title-size-four mf-contact\"><h4 class=\"fusion-title-heading title-heading-left fusion-responsive-typography-calculated\" style=\"margin:0;--fontSize:24;--minFontSize:24;line-height:1.5;\">Kontakt<\/h4><\/div><div class=\"fusion-text fusion-text-2\"><p>Cooperativa Consumatori<br \/>\ne Produttori del Biologico<br \/>\nAl Piano 2<br \/>\n6593 Cadenazzo<\/p>\n<p>Telefon: 091 785 40 15<br \/>\nE-mail: <a href=\"mailto:info@conprobio.ch\">info@conprobio.ch<\/a><\/p>\n<\/div><\/div><\/div><div class=\"fusion-layout-column fusion_builder_column fusion-builder-column-4 fusion_builder_column_1_2 1_2 fusion-flex-column\" style=\"--awb-bg-size:cover;--awb-width-large:50%;--awb-margin-top-large:0px;--awb-spacing-right-large:3.84%;--awb-margin-bottom-large:20px;--awb-spacing-left-large:3.84%;--awb-width-medium:100%;--awb-spacing-right-medium:1.92%;--awb-spacing-left-medium:1.92%;--awb-width-small:100%;--awb-spacing-right-small:1.92%;--awb-spacing-left-small:1.92%;\"><div class=\"fusion-column-wrapper fusion-column-has-shadow fusion-flex-justify-content-flex-start fusion-content-layout-column\">\n<div class=\"table-2\">\n<table width=\"100%\">\n<tbody>\n<tr>\n<td align=\"left\"><strong>Name:<\/strong><\/td>\n<td align=\"left\">ConProBio<\/td>\n<\/tr>\n<tr>\n<td align=\"left\"><strong>Link:\u00a0<\/strong><\/td>\n<td align=\"left\"><a href=\"https:\/\/www.conprobio.ch\" target=\"_blank\" rel=\"noopener noreferrer\">www.conprobio.ch<\/a><\/td>\n<\/tr>\n<tr>\n<td align=\"left\"><strong>Ort:\u00a0<\/strong><\/td>\n<td align=\"left\">Cadenazzo TI<\/td>\n<\/tr>\n<tr>\n<td align=\"left\"><strong>Rechtsform:\u00a0<\/strong><\/td>\n<td align=\"left\">Kooperative<\/td>\n<\/tr>\n<tr>\n<td align=\"left\"><strong>Mitarbeitende:\u00a0<\/strong><\/td>\n<td align=\"left\">15 Mitarbeitende bei 8 Vollzeitstellen, Mitglieder: circa 80 Produzent\/innen und 1700 Familien auf Seite der Konsument\/innen<\/td>\n<\/tr>\n<tr>\n<td align=\"left\"><strong>Gr\u00f6sse:\u00a0<\/strong><\/td>\n<td align=\"left\">Verteilung im ganzen Kanton Tessin und Misox, Jahresumsatz circa CHF 3 Mio.<\/td>\n<\/tr>\n<tr>\n<td align=\"left\"><strong>Landwirtschaftszone: <\/strong><\/td>\n<td align=\"left\">nein<\/td>\n<\/tr>\n<\/tbody>\n<\/table>\n<\/div>\n<\/div><\/div><\/div><\/div><div class=\"fusion-fullwidth fullwidth-box fusion-builder-row-3 nonhundred-percent-fullwidth non-hundred-percent-height-scrolling\" style=\"--awb-border-radius-top-left:0px;--awb-border-radius-top-right:0px;--awb-border-radius-bottom-right:0px;--awb-border-radius-bottom-left:0px;--awb-flex-wrap:wrap;\" ><div class=\"fusion-builder-row fusion-row\"><div class=\"fusion-layout-column fusion_builder_column fusion-builder-column-5 fusion_builder_column_1_1 1_1 fusion-one-full fusion-column-first fusion-column-last\" style=\"--awb-bg-size:cover;\" id=\"aktivit\u00e4ten\"><div class=\"fusion-column-wrapper fusion-column-has-shadow fusion-flex-column-wrapper-legacy\"><div class=\"fusion-title title fusion-title-3 fusion-sep-none fusion-title-text fusion-title-size-four\"><h4 class=\"fusion-title-heading title-heading-left fusion-responsive-typography-calculated\" style=\"margin:0;--fontSize:24;--minFontSize:24;line-height:1.5;\">Aktivit\u00e4ten<\/h4><\/div><div class=\"fusion-text fusion-text-3\"><p>Etwa 80 Bio-Produzentinnen, Verarbeiter und H\u00e4ndlerinnen beliefern die ConProBio, welche in Cadenazzo ihre Lagerhalle, B\u00fcror\u00e4umlichkeiten sowie drei Auslieferwagen hat. Die Produkte der ConProBio werden einmal w\u00f6chentlich auf Basis von Sammelbestellungen im ganzen Tessin sowie der Mesolcina (GR) an sogenannte Konsumentengruppen (ab 4 Familien pro Gruppe) verteilt. Die Gruppen sind unterschiedlich organisiert, jedoch liegt es in ihrer Verantwortung, die Sammelbestellung weiterzugeben, aufzuteilen und abzurechnen.<\/p>\n<p>Mittlerweile bestellen \u00fcber 1700 Familien \u00fcber die ConProBio. Das Angebot variiert stark nach Verf\u00fcgbarkeit der Produkte und wird w\u00f6chentlich angepasst. Der Produktekorb ist sehr breit und umfasst fast alle Lebensmittel aus dem t\u00e4glichen Bedarf: Gem\u00fcse, Fr\u00fcchte, Backwaren, Gew\u00fcrze, Getr\u00e4nke, Milchprodukte, Fleisch, Saucen, Getreide, Teigwaren, konservierte Produkte und vieles mehr. 41% der Produkte stammen aus dem Tessin, 23% werden mit Lebensmitteln aus der restlichen Schweiz erg\u00e4nzt, 36% stammen aus dem Ausland, um das Sortiment zu bereichern.<\/p>\n<p>Die Konsument\/innen bestellen eine Woche im Voraus, die Produzent\/innen erhalten eine Sammelbestellung. Damit ist gew\u00e4hrleistet, dass die Lieferung exakt der Nachfrage entspricht und keine \u00dcbersch\u00fcsse entstehen. Die Produzent\/innen haben ihrerseits w\u00f6chentlich die M\u00f6glichkeit, ihr Angebot anzupassen. So ist es auch m\u00f6glich, kleine Mengen oder auch nur saisonal anzubieten. Ist eine Menge zu klein f\u00fcr das ganze Tessin, so erhalten nicht alle Konsumenten\/innen das Angebot. In regelm\u00e4ssigen Abst\u00e4nden liegt der Ware pro Familie ein Heft mit Informationen \u00fcber Produkte, Produzent\/innen und weitere Themen bei. Die ca. 200 Gruppenverantwortlichen und die Zentrale in Cadenazzo sind regelm\u00e4ssig miteinander in Kontakt.<\/p>\n<\/div><div class=\"fusion-clearfix\"><\/div><\/div><\/div><div class=\"fusion-layout-column fusion_builder_column fusion-builder-column-6 fusion_builder_column_1_1 1_1 fusion-one-full fusion-column-first fusion-column-last\" style=\"--awb-bg-size:cover;\" id=\"arbeit\"><div class=\"fusion-column-wrapper fusion-column-has-shadow fusion-flex-column-wrapper-legacy\"><div class=\"fusion-title title fusion-title-4 fusion-sep-none fusion-title-text fusion-title-size-four\"><h4 class=\"fusion-title-heading title-heading-left fusion-responsive-typography-calculated\" style=\"margin:0;--fontSize:24;--minFontSize:24;line-height:1.5;\">Wer arbeitet mit?<\/h4><\/div><div class=\"fusion-text fusion-text-4\"><p>Die ConProBio ist eine Nonprofit-Kooperative mit einem Vorstand und einer Gesch\u00e4ftsstelle. Im Vorstand vertreten sind Produzent\/innen, Konsument\/innen und auch jemand von BioTicino, der lokalen Bio-Vereinigung. Der Vorstand trifft sich regelm\u00e4ssig. Er entscheidet \u00fcber Personal, \u00f6ffentliche Auftritte und Fragen zur Philosophie von ConProBio. Handelt es sich um Entscheidungen im Ablauf, wie bei der Kommissionierung oder der allt\u00e4glichen Logistik, so entscheidet die Gesch\u00e4ftsstelle.<br \/>\nIm Logistikzentrum in Cadenazzo sind mittlerweile 15 Mitarbeitende (8 Vollzeitstellen) besch\u00e4ftigt. Die Kundschaft besteht aus Konsumentenfamilien, welche in Gruppen organisiert sind, die sich \u00fcber das gesamte Tessin und Misox, auch in den abgelegenen T\u00e4lern, verteilen. F\u00fcr jede der Gruppe ist eine Person zust\u00e4ndig. Sie stellt einen Platz als Depot zur Verf\u00fcgung, leitet die Bestellungen weiter und \u00fcberweist das Geld der Konsumentenfamilien f\u00fcr die Sammelbestellungen.<\/p>\n<\/div><div class=\"fusion-clearfix\"><\/div><\/div><\/div><div class=\"fusion-layout-column fusion_builder_column fusion-builder-column-7 fusion_builder_column_1_1 1_1 fusion-one-full fusion-column-first fusion-column-last\" style=\"--awb-bg-size:cover;\" id=\"geschichte\"><div class=\"fusion-column-wrapper fusion-column-has-shadow fusion-flex-column-wrapper-legacy\"><div class=\"fusion-title title fusion-title-5 fusion-sep-none fusion-title-text fusion-title-size-four\"><h4 class=\"fusion-title-heading title-heading-left fusion-responsive-typography-calculated\" style=\"margin:0;--fontSize:24;--minFontSize:24;line-height:1.5;\">Geschichte und Zukunft<\/h4><\/div><div class=\"fusion-text fusion-text-5\"><p>Die ConProBio wurde 1992 als eine Nonprofit Kooperative gegr\u00fcndet. Damals war es schwierig, an Bioprodukte zu gelangen, da die Grossverteiler noch keine Bio-Produkte verkauften und die damals existierenden Biobetriebe oft sehr abgelegen waren. Die Philosophie war und ist es, lokale Bio-Produkte direkt vom Produzenten an die Konsumentinnen weiterzugeben. Die Kommunikationswege sind kurz und es wird versucht, m\u00f6glichst faire Preise an die Produzent\/innen weiterzugeben.<\/p>\n<p>Die ConProBio ist \u00fcber die Jahre stark gewachsen, haupts\u00e4chlich aus dem Bed\u00fcrfnis der Konsumentinnen und Konsumenten heraus, an gesunde Nahrungsmittel aus der Region zu kommen. Bis heute ist die ConProBio finanziell unabh\u00e4ngig und hat nie F\u00f6rderungen f\u00fcr ihre Aktivit\u00e4ten erhalten.<\/p>\n<\/div><div class=\"fusion-testimonials classic awb-speech-bubble-show fusion-testimonials-2\" style=\"--awb-textcolor:#747474;--awb-backgroundcolor:#f6f6f6;--awb-testimonial-border-style:solid;--awb-testimonial-border-color:var(--awb-color3);--awb-border-top-left-radius:0px;--awb-border-top-right-radius:0px;--awb-border-bottom-left-radius:0px;--awb-border-bottom-right-radius:0px;--testimonial-border-width-top:0px;--testimonial-border-width-right:0px;--testimonial-border-width-bottom:0px;--testimonial-border-width-left:0px;\" data-random=\"0\" data-speed=\"4000\"><div class=\"reviews\"><div class=\"review active-testimonial no-avatar\"><blockquote><div class=\"awb-quote\"><div class=\"awb-quote-content\">\n<p>\u00abH\u00e4tte ich damals gewusst, auf was ich mich da einlasse, h\u00e4tte ich sicher nein gesagt. Zum Gl\u00fcck sind wir alle gemeinsam und langsam gewachsen. Heute sind wir sehr stolz auf das, was wir erreicht haben und wir wissen auch, dass wir schweizweit wahrscheinlich einzigartig sind.\u00bb<\/p>\n<\/div><\/div><span class=\"awb-triangle\"><\/span><\/blockquote><div class=\"author\"><span class=\"company-name\"><strong>Brigitte Bertoli<\/strong><span>, <\/span><span>Gr\u00fcndungsmitglied und ehemalige Gesch\u00e4ftsf\u00fchrerin<\/span><\/span><\/div><\/div><\/div><\/div><div class=\"fusion-clearfix\"><\/div><\/div><\/div><div class=\"fusion-layout-column fusion_builder_column fusion-builder-column-8 fusion_builder_column_1_1 1_1 fusion-one-full fusion-column-first fusion-column-last\" style=\"--awb-bg-size:cover;\"><div class=\"fusion-column-wrapper fusion-column-has-shadow fusion-flex-column-wrapper-legacy\"><div class=\"fusion-title title fusion-title-6 fusion-sep-none fusion-title-text fusion-title-size-four\" id=\"finanzierung\"><h4 class=\"fusion-title-heading title-heading-left fusion-responsive-typography-calculated\" style=\"margin:0;--fontSize:24;--minFontSize:24;line-height:1.5;\">Finanzierung<\/h4><\/div><div class=\"fusion-text fusion-text-6\"><p>Die ConProBio erhebt eine Marge auf die verkauften Produkte, um die laufenden Kosten decken zu k\u00f6nnen. Produkte aus dem Ausland haben eine gr\u00f6ssere Marge als die Tessiner Produkte, um m\u00f6glichst tiefe und dennoch faire Preise anbieten zu k\u00f6nnen. Der gr\u00f6sste Kostentreiber sind die Lohnkosten. Produzenten kaufen einen Anteilschein im Wert von CHF 20.\u2013, die Konsumentinnen und Konsumenten einen Anteilsschein im Wert von CHF 50.\u2013, was das Kapital der ConProBio ausmacht. Zus\u00e4tzlich zahlen alle Mitglieder einen j\u00e4hrlichen Mitgliederbeitrag von CHF 50.\u2013.<\/p>\n<\/div><div class=\"fusion-clearfix\"><\/div><\/div><\/div><div class=\"fusion-layout-column fusion_builder_column fusion-builder-column-9 fusion_builder_column_1_1 1_1 fusion-one-full fusion-column-first fusion-column-last\" style=\"--awb-bg-size:cover;\" id=\"erfolge\"><div class=\"fusion-column-wrapper fusion-column-has-shadow fusion-flex-column-wrapper-legacy\"><div class=\"fusion-title title fusion-title-7 fusion-sep-none fusion-title-text fusion-title-size-four\"><h4 class=\"fusion-title-heading title-heading-left fusion-responsive-typography-calculated\" style=\"margin:0;--fontSize:24;--minFontSize:24;line-height:1.5;\">Erfolge<\/h4><\/div><div class=\"fusion-text fusion-text-7\"><p>Eine St\u00e4rke der ConProBio sind die menschlichen Beziehungen und die direkten Kontakte. Dies erm\u00f6glicht, rasche L\u00f6sungen zu finden, wenn es mit Produkten oder Produzenten und Produzentinnen Probleme gibt. Auch die Lieferant\/innen aus dem Ausland kennt man in der ConProBio alle pers\u00f6nlich. Die ConProBio liefert auch in sehr abgelegene T\u00e4ler, was gerechtfertigt ist, denn andere liefern wegen der Tessiner Topographie nicht \u00fcberall hin.<br \/>\nMit der hohen Qualit\u00e4t der Produkte und den kurzen, direkten Kommunikationswegen ist es der ConProBio gelungen, Vertrauen in ihre Produkte zu schaffen \u2013 dies ist meist h\u00f6her als das Vertrauen in Bioprodukte aus dem Supermarkt.<\/p>\n<\/div><div class=\"fusion-clearfix\"><\/div><\/div><\/div><div class=\"fusion-layout-column fusion_builder_column fusion-builder-column-10 fusion_builder_column_1_1 1_1 fusion-one-full fusion-column-first fusion-column-last\" style=\"--awb-bg-size:cover;\" id=\"herausforderungen\"><div class=\"fusion-column-wrapper fusion-column-has-shadow fusion-flex-column-wrapper-legacy\"><div class=\"fusion-title title fusion-title-8 fusion-sep-none fusion-title-text fusion-title-size-four\"><h4 class=\"fusion-title-heading title-heading-left fusion-responsive-typography-calculated\" style=\"margin:0;--fontSize:24;--minFontSize:24;line-height:1.5;\">Herausforderungen<\/h4><\/div><div class=\"fusion-text fusion-text-8\"><p>Heute ist Bio \u00fcberall erh\u00e4ltlich, auch in den Grossverteilern. Dies hat einerseits die Nachfrage nach Bioprodukten schweizweit gef\u00f6rdert, anderseits sind die Grossverteiler auch eine wachsende Konkurrenz. Ausserdem sind Wegg\u00e4nge eine Herausforderung f\u00fcr das Team, denn neue Mitarbeitende brauchen viel Zeit, um sich im System zurechtzufinden.<\/p>\n<\/div><div class=\"fusion-clearfix\"><\/div><\/div><\/div><div class=\"fusion-layout-column fusion_builder_column fusion-builder-column-11 fusion_builder_column_1_1 1_1 fusion-one-full fusion-column-first fusion-column-last\" style=\"--awb-bg-size:cover;\" id=\"land\"><div class=\"fusion-column-wrapper fusion-column-has-shadow fusion-flex-column-wrapper-legacy\"><div class=\"fusion-title title fusion-title-9 fusion-sep-none fusion-title-text fusion-title-size-four\"><h4 class=\"fusion-title-heading title-heading-left fusion-responsive-typography-calculated\" style=\"margin:0;--fontSize:24;--minFontSize:24;line-height:1.5;\">Zugang zu Land<\/h4><\/div><div class=\"fusion-text fusion-text-9\"><p>Chance f\u00fcr Neueinsteiger in die Landwirtschaft:<br \/>\nDie ConProBio erm\u00f6glicht es Produzent\/innen auch kleine Mengen oder nur kurze Zeit verf\u00fcgbare Waren zu liefen. Damit bietet sie gerade auch eine Absatzm\u00f6glichkeit f\u00fcr kleine oder neue Betriebe, die sich auf dem Markt sonst schwer tun w\u00fcrden.<\/p>\n<\/div><div class=\"fusion-clearfix\"><\/div><\/div><\/div><div class=\"fusion-layout-column fusion_builder_column fusion-builder-column-12 fusion_builder_column_1_1 1_1 fusion-one-full fusion-column-first fusion-column-last\" style=\"--awb-bg-size:cover;\" id=\"stadtbezug\"><div class=\"fusion-column-wrapper fusion-column-has-shadow fusion-flex-column-wrapper-legacy\"><div class=\"fusion-title title fusion-title-10 fusion-sep-none fusion-title-text fusion-title-size-four\"><h4 class=\"fusion-title-heading title-heading-left fusion-responsive-typography-calculated\" style=\"margin:0;--fontSize:24;--minFontSize:24;line-height:1.5;\">Bezug zur Stadt<\/h4><\/div><div class=\"fusion-text fusion-text-10\"><p>Die ConProBio fungiert als Br\u00fccke zwischen Stadt und Land, und insbesondere zu den abgelegenen Bergt\u00e4lern im Tessin. Sie bietet Absatzm\u00f6glichkeiten auch f\u00fcr kleine und abgelegene Betriebe. Die Gesch\u00e4fts- und Logistikstelle in Cadenazzo ist sehr zentral und f\u00fcr viele gut erreichbar. Die Gruppen der Konsument\/innen verteilen sich \u00fcber das gesamte Tessin, wobei die ConProBio in St\u00e4dten unterschiedlich stark vertreten ist. So gibt es in Bellinzona beispielsweise viele Gruppen, in Lugano hingegen sind es wenige.<\/p>\n<\/div><div class=\"fusion-clearfix\"><\/div><\/div><\/div><div class=\"fusion-layout-column fusion_builder_column fusion-builder-column-13 fusion_builder_column_1_1 1_1 fusion-one-full fusion-column-first fusion-column-last\" style=\"--awb-bg-size:cover;\" id=\"st\u00e4rken\"><div class=\"fusion-column-wrapper fusion-column-has-shadow fusion-flex-column-wrapper-legacy\"><div class=\"fusion-title title fusion-title-11 fusion-sep-none fusion-title-text fusion-title-size-four\"><h4 class=\"fusion-title-heading title-heading-left fusion-responsive-typography-calculated\" style=\"margin:0;--fontSize:24;--minFontSize:24;line-height:1.5;\">St\u00e4rken<\/h4><\/div><div class=\"fusion-text fusion-text-11\"><ul>\n<li>Transparenz<\/li>\n<li>Direkter Kontakt mit den Produzent\/innen und den Konsument\/innen<\/li>\n<li>Abgeschiedenheit des Tessins und die damit r\u00e4umliche Begrenzung: Der klar definierte Perimeter ist eine Orientierungsst\u00fctze.<\/li>\n<li>Vorstand als starke Vertretung und R\u00fcckendeckung. Im Vorstand werden grunds\u00e4tzliche Diskussionen gef\u00fchrt. Ausserdem wird \u00fcber die Aufnahme von Produkten entschieden.<\/li>\n<\/ul>\n<p>Das Titelbild stammt von Chiara Frei, das Bild zum Steckbrief entwarf Mao Lorenzetti.<\/p>\n<\/div><div class=\"fusion-clearfix\"><\/div><\/div><\/div><\/div><\/div><\/p>\n","protected":false},"excerpt":{"rendered":"","protected":false},"author":234,"featured_media":0,"parent":0,"menu_order":0,"comment_status":"closed","ping_status":"closed","template":"","meta":{"_sb_is_suggestion_mode":false,"_sb_show_suggestion_boards":false,"_sb_show_comment_boards":false,"_sb_suggestion_history":"","_sb_update_block_changes":"","_monsterinsights_skip_tracking":false,"_monsterinsights_sitenote_active":false,"_monsterinsights_sitenote_note":"","_monsterinsights_sitenote_category":0,"footnotes":""},"class_list":["post-338","page","type-page","status-publish","hentry"],"aioseo_notices":[],"_links":{"self":[{"href":"https:\/\/agripedia.ch\/agriculture-et-ville\/de\/wp-json\/wp\/v2\/pages\/338","targetHints":{"allow":["GET"]}}],"collection":[{"href":"https:\/\/agripedia.ch\/agriculture-et-ville\/de\/wp-json\/wp\/v2\/pages"}],"about":[{"href":"https:\/\/agripedia.ch\/agriculture-et-ville\/de\/wp-json\/wp\/v2\/types\/page"}],"author":[{"embeddable":true,"href":"https:\/\/agripedia.ch\/agriculture-et-ville\/de\/wp-json\/wp\/v2\/users\/234"}],"replies":[{"embeddable":true,"href":"https:\/\/agripedia.ch\/agriculture-et-ville\/de\/wp-json\/wp\/v2\/comments?post=338"}],"version-history":[{"count":33,"href":"https:\/\/agripedia.ch\/agriculture-et-ville\/de\/wp-json\/wp\/v2\/pages\/338\/revisions"}],"predecessor-version":[{"id":1734,"href":"https:\/\/agripedia.ch\/agriculture-et-ville\/de\/wp-json\/wp\/v2\/pages\/338\/revisions\/1734"}],"wp:attachment":[{"href":"https:\/\/agripedia.ch\/agriculture-et-ville\/de\/wp-json\/wp\/v2\/media?parent=338"}],"curies":[{"name":"wp","href":"https:\/\/api.w.org\/{rel}","templated":true}]}}