{"id":21,"date":"2024-10-29T09:58:55","date_gmt":"2024-10-29T08:58:55","guid":{"rendered":"https:\/\/agripedia.ch\/agraroekologie\/?page_id=21"},"modified":"2026-01-30T18:11:41","modified_gmt":"2026-01-30T17:11:41","slug":"kontakt","status":"publish","type":"page","link":"https:\/\/agripedia.ch\/agraroekologie\/kontakt\/","title":{"rendered":"Kontakt"},"content":{"rendered":"\n<p>AGRIDEA entwickelt das Wissensportal Agrar\u00f6kologie kontinuierlich weiter. Gerne nehmen wir Fragen, Anmerkungen sowie Vorschl\u00e4ge zu Inhalten und Verlinkungen \u00fcber das Kontaktformular entgegen.<\/p>\n\n\n\n<h2 class=\"wp-block-heading\">Kontaktformular<\/h2>\n\n\n\n<div class=\"wp-block-advgb-contact-form advgb-contact-form\"><form method=\"POST\"><div class=\"advgb-form-field advgb-form-field-half\"><input type=\"text\" class=\"advgb-form-input advgb-form-input-name\" placeholder=\"Name\" name=\"contact_name\" style=\"background-color:#FFFFFF;border-color:#0090C5;border-radius:0\"\/><\/div><div class=\"advgb-form-field advgb-form-field-half\"><input type=\"email\" class=\"advgb-form-input advgb-form-input-email\" placeholder=\"E-Mail Adresse\" name=\"contact_email\" style=\"background-color:#FFFFFF;border-color:#0090C5;border-radius:0\"\/><\/div><div class=\"advgb-form-field advgb-form-field-full\"><textarea class=\"advgb-form-input advgb-form-input-msg\" placeholder=\"Nachricht\" name=\"contact_message\" style=\"background-color:#FFFFFF;border-color:#0090C5;border-radius:0\"><\/textarea><\/div><div class=\"advgb-grecaptcha clearfix position-right\"><\/div><input type=\"hidden\" name=\"advgb_blockform_nonce_field\" value=\"af515ec7b9\"><div class=\"advgb-form-submit-wrapper\" style=\"text-align:right\"><button class=\"advgb-form-submit\" type=\"submit\" data-success=\"Nachricht gesendet.\" data-alert=\"Bitte geben Sie eine g\u00fcltige Nachricht ein.\" style=\"border-color:#FFFFFF;color:#FFFFFF;background-color:#0090C5;border-radius:0\">Senden<\/button><\/div><\/form><\/div>\n\n\n\n<div style=\"height:100px\" aria-hidden=\"true\" class=\"wp-block-spacer\"><\/div>\n","protected":false},"excerpt":{"rendered":"<p>AGRIDEA entwickelt das Wissensportal Agrar\u00f6kologie kontinuierlich weiter. Gerne nehmen wir Fragen, Anmerkungen sowie Vorschl\u00e4ge zu Inhalten und Verlinkungen \u00fcber das Kontaktformular entgegen. Kontaktformular<\/p>\n","protected":false},"author":927,"featured_media":31,"parent":0,"menu_order":0,"comment_status":"closed","ping_status":"closed","template":"templates\/template-agripedia-cover.php","meta":{"_sb_is_suggestion_mode":false,"_sb_show_suggestion_boards":false,"_sb_show_comment_boards":false,"_sb_suggestion_history":"","_sb_update_block_changes":"","advgb_blocks_editor_width":"","advgb_blocks_columns_visual_guide":"","_monsterinsights_skip_tracking":false,"_monsterinsights_sitenote_active":false,"_monsterinsights_sitenote_note":"","_monsterinsights_sitenote_category":0,"footnotes":""},"class_list":["post-21","page","type-page","status-publish","has-post-thumbnail","hentry"],"aioseo_notices":[],"coauthors":[{"link":"https:\/\/agripedia.ch\/agraroekologie\/author\/sar2\/","display_name":"sar2"}],"author_meta":{"author_link":"https:\/\/agripedia.ch\/agraroekologie\/author\/sar2\/","display_name":"sar2"},"relative_dates":{"created":"Posted 1\u00a0Jahr ago","modified":"Updated 2\u00a0Monaten ago"},"absolute_dates":{"created":"Posted on 29. Oktober 2024","modified":"Updated on 30. Januar 2026"},"absolute_dates_time":{"created":"Posted on 29. Oktober 2024 9:58","modified":"Updated on 30. Januar 2026 18:11"},"featured_img_caption":"","featured_img":"https:\/\/agripedia.ch\/agraroekologie\/wp-content\/uploads\/sites\/62\/2024\/10\/22.013-Bild-BF_im_Ackerbau-Original-1200x800.jpg","series_order":"","_links":{"self":[{"href":"https:\/\/agripedia.ch\/agraroekologie\/wp-json\/wp\/v2\/pages\/21","targetHints":{"allow":["GET"]}}],"collection":[{"href":"https:\/\/agripedia.ch\/agraroekologie\/wp-json\/wp\/v2\/pages"}],"about":[{"href":"https:\/\/agripedia.ch\/agraroekologie\/wp-json\/wp\/v2\/types\/page"}],"author":[{"embeddable":true,"href":"https:\/\/agripedia.ch\/agraroekologie\/wp-json\/wp\/v2\/users\/927"}],"replies":[{"embeddable":true,"href":"https:\/\/agripedia.ch\/agraroekologie\/wp-json\/wp\/v2\/comments?post=21"}],"version-history":[{"count":10,"href":"https:\/\/agripedia.ch\/agraroekologie\/wp-json\/wp\/v2\/pages\/21\/revisions"}],"predecessor-version":[{"id":2278,"href":"https:\/\/agripedia.ch\/agraroekologie\/wp-json\/wp\/v2\/pages\/21\/revisions\/2278"}],"wp:featuredmedia":[{"embeddable":true,"href":"https:\/\/agripedia.ch\/agraroekologie\/wp-json\/wp\/v2\/media\/31"}],"wp:attachment":[{"href":"https:\/\/agripedia.ch\/agraroekologie\/wp-json\/wp\/v2\/media?parent=21"}],"curies":[{"name":"wp","href":"https:\/\/api.w.org\/{rel}","templated":true}]}}