{"id":2,"date":"2024-10-29T09:14:58","date_gmt":"2024-10-29T08:14:58","guid":{"rendered":"https:\/\/agripedia.ch\/agraroekologie\/?page_id=2"},"modified":"2026-03-23T07:44:35","modified_gmt":"2026-03-23T06:44:35","slug":"home","status":"publish","type":"page","link":"https:\/\/agripedia.ch\/agraroekologie\/","title":{"rendered":"Wissensportal Agrar\u00f6kologie\u00a0"},"content":{"rendered":"\n<p>Das <em>Wissensportal Agrar\u00f6kologie <\/em>ist eine Online-Plattform zur Verbreitung von Informationen rund um Agrar\u00f6kologie und verlinkt auf aktuelle Akteurinnen und Akteure sowie Projekte, die sich mit dieser Thematik befassen. AGRIDEA entwickelt das Wissensportal fortlaufend weiter und verbreitet das Basiswissen.<\/p>\n\n\n\n<h2 class=\"wp-block-heading\">Themen<\/h2>\n\n\n\n<div class=\"wp-block-columns is-layout-flex wp-container-core-columns-is-layout-9d6595d7 wp-block-columns-is-layout-flex\">\n<div class=\"wp-block-column is-layout-flow wp-block-column-is-layout-flow\">\n<div class=\"wp-block-group agripedia-vertical-image-box is-layout-flow wp-block-group-is-layout-flow\">\n<figure class=\"wp-block-image size-full agripedia-vertical-image-box-thumbnail\"><a href=\"https:\/\/agripedia.ch\/agraroekologie\/das-ist-agraroekologie\/\"><img decoding=\"async\" src=\"https:\/\/agripedia.ch\/agraroekologie\/wp-content\/uploads\/sites\/62\/2025\/01\/2023-07-06_Ackerkulturen_001-2.jpg\" alt=\"Das ist Agrar\u00f6kologie, Getreide, Ackerkulturen, Mohnblume\" class=\"wp-image-426\"\/><\/a><\/figure>\n\n\n\n<div class=\"wp-block-group agripedia-vertical-image-box-content is-layout-constrained wp-block-group-is-layout-constrained\">\n<h4 class=\"wp-block-heading agripedia-vertical-image-box-title\"><a href=\"https:\/\/agripedia.ch\/agraroekologie\/das-ist-agraroekologie\/\" title=\"Das ist Agrar\u00f6kologie\"><\/a><a href=\"https:\/\/agripedia.ch\/agraroekologie\/das-ist-agraroekologie\/\">Das ist Agrar\u00f6kologie<\/a><\/h4>\n<\/div>\n<\/div>\n<\/div>\n\n\n\n<div class=\"wp-block-column is-layout-flow wp-block-column-is-layout-flow\">\n<div class=\"wp-block-group agripedia-vertical-image-box is-layout-flow wp-block-group-is-layout-flow\">\n<figure class=\"wp-block-image size-full agripedia-vertical-image-box-thumbnail\"><a href=\"https:\/\/agripedia.ch\/agraroekologie\/ressourcen\/\"><img decoding=\"async\" src=\"https:\/\/agripedia.ch\/agraroekologie\/wp-content\/uploads\/sites\/62\/2025\/01\/Banner_ava_6.jpg\" alt=\"Agrar\u00f6kologische Praxis, Menschen beernten ein Feld\" class=\"wp-image-454\"\/><\/a><\/figure>\n\n\n\n<div class=\"wp-block-group agripedia-vertical-image-box-content is-layout-constrained wp-block-group-is-layout-constrained\">\n<h4 class=\"wp-block-heading agripedia-vertical-image-box-title\"><a href=\"https:\/\/agripedia.ch\/agraroekologie\/ressourcen\/\" title=\"\">Ressourcen<\/a><\/h4>\n<\/div>\n<\/div>\n<\/div>\n<\/div>\n\n\n\n<div class=\"wp-block-columns is-layout-flex wp-container-core-columns-is-layout-9d6595d7 wp-block-columns-is-layout-flex\">\n<div class=\"wp-block-column is-layout-flow wp-block-column-is-layout-flow\">\n<div class=\"wp-block-group agripedia-vertical-image-box is-layout-flow wp-block-group-is-layout-flow\">\n<figure class=\"wp-block-image size-full agripedia-vertical-image-box-thumbnail\"><a href=\"https:\/\/agripedia.ch\/agraroekologie\/akteure\/\"><img decoding=\"async\" src=\"https:\/\/agripedia.ch\/agraroekologie\/wp-content\/uploads\/sites\/62\/2025\/03\/Landwirtschaft_verstehen.jpg\" alt=\"\" class=\"wp-image-433\"\/><\/a><\/figure>\n\n\n\n<div class=\"wp-block-group agripedia-vertical-image-box-content is-layout-constrained wp-block-group-is-layout-constrained\">\n<h4 class=\"wp-block-heading agripedia-vertical-image-box-title\"><a href=\"https:\/\/agripedia.ch\/agraroekologie\/akteure\/\" title=\"Das ist Agrar\u00f6kologie\">Akteurinnen und Akteure<\/a><\/h4>\n<\/div>\n<\/div>\n<\/div>\n\n\n\n<div class=\"wp-block-column is-layout-flow wp-block-column-is-layout-flow\">\n<div class=\"wp-block-group agripedia-vertical-image-box is-layout-flow wp-block-group-is-layout-flow\">\n<figure class=\"wp-block-image size-full agripedia-vertical-image-box-thumbnail\"><a href=\"https:\/\/agripedia.ch\/agraroekologie\/projekte\/\"><img decoding=\"async\" src=\"https:\/\/agripedia.ch\/agraroekologie\/wp-content\/uploads\/sites\/62\/2025\/01\/20240416_165347-1.jpg\" alt=\"Projekte der Agrar\u00f6kologie, Auflaufen Sommereiweisserbsen, Speiseh\u00fclsenfr\u00fcchte\" class=\"wp-image-456\"\/><\/a><\/figure>\n\n\n\n<div class=\"wp-block-group agripedia-vertical-image-box-content is-layout-constrained wp-block-group-is-layout-constrained\">\n<h4 class=\"wp-block-heading agripedia-vertical-image-box-title\"><a href=\"https:\/\/agripedia.ch\/agraroekologie\/projekte\/\" title=\"\">Projekte<\/a><\/h4>\n<\/div>\n<\/div>\n<\/div>\n<\/div>\n\n\n\n<div class=\"wp-block-columns is-layout-flex wp-container-core-columns-is-layout-9d6595d7 wp-block-columns-is-layout-flex\">\n<div class=\"wp-block-column is-layout-flow wp-block-column-is-layout-flow\">\n<div class=\"wp-block-group agripedia-vertical-image-box is-layout-flow wp-block-group-is-layout-flow\">\n<figure class=\"wp-block-image size-full agripedia-vertical-image-box-thumbnail\"><a href=\"https:\/\/agripedia.ch\/agraroekologie\/infothek\/\"><img decoding=\"async\" src=\"https:\/\/agripedia.ch\/agraroekologie\/wp-content\/uploads\/sites\/62\/2025\/01\/Alpwirtschaft_Ziegen.jpg\" alt=\"Medias, Berichte, Podcasts, Artikel, Agrar\u00f6kologie, Ziegen auf Alp die sich umschauen\" class=\"wp-image-468\"\/><\/a><\/figure>\n\n\n\n<div class=\"wp-block-group agripedia-vertical-image-box-content is-layout-constrained wp-block-group-is-layout-constrained\">\n<h4 class=\"wp-block-heading agripedia-vertical-image-box-title\"><a href=\"https:\/\/agripedia.ch\/agraroekologie\/infothek\/\" title=\"\">Infothek<\/a><\/h4>\n<\/div>\n<\/div>\n<\/div>\n\n\n\n<div class=\"wp-block-column is-layout-flow wp-block-column-is-layout-flow\">\n<div class=\"wp-block-group agripedia-vertical-image-box is-layout-flow wp-block-group-is-layout-flow\">\n<figure class=\"wp-block-image size-full agripedia-vertical-image-box-thumbnail\"><a href=\"https:\/\/agripedia.ch\/agraroekologie\/faq\/\"><img decoding=\"async\" src=\"https:\/\/agripedia.ch\/agraroekologie\/wp-content\/uploads\/sites\/62\/2025\/01\/20231230_155155-1.jpg\" alt=\"H\u00e4ufig gestellte Fragen, Ziege, Neugierde\" class=\"wp-image-448\"\/><\/a><\/figure>\n\n\n\n<div class=\"wp-block-group agripedia-vertical-image-box-content is-layout-constrained wp-block-group-is-layout-constrained\">\n<h4 class=\"wp-block-heading agripedia-vertical-image-box-title\"><a href=\"https:\/\/agripedia.ch\/agraroekologie\/faq\/\" title=\"\">H\u00e4ufig gestellte Fragen<\/a><\/h4>\n<\/div>\n<\/div>\n<\/div>\n<\/div>\n\n\n\n<div style=\"height:50px\" aria-hidden=\"true\" class=\"wp-block-spacer\"><\/div>\n\n\n\n<div class=\"wp-block-group agripedia-impressum is-layout-flow wp-block-group-is-layout-flow\">\n<div class=\"wp-block-group agripedia-impressum-header is-layout-flow wp-block-group-is-layout-flow\">\n<h5 class=\"wp-block-heading\" id=\"impressum-801c8307-d480-4a74-8df2-04d60f742d90\">Impressum<\/h5>\n<\/div>\n\n\n\n<div class=\"wp-block-group agripedia-impressum-content is-layout-flow wp-block-group-is-layout-flow\">\n<p><strong>Bilder:<\/strong> AGRIDEA<\/p>\n\n\n\n<p><strong>Grafiken\/Illustrationen:<\/strong> Entsprechend Quellenangabe<\/p>\n\n\n\n<p><strong>Ein Projekt von<\/strong>:<\/p>\n\n\n\n<div class=\"wp-block-columns is-layout-flex wp-container-core-columns-is-layout-9d6595d7 wp-block-columns-is-layout-flex\">\n<div class=\"wp-block-column is-layout-flow wp-block-column-is-layout-flow\">\n<div class=\"wp-block-image\"><figure class=\"wp-block-image aligncenter size-large is-resized\"><a href=\"https:\/\/www.agridea.ch\" target=\"_blank\" rel=\"noopener\"><img loading=\"lazy\" decoding=\"async\" src=\"https:\/\/agripedia.ch\/alpwirtschaft\/wp-content\/uploads\/sites\/46\/2022\/10\/AGRIDEA_4_LANGUES_RGB-1024x210.png\" alt=\"Logo AGRIDEA\" class=\"wp-image-909\" width=\"341\" height=\"70\"><\/a><\/figure><\/div>\n<\/div>\n\n\n\n<div class=\"wp-block-column is-vertically-aligned-center is-layout-flow wp-block-column-is-layout-flow\"><\/div>\n\n\n\n<div class=\"wp-block-column is-vertically-aligned-center is-layout-flow wp-block-column-is-layout-flow\">\n<p><strong>Kontakt<\/strong>:<\/p>\n\n\n\n<p><a href=\"mailto:lisa.nilles@agridea.ch\" title=\"\">Lisa Nilles<\/a>, AGRIDEA<\/p>\n\n\n\n<p><a href=\"mailto:kim.schneider@agridea.ch\" title=\"\">Kim Schneider<\/a>, AGRIDEA<\/p>\n\n\n\n<p><a href=\"mailto:orlando.scholz@agridea.ch\" title=\"\">Orlando Scholz<\/a>, AGRIDEA<\/p>\n<\/div>\n<\/div>\n<\/div>\n<\/div>\n","protected":false},"excerpt":{"rendered":"<p>Das Wissensportal Agrar\u00f6kologie ist eine Online-Plattform zur Verbreitung von Informationen rund um Agrar\u00f6kologie und verlinkt auf aktuelle Akteurinnen und Akteure sowie Projekte, die sich mit dieser Thematik befassen. AGRIDEA entwickelt das Wissensportal fortlaufend weiter und verbreitet das Basiswissen. Themen Das ist Agrar\u00f6kologie Ressourcen Akteurinnen und Akteure Projekte Infothek H\u00e4ufig gestellte Fragen Impressum Bilder: AGRIDEA Grafiken\/Illustrationen: [&hellip;]<\/p>\n","protected":false},"author":101,"featured_media":31,"parent":0,"menu_order":0,"comment_status":"closed","ping_status":"open","template":"","meta":{"_sb_is_suggestion_mode":false,"_sb_show_suggestion_boards":false,"_sb_show_comment_boards":false,"_sb_suggestion_history":"","_sb_update_block_changes":"","advgb_blocks_editor_width":"","advgb_blocks_columns_visual_guide":"","_monsterinsights_skip_tracking":false,"_monsterinsights_sitenote_active":false,"_monsterinsights_sitenote_note":"","_monsterinsights_sitenote_category":0,"footnotes":""},"class_list":["post-2","page","type-page","status-publish","has-post-thumbnail","hentry"],"aioseo_notices":[],"coauthors":[{"link":"https:\/\/agripedia.ch\/agraroekologie\/author\/agripediabot\/","display_name":"agripediabot"}],"author_meta":{"author_link":"https:\/\/agripedia.ch\/agraroekologie\/author\/agripediabot\/","display_name":"agripediabot"},"relative_dates":{"created":"Posted 1\u00a0Jahr ago","modified":"Updated 4\u00a0Wochen ago"},"absolute_dates":{"created":"Posted on 29. Oktober 2024","modified":"Updated on 23. M\u00e4rz 2026"},"absolute_dates_time":{"created":"Posted on 29. Oktober 2024 9:14","modified":"Updated on 23. M\u00e4rz 2026 7:44"},"featured_img_caption":"","featured_img":"https:\/\/agripedia.ch\/agraroekologie\/wp-content\/uploads\/sites\/62\/2024\/10\/22.013-Bild-BF_im_Ackerbau-Original-1200x800.jpg","series_order":"","_links":{"self":[{"href":"https:\/\/agripedia.ch\/agraroekologie\/wp-json\/wp\/v2\/pages\/2","targetHints":{"allow":["GET"]}}],"collection":[{"href":"https:\/\/agripedia.ch\/agraroekologie\/wp-json\/wp\/v2\/pages"}],"about":[{"href":"https:\/\/agripedia.ch\/agraroekologie\/wp-json\/wp\/v2\/types\/page"}],"author":[{"embeddable":true,"href":"https:\/\/agripedia.ch\/agraroekologie\/wp-json\/wp\/v2\/users\/101"}],"replies":[{"embeddable":true,"href":"https:\/\/agripedia.ch\/agraroekologie\/wp-json\/wp\/v2\/comments?post=2"}],"version-history":[{"count":27,"href":"https:\/\/agripedia.ch\/agraroekologie\/wp-json\/wp\/v2\/pages\/2\/revisions"}],"predecessor-version":[{"id":1194,"href":"https:\/\/agripedia.ch\/agraroekologie\/wp-json\/wp\/v2\/pages\/2\/revisions\/1194"}],"wp:featuredmedia":[{"embeddable":true,"href":"https:\/\/agripedia.ch\/agraroekologie\/wp-json\/wp\/v2\/media\/31"}],"wp:attachment":[{"href":"https:\/\/agripedia.ch\/agraroekologie\/wp-json\/wp\/v2\/media?parent=2"}],"curies":[{"name":"wp","href":"https:\/\/api.w.org\/{rel}","templated":true}]}}